{"id":994,"date":"2024-08-16T15:41:09","date_gmt":"2024-08-16T13:41:09","guid":{"rendered":"https:\/\/auparadisdesjouets.com\/?post_type=product&#038;p=994"},"modified":"2025-02-05T16:23:31","modified_gmt":"2025-02-05T15:23:31","slug":"playmobil-ref-71055","status":"publish","type":"product","link":"https:\/\/auparadisdesjouets.com\/index.php\/produit\/playmobil-ref-71055\/","title":{"rendered":"PLAYMOBIL TIGRE REF 71055"},"content":{"rendered":"<p>D\u00e9couvrez et collectionnez les animaux des cinq continents !<\/p>\n<p>Gr\u00e2ce \u00e0 la collection Wiltopia, partez \u00e0 la d\u00e9couverte de la faune du monde entier dans un voyage riche en rebondissements. Des vastes \u00e9tendues de la savane aux reliefs de la cordill\u00e8re des Andes, ne manquez rien de cette exp\u00e9dition \u00e0 couper le souffle \u00e0 la conqu\u00eate de la biodiversit\u00e9 des quatre coins du monde.<\/p>\n<p>Entre exotisme et animaux mill\u00e9naires, cette collection propose aux petits et grands d&rsquo;en apprendre davantage sur les mammif\u00e8res qui peuplent le monde.<\/p>\n<p>Pour cette exp\u00e9rience, vous pourrez compter sur le soutien de la famille Palmer, ayant d\u00e9j\u00e0 fait le pari d&rsquo;une vie en pleine nature. Avec eux, apprenez \u00e0 conna\u00eetre les habitudes alimentaires d\u2019esp\u00e8ces rares. N&rsquo;attendez plus pour entamer ce voyage avec le tigre !<\/p>\n<p>En plus, une carte \u00e0 collectionner est offerte avec chaque animal pour permettre aux enfants de d\u00e9couvrir de mani\u00e8re ludique les animaux et leur milieu naturel gr\u00e2ce \u00e0 un contenu audio disponible sur Internet.<\/p>\n<p>Un jeu d&rsquo;imagination que tous les enfants adorent, de g\u00e9n\u00e9ration en g\u00e9n\u00e9ration, un grand classique indispensable !<\/p>\n<p>&nbsp;<\/p>\n<p>Dimensions : 17 x 10 x 5 cm<\/p>\n","protected":false},"excerpt":{"rendered":"<p>D\u00e9couvrez et collectionnez les animaux des cinq continents !<\/p>\n<p>Gr\u00e2ce \u00e0 la collection Wiltopia, partez \u00e0 la d\u00e9couverte de la faune du monde entier dans un voyage riche en rebondissements. Des vastes \u00e9tendues de la savane aux reliefs de la cordill\u00e8re des Andes, ne manquez rien de cette exp\u00e9dition \u00e0 couper le souffle \u00e0 la conqu\u00eate de la biodiversit\u00e9 des quatre coins du monde.<\/p>\n","protected":false},"featured_media":995,"comment_status":"open","ping_status":"closed","template":"","meta":[],"product_brand":[],"product_cat":[24,25,26],"product_tag":[],"giftcard-category":[],"class_list":{"0":"post-994","1":"product","2":"type-product","3":"status-publish","4":"has-post-thumbnail","6":"product_cat-5-a-8-ans","7":"product_cat-8-a-12-ans","8":"product_cat-playmobil-lego","10":"entry","11":"has-media","13":"first","14":"instock","15":"sale","16":"taxable","17":"shipping-taxable","18":"purchasable","19":"product-type-simple","20":"has-product-nav","21":"col","22":"span_1_of_3","23":"owp-content-center","24":"owp-thumbs-layout-horizontal","25":"owp-btn-normal","26":"owp-tabs-layout-horizontal","27":"has-no-thumbnails","29":"circle-sale"},"yoast_head":"<!-- This site is optimized with the Yoast SEO plugin v27.3 - https:\/\/yoast.com\/product\/yoast-seo-wordpress\/ -->\n<title>PLAYMOBIL TIGRE REF 71055 - Au Paradis des Jouets<\/title>\n<meta name=\"robots\" content=\"index, follow, max-snippet:-1, max-image-preview:large, max-video-preview:-1\" \/>\n<link rel=\"canonical\" href=\"https:\/\/auparadisdesjouets.com\/index.php\/produit\/playmobil-ref-71055\/\" \/>\n<meta property=\"og:locale\" content=\"fr_FR\" \/>\n<meta property=\"og:type\" content=\"article\" \/>\n<meta property=\"og:title\" content=\"PLAYMOBIL TIGRE REF 71055 - Au Paradis des Jouets\" \/>\n<meta property=\"og:description\" content=\"D\u00e9couvrez et collectionnez les animaux des cinq continents !  Gr\u00e2ce \u00e0 la collection Wiltopia, partez \u00e0 la d\u00e9couverte de la faune du monde entier dans un voyage riche en rebondissements. Des vastes \u00e9tendues de la savane aux reliefs de la cordill\u00e8re des Andes, ne manquez rien de cette exp\u00e9dition \u00e0 couper le souffle \u00e0 la conqu\u00eate de la biodiversit\u00e9 des quatre coins du monde.\" \/>\n<meta property=\"og:url\" content=\"https:\/\/auparadisdesjouets.com\/index.php\/produit\/playmobil-ref-71055\/\" \/>\n<meta property=\"og:site_name\" content=\"Au Paradis des Jouets\" \/>\n<meta property=\"article:publisher\" content=\"https:\/\/www.facebook.com\/auparadisdesjouets\" \/>\n<meta property=\"article:modified_time\" content=\"2025-02-05T15:23:31+00:00\" \/>\n<meta property=\"og:image\" content=\"https:\/\/auparadisdesjouets.com\/wp-content\/uploads\/2024\/08\/71055.jpg\" \/>\n\t<meta property=\"og:image:width\" content=\"800\" \/>\n\t<meta property=\"og:image:height\" content=\"837\" \/>\n\t<meta property=\"og:image:type\" content=\"image\/jpeg\" \/>\n<meta name=\"twitter:card\" content=\"summary_large_image\" \/>\n<meta name=\"twitter:label1\" content=\"Dur\u00e9e de lecture estim\u00e9e\" \/>\n\t<meta name=\"twitter:data1\" content=\"1 minute\" \/>\n<script type=\"application\/ld+json\" class=\"yoast-schema-graph\">{\"@context\":\"https:\\\/\\\/schema.org\",\"@graph\":[{\"@type\":\"WebPage\",\"@id\":\"https:\\\/\\\/auparadisdesjouets.com\\\/index.php\\\/produit\\\/playmobil-ref-71055\\\/\",\"url\":\"https:\\\/\\\/auparadisdesjouets.com\\\/index.php\\\/produit\\\/playmobil-ref-71055\\\/\",\"name\":\"PLAYMOBIL TIGRE REF 71055 - Au Paradis des Jouets\",\"isPartOf\":{\"@id\":\"https:\\\/\\\/auparadisdesjouets.com\\\/#website\"},\"primaryImageOfPage\":{\"@id\":\"https:\\\/\\\/auparadisdesjouets.com\\\/index.php\\\/produit\\\/playmobil-ref-71055\\\/#primaryimage\"},\"image\":{\"@id\":\"https:\\\/\\\/auparadisdesjouets.com\\\/index.php\\\/produit\\\/playmobil-ref-71055\\\/#primaryimage\"},\"thumbnailUrl\":\"https:\\\/\\\/auparadisdesjouets.com\\\/wp-content\\\/uploads\\\/2024\\\/08\\\/71055.jpg\",\"datePublished\":\"2024-08-16T13:41:09+00:00\",\"dateModified\":\"2025-02-05T15:23:31+00:00\",\"breadcrumb\":{\"@id\":\"https:\\\/\\\/auparadisdesjouets.com\\\/index.php\\\/produit\\\/playmobil-ref-71055\\\/#breadcrumb\"},\"inLanguage\":\"fr-FR\",\"potentialAction\":[{\"@type\":\"ReadAction\",\"target\":[\"https:\\\/\\\/auparadisdesjouets.com\\\/index.php\\\/produit\\\/playmobil-ref-71055\\\/\"]}]},{\"@type\":\"ImageObject\",\"inLanguage\":\"fr-FR\",\"@id\":\"https:\\\/\\\/auparadisdesjouets.com\\\/index.php\\\/produit\\\/playmobil-ref-71055\\\/#primaryimage\",\"url\":\"https:\\\/\\\/auparadisdesjouets.com\\\/wp-content\\\/uploads\\\/2024\\\/08\\\/71055.jpg\",\"contentUrl\":\"https:\\\/\\\/auparadisdesjouets.com\\\/wp-content\\\/uploads\\\/2024\\\/08\\\/71055.jpg\",\"width\":800,\"height\":837},{\"@type\":\"BreadcrumbList\",\"@id\":\"https:\\\/\\\/auparadisdesjouets.com\\\/index.php\\\/produit\\\/playmobil-ref-71055\\\/#breadcrumb\",\"itemListElement\":[{\"@type\":\"ListItem\",\"position\":1,\"name\":\"Accueil\",\"item\":\"https:\\\/\\\/auparadisdesjouets.com\\\/\"},{\"@type\":\"ListItem\",\"position\":2,\"name\":\"Boutique\",\"item\":\"https:\\\/\\\/auparadisdesjouets.com\\\/index.php\\\/boutique\\\/\"},{\"@type\":\"ListItem\",\"position\":3,\"name\":\"PLAYMOBIL TIGRE REF 71055\"}]},{\"@type\":\"WebSite\",\"@id\":\"https:\\\/\\\/auparadisdesjouets.com\\\/#website\",\"url\":\"https:\\\/\\\/auparadisdesjouets.com\\\/\",\"name\":\"Au Paradis des Jouets\",\"description\":\"Trouvez le jouet qui vous correspond !\",\"publisher\":{\"@id\":\"https:\\\/\\\/auparadisdesjouets.com\\\/#organization\"},\"potentialAction\":[{\"@type\":\"SearchAction\",\"target\":{\"@type\":\"EntryPoint\",\"urlTemplate\":\"https:\\\/\\\/auparadisdesjouets.com\\\/?s={search_term_string}\"},\"query-input\":{\"@type\":\"PropertyValueSpecification\",\"valueRequired\":true,\"valueName\":\"search_term_string\"}}],\"inLanguage\":\"fr-FR\"},{\"@type\":\"Organization\",\"@id\":\"https:\\\/\\\/auparadisdesjouets.com\\\/#organization\",\"name\":\"Au Paradis des Jouets\",\"url\":\"https:\\\/\\\/auparadisdesjouets.com\\\/\",\"logo\":{\"@type\":\"ImageObject\",\"inLanguage\":\"fr-FR\",\"@id\":\"https:\\\/\\\/auparadisdesjouets.com\\\/#\\\/schema\\\/logo\\\/image\\\/\",\"url\":\"https:\\\/\\\/auparadisdesjouets.com\\\/wp-content\\\/uploads\\\/2024\\\/09\\\/logo-paradis-jouets.png\",\"contentUrl\":\"https:\\\/\\\/auparadisdesjouets.com\\\/wp-content\\\/uploads\\\/2024\\\/09\\\/logo-paradis-jouets.png\",\"width\":7678,\"height\":1950,\"caption\":\"Au Paradis des Jouets\"},\"image\":{\"@id\":\"https:\\\/\\\/auparadisdesjouets.com\\\/#\\\/schema\\\/logo\\\/image\\\/\"},\"sameAs\":[\"https:\\\/\\\/www.facebook.com\\\/auparadisdesjouets\"]}]}<\/script>\n<!-- \/ Yoast SEO plugin. -->","yoast_head_json":{"title":"PLAYMOBIL TIGRE REF 71055 - Au Paradis des Jouets","robots":{"index":"index","follow":"follow","max-snippet":"max-snippet:-1","max-image-preview":"max-image-preview:large","max-video-preview":"max-video-preview:-1"},"canonical":"https:\/\/auparadisdesjouets.com\/index.php\/produit\/playmobil-ref-71055\/","og_locale":"fr_FR","og_type":"article","og_title":"PLAYMOBIL TIGRE REF 71055 - Au Paradis des Jouets","og_description":"D\u00e9couvrez et collectionnez les animaux des cinq continents !  Gr\u00e2ce \u00e0 la collection Wiltopia, partez \u00e0 la d\u00e9couverte de la faune du monde entier dans un voyage riche en rebondissements. Des vastes \u00e9tendues de la savane aux reliefs de la cordill\u00e8re des Andes, ne manquez rien de cette exp\u00e9dition \u00e0 couper le souffle \u00e0 la conqu\u00eate de la biodiversit\u00e9 des quatre coins du monde.","og_url":"https:\/\/auparadisdesjouets.com\/index.php\/produit\/playmobil-ref-71055\/","og_site_name":"Au Paradis des Jouets","article_publisher":"https:\/\/www.facebook.com\/auparadisdesjouets","article_modified_time":"2025-02-05T15:23:31+00:00","og_image":[{"width":800,"height":837,"url":"https:\/\/auparadisdesjouets.com\/wp-content\/uploads\/2024\/08\/71055.jpg","type":"image\/jpeg"}],"twitter_card":"summary_large_image","twitter_misc":{"Dur\u00e9e de lecture estim\u00e9e":"1 minute"},"schema":{"@context":"https:\/\/schema.org","@graph":[{"@type":"WebPage","@id":"https:\/\/auparadisdesjouets.com\/index.php\/produit\/playmobil-ref-71055\/","url":"https:\/\/auparadisdesjouets.com\/index.php\/produit\/playmobil-ref-71055\/","name":"PLAYMOBIL TIGRE REF 71055 - Au Paradis des Jouets","isPartOf":{"@id":"https:\/\/auparadisdesjouets.com\/#website"},"primaryImageOfPage":{"@id":"https:\/\/auparadisdesjouets.com\/index.php\/produit\/playmobil-ref-71055\/#primaryimage"},"image":{"@id":"https:\/\/auparadisdesjouets.com\/index.php\/produit\/playmobil-ref-71055\/#primaryimage"},"thumbnailUrl":"https:\/\/auparadisdesjouets.com\/wp-content\/uploads\/2024\/08\/71055.jpg","datePublished":"2024-08-16T13:41:09+00:00","dateModified":"2025-02-05T15:23:31+00:00","breadcrumb":{"@id":"https:\/\/auparadisdesjouets.com\/index.php\/produit\/playmobil-ref-71055\/#breadcrumb"},"inLanguage":"fr-FR","potentialAction":[{"@type":"ReadAction","target":["https:\/\/auparadisdesjouets.com\/index.php\/produit\/playmobil-ref-71055\/"]}]},{"@type":"ImageObject","inLanguage":"fr-FR","@id":"https:\/\/auparadisdesjouets.com\/index.php\/produit\/playmobil-ref-71055\/#primaryimage","url":"https:\/\/auparadisdesjouets.com\/wp-content\/uploads\/2024\/08\/71055.jpg","contentUrl":"https:\/\/auparadisdesjouets.com\/wp-content\/uploads\/2024\/08\/71055.jpg","width":800,"height":837},{"@type":"BreadcrumbList","@id":"https:\/\/auparadisdesjouets.com\/index.php\/produit\/playmobil-ref-71055\/#breadcrumb","itemListElement":[{"@type":"ListItem","position":1,"name":"Accueil","item":"https:\/\/auparadisdesjouets.com\/"},{"@type":"ListItem","position":2,"name":"Boutique","item":"https:\/\/auparadisdesjouets.com\/index.php\/boutique\/"},{"@type":"ListItem","position":3,"name":"PLAYMOBIL TIGRE REF 71055"}]},{"@type":"WebSite","@id":"https:\/\/auparadisdesjouets.com\/#website","url":"https:\/\/auparadisdesjouets.com\/","name":"Au Paradis des Jouets","description":"Trouvez le jouet qui vous correspond !","publisher":{"@id":"https:\/\/auparadisdesjouets.com\/#organization"},"potentialAction":[{"@type":"SearchAction","target":{"@type":"EntryPoint","urlTemplate":"https:\/\/auparadisdesjouets.com\/?s={search_term_string}"},"query-input":{"@type":"PropertyValueSpecification","valueRequired":true,"valueName":"search_term_string"}}],"inLanguage":"fr-FR"},{"@type":"Organization","@id":"https:\/\/auparadisdesjouets.com\/#organization","name":"Au Paradis des Jouets","url":"https:\/\/auparadisdesjouets.com\/","logo":{"@type":"ImageObject","inLanguage":"fr-FR","@id":"https:\/\/auparadisdesjouets.com\/#\/schema\/logo\/image\/","url":"https:\/\/auparadisdesjouets.com\/wp-content\/uploads\/2024\/09\/logo-paradis-jouets.png","contentUrl":"https:\/\/auparadisdesjouets.com\/wp-content\/uploads\/2024\/09\/logo-paradis-jouets.png","width":7678,"height":1950,"caption":"Au Paradis des Jouets"},"image":{"@id":"https:\/\/auparadisdesjouets.com\/#\/schema\/logo\/image\/"},"sameAs":["https:\/\/www.facebook.com\/auparadisdesjouets"]}]}},"jetpack_sharing_enabled":true,"_links":{"self":[{"href":"https:\/\/auparadisdesjouets.com\/index.php\/wp-json\/wp\/v2\/product\/994","targetHints":{"allow":["GET"]}}],"collection":[{"href":"https:\/\/auparadisdesjouets.com\/index.php\/wp-json\/wp\/v2\/product"}],"about":[{"href":"https:\/\/auparadisdesjouets.com\/index.php\/wp-json\/wp\/v2\/types\/product"}],"replies":[{"embeddable":true,"href":"https:\/\/auparadisdesjouets.com\/index.php\/wp-json\/wp\/v2\/comments?post=994"}],"version-history":[{"count":2,"href":"https:\/\/auparadisdesjouets.com\/index.php\/wp-json\/wp\/v2\/product\/994\/revisions"}],"predecessor-version":[{"id":997,"href":"https:\/\/auparadisdesjouets.com\/index.php\/wp-json\/wp\/v2\/product\/994\/revisions\/997"}],"wp:featuredmedia":[{"embeddable":true,"href":"https:\/\/auparadisdesjouets.com\/index.php\/wp-json\/wp\/v2\/media\/995"}],"wp:attachment":[{"href":"https:\/\/auparadisdesjouets.com\/index.php\/wp-json\/wp\/v2\/media?parent=994"}],"wp:term":[{"taxonomy":"product_brand","embeddable":true,"href":"https:\/\/auparadisdesjouets.com\/index.php\/wp-json\/wp\/v2\/product_brand?post=994"},{"taxonomy":"product_cat","embeddable":true,"href":"https:\/\/auparadisdesjouets.com\/index.php\/wp-json\/wp\/v2\/product_cat?post=994"},{"taxonomy":"product_tag","embeddable":true,"href":"https:\/\/auparadisdesjouets.com\/index.php\/wp-json\/wp\/v2\/product_tag?post=994"},{"taxonomy":"giftcard-category","embeddable":true,"href":"https:\/\/auparadisdesjouets.com\/index.php\/wp-json\/wp\/v2\/giftcard-category?post=994"}],"curies":[{"name":"wp","href":"https:\/\/api.w.org\/{rel}","templated":true}]}}