{"id":3377,"date":"2024-09-18T11:04:24","date_gmt":"2024-09-18T09:04:24","guid":{"rendered":"https:\/\/auparadisdesjouets.com\/?post_type=product&#038;p=3377"},"modified":"2026-03-28T20:36:31","modified_gmt":"2026-03-28T19:36:31","slug":"calendrier-de-lavent-avec-creche-ref-11392","status":"publish","type":"product","link":"https:\/\/auparadisdesjouets.com\/index.php\/produit\/calendrier-de-lavent-avec-creche-ref-11392\/","title":{"rendered":"CALENDRIER DE L&rsquo;AVENT AVEC CRECHE EN BOIS REF 11392"},"content":{"rendered":"<div class=\"oSioSc\">\n<div id=\"tw-target\">\n<div id=\"kAz1tf\" class=\"g9WsWb PZPZlf\" data-attrid=\"tw-targetArea\" data-entityname=\"Google Translate\">\n<div id=\"tw-target-text-container\" class=\"tw-ta-container F0azHf tw-nfl\" tabindex=\"0\">\n<p id=\"tw-target-text\" class=\"tw-data-text tw-text-large tw-ta\" dir=\"ltr\" data-placeholder=\"Traduction\" data-ved=\"2ahUKEwjAzKqJkMyIAxUXTqQEHV8ECtgQ3ewLegQIBxAT\" aria-label=\"Translated text: En attendant Natal ! Cet \u00e9l\u00e9gant calendrier de l'Avent en bois combine 24 tiroirs avec un pr\u00e9sentoir lumineux et devient ainsi une attraction d\u00e9corative qui r\u00e9duit l'attente de No\u00ebl. Les piles ne sont pas incluses. Un calendrier de l'Avent qui renforce le climat natal, illumine votre maison et peut \u00eatre r\u00e9utilis\u00e9 chaque ann\u00e9e.\"><span class=\"Y2IQFc\" lang=\"fr\"> Cet \u00e9l\u00e9gant calendrier de l&rsquo;Avent en bois combine 24 tiroirs avec un pr\u00e9sentoir lumineux et devient ainsi une attraction d\u00e9corative qui r\u00e9duit l&rsquo;attente de No\u00ebl. Les piles ne sont pas incluses. Un calendrier de l&rsquo;Avent qui renforce le climat natal, illumine votre maison et peut \u00eatre r\u00e9utilis\u00e9 chaque ann\u00e9e.<\/span><\/p>\n<\/div>\n<\/div>\n<\/div>\n<\/div>\n","protected":false},"excerpt":{"rendered":"<p>Cet \u00e9l\u00e9gant calendrier de l&rsquo;Avent en bois combine 24 tiroirs avec un pr\u00e9sentoir lumineux et devient ainsi une attraction d\u00e9corative qui r\u00e9duit l&rsquo;attente de No\u00ebl. Les piles ne sont pas incluses. Un calendrier de l&rsquo;Avent qui renforce le climat natal, illumine votre maison et peut \u00eatre r\u00e9utilis\u00e9 chaque ann\u00e9e.<\/p>\n","protected":false},"featured_media":3378,"comment_status":"open","ping_status":"closed","template":"","meta":[],"product_brand":[],"product_cat":[65,71,74],"product_tag":[],"giftcard-category":[],"class_list":{"0":"post-3377","1":"product","2":"type-product","3":"status-publish","4":"has-post-thumbnail","6":"product_cat-1-joueur","7":"product_cat-calendriers-de-lavent-et-decorations","8":"product_cat-noel","10":"entry","11":"has-media","13":"first","14":"instock","15":"taxable","16":"shipping-taxable","17":"purchasable","18":"product-type-simple","19":"has-product-nav","20":"col","21":"span_1_of_3","22":"owp-content-center","23":"owp-thumbs-layout-horizontal","24":"owp-btn-normal","25":"owp-tabs-layout-horizontal","26":"has-no-thumbnails","28":"circle-sale"},"yoast_head":"<!-- This site is optimized with the Yoast SEO plugin v27.4 - https:\/\/yoast.com\/product\/yoast-seo-wordpress\/ -->\n<title>CALENDRIER DE L&#039;AVENT AVEC CRECHE EN BOIS REF 11392 - Au Paradis des Jouets<\/title>\n<meta name=\"robots\" content=\"index, follow, max-snippet:-1, max-image-preview:large, max-video-preview:-1\" \/>\n<link rel=\"canonical\" href=\"https:\/\/auparadisdesjouets.com\/index.php\/produit\/calendrier-de-lavent-avec-creche-ref-11392\/\" \/>\n<meta property=\"og:locale\" content=\"fr_FR\" \/>\n<meta property=\"og:type\" content=\"article\" \/>\n<meta property=\"og:title\" content=\"CALENDRIER DE L&#039;AVENT AVEC CRECHE EN BOIS REF 11392 - Au Paradis des Jouets\" \/>\n<meta property=\"og:description\" content=\"Cet \u00e9l\u00e9gant calendrier de l&rsquo;Avent en bois combine 24 tiroirs avec un pr\u00e9sentoir lumineux et devient ainsi une attraction d\u00e9corative qui r\u00e9duit l&rsquo;attente de No\u00ebl. Les piles ne sont pas incluses. Un calendrier de l&rsquo;Avent qui renforce le climat natal, illumine votre maison et peut \u00eatre r\u00e9utilis\u00e9 chaque ann\u00e9e.\" \/>\n<meta property=\"og:url\" content=\"https:\/\/auparadisdesjouets.com\/index.php\/produit\/calendrier-de-lavent-avec-creche-ref-11392\/\" \/>\n<meta property=\"og:site_name\" content=\"Au Paradis des Jouets\" \/>\n<meta property=\"article:publisher\" content=\"https:\/\/www.facebook.com\/auparadisdesjouets\" \/>\n<meta property=\"article:modified_time\" content=\"2026-03-28T19:36:31+00:00\" \/>\n<meta property=\"og:image\" content=\"https:\/\/auparadisdesjouets.com\/wp-content\/uploads\/2024\/09\/3ca74e6-131747-11392_small_foot_legler_adventskalender_krippe_beleuchtet_b.jpg\" \/>\n\t<meta property=\"og:image:width\" content=\"749\" \/>\n\t<meta property=\"og:image:height\" content=\"700\" \/>\n\t<meta property=\"og:image:type\" content=\"image\/jpeg\" \/>\n<meta name=\"twitter:card\" content=\"summary_large_image\" \/>\n<meta name=\"twitter:label1\" content=\"Dur\u00e9e de lecture estim\u00e9e\" \/>\n\t<meta name=\"twitter:data1\" content=\"1 minute\" \/>\n<script type=\"application\/ld+json\" class=\"yoast-schema-graph\">{\"@context\":\"https:\\\/\\\/schema.org\",\"@graph\":[{\"@type\":\"WebPage\",\"@id\":\"https:\\\/\\\/auparadisdesjouets.com\\\/index.php\\\/produit\\\/calendrier-de-lavent-avec-creche-ref-11392\\\/\",\"url\":\"https:\\\/\\\/auparadisdesjouets.com\\\/index.php\\\/produit\\\/calendrier-de-lavent-avec-creche-ref-11392\\\/\",\"name\":\"CALENDRIER DE L'AVENT AVEC CRECHE EN BOIS REF 11392 - Au Paradis des Jouets\",\"isPartOf\":{\"@id\":\"https:\\\/\\\/auparadisdesjouets.com\\\/#website\"},\"primaryImageOfPage\":{\"@id\":\"https:\\\/\\\/auparadisdesjouets.com\\\/index.php\\\/produit\\\/calendrier-de-lavent-avec-creche-ref-11392\\\/#primaryimage\"},\"image\":{\"@id\":\"https:\\\/\\\/auparadisdesjouets.com\\\/index.php\\\/produit\\\/calendrier-de-lavent-avec-creche-ref-11392\\\/#primaryimage\"},\"thumbnailUrl\":\"https:\\\/\\\/auparadisdesjouets.com\\\/wp-content\\\/uploads\\\/2024\\\/09\\\/3ca74e6-131747-11392_small_foot_legler_adventskalender_krippe_beleuchtet_b.jpg\",\"datePublished\":\"2024-09-18T09:04:24+00:00\",\"dateModified\":\"2026-03-28T19:36:31+00:00\",\"breadcrumb\":{\"@id\":\"https:\\\/\\\/auparadisdesjouets.com\\\/index.php\\\/produit\\\/calendrier-de-lavent-avec-creche-ref-11392\\\/#breadcrumb\"},\"inLanguage\":\"fr-FR\",\"potentialAction\":[{\"@type\":\"ReadAction\",\"target\":[\"https:\\\/\\\/auparadisdesjouets.com\\\/index.php\\\/produit\\\/calendrier-de-lavent-avec-creche-ref-11392\\\/\"]}]},{\"@type\":\"ImageObject\",\"inLanguage\":\"fr-FR\",\"@id\":\"https:\\\/\\\/auparadisdesjouets.com\\\/index.php\\\/produit\\\/calendrier-de-lavent-avec-creche-ref-11392\\\/#primaryimage\",\"url\":\"https:\\\/\\\/auparadisdesjouets.com\\\/wp-content\\\/uploads\\\/2024\\\/09\\\/3ca74e6-131747-11392_small_foot_legler_adventskalender_krippe_beleuchtet_b.jpg\",\"contentUrl\":\"https:\\\/\\\/auparadisdesjouets.com\\\/wp-content\\\/uploads\\\/2024\\\/09\\\/3ca74e6-131747-11392_small_foot_legler_adventskalender_krippe_beleuchtet_b.jpg\",\"width\":749,\"height\":700},{\"@type\":\"BreadcrumbList\",\"@id\":\"https:\\\/\\\/auparadisdesjouets.com\\\/index.php\\\/produit\\\/calendrier-de-lavent-avec-creche-ref-11392\\\/#breadcrumb\",\"itemListElement\":[{\"@type\":\"ListItem\",\"position\":1,\"name\":\"Accueil\",\"item\":\"https:\\\/\\\/auparadisdesjouets.com\\\/\"},{\"@type\":\"ListItem\",\"position\":2,\"name\":\"Boutique\",\"item\":\"https:\\\/\\\/auparadisdesjouets.com\\\/index.php\\\/boutique\\\/\"},{\"@type\":\"ListItem\",\"position\":3,\"name\":\"CALENDRIER DE L&rsquo;AVENT AVEC CRECHE EN BOIS REF 11392\"}]},{\"@type\":\"WebSite\",\"@id\":\"https:\\\/\\\/auparadisdesjouets.com\\\/#website\",\"url\":\"https:\\\/\\\/auparadisdesjouets.com\\\/\",\"name\":\"Au Paradis des Jouets\",\"description\":\"Trouvez le jouet qui vous correspond !\",\"publisher\":{\"@id\":\"https:\\\/\\\/auparadisdesjouets.com\\\/#organization\"},\"potentialAction\":[{\"@type\":\"SearchAction\",\"target\":{\"@type\":\"EntryPoint\",\"urlTemplate\":\"https:\\\/\\\/auparadisdesjouets.com\\\/?s={search_term_string}\"},\"query-input\":{\"@type\":\"PropertyValueSpecification\",\"valueRequired\":true,\"valueName\":\"search_term_string\"}}],\"inLanguage\":\"fr-FR\"},{\"@type\":\"Organization\",\"@id\":\"https:\\\/\\\/auparadisdesjouets.com\\\/#organization\",\"name\":\"Au Paradis des Jouets\",\"url\":\"https:\\\/\\\/auparadisdesjouets.com\\\/\",\"logo\":{\"@type\":\"ImageObject\",\"inLanguage\":\"fr-FR\",\"@id\":\"https:\\\/\\\/auparadisdesjouets.com\\\/#\\\/schema\\\/logo\\\/image\\\/\",\"url\":\"https:\\\/\\\/auparadisdesjouets.com\\\/wp-content\\\/uploads\\\/2024\\\/09\\\/logo-paradis-jouets.png\",\"contentUrl\":\"https:\\\/\\\/auparadisdesjouets.com\\\/wp-content\\\/uploads\\\/2024\\\/09\\\/logo-paradis-jouets.png\",\"width\":7678,\"height\":1950,\"caption\":\"Au Paradis des Jouets\"},\"image\":{\"@id\":\"https:\\\/\\\/auparadisdesjouets.com\\\/#\\\/schema\\\/logo\\\/image\\\/\"},\"sameAs\":[\"https:\\\/\\\/www.facebook.com\\\/auparadisdesjouets\"]}]}<\/script>\n<!-- \/ Yoast SEO plugin. -->","yoast_head_json":{"title":"CALENDRIER DE L'AVENT AVEC CRECHE EN BOIS REF 11392 - Au Paradis des Jouets","robots":{"index":"index","follow":"follow","max-snippet":"max-snippet:-1","max-image-preview":"max-image-preview:large","max-video-preview":"max-video-preview:-1"},"canonical":"https:\/\/auparadisdesjouets.com\/index.php\/produit\/calendrier-de-lavent-avec-creche-ref-11392\/","og_locale":"fr_FR","og_type":"article","og_title":"CALENDRIER DE L'AVENT AVEC CRECHE EN BOIS REF 11392 - Au Paradis des Jouets","og_description":"Cet \u00e9l\u00e9gant calendrier de l&rsquo;Avent en bois combine 24 tiroirs avec un pr\u00e9sentoir lumineux et devient ainsi une attraction d\u00e9corative qui r\u00e9duit l&rsquo;attente de No\u00ebl. Les piles ne sont pas incluses. Un calendrier de l&rsquo;Avent qui renforce le climat natal, illumine votre maison et peut \u00eatre r\u00e9utilis\u00e9 chaque ann\u00e9e.","og_url":"https:\/\/auparadisdesjouets.com\/index.php\/produit\/calendrier-de-lavent-avec-creche-ref-11392\/","og_site_name":"Au Paradis des Jouets","article_publisher":"https:\/\/www.facebook.com\/auparadisdesjouets","article_modified_time":"2026-03-28T19:36:31+00:00","og_image":[{"width":749,"height":700,"url":"https:\/\/auparadisdesjouets.com\/wp-content\/uploads\/2024\/09\/3ca74e6-131747-11392_small_foot_legler_adventskalender_krippe_beleuchtet_b.jpg","type":"image\/jpeg"}],"twitter_card":"summary_large_image","twitter_misc":{"Dur\u00e9e de lecture estim\u00e9e":"1 minute"},"schema":{"@context":"https:\/\/schema.org","@graph":[{"@type":"WebPage","@id":"https:\/\/auparadisdesjouets.com\/index.php\/produit\/calendrier-de-lavent-avec-creche-ref-11392\/","url":"https:\/\/auparadisdesjouets.com\/index.php\/produit\/calendrier-de-lavent-avec-creche-ref-11392\/","name":"CALENDRIER DE L'AVENT AVEC CRECHE EN BOIS REF 11392 - Au Paradis des Jouets","isPartOf":{"@id":"https:\/\/auparadisdesjouets.com\/#website"},"primaryImageOfPage":{"@id":"https:\/\/auparadisdesjouets.com\/index.php\/produit\/calendrier-de-lavent-avec-creche-ref-11392\/#primaryimage"},"image":{"@id":"https:\/\/auparadisdesjouets.com\/index.php\/produit\/calendrier-de-lavent-avec-creche-ref-11392\/#primaryimage"},"thumbnailUrl":"https:\/\/auparadisdesjouets.com\/wp-content\/uploads\/2024\/09\/3ca74e6-131747-11392_small_foot_legler_adventskalender_krippe_beleuchtet_b.jpg","datePublished":"2024-09-18T09:04:24+00:00","dateModified":"2026-03-28T19:36:31+00:00","breadcrumb":{"@id":"https:\/\/auparadisdesjouets.com\/index.php\/produit\/calendrier-de-lavent-avec-creche-ref-11392\/#breadcrumb"},"inLanguage":"fr-FR","potentialAction":[{"@type":"ReadAction","target":["https:\/\/auparadisdesjouets.com\/index.php\/produit\/calendrier-de-lavent-avec-creche-ref-11392\/"]}]},{"@type":"ImageObject","inLanguage":"fr-FR","@id":"https:\/\/auparadisdesjouets.com\/index.php\/produit\/calendrier-de-lavent-avec-creche-ref-11392\/#primaryimage","url":"https:\/\/auparadisdesjouets.com\/wp-content\/uploads\/2024\/09\/3ca74e6-131747-11392_small_foot_legler_adventskalender_krippe_beleuchtet_b.jpg","contentUrl":"https:\/\/auparadisdesjouets.com\/wp-content\/uploads\/2024\/09\/3ca74e6-131747-11392_small_foot_legler_adventskalender_krippe_beleuchtet_b.jpg","width":749,"height":700},{"@type":"BreadcrumbList","@id":"https:\/\/auparadisdesjouets.com\/index.php\/produit\/calendrier-de-lavent-avec-creche-ref-11392\/#breadcrumb","itemListElement":[{"@type":"ListItem","position":1,"name":"Accueil","item":"https:\/\/auparadisdesjouets.com\/"},{"@type":"ListItem","position":2,"name":"Boutique","item":"https:\/\/auparadisdesjouets.com\/index.php\/boutique\/"},{"@type":"ListItem","position":3,"name":"CALENDRIER DE L&rsquo;AVENT AVEC CRECHE EN BOIS REF 11392"}]},{"@type":"WebSite","@id":"https:\/\/auparadisdesjouets.com\/#website","url":"https:\/\/auparadisdesjouets.com\/","name":"Au Paradis des Jouets","description":"Trouvez le jouet qui vous correspond !","publisher":{"@id":"https:\/\/auparadisdesjouets.com\/#organization"},"potentialAction":[{"@type":"SearchAction","target":{"@type":"EntryPoint","urlTemplate":"https:\/\/auparadisdesjouets.com\/?s={search_term_string}"},"query-input":{"@type":"PropertyValueSpecification","valueRequired":true,"valueName":"search_term_string"}}],"inLanguage":"fr-FR"},{"@type":"Organization","@id":"https:\/\/auparadisdesjouets.com\/#organization","name":"Au Paradis des Jouets","url":"https:\/\/auparadisdesjouets.com\/","logo":{"@type":"ImageObject","inLanguage":"fr-FR","@id":"https:\/\/auparadisdesjouets.com\/#\/schema\/logo\/image\/","url":"https:\/\/auparadisdesjouets.com\/wp-content\/uploads\/2024\/09\/logo-paradis-jouets.png","contentUrl":"https:\/\/auparadisdesjouets.com\/wp-content\/uploads\/2024\/09\/logo-paradis-jouets.png","width":7678,"height":1950,"caption":"Au Paradis des Jouets"},"image":{"@id":"https:\/\/auparadisdesjouets.com\/#\/schema\/logo\/image\/"},"sameAs":["https:\/\/www.facebook.com\/auparadisdesjouets"]}]}},"jetpack_sharing_enabled":true,"_links":{"self":[{"href":"https:\/\/auparadisdesjouets.com\/index.php\/wp-json\/wp\/v2\/product\/3377","targetHints":{"allow":["GET"]}}],"collection":[{"href":"https:\/\/auparadisdesjouets.com\/index.php\/wp-json\/wp\/v2\/product"}],"about":[{"href":"https:\/\/auparadisdesjouets.com\/index.php\/wp-json\/wp\/v2\/types\/product"}],"replies":[{"embeddable":true,"href":"https:\/\/auparadisdesjouets.com\/index.php\/wp-json\/wp\/v2\/comments?post=3377"}],"version-history":[{"count":3,"href":"https:\/\/auparadisdesjouets.com\/index.php\/wp-json\/wp\/v2\/product\/3377\/revisions"}],"predecessor-version":[{"id":3690,"href":"https:\/\/auparadisdesjouets.com\/index.php\/wp-json\/wp\/v2\/product\/3377\/revisions\/3690"}],"wp:featuredmedia":[{"embeddable":true,"href":"https:\/\/auparadisdesjouets.com\/index.php\/wp-json\/wp\/v2\/media\/3378"}],"wp:attachment":[{"href":"https:\/\/auparadisdesjouets.com\/index.php\/wp-json\/wp\/v2\/media?parent=3377"}],"wp:term":[{"taxonomy":"product_brand","embeddable":true,"href":"https:\/\/auparadisdesjouets.com\/index.php\/wp-json\/wp\/v2\/product_brand?post=3377"},{"taxonomy":"product_cat","embeddable":true,"href":"https:\/\/auparadisdesjouets.com\/index.php\/wp-json\/wp\/v2\/product_cat?post=3377"},{"taxonomy":"product_tag","embeddable":true,"href":"https:\/\/auparadisdesjouets.com\/index.php\/wp-json\/wp\/v2\/product_tag?post=3377"},{"taxonomy":"giftcard-category","embeddable":true,"href":"https:\/\/auparadisdesjouets.com\/index.php\/wp-json\/wp\/v2\/giftcard-category?post=3377"}],"curies":[{"name":"wp","href":"https:\/\/api.w.org\/{rel}","templated":true}]}}