{"id":3279,"date":"2024-09-11T15:20:14","date_gmt":"2024-09-11T13:20:14","guid":{"rendered":"https:\/\/auparadisdesjouets.com\/?post_type=product&#038;p=3279"},"modified":"2026-03-28T20:38:08","modified_gmt":"2026-03-28T19:38:08","slug":"figuredart-peinture-par-numeros-cerf-colore-en-fleurs-toile-roulee-ref-fa10232","status":"publish","type":"product","link":"https:\/\/auparadisdesjouets.com\/index.php\/produit\/figuredart-peinture-par-numeros-cerf-colore-en-fleurs-toile-roulee-ref-fa10232\/","title":{"rendered":"PEINTURE PAR NUMEROS CERF FIGURE D&rsquo;ART"},"content":{"rendered":"<p>Ce kit de peinture par num\u00e9ros contient tout le n\u00e9cessaire pour r\u00e9aliser votre \u0153uvre\u00a0:<\/p>\n<p><img decoding=\"async\" src=\"https:\/\/cdn.shopify.com\/s\/files\/1\/0113\/2557\/1136\/files\/checkbox_PBN_2020-02-02_v2_480x480.png?v=1580648756\" alt=\"\" \/>\u00a01 toile en lin num\u00e9rot\u00e9e<\/p>\n<p><img decoding=\"async\" src=\"https:\/\/cdn.shopify.com\/s\/files\/1\/0113\/2557\/1136\/files\/checkbox_PBN_2020-02-02_v2_480x480.png?v=1580648756\" alt=\"\" \/>\u00a03 pinceaux de tailles diff\u00e9rentes en nylon<\/p>\n<p><img decoding=\"async\" src=\"https:\/\/cdn.shopify.com\/s\/files\/1\/0113\/2557\/1136\/files\/checkbox_PBN_2020-02-02_v2_480x480.png?v=1580648756\" alt=\"\" \/>\u00a0des pots de peintures acrylique num\u00e9rot\u00e9s<\/p>\n<p><img decoding=\"async\" src=\"https:\/\/cdn.shopify.com\/s\/files\/1\/0113\/2557\/1136\/files\/checkbox_PBN_2020-02-02_v2_480x480.png?v=1580648756\" alt=\"\" \/>\u00a0une photo miniature de l&rsquo;\u0153uvre pour vous guider<\/p>\n<p><img decoding=\"async\" src=\"https:\/\/cdn.shopify.com\/s\/files\/1\/0113\/2557\/1136\/files\/checkbox_PBN_2020-02-02_v2_480x480.png?v=1580648756\" alt=\"\" \/>\u00a02 vis + 2 crochets pour la fixation murale<\/p>\n<p>Taille : <b>40x50cm<\/b><\/p>\n<p>Support : Toile en lin num\u00e9rot\u00e9e<br \/>\nType de peinture : Acrylique<\/p>\n","protected":false},"excerpt":{"rendered":"<p>Ce kit de peinture par num\u00e9ros contient tout le n\u00e9cessaire pour r\u00e9aliser votre \u0153uvre\u00a0: \u00a01 toile en lin num\u00e9rot\u00e9e \u00a03 pinceaux de tailles diff\u00e9rentes en nylon \u00a0des pots de peintures acrylique num\u00e9rot\u00e9s \u00a0une photo miniature de l&rsquo;\u0153uvre pour vous guider \u00a02 vis + 2 crochets pour la fixation murale Taille : 40x50cm Support : Toile en lin num\u00e9rot\u00e9e Type de peinture : Acrylique<\/p>\n","protected":false},"featured_media":3280,"comment_status":"open","ping_status":"closed","template":"","meta":[],"product_brand":[],"product_cat":[65,25,35,68],"product_tag":[],"giftcard-category":[],"class_list":{"0":"post-3279","1":"product","2":"type-product","3":"status-publish","4":"has-post-thumbnail","6":"product_cat-1-joueur","7":"product_cat-8-a-12-ans","8":"product_cat-activites-creatives-et-manuelles","9":"product_cat-nos-coups-de-coeur","11":"entry","12":"has-media","14":"first","15":"outofstock","16":"sale","17":"taxable","18":"shipping-taxable","19":"purchasable","20":"product-type-simple","21":"has-product-nav","22":"col","23":"span_1_of_3","24":"owp-content-center","25":"owp-thumbs-layout-horizontal","26":"owp-btn-normal","27":"owp-tabs-layout-horizontal","28":"has-no-thumbnails","30":"circle-sale"},"yoast_head":"<!-- This site is optimized with the Yoast SEO plugin v27.3 - https:\/\/yoast.com\/product\/yoast-seo-wordpress\/ -->\n<title>PEINTURE PAR NUMEROS CERF FIGURE D&#039;ART - Au Paradis des Jouets<\/title>\n<meta name=\"robots\" content=\"index, follow, max-snippet:-1, max-image-preview:large, max-video-preview:-1\" \/>\n<link rel=\"canonical\" href=\"https:\/\/auparadisdesjouets.com\/index.php\/produit\/figuredart-peinture-par-numeros-cerf-colore-en-fleurs-toile-roulee-ref-fa10232\/\" \/>\n<meta property=\"og:locale\" content=\"fr_FR\" \/>\n<meta property=\"og:type\" content=\"article\" \/>\n<meta property=\"og:title\" content=\"PEINTURE PAR NUMEROS CERF FIGURE D&#039;ART - Au Paradis des Jouets\" \/>\n<meta property=\"og:description\" content=\"Ce kit de peinture par num\u00e9ros contient tout le n\u00e9cessaire pour r\u00e9aliser votre \u0153uvre\u00a0: \u00a01 toile en lin num\u00e9rot\u00e9e \u00a03 pinceaux de tailles diff\u00e9rentes en nylon \u00a0des pots de peintures acrylique num\u00e9rot\u00e9s \u00a0une photo miniature de l&rsquo;\u0153uvre pour vous guider \u00a02 vis + 2 crochets pour la fixation murale Taille : 40x50cm Support : Toile en lin num\u00e9rot\u00e9e Type de peinture : Acrylique\" \/>\n<meta property=\"og:url\" content=\"https:\/\/auparadisdesjouets.com\/index.php\/produit\/figuredart-peinture-par-numeros-cerf-colore-en-fleurs-toile-roulee-ref-fa10232\/\" \/>\n<meta property=\"og:site_name\" content=\"Au Paradis des Jouets\" \/>\n<meta property=\"article:publisher\" content=\"https:\/\/www.facebook.com\/auparadisdesjouets\" \/>\n<meta property=\"article:modified_time\" content=\"2026-03-28T19:38:08+00:00\" \/>\n<meta property=\"og:image\" content=\"https:\/\/auparadisdesjouets.com\/wp-content\/uploads\/2024\/09\/FA10232-00-logo_1024x1024@2x.webp\" \/>\n\t<meta property=\"og:image:width\" content=\"800\" \/>\n\t<meta property=\"og:image:height\" content=\"1000\" \/>\n\t<meta property=\"og:image:type\" content=\"image\/webp\" \/>\n<meta name=\"twitter:card\" content=\"summary_large_image\" \/>\n<script type=\"application\/ld+json\" class=\"yoast-schema-graph\">{\"@context\":\"https:\\\/\\\/schema.org\",\"@graph\":[{\"@type\":\"WebPage\",\"@id\":\"https:\\\/\\\/auparadisdesjouets.com\\\/index.php\\\/produit\\\/figuredart-peinture-par-numeros-cerf-colore-en-fleurs-toile-roulee-ref-fa10232\\\/\",\"url\":\"https:\\\/\\\/auparadisdesjouets.com\\\/index.php\\\/produit\\\/figuredart-peinture-par-numeros-cerf-colore-en-fleurs-toile-roulee-ref-fa10232\\\/\",\"name\":\"PEINTURE PAR NUMEROS CERF FIGURE D'ART - Au Paradis des Jouets\",\"isPartOf\":{\"@id\":\"https:\\\/\\\/auparadisdesjouets.com\\\/#website\"},\"primaryImageOfPage\":{\"@id\":\"https:\\\/\\\/auparadisdesjouets.com\\\/index.php\\\/produit\\\/figuredart-peinture-par-numeros-cerf-colore-en-fleurs-toile-roulee-ref-fa10232\\\/#primaryimage\"},\"image\":{\"@id\":\"https:\\\/\\\/auparadisdesjouets.com\\\/index.php\\\/produit\\\/figuredart-peinture-par-numeros-cerf-colore-en-fleurs-toile-roulee-ref-fa10232\\\/#primaryimage\"},\"thumbnailUrl\":\"https:\\\/\\\/auparadisdesjouets.com\\\/wp-content\\\/uploads\\\/2024\\\/09\\\/FA10232-00-logo_1024x1024@2x.webp\",\"datePublished\":\"2024-09-11T13:20:14+00:00\",\"dateModified\":\"2026-03-28T19:38:08+00:00\",\"breadcrumb\":{\"@id\":\"https:\\\/\\\/auparadisdesjouets.com\\\/index.php\\\/produit\\\/figuredart-peinture-par-numeros-cerf-colore-en-fleurs-toile-roulee-ref-fa10232\\\/#breadcrumb\"},\"inLanguage\":\"fr-FR\",\"potentialAction\":[{\"@type\":\"ReadAction\",\"target\":[\"https:\\\/\\\/auparadisdesjouets.com\\\/index.php\\\/produit\\\/figuredart-peinture-par-numeros-cerf-colore-en-fleurs-toile-roulee-ref-fa10232\\\/\"]}]},{\"@type\":\"ImageObject\",\"inLanguage\":\"fr-FR\",\"@id\":\"https:\\\/\\\/auparadisdesjouets.com\\\/index.php\\\/produit\\\/figuredart-peinture-par-numeros-cerf-colore-en-fleurs-toile-roulee-ref-fa10232\\\/#primaryimage\",\"url\":\"https:\\\/\\\/auparadisdesjouets.com\\\/wp-content\\\/uploads\\\/2024\\\/09\\\/FA10232-00-logo_1024x1024@2x.webp\",\"contentUrl\":\"https:\\\/\\\/auparadisdesjouets.com\\\/wp-content\\\/uploads\\\/2024\\\/09\\\/FA10232-00-logo_1024x1024@2x.webp\",\"width\":800,\"height\":1000},{\"@type\":\"BreadcrumbList\",\"@id\":\"https:\\\/\\\/auparadisdesjouets.com\\\/index.php\\\/produit\\\/figuredart-peinture-par-numeros-cerf-colore-en-fleurs-toile-roulee-ref-fa10232\\\/#breadcrumb\",\"itemListElement\":[{\"@type\":\"ListItem\",\"position\":1,\"name\":\"Accueil\",\"item\":\"https:\\\/\\\/auparadisdesjouets.com\\\/\"},{\"@type\":\"ListItem\",\"position\":2,\"name\":\"Boutique\",\"item\":\"https:\\\/\\\/auparadisdesjouets.com\\\/index.php\\\/boutique\\\/\"},{\"@type\":\"ListItem\",\"position\":3,\"name\":\"PEINTURE PAR NUMEROS CERF FIGURE D&rsquo;ART\"}]},{\"@type\":\"WebSite\",\"@id\":\"https:\\\/\\\/auparadisdesjouets.com\\\/#website\",\"url\":\"https:\\\/\\\/auparadisdesjouets.com\\\/\",\"name\":\"Au Paradis des Jouets\",\"description\":\"Trouvez le jouet qui vous correspond !\",\"publisher\":{\"@id\":\"https:\\\/\\\/auparadisdesjouets.com\\\/#organization\"},\"potentialAction\":[{\"@type\":\"SearchAction\",\"target\":{\"@type\":\"EntryPoint\",\"urlTemplate\":\"https:\\\/\\\/auparadisdesjouets.com\\\/?s={search_term_string}\"},\"query-input\":{\"@type\":\"PropertyValueSpecification\",\"valueRequired\":true,\"valueName\":\"search_term_string\"}}],\"inLanguage\":\"fr-FR\"},{\"@type\":\"Organization\",\"@id\":\"https:\\\/\\\/auparadisdesjouets.com\\\/#organization\",\"name\":\"Au Paradis des Jouets\",\"url\":\"https:\\\/\\\/auparadisdesjouets.com\\\/\",\"logo\":{\"@type\":\"ImageObject\",\"inLanguage\":\"fr-FR\",\"@id\":\"https:\\\/\\\/auparadisdesjouets.com\\\/#\\\/schema\\\/logo\\\/image\\\/\",\"url\":\"https:\\\/\\\/auparadisdesjouets.com\\\/wp-content\\\/uploads\\\/2024\\\/09\\\/logo-paradis-jouets.png\",\"contentUrl\":\"https:\\\/\\\/auparadisdesjouets.com\\\/wp-content\\\/uploads\\\/2024\\\/09\\\/logo-paradis-jouets.png\",\"width\":7678,\"height\":1950,\"caption\":\"Au Paradis des Jouets\"},\"image\":{\"@id\":\"https:\\\/\\\/auparadisdesjouets.com\\\/#\\\/schema\\\/logo\\\/image\\\/\"},\"sameAs\":[\"https:\\\/\\\/www.facebook.com\\\/auparadisdesjouets\"]}]}<\/script>\n<!-- \/ Yoast SEO plugin. -->","yoast_head_json":{"title":"PEINTURE PAR NUMEROS CERF FIGURE D'ART - Au Paradis des Jouets","robots":{"index":"index","follow":"follow","max-snippet":"max-snippet:-1","max-image-preview":"max-image-preview:large","max-video-preview":"max-video-preview:-1"},"canonical":"https:\/\/auparadisdesjouets.com\/index.php\/produit\/figuredart-peinture-par-numeros-cerf-colore-en-fleurs-toile-roulee-ref-fa10232\/","og_locale":"fr_FR","og_type":"article","og_title":"PEINTURE PAR NUMEROS CERF FIGURE D'ART - Au Paradis des Jouets","og_description":"Ce kit de peinture par num\u00e9ros contient tout le n\u00e9cessaire pour r\u00e9aliser votre \u0153uvre\u00a0: \u00a01 toile en lin num\u00e9rot\u00e9e \u00a03 pinceaux de tailles diff\u00e9rentes en nylon \u00a0des pots de peintures acrylique num\u00e9rot\u00e9s \u00a0une photo miniature de l&rsquo;\u0153uvre pour vous guider \u00a02 vis + 2 crochets pour la fixation murale Taille : 40x50cm Support : Toile en lin num\u00e9rot\u00e9e Type de peinture : Acrylique","og_url":"https:\/\/auparadisdesjouets.com\/index.php\/produit\/figuredart-peinture-par-numeros-cerf-colore-en-fleurs-toile-roulee-ref-fa10232\/","og_site_name":"Au Paradis des Jouets","article_publisher":"https:\/\/www.facebook.com\/auparadisdesjouets","article_modified_time":"2026-03-28T19:38:08+00:00","og_image":[{"width":800,"height":1000,"url":"https:\/\/auparadisdesjouets.com\/wp-content\/uploads\/2024\/09\/FA10232-00-logo_1024x1024@2x.webp","type":"image\/webp"}],"twitter_card":"summary_large_image","schema":{"@context":"https:\/\/schema.org","@graph":[{"@type":"WebPage","@id":"https:\/\/auparadisdesjouets.com\/index.php\/produit\/figuredart-peinture-par-numeros-cerf-colore-en-fleurs-toile-roulee-ref-fa10232\/","url":"https:\/\/auparadisdesjouets.com\/index.php\/produit\/figuredart-peinture-par-numeros-cerf-colore-en-fleurs-toile-roulee-ref-fa10232\/","name":"PEINTURE PAR NUMEROS CERF FIGURE D'ART - Au Paradis des Jouets","isPartOf":{"@id":"https:\/\/auparadisdesjouets.com\/#website"},"primaryImageOfPage":{"@id":"https:\/\/auparadisdesjouets.com\/index.php\/produit\/figuredart-peinture-par-numeros-cerf-colore-en-fleurs-toile-roulee-ref-fa10232\/#primaryimage"},"image":{"@id":"https:\/\/auparadisdesjouets.com\/index.php\/produit\/figuredart-peinture-par-numeros-cerf-colore-en-fleurs-toile-roulee-ref-fa10232\/#primaryimage"},"thumbnailUrl":"https:\/\/auparadisdesjouets.com\/wp-content\/uploads\/2024\/09\/FA10232-00-logo_1024x1024@2x.webp","datePublished":"2024-09-11T13:20:14+00:00","dateModified":"2026-03-28T19:38:08+00:00","breadcrumb":{"@id":"https:\/\/auparadisdesjouets.com\/index.php\/produit\/figuredart-peinture-par-numeros-cerf-colore-en-fleurs-toile-roulee-ref-fa10232\/#breadcrumb"},"inLanguage":"fr-FR","potentialAction":[{"@type":"ReadAction","target":["https:\/\/auparadisdesjouets.com\/index.php\/produit\/figuredart-peinture-par-numeros-cerf-colore-en-fleurs-toile-roulee-ref-fa10232\/"]}]},{"@type":"ImageObject","inLanguage":"fr-FR","@id":"https:\/\/auparadisdesjouets.com\/index.php\/produit\/figuredart-peinture-par-numeros-cerf-colore-en-fleurs-toile-roulee-ref-fa10232\/#primaryimage","url":"https:\/\/auparadisdesjouets.com\/wp-content\/uploads\/2024\/09\/FA10232-00-logo_1024x1024@2x.webp","contentUrl":"https:\/\/auparadisdesjouets.com\/wp-content\/uploads\/2024\/09\/FA10232-00-logo_1024x1024@2x.webp","width":800,"height":1000},{"@type":"BreadcrumbList","@id":"https:\/\/auparadisdesjouets.com\/index.php\/produit\/figuredart-peinture-par-numeros-cerf-colore-en-fleurs-toile-roulee-ref-fa10232\/#breadcrumb","itemListElement":[{"@type":"ListItem","position":1,"name":"Accueil","item":"https:\/\/auparadisdesjouets.com\/"},{"@type":"ListItem","position":2,"name":"Boutique","item":"https:\/\/auparadisdesjouets.com\/index.php\/boutique\/"},{"@type":"ListItem","position":3,"name":"PEINTURE PAR NUMEROS CERF FIGURE D&rsquo;ART"}]},{"@type":"WebSite","@id":"https:\/\/auparadisdesjouets.com\/#website","url":"https:\/\/auparadisdesjouets.com\/","name":"Au Paradis des Jouets","description":"Trouvez le jouet qui vous correspond !","publisher":{"@id":"https:\/\/auparadisdesjouets.com\/#organization"},"potentialAction":[{"@type":"SearchAction","target":{"@type":"EntryPoint","urlTemplate":"https:\/\/auparadisdesjouets.com\/?s={search_term_string}"},"query-input":{"@type":"PropertyValueSpecification","valueRequired":true,"valueName":"search_term_string"}}],"inLanguage":"fr-FR"},{"@type":"Organization","@id":"https:\/\/auparadisdesjouets.com\/#organization","name":"Au Paradis des Jouets","url":"https:\/\/auparadisdesjouets.com\/","logo":{"@type":"ImageObject","inLanguage":"fr-FR","@id":"https:\/\/auparadisdesjouets.com\/#\/schema\/logo\/image\/","url":"https:\/\/auparadisdesjouets.com\/wp-content\/uploads\/2024\/09\/logo-paradis-jouets.png","contentUrl":"https:\/\/auparadisdesjouets.com\/wp-content\/uploads\/2024\/09\/logo-paradis-jouets.png","width":7678,"height":1950,"caption":"Au Paradis des Jouets"},"image":{"@id":"https:\/\/auparadisdesjouets.com\/#\/schema\/logo\/image\/"},"sameAs":["https:\/\/www.facebook.com\/auparadisdesjouets"]}]}},"jetpack_sharing_enabled":true,"_links":{"self":[{"href":"https:\/\/auparadisdesjouets.com\/index.php\/wp-json\/wp\/v2\/product\/3279","targetHints":{"allow":["GET"]}}],"collection":[{"href":"https:\/\/auparadisdesjouets.com\/index.php\/wp-json\/wp\/v2\/product"}],"about":[{"href":"https:\/\/auparadisdesjouets.com\/index.php\/wp-json\/wp\/v2\/types\/product"}],"replies":[{"embeddable":true,"href":"https:\/\/auparadisdesjouets.com\/index.php\/wp-json\/wp\/v2\/comments?post=3279"}],"version-history":[{"count":2,"href":"https:\/\/auparadisdesjouets.com\/index.php\/wp-json\/wp\/v2\/product\/3279\/revisions"}],"predecessor-version":[{"id":3709,"href":"https:\/\/auparadisdesjouets.com\/index.php\/wp-json\/wp\/v2\/product\/3279\/revisions\/3709"}],"wp:featuredmedia":[{"embeddable":true,"href":"https:\/\/auparadisdesjouets.com\/index.php\/wp-json\/wp\/v2\/media\/3280"}],"wp:attachment":[{"href":"https:\/\/auparadisdesjouets.com\/index.php\/wp-json\/wp\/v2\/media?parent=3279"}],"wp:term":[{"taxonomy":"product_brand","embeddable":true,"href":"https:\/\/auparadisdesjouets.com\/index.php\/wp-json\/wp\/v2\/product_brand?post=3279"},{"taxonomy":"product_cat","embeddable":true,"href":"https:\/\/auparadisdesjouets.com\/index.php\/wp-json\/wp\/v2\/product_cat?post=3279"},{"taxonomy":"product_tag","embeddable":true,"href":"https:\/\/auparadisdesjouets.com\/index.php\/wp-json\/wp\/v2\/product_tag?post=3279"},{"taxonomy":"giftcard-category","embeddable":true,"href":"https:\/\/auparadisdesjouets.com\/index.php\/wp-json\/wp\/v2\/giftcard-category?post=3279"}],"curies":[{"name":"wp","href":"https:\/\/api.w.org\/{rel}","templated":true}]}}