{"id":3049,"date":"2024-09-05T17:27:05","date_gmt":"2024-09-05T15:27:05","guid":{"rendered":"https:\/\/auparadisdesjouets.com\/?post_type=product&#038;p=3049"},"modified":"2025-07-02T15:45:48","modified_gmt":"2025-07-02T13:45:48","slug":"jeu-de-societe-jungle-speed","status":"publish","type":"product","link":"https:\/\/auparadisdesjouets.com\/index.php\/produit\/jeu-de-societe-jungle-speed\/","title":{"rendered":"JUNGLE SPEED JEU DE SOCIETE"},"content":{"rendered":"<p>Jungle Speed est un jeu combinant rapidit\u00e9 et observation. Posez une carte et jetez-vous sur le totem d\u00e8s que deux cartes sont identiques avant vos adversaires. Mais attention ! Gare \u00e0 vous si les pictogrammes ne correspondent pas exactement, les cartes sont trompeuses. Ouvrez l\u2019\u0153il ou r\u00e9cup\u00e9rez les cartes des autres joueurs !<\/p>\n<p>Le jeu est bas\u00e9 sur les r\u00e9flexes, mais int\u00e8gre \u00e9galement une dimension de bluff. Feintez vos adversaires pour leur faire prendre une p\u00e9nalit\u00e9 peut \u00eatre une excellente strat\u00e9gie de jeu. Saisir le totem de Jungle Speed vous permet de vous d\u00e9barrasser de vos cartes. Le premier qui n&rsquo;en a plus remporte la partie. Un principe sauvagement efficace pour des parties tr\u00e8s anim\u00e9es !<\/p>\n","protected":false},"excerpt":{"rendered":"<p>Jungle Speed est un jeu combinant rapidit\u00e9 et observation. Posez une carte et jetez-vous sur le totem d\u00e8s que deux cartes sont identiques avant vos adversaires. Mais attention ! Gare \u00e0 vous si les pictogrammes ne correspondent pas exactement, les cartes sont trompeuses. Ouvrez l\u2019\u0153il ou r\u00e9cup\u00e9rez les cartes des autres joueurs ! Le jeu est bas\u00e9 sur les r\u00e9flexes, mais int\u00e8gre \u00e9galement une dimension de bluff. Feintez vos adversaires pour leur faire prendre une p\u00e9nalit\u00e9 peut \u00eatre une excellente strat\u00e9gie de jeu. Saisir le totem de Jungle Speed vous permet de vous d\u00e9barrasser de vos cartes. Le premier qui n&rsquo;en a plus remporte la partie. Un principe sauvagement efficace pour des parties tr\u00e8s anim\u00e9es !<\/p>\n","protected":false},"featured_media":3050,"comment_status":"open","ping_status":"closed","template":"","meta":[],"product_brand":[],"product_cat":[39],"product_tag":[],"giftcard-category":[],"class_list":{"0":"post-3049","1":"product","2":"type-product","3":"status-publish","4":"has-post-thumbnail","6":"product_cat-jeux-de-societe","8":"entry","9":"has-media","11":"first","12":"instock","13":"sale","14":"taxable","15":"shipping-taxable","16":"purchasable","17":"product-type-simple","18":"has-product-nav","19":"col","20":"span_1_of_3","21":"owp-content-center","22":"owp-thumbs-layout-horizontal","23":"owp-btn-normal","24":"owp-tabs-layout-horizontal","25":"has-no-thumbnails","27":"circle-sale"},"yoast_head":"<!-- This site is optimized with the Yoast SEO plugin v27.3 - https:\/\/yoast.com\/product\/yoast-seo-wordpress\/ -->\n<title>JUNGLE SPEED JEU DE SOCIETE - Au Paradis des Jouets<\/title>\n<meta name=\"robots\" content=\"index, follow, max-snippet:-1, max-image-preview:large, max-video-preview:-1\" \/>\n<link rel=\"canonical\" href=\"https:\/\/auparadisdesjouets.com\/index.php\/produit\/jeu-de-societe-jungle-speed\/\" \/>\n<meta property=\"og:locale\" content=\"fr_FR\" \/>\n<meta property=\"og:type\" content=\"article\" \/>\n<meta property=\"og:title\" content=\"JUNGLE SPEED JEU DE SOCIETE - Au Paradis des Jouets\" \/>\n<meta property=\"og:description\" content=\"Jungle Speed est un jeu combinant rapidit\u00e9 et observation. Posez une carte et jetez-vous sur le totem d\u00e8s que deux cartes sont identiques avant vos adversaires. Mais attention ! Gare \u00e0 vous si les pictogrammes ne correspondent pas exactement, les cartes sont trompeuses. Ouvrez l\u2019\u0153il ou r\u00e9cup\u00e9rez les cartes des autres joueurs ! Le jeu est bas\u00e9 sur les r\u00e9flexes, mais int\u00e8gre \u00e9galement une dimension de bluff. Feintez vos adversaires pour leur faire prendre une p\u00e9nalit\u00e9 peut \u00eatre une excellente strat\u00e9gie de jeu. Saisir le totem de Jungle Speed vous permet de vous d\u00e9barrasser de vos cartes. Le premier qui n&rsquo;en a plus remporte la partie. Un principe sauvagement efficace pour des parties tr\u00e8s anim\u00e9es !\" \/>\n<meta property=\"og:url\" content=\"https:\/\/auparadisdesjouets.com\/index.php\/produit\/jeu-de-societe-jungle-speed\/\" \/>\n<meta property=\"og:site_name\" content=\"Au Paradis des Jouets\" \/>\n<meta property=\"article:publisher\" content=\"https:\/\/www.facebook.com\/auparadisdesjouets\" \/>\n<meta property=\"article:modified_time\" content=\"2025-07-02T13:45:48+00:00\" \/>\n<meta property=\"og:image\" content=\"https:\/\/auparadisdesjouets.com\/wp-content\/uploads\/2024\/09\/jungle-speed.jpg\" \/>\n\t<meta property=\"og:image:width\" content=\"1317\" \/>\n\t<meta property=\"og:image:height\" content=\"878\" \/>\n\t<meta property=\"og:image:type\" content=\"image\/jpeg\" \/>\n<meta name=\"twitter:card\" content=\"summary_large_image\" \/>\n<meta name=\"twitter:label1\" content=\"Dur\u00e9e de lecture estim\u00e9e\" \/>\n\t<meta name=\"twitter:data1\" content=\"1 minute\" \/>\n<script type=\"application\/ld+json\" class=\"yoast-schema-graph\">{\"@context\":\"https:\\\/\\\/schema.org\",\"@graph\":[{\"@type\":\"WebPage\",\"@id\":\"https:\\\/\\\/auparadisdesjouets.com\\\/index.php\\\/produit\\\/jeu-de-societe-jungle-speed\\\/\",\"url\":\"https:\\\/\\\/auparadisdesjouets.com\\\/index.php\\\/produit\\\/jeu-de-societe-jungle-speed\\\/\",\"name\":\"JUNGLE SPEED JEU DE SOCIETE - Au Paradis des Jouets\",\"isPartOf\":{\"@id\":\"https:\\\/\\\/auparadisdesjouets.com\\\/#website\"},\"primaryImageOfPage\":{\"@id\":\"https:\\\/\\\/auparadisdesjouets.com\\\/index.php\\\/produit\\\/jeu-de-societe-jungle-speed\\\/#primaryimage\"},\"image\":{\"@id\":\"https:\\\/\\\/auparadisdesjouets.com\\\/index.php\\\/produit\\\/jeu-de-societe-jungle-speed\\\/#primaryimage\"},\"thumbnailUrl\":\"https:\\\/\\\/auparadisdesjouets.com\\\/wp-content\\\/uploads\\\/2024\\\/09\\\/jungle-speed.jpg\",\"datePublished\":\"2024-09-05T15:27:05+00:00\",\"dateModified\":\"2025-07-02T13:45:48+00:00\",\"breadcrumb\":{\"@id\":\"https:\\\/\\\/auparadisdesjouets.com\\\/index.php\\\/produit\\\/jeu-de-societe-jungle-speed\\\/#breadcrumb\"},\"inLanguage\":\"fr-FR\",\"potentialAction\":[{\"@type\":\"ReadAction\",\"target\":[\"https:\\\/\\\/auparadisdesjouets.com\\\/index.php\\\/produit\\\/jeu-de-societe-jungle-speed\\\/\"]}]},{\"@type\":\"ImageObject\",\"inLanguage\":\"fr-FR\",\"@id\":\"https:\\\/\\\/auparadisdesjouets.com\\\/index.php\\\/produit\\\/jeu-de-societe-jungle-speed\\\/#primaryimage\",\"url\":\"https:\\\/\\\/auparadisdesjouets.com\\\/wp-content\\\/uploads\\\/2024\\\/09\\\/jungle-speed.jpg\",\"contentUrl\":\"https:\\\/\\\/auparadisdesjouets.com\\\/wp-content\\\/uploads\\\/2024\\\/09\\\/jungle-speed.jpg\",\"width\":1317,\"height\":878},{\"@type\":\"BreadcrumbList\",\"@id\":\"https:\\\/\\\/auparadisdesjouets.com\\\/index.php\\\/produit\\\/jeu-de-societe-jungle-speed\\\/#breadcrumb\",\"itemListElement\":[{\"@type\":\"ListItem\",\"position\":1,\"name\":\"Accueil\",\"item\":\"https:\\\/\\\/auparadisdesjouets.com\\\/\"},{\"@type\":\"ListItem\",\"position\":2,\"name\":\"Boutique\",\"item\":\"https:\\\/\\\/auparadisdesjouets.com\\\/index.php\\\/boutique\\\/\"},{\"@type\":\"ListItem\",\"position\":3,\"name\":\"JUNGLE SPEED JEU DE SOCIETE\"}]},{\"@type\":\"WebSite\",\"@id\":\"https:\\\/\\\/auparadisdesjouets.com\\\/#website\",\"url\":\"https:\\\/\\\/auparadisdesjouets.com\\\/\",\"name\":\"Au Paradis des Jouets\",\"description\":\"Trouvez le jouet qui vous correspond !\",\"publisher\":{\"@id\":\"https:\\\/\\\/auparadisdesjouets.com\\\/#organization\"},\"potentialAction\":[{\"@type\":\"SearchAction\",\"target\":{\"@type\":\"EntryPoint\",\"urlTemplate\":\"https:\\\/\\\/auparadisdesjouets.com\\\/?s={search_term_string}\"},\"query-input\":{\"@type\":\"PropertyValueSpecification\",\"valueRequired\":true,\"valueName\":\"search_term_string\"}}],\"inLanguage\":\"fr-FR\"},{\"@type\":\"Organization\",\"@id\":\"https:\\\/\\\/auparadisdesjouets.com\\\/#organization\",\"name\":\"Au Paradis des Jouets\",\"url\":\"https:\\\/\\\/auparadisdesjouets.com\\\/\",\"logo\":{\"@type\":\"ImageObject\",\"inLanguage\":\"fr-FR\",\"@id\":\"https:\\\/\\\/auparadisdesjouets.com\\\/#\\\/schema\\\/logo\\\/image\\\/\",\"url\":\"https:\\\/\\\/auparadisdesjouets.com\\\/wp-content\\\/uploads\\\/2024\\\/09\\\/logo-paradis-jouets.png\",\"contentUrl\":\"https:\\\/\\\/auparadisdesjouets.com\\\/wp-content\\\/uploads\\\/2024\\\/09\\\/logo-paradis-jouets.png\",\"width\":7678,\"height\":1950,\"caption\":\"Au Paradis des Jouets\"},\"image\":{\"@id\":\"https:\\\/\\\/auparadisdesjouets.com\\\/#\\\/schema\\\/logo\\\/image\\\/\"},\"sameAs\":[\"https:\\\/\\\/www.facebook.com\\\/auparadisdesjouets\"]}]}<\/script>\n<!-- \/ Yoast SEO plugin. -->","yoast_head_json":{"title":"JUNGLE SPEED JEU DE SOCIETE - Au Paradis des Jouets","robots":{"index":"index","follow":"follow","max-snippet":"max-snippet:-1","max-image-preview":"max-image-preview:large","max-video-preview":"max-video-preview:-1"},"canonical":"https:\/\/auparadisdesjouets.com\/index.php\/produit\/jeu-de-societe-jungle-speed\/","og_locale":"fr_FR","og_type":"article","og_title":"JUNGLE SPEED JEU DE SOCIETE - Au Paradis des Jouets","og_description":"Jungle Speed est un jeu combinant rapidit\u00e9 et observation. Posez une carte et jetez-vous sur le totem d\u00e8s que deux cartes sont identiques avant vos adversaires. Mais attention ! Gare \u00e0 vous si les pictogrammes ne correspondent pas exactement, les cartes sont trompeuses. Ouvrez l\u2019\u0153il ou r\u00e9cup\u00e9rez les cartes des autres joueurs ! Le jeu est bas\u00e9 sur les r\u00e9flexes, mais int\u00e8gre \u00e9galement une dimension de bluff. Feintez vos adversaires pour leur faire prendre une p\u00e9nalit\u00e9 peut \u00eatre une excellente strat\u00e9gie de jeu. Saisir le totem de Jungle Speed vous permet de vous d\u00e9barrasser de vos cartes. Le premier qui n&rsquo;en a plus remporte la partie. Un principe sauvagement efficace pour des parties tr\u00e8s anim\u00e9es !","og_url":"https:\/\/auparadisdesjouets.com\/index.php\/produit\/jeu-de-societe-jungle-speed\/","og_site_name":"Au Paradis des Jouets","article_publisher":"https:\/\/www.facebook.com\/auparadisdesjouets","article_modified_time":"2025-07-02T13:45:48+00:00","og_image":[{"width":1317,"height":878,"url":"https:\/\/auparadisdesjouets.com\/wp-content\/uploads\/2024\/09\/jungle-speed.jpg","type":"image\/jpeg"}],"twitter_card":"summary_large_image","twitter_misc":{"Dur\u00e9e de lecture estim\u00e9e":"1 minute"},"schema":{"@context":"https:\/\/schema.org","@graph":[{"@type":"WebPage","@id":"https:\/\/auparadisdesjouets.com\/index.php\/produit\/jeu-de-societe-jungle-speed\/","url":"https:\/\/auparadisdesjouets.com\/index.php\/produit\/jeu-de-societe-jungle-speed\/","name":"JUNGLE SPEED JEU DE SOCIETE - Au Paradis des Jouets","isPartOf":{"@id":"https:\/\/auparadisdesjouets.com\/#website"},"primaryImageOfPage":{"@id":"https:\/\/auparadisdesjouets.com\/index.php\/produit\/jeu-de-societe-jungle-speed\/#primaryimage"},"image":{"@id":"https:\/\/auparadisdesjouets.com\/index.php\/produit\/jeu-de-societe-jungle-speed\/#primaryimage"},"thumbnailUrl":"https:\/\/auparadisdesjouets.com\/wp-content\/uploads\/2024\/09\/jungle-speed.jpg","datePublished":"2024-09-05T15:27:05+00:00","dateModified":"2025-07-02T13:45:48+00:00","breadcrumb":{"@id":"https:\/\/auparadisdesjouets.com\/index.php\/produit\/jeu-de-societe-jungle-speed\/#breadcrumb"},"inLanguage":"fr-FR","potentialAction":[{"@type":"ReadAction","target":["https:\/\/auparadisdesjouets.com\/index.php\/produit\/jeu-de-societe-jungle-speed\/"]}]},{"@type":"ImageObject","inLanguage":"fr-FR","@id":"https:\/\/auparadisdesjouets.com\/index.php\/produit\/jeu-de-societe-jungle-speed\/#primaryimage","url":"https:\/\/auparadisdesjouets.com\/wp-content\/uploads\/2024\/09\/jungle-speed.jpg","contentUrl":"https:\/\/auparadisdesjouets.com\/wp-content\/uploads\/2024\/09\/jungle-speed.jpg","width":1317,"height":878},{"@type":"BreadcrumbList","@id":"https:\/\/auparadisdesjouets.com\/index.php\/produit\/jeu-de-societe-jungle-speed\/#breadcrumb","itemListElement":[{"@type":"ListItem","position":1,"name":"Accueil","item":"https:\/\/auparadisdesjouets.com\/"},{"@type":"ListItem","position":2,"name":"Boutique","item":"https:\/\/auparadisdesjouets.com\/index.php\/boutique\/"},{"@type":"ListItem","position":3,"name":"JUNGLE SPEED JEU DE SOCIETE"}]},{"@type":"WebSite","@id":"https:\/\/auparadisdesjouets.com\/#website","url":"https:\/\/auparadisdesjouets.com\/","name":"Au Paradis des Jouets","description":"Trouvez le jouet qui vous correspond !","publisher":{"@id":"https:\/\/auparadisdesjouets.com\/#organization"},"potentialAction":[{"@type":"SearchAction","target":{"@type":"EntryPoint","urlTemplate":"https:\/\/auparadisdesjouets.com\/?s={search_term_string}"},"query-input":{"@type":"PropertyValueSpecification","valueRequired":true,"valueName":"search_term_string"}}],"inLanguage":"fr-FR"},{"@type":"Organization","@id":"https:\/\/auparadisdesjouets.com\/#organization","name":"Au Paradis des Jouets","url":"https:\/\/auparadisdesjouets.com\/","logo":{"@type":"ImageObject","inLanguage":"fr-FR","@id":"https:\/\/auparadisdesjouets.com\/#\/schema\/logo\/image\/","url":"https:\/\/auparadisdesjouets.com\/wp-content\/uploads\/2024\/09\/logo-paradis-jouets.png","contentUrl":"https:\/\/auparadisdesjouets.com\/wp-content\/uploads\/2024\/09\/logo-paradis-jouets.png","width":7678,"height":1950,"caption":"Au Paradis des Jouets"},"image":{"@id":"https:\/\/auparadisdesjouets.com\/#\/schema\/logo\/image\/"},"sameAs":["https:\/\/www.facebook.com\/auparadisdesjouets"]}]}},"jetpack_sharing_enabled":true,"_links":{"self":[{"href":"https:\/\/auparadisdesjouets.com\/index.php\/wp-json\/wp\/v2\/product\/3049","targetHints":{"allow":["GET"]}}],"collection":[{"href":"https:\/\/auparadisdesjouets.com\/index.php\/wp-json\/wp\/v2\/product"}],"about":[{"href":"https:\/\/auparadisdesjouets.com\/index.php\/wp-json\/wp\/v2\/types\/product"}],"replies":[{"embeddable":true,"href":"https:\/\/auparadisdesjouets.com\/index.php\/wp-json\/wp\/v2\/comments?post=3049"}],"version-history":[{"count":2,"href":"https:\/\/auparadisdesjouets.com\/index.php\/wp-json\/wp\/v2\/product\/3049\/revisions"}],"predecessor-version":[{"id":3747,"href":"https:\/\/auparadisdesjouets.com\/index.php\/wp-json\/wp\/v2\/product\/3049\/revisions\/3747"}],"wp:featuredmedia":[{"embeddable":true,"href":"https:\/\/auparadisdesjouets.com\/index.php\/wp-json\/wp\/v2\/media\/3050"}],"wp:attachment":[{"href":"https:\/\/auparadisdesjouets.com\/index.php\/wp-json\/wp\/v2\/media?parent=3049"}],"wp:term":[{"taxonomy":"product_brand","embeddable":true,"href":"https:\/\/auparadisdesjouets.com\/index.php\/wp-json\/wp\/v2\/product_brand?post=3049"},{"taxonomy":"product_cat","embeddable":true,"href":"https:\/\/auparadisdesjouets.com\/index.php\/wp-json\/wp\/v2\/product_cat?post=3049"},{"taxonomy":"product_tag","embeddable":true,"href":"https:\/\/auparadisdesjouets.com\/index.php\/wp-json\/wp\/v2\/product_tag?post=3049"},{"taxonomy":"giftcard-category","embeddable":true,"href":"https:\/\/auparadisdesjouets.com\/index.php\/wp-json\/wp\/v2\/giftcard-category?post=3049"}],"curies":[{"name":"wp","href":"https:\/\/api.w.org\/{rel}","templated":true}]}}