{"id":2621,"date":"2024-08-30T17:26:49","date_gmt":"2024-08-30T15:26:49","guid":{"rendered":"https:\/\/auparadisdesjouets.com\/?post_type=product&#038;p=2621"},"modified":"2025-07-03T16:19:30","modified_gmt":"2025-07-03T14:19:30","slug":"pebeo-peinture-a-lhuile-vert-lumiere-ref-937034","status":"publish","type":"product","link":"https:\/\/auparadisdesjouets.com\/index.php\/produit\/pebeo-peinture-a-lhuile-vert-lumiere-ref-937034\/","title":{"rendered":"PEINTURE A L&rsquo;HUILE PEBEO VERT LUMIERE REF 937034"},"content":{"rendered":"<p>Onctueuse et nerveuse, l&rsquo;huile fine XL Studio se pr\u00eate \u00e0 toutes les techniques, du glacis au travail en forte \u00e9paisseur, et peut \u00eatre utilis\u00e9e conjointement aux m\u00e9diums et auxiliaires. Id\u00e9ale pour le travail de la mati\u00e8re, elle s\u00e8che rapidement en surface et permet un travail en surcouche apr\u00e8s 3 jours. Elle est destin\u00e9e \u00e0 \u00eatre appliqu\u00e9e sur toile, carton, bois, mais est aussi adapt\u00e9e \u00e0 la r\u00e9alisation de grands espaces picturaux.<\/p>\n<p>Tube de 37 ml<\/p>\n","protected":false},"excerpt":{"rendered":"<p>Onctueuse et nerveuse, l&rsquo;huile fine XL Studio se pr\u00eate \u00e0 toutes les techniques, du glacis au travail en forte \u00e9paisseur, et peut \u00eatre utilis\u00e9e conjointement aux m\u00e9diums et auxiliaires. Id\u00e9ale pour le travail de la mati\u00e8re, elle s\u00e8che rapidement en surface et permet un travail en surcouche apr\u00e8s 3 jours. Elle est destin\u00e9e \u00e0 \u00eatre appliqu\u00e9e sur toile, carton, bois, mais est aussi adapt\u00e9e \u00e0 la r\u00e9alisation de grands espaces picturaux. Tube de 37 ml<\/p>\n","protected":false},"featured_media":2622,"comment_status":"open","ping_status":"closed","template":"","meta":[],"product_brand":[],"product_cat":[24,25,35],"product_tag":[],"giftcard-category":[],"class_list":{"0":"post-2621","1":"product","2":"type-product","3":"status-publish","4":"has-post-thumbnail","6":"product_cat-5-a-8-ans","7":"product_cat-8-a-12-ans","8":"product_cat-activites-creatives-et-manuelles","10":"entry","11":"has-media","13":"first","14":"instock","15":"sale","16":"taxable","17":"shipping-taxable","18":"purchasable","19":"product-type-simple","20":"has-product-nav","21":"col","22":"span_1_of_3","23":"owp-content-center","24":"owp-thumbs-layout-horizontal","25":"owp-btn-normal","26":"owp-tabs-layout-horizontal","27":"has-no-thumbnails","29":"circle-sale"},"yoast_head":"<!-- This site is optimized with the Yoast SEO plugin v27.4 - https:\/\/yoast.com\/product\/yoast-seo-wordpress\/ -->\n<title>PEINTURE A L&#039;HUILE PEBEO VERT LUMIERE REF 937034 - Au Paradis des Jouets<\/title>\n<meta name=\"robots\" content=\"index, follow, max-snippet:-1, max-image-preview:large, max-video-preview:-1\" \/>\n<link rel=\"canonical\" href=\"https:\/\/auparadisdesjouets.com\/index.php\/produit\/pebeo-peinture-a-lhuile-vert-lumiere-ref-937034\/\" \/>\n<meta property=\"og:locale\" content=\"fr_FR\" \/>\n<meta property=\"og:type\" content=\"article\" \/>\n<meta property=\"og:title\" content=\"PEINTURE A L&#039;HUILE PEBEO VERT LUMIERE REF 937034 - Au Paradis des Jouets\" \/>\n<meta property=\"og:description\" content=\"Onctueuse et nerveuse, l&rsquo;huile fine XL Studio se pr\u00eate \u00e0 toutes les techniques, du glacis au travail en forte \u00e9paisseur, et peut \u00eatre utilis\u00e9e conjointement aux m\u00e9diums et auxiliaires. Id\u00e9ale pour le travail de la mati\u00e8re, elle s\u00e8che rapidement en surface et permet un travail en surcouche apr\u00e8s 3 jours. Elle est destin\u00e9e \u00e0 \u00eatre appliqu\u00e9e sur toile, carton, bois, mais est aussi adapt\u00e9e \u00e0 la r\u00e9alisation de grands espaces picturaux. Tube de 37 ml\" \/>\n<meta property=\"og:url\" content=\"https:\/\/auparadisdesjouets.com\/index.php\/produit\/pebeo-peinture-a-lhuile-vert-lumiere-ref-937034\/\" \/>\n<meta property=\"og:site_name\" content=\"Au Paradis des Jouets\" \/>\n<meta property=\"article:publisher\" content=\"https:\/\/www.facebook.com\/auparadisdesjouets\" \/>\n<meta property=\"article:modified_time\" content=\"2025-07-03T14:19:30+00:00\" \/>\n<meta property=\"og:image\" content=\"https:\/\/auparadisdesjouets.com\/wp-content\/uploads\/2024\/08\/huile-fine-xl-tube-de-37ml-vert-lumiere-pebeo-ref-937034-0.jpg\" \/>\n\t<meta property=\"og:image:width\" content=\"700\" \/>\n\t<meta property=\"og:image:height\" content=\"700\" \/>\n\t<meta property=\"og:image:type\" content=\"image\/jpeg\" \/>\n<meta name=\"twitter:card\" content=\"summary_large_image\" \/>\n<script type=\"application\/ld+json\" class=\"yoast-schema-graph\">{\"@context\":\"https:\\\/\\\/schema.org\",\"@graph\":[{\"@type\":\"WebPage\",\"@id\":\"https:\\\/\\\/auparadisdesjouets.com\\\/index.php\\\/produit\\\/pebeo-peinture-a-lhuile-vert-lumiere-ref-937034\\\/\",\"url\":\"https:\\\/\\\/auparadisdesjouets.com\\\/index.php\\\/produit\\\/pebeo-peinture-a-lhuile-vert-lumiere-ref-937034\\\/\",\"name\":\"PEINTURE A L'HUILE PEBEO VERT LUMIERE REF 937034 - Au Paradis des Jouets\",\"isPartOf\":{\"@id\":\"https:\\\/\\\/auparadisdesjouets.com\\\/#website\"},\"primaryImageOfPage\":{\"@id\":\"https:\\\/\\\/auparadisdesjouets.com\\\/index.php\\\/produit\\\/pebeo-peinture-a-lhuile-vert-lumiere-ref-937034\\\/#primaryimage\"},\"image\":{\"@id\":\"https:\\\/\\\/auparadisdesjouets.com\\\/index.php\\\/produit\\\/pebeo-peinture-a-lhuile-vert-lumiere-ref-937034\\\/#primaryimage\"},\"thumbnailUrl\":\"https:\\\/\\\/auparadisdesjouets.com\\\/wp-content\\\/uploads\\\/2024\\\/08\\\/huile-fine-xl-tube-de-37ml-vert-lumiere-pebeo-ref-937034-0.jpg\",\"datePublished\":\"2024-08-30T15:26:49+00:00\",\"dateModified\":\"2025-07-03T14:19:30+00:00\",\"breadcrumb\":{\"@id\":\"https:\\\/\\\/auparadisdesjouets.com\\\/index.php\\\/produit\\\/pebeo-peinture-a-lhuile-vert-lumiere-ref-937034\\\/#breadcrumb\"},\"inLanguage\":\"fr-FR\",\"potentialAction\":[{\"@type\":\"ReadAction\",\"target\":[\"https:\\\/\\\/auparadisdesjouets.com\\\/index.php\\\/produit\\\/pebeo-peinture-a-lhuile-vert-lumiere-ref-937034\\\/\"]}]},{\"@type\":\"ImageObject\",\"inLanguage\":\"fr-FR\",\"@id\":\"https:\\\/\\\/auparadisdesjouets.com\\\/index.php\\\/produit\\\/pebeo-peinture-a-lhuile-vert-lumiere-ref-937034\\\/#primaryimage\",\"url\":\"https:\\\/\\\/auparadisdesjouets.com\\\/wp-content\\\/uploads\\\/2024\\\/08\\\/huile-fine-xl-tube-de-37ml-vert-lumiere-pebeo-ref-937034-0.jpg\",\"contentUrl\":\"https:\\\/\\\/auparadisdesjouets.com\\\/wp-content\\\/uploads\\\/2024\\\/08\\\/huile-fine-xl-tube-de-37ml-vert-lumiere-pebeo-ref-937034-0.jpg\",\"width\":700,\"height\":700},{\"@type\":\"BreadcrumbList\",\"@id\":\"https:\\\/\\\/auparadisdesjouets.com\\\/index.php\\\/produit\\\/pebeo-peinture-a-lhuile-vert-lumiere-ref-937034\\\/#breadcrumb\",\"itemListElement\":[{\"@type\":\"ListItem\",\"position\":1,\"name\":\"Accueil\",\"item\":\"https:\\\/\\\/auparadisdesjouets.com\\\/\"},{\"@type\":\"ListItem\",\"position\":2,\"name\":\"Boutique\",\"item\":\"https:\\\/\\\/auparadisdesjouets.com\\\/index.php\\\/boutique\\\/\"},{\"@type\":\"ListItem\",\"position\":3,\"name\":\"PEINTURE A L&rsquo;HUILE PEBEO VERT LUMIERE REF 937034\"}]},{\"@type\":\"WebSite\",\"@id\":\"https:\\\/\\\/auparadisdesjouets.com\\\/#website\",\"url\":\"https:\\\/\\\/auparadisdesjouets.com\\\/\",\"name\":\"Au Paradis des Jouets\",\"description\":\"Trouvez le jouet qui vous correspond !\",\"publisher\":{\"@id\":\"https:\\\/\\\/auparadisdesjouets.com\\\/#organization\"},\"potentialAction\":[{\"@type\":\"SearchAction\",\"target\":{\"@type\":\"EntryPoint\",\"urlTemplate\":\"https:\\\/\\\/auparadisdesjouets.com\\\/?s={search_term_string}\"},\"query-input\":{\"@type\":\"PropertyValueSpecification\",\"valueRequired\":true,\"valueName\":\"search_term_string\"}}],\"inLanguage\":\"fr-FR\"},{\"@type\":\"Organization\",\"@id\":\"https:\\\/\\\/auparadisdesjouets.com\\\/#organization\",\"name\":\"Au Paradis des Jouets\",\"url\":\"https:\\\/\\\/auparadisdesjouets.com\\\/\",\"logo\":{\"@type\":\"ImageObject\",\"inLanguage\":\"fr-FR\",\"@id\":\"https:\\\/\\\/auparadisdesjouets.com\\\/#\\\/schema\\\/logo\\\/image\\\/\",\"url\":\"https:\\\/\\\/auparadisdesjouets.com\\\/wp-content\\\/uploads\\\/2024\\\/09\\\/logo-paradis-jouets.png\",\"contentUrl\":\"https:\\\/\\\/auparadisdesjouets.com\\\/wp-content\\\/uploads\\\/2024\\\/09\\\/logo-paradis-jouets.png\",\"width\":7678,\"height\":1950,\"caption\":\"Au Paradis des Jouets\"},\"image\":{\"@id\":\"https:\\\/\\\/auparadisdesjouets.com\\\/#\\\/schema\\\/logo\\\/image\\\/\"},\"sameAs\":[\"https:\\\/\\\/www.facebook.com\\\/auparadisdesjouets\"]}]}<\/script>\n<!-- \/ Yoast SEO plugin. -->","yoast_head_json":{"title":"PEINTURE A L'HUILE PEBEO VERT LUMIERE REF 937034 - Au Paradis des Jouets","robots":{"index":"index","follow":"follow","max-snippet":"max-snippet:-1","max-image-preview":"max-image-preview:large","max-video-preview":"max-video-preview:-1"},"canonical":"https:\/\/auparadisdesjouets.com\/index.php\/produit\/pebeo-peinture-a-lhuile-vert-lumiere-ref-937034\/","og_locale":"fr_FR","og_type":"article","og_title":"PEINTURE A L'HUILE PEBEO VERT LUMIERE REF 937034 - Au Paradis des Jouets","og_description":"Onctueuse et nerveuse, l&rsquo;huile fine XL Studio se pr\u00eate \u00e0 toutes les techniques, du glacis au travail en forte \u00e9paisseur, et peut \u00eatre utilis\u00e9e conjointement aux m\u00e9diums et auxiliaires. Id\u00e9ale pour le travail de la mati\u00e8re, elle s\u00e8che rapidement en surface et permet un travail en surcouche apr\u00e8s 3 jours. Elle est destin\u00e9e \u00e0 \u00eatre appliqu\u00e9e sur toile, carton, bois, mais est aussi adapt\u00e9e \u00e0 la r\u00e9alisation de grands espaces picturaux. Tube de 37 ml","og_url":"https:\/\/auparadisdesjouets.com\/index.php\/produit\/pebeo-peinture-a-lhuile-vert-lumiere-ref-937034\/","og_site_name":"Au Paradis des Jouets","article_publisher":"https:\/\/www.facebook.com\/auparadisdesjouets","article_modified_time":"2025-07-03T14:19:30+00:00","og_image":[{"width":700,"height":700,"url":"https:\/\/auparadisdesjouets.com\/wp-content\/uploads\/2024\/08\/huile-fine-xl-tube-de-37ml-vert-lumiere-pebeo-ref-937034-0.jpg","type":"image\/jpeg"}],"twitter_card":"summary_large_image","schema":{"@context":"https:\/\/schema.org","@graph":[{"@type":"WebPage","@id":"https:\/\/auparadisdesjouets.com\/index.php\/produit\/pebeo-peinture-a-lhuile-vert-lumiere-ref-937034\/","url":"https:\/\/auparadisdesjouets.com\/index.php\/produit\/pebeo-peinture-a-lhuile-vert-lumiere-ref-937034\/","name":"PEINTURE A L'HUILE PEBEO VERT LUMIERE REF 937034 - Au Paradis des Jouets","isPartOf":{"@id":"https:\/\/auparadisdesjouets.com\/#website"},"primaryImageOfPage":{"@id":"https:\/\/auparadisdesjouets.com\/index.php\/produit\/pebeo-peinture-a-lhuile-vert-lumiere-ref-937034\/#primaryimage"},"image":{"@id":"https:\/\/auparadisdesjouets.com\/index.php\/produit\/pebeo-peinture-a-lhuile-vert-lumiere-ref-937034\/#primaryimage"},"thumbnailUrl":"https:\/\/auparadisdesjouets.com\/wp-content\/uploads\/2024\/08\/huile-fine-xl-tube-de-37ml-vert-lumiere-pebeo-ref-937034-0.jpg","datePublished":"2024-08-30T15:26:49+00:00","dateModified":"2025-07-03T14:19:30+00:00","breadcrumb":{"@id":"https:\/\/auparadisdesjouets.com\/index.php\/produit\/pebeo-peinture-a-lhuile-vert-lumiere-ref-937034\/#breadcrumb"},"inLanguage":"fr-FR","potentialAction":[{"@type":"ReadAction","target":["https:\/\/auparadisdesjouets.com\/index.php\/produit\/pebeo-peinture-a-lhuile-vert-lumiere-ref-937034\/"]}]},{"@type":"ImageObject","inLanguage":"fr-FR","@id":"https:\/\/auparadisdesjouets.com\/index.php\/produit\/pebeo-peinture-a-lhuile-vert-lumiere-ref-937034\/#primaryimage","url":"https:\/\/auparadisdesjouets.com\/wp-content\/uploads\/2024\/08\/huile-fine-xl-tube-de-37ml-vert-lumiere-pebeo-ref-937034-0.jpg","contentUrl":"https:\/\/auparadisdesjouets.com\/wp-content\/uploads\/2024\/08\/huile-fine-xl-tube-de-37ml-vert-lumiere-pebeo-ref-937034-0.jpg","width":700,"height":700},{"@type":"BreadcrumbList","@id":"https:\/\/auparadisdesjouets.com\/index.php\/produit\/pebeo-peinture-a-lhuile-vert-lumiere-ref-937034\/#breadcrumb","itemListElement":[{"@type":"ListItem","position":1,"name":"Accueil","item":"https:\/\/auparadisdesjouets.com\/"},{"@type":"ListItem","position":2,"name":"Boutique","item":"https:\/\/auparadisdesjouets.com\/index.php\/boutique\/"},{"@type":"ListItem","position":3,"name":"PEINTURE A L&rsquo;HUILE PEBEO VERT LUMIERE REF 937034"}]},{"@type":"WebSite","@id":"https:\/\/auparadisdesjouets.com\/#website","url":"https:\/\/auparadisdesjouets.com\/","name":"Au Paradis des Jouets","description":"Trouvez le jouet qui vous correspond !","publisher":{"@id":"https:\/\/auparadisdesjouets.com\/#organization"},"potentialAction":[{"@type":"SearchAction","target":{"@type":"EntryPoint","urlTemplate":"https:\/\/auparadisdesjouets.com\/?s={search_term_string}"},"query-input":{"@type":"PropertyValueSpecification","valueRequired":true,"valueName":"search_term_string"}}],"inLanguage":"fr-FR"},{"@type":"Organization","@id":"https:\/\/auparadisdesjouets.com\/#organization","name":"Au Paradis des Jouets","url":"https:\/\/auparadisdesjouets.com\/","logo":{"@type":"ImageObject","inLanguage":"fr-FR","@id":"https:\/\/auparadisdesjouets.com\/#\/schema\/logo\/image\/","url":"https:\/\/auparadisdesjouets.com\/wp-content\/uploads\/2024\/09\/logo-paradis-jouets.png","contentUrl":"https:\/\/auparadisdesjouets.com\/wp-content\/uploads\/2024\/09\/logo-paradis-jouets.png","width":7678,"height":1950,"caption":"Au Paradis des Jouets"},"image":{"@id":"https:\/\/auparadisdesjouets.com\/#\/schema\/logo\/image\/"},"sameAs":["https:\/\/www.facebook.com\/auparadisdesjouets"]}]}},"jetpack_sharing_enabled":true,"_links":{"self":[{"href":"https:\/\/auparadisdesjouets.com\/index.php\/wp-json\/wp\/v2\/product\/2621","targetHints":{"allow":["GET"]}}],"collection":[{"href":"https:\/\/auparadisdesjouets.com\/index.php\/wp-json\/wp\/v2\/product"}],"about":[{"href":"https:\/\/auparadisdesjouets.com\/index.php\/wp-json\/wp\/v2\/types\/product"}],"replies":[{"embeddable":true,"href":"https:\/\/auparadisdesjouets.com\/index.php\/wp-json\/wp\/v2\/comments?post=2621"}],"version-history":[{"count":2,"href":"https:\/\/auparadisdesjouets.com\/index.php\/wp-json\/wp\/v2\/product\/2621\/revisions"}],"predecessor-version":[{"id":3829,"href":"https:\/\/auparadisdesjouets.com\/index.php\/wp-json\/wp\/v2\/product\/2621\/revisions\/3829"}],"wp:featuredmedia":[{"embeddable":true,"href":"https:\/\/auparadisdesjouets.com\/index.php\/wp-json\/wp\/v2\/media\/2622"}],"wp:attachment":[{"href":"https:\/\/auparadisdesjouets.com\/index.php\/wp-json\/wp\/v2\/media?parent=2621"}],"wp:term":[{"taxonomy":"product_brand","embeddable":true,"href":"https:\/\/auparadisdesjouets.com\/index.php\/wp-json\/wp\/v2\/product_brand?post=2621"},{"taxonomy":"product_cat","embeddable":true,"href":"https:\/\/auparadisdesjouets.com\/index.php\/wp-json\/wp\/v2\/product_cat?post=2621"},{"taxonomy":"product_tag","embeddable":true,"href":"https:\/\/auparadisdesjouets.com\/index.php\/wp-json\/wp\/v2\/product_tag?post=2621"},{"taxonomy":"giftcard-category","embeddable":true,"href":"https:\/\/auparadisdesjouets.com\/index.php\/wp-json\/wp\/v2\/giftcard-category?post=2621"}],"curies":[{"name":"wp","href":"https:\/\/api.w.org\/{rel}","templated":true}]}}