{"id":2595,"date":"2024-08-30T16:40:33","date_gmt":"2024-08-30T14:40:33","guid":{"rendered":"https:\/\/auparadisdesjouets.com\/?post_type=product&#038;p=2595"},"modified":"2025-07-03T16:24:03","modified_gmt":"2025-07-03T14:24:03","slug":"pebeo-peinture-sur-soie-ref-753407","status":"publish","type":"product","link":"https:\/\/auparadisdesjouets.com\/index.php\/produit\/pebeo-peinture-sur-soie-ref-753407\/","title":{"rendered":"PEINTURE SUR SOIE PEBEO REF 753407"},"content":{"rendered":"<p>Le nouveau Discovery Set Setasilk de chez P\u00e9b\u00e9o est un coffret collection de 6 couleurs assorties (flacons de 20 ml ) . C&rsquo;est tout ce dont vous avez besoin pour peindre sur de la soie. Ce set d\u00e9couverte est parfait pour offrir ou pour se lancer dans la peinture sur verre, il comprend en effet les 6 couleurs les plus populaires. C&rsquo;est l&rsquo;ensemble parfait pour un d\u00e9butant qui voudrait se lancer dans la peinture sur verre ou qui veut simplement cr\u00e9er quelques pi\u00e8ces et n&rsquo;a pas besoin d&rsquo;une grande quantit\u00e9 de peinture. Setasilk est utilis\u00e9 comme une couleur traditionnelle et sur tous les types de soie : twill , pong\u00e9 , cr\u00eape de chine , georgette , damass\u00e9 &#8230; Tr\u00e8s facile \u00e0 utiliser , les couleurs Setasilk peuvent \u00eatre utilis\u00e9s pour toutes les techniques de peinture sur soie : l&rsquo;esquisse, le saupoudrage de sel , l&rsquo;aquarelle sur soie s\u00e8che ou humide , la cire de craquement, le dessin cire batik, mahaju &#8230; Les couleurs gardent la souplesse de la soie et offrent palette de tons riches, raffin\u00e9s et d&rsquo;une grande luminosit\u00e9. Les couleurs vives et intenses qui sont inclus dans la gamme rendent les techniques de peinture sur soie classiques accessible \u00e0 tous. Fabriqu\u00e9es \u00e0 partir de r\u00e9sines et de pigments finement dispers\u00e9s, les couleurs Setasilk \u00e0 base d&rsquo;eau sont fluides. Elles se fixent sur la soie par un simple repassage. De plus, les couleurs se m\u00e9langent facilement et offrent une palette de tons riches et lumineux.<\/p>\n","protected":false},"excerpt":{"rendered":"<p>Le nouveau Discovery Set Setasilk de chez P\u00e9b\u00e9o est un coffret collection de 6 couleurs assorties (flacons de 20 ml ) . C&rsquo;est tout ce dont vous avez besoin pour peindre sur de la soie. Ce set d\u00e9couverte est parfait pour offrir ou pour se lancer dans la peinture sur verre, il comprend en effet les 6 couleurs les plus populaires. C&rsquo;est l&rsquo;ensemble parfait pour un d\u00e9butant qui voudrait se lancer dans la peinture sur verre ou qui veut simplement cr\u00e9er quelques pi\u00e8ces et n&rsquo;a pas besoin d&rsquo;une grande quantit\u00e9 de peinture. Setasilk est utilis\u00e9 comme une couleur traditionnelle et sur tous les types de soie : twill , pong\u00e9 , cr\u00eape de chine , georgette , damass\u00e9 &#8230; Tr\u00e8s facile \u00e0 utiliser , les couleurs Setasilk peuvent \u00eatre utilis\u00e9s pour toutes les techniques de peinture sur soie : l&rsquo;esquisse, le saupoudrage de sel , l&rsquo;aquarelle sur soie s\u00e8che ou humide , la cire de craquement, le dessin cire batik, mahaju &#8230; Les couleurs gardent la souplesse de la soie et offrent palette de tons riches, raffin\u00e9s et d&rsquo;une grande luminosit\u00e9. Les couleurs vives et intenses qui sont inclus dans la gamme rendent les techniques de peinture sur soie classiques accessible \u00e0 tous. Fabriqu\u00e9es \u00e0 partir de r\u00e9sines et de pigments finement dispers\u00e9s, les couleurs Setasilk \u00e0 base d&rsquo;eau sont fluides. Elles se fixent sur la soie par un simple repassage. De plus, les couleurs se m\u00e9langent facilement et offrent une palette de tons riches et lumineux.<\/p>\n","protected":false},"featured_media":2596,"comment_status":"open","ping_status":"closed","template":"","meta":[],"product_brand":[],"product_cat":[35],"product_tag":[],"giftcard-category":[],"class_list":{"0":"post-2595","1":"product","2":"type-product","3":"status-publish","4":"has-post-thumbnail","6":"product_cat-activites-creatives-et-manuelles","8":"entry","9":"has-media","11":"first","12":"instock","13":"sale","14":"taxable","15":"shipping-taxable","16":"purchasable","17":"product-type-simple","18":"has-product-nav","19":"col","20":"span_1_of_3","21":"owp-content-center","22":"owp-thumbs-layout-horizontal","23":"owp-btn-normal","24":"owp-tabs-layout-horizontal","25":"has-no-thumbnails","27":"circle-sale"},"yoast_head":"<!-- This site is optimized with the Yoast SEO plugin v27.4 - https:\/\/yoast.com\/product\/yoast-seo-wordpress\/ -->\n<title>PEINTURE SUR SOIE PEBEO REF 753407 - Au Paradis des Jouets<\/title>\n<meta name=\"robots\" content=\"index, follow, max-snippet:-1, max-image-preview:large, max-video-preview:-1\" \/>\n<link rel=\"canonical\" href=\"https:\/\/auparadisdesjouets.com\/index.php\/produit\/pebeo-peinture-sur-soie-ref-753407\/\" \/>\n<meta property=\"og:locale\" content=\"fr_FR\" \/>\n<meta property=\"og:type\" content=\"article\" \/>\n<meta property=\"og:title\" content=\"PEINTURE SUR SOIE PEBEO REF 753407 - Au Paradis des Jouets\" \/>\n<meta property=\"og:description\" content=\"Le nouveau Discovery Set Setasilk de chez P\u00e9b\u00e9o est un coffret collection de 6 couleurs assorties (flacons de 20 ml ) . C&rsquo;est tout ce dont vous avez besoin pour peindre sur de la soie. Ce set d\u00e9couverte est parfait pour offrir ou pour se lancer dans la peinture sur verre, il comprend en effet les 6 couleurs les plus populaires. C&rsquo;est l&rsquo;ensemble parfait pour un d\u00e9butant qui voudrait se lancer dans la peinture sur verre ou qui veut simplement cr\u00e9er quelques pi\u00e8ces et n&rsquo;a pas besoin d&rsquo;une grande quantit\u00e9 de peinture. Setasilk est utilis\u00e9 comme une couleur traditionnelle et sur tous les types de soie : twill , pong\u00e9 , cr\u00eape de chine , georgette , damass\u00e9 &#8230; Tr\u00e8s facile \u00e0 utiliser , les couleurs Setasilk peuvent \u00eatre utilis\u00e9s pour toutes les techniques de peinture sur soie : l&rsquo;esquisse, le saupoudrage de sel , l&rsquo;aquarelle sur soie s\u00e8che ou humide , la cire de craquement, le dessin cire batik, mahaju &#8230; Les couleurs gardent la souplesse de la soie et offrent palette de tons riches, raffin\u00e9s et d&rsquo;une grande luminosit\u00e9. Les couleurs vives et intenses qui sont inclus dans la gamme rendent les techniques de peinture sur soie classiques accessible \u00e0 tous. Fabriqu\u00e9es \u00e0 partir de r\u00e9sines et de pigments finement dispers\u00e9s, les couleurs Setasilk \u00e0 base d&rsquo;eau sont fluides. Elles se fixent sur la soie par un simple repassage. De plus, les couleurs se m\u00e9langent facilement et offrent une palette de tons riches et lumineux.\" \/>\n<meta property=\"og:url\" content=\"https:\/\/auparadisdesjouets.com\/index.php\/produit\/pebeo-peinture-sur-soie-ref-753407\/\" \/>\n<meta property=\"og:site_name\" content=\"Au Paradis des Jouets\" \/>\n<meta property=\"article:publisher\" content=\"https:\/\/www.facebook.com\/auparadisdesjouets\" \/>\n<meta property=\"article:modified_time\" content=\"2025-07-03T14:24:03+00:00\" \/>\n<meta property=\"og:image\" content=\"https:\/\/auparadisdesjouets.com\/wp-content\/uploads\/2024\/08\/71tZZ3uyXsL.jpg\" \/>\n\t<meta property=\"og:image:width\" content=\"683\" \/>\n\t<meta property=\"og:image:height\" content=\"2560\" \/>\n\t<meta property=\"og:image:type\" content=\"image\/jpeg\" \/>\n<meta name=\"twitter:card\" content=\"summary_large_image\" \/>\n<meta name=\"twitter:label1\" content=\"Dur\u00e9e de lecture estim\u00e9e\" \/>\n\t<meta name=\"twitter:data1\" content=\"1 minute\" \/>\n<script type=\"application\/ld+json\" class=\"yoast-schema-graph\">{\"@context\":\"https:\\\/\\\/schema.org\",\"@graph\":[{\"@type\":\"WebPage\",\"@id\":\"https:\\\/\\\/auparadisdesjouets.com\\\/index.php\\\/produit\\\/pebeo-peinture-sur-soie-ref-753407\\\/\",\"url\":\"https:\\\/\\\/auparadisdesjouets.com\\\/index.php\\\/produit\\\/pebeo-peinture-sur-soie-ref-753407\\\/\",\"name\":\"PEINTURE SUR SOIE PEBEO REF 753407 - Au Paradis des Jouets\",\"isPartOf\":{\"@id\":\"https:\\\/\\\/auparadisdesjouets.com\\\/#website\"},\"primaryImageOfPage\":{\"@id\":\"https:\\\/\\\/auparadisdesjouets.com\\\/index.php\\\/produit\\\/pebeo-peinture-sur-soie-ref-753407\\\/#primaryimage\"},\"image\":{\"@id\":\"https:\\\/\\\/auparadisdesjouets.com\\\/index.php\\\/produit\\\/pebeo-peinture-sur-soie-ref-753407\\\/#primaryimage\"},\"thumbnailUrl\":\"https:\\\/\\\/auparadisdesjouets.com\\\/wp-content\\\/uploads\\\/2024\\\/08\\\/71tZZ3uyXsL.jpg\",\"datePublished\":\"2024-08-30T14:40:33+00:00\",\"dateModified\":\"2025-07-03T14:24:03+00:00\",\"breadcrumb\":{\"@id\":\"https:\\\/\\\/auparadisdesjouets.com\\\/index.php\\\/produit\\\/pebeo-peinture-sur-soie-ref-753407\\\/#breadcrumb\"},\"inLanguage\":\"fr-FR\",\"potentialAction\":[{\"@type\":\"ReadAction\",\"target\":[\"https:\\\/\\\/auparadisdesjouets.com\\\/index.php\\\/produit\\\/pebeo-peinture-sur-soie-ref-753407\\\/\"]}]},{\"@type\":\"ImageObject\",\"inLanguage\":\"fr-FR\",\"@id\":\"https:\\\/\\\/auparadisdesjouets.com\\\/index.php\\\/produit\\\/pebeo-peinture-sur-soie-ref-753407\\\/#primaryimage\",\"url\":\"https:\\\/\\\/auparadisdesjouets.com\\\/wp-content\\\/uploads\\\/2024\\\/08\\\/71tZZ3uyXsL.jpg\",\"contentUrl\":\"https:\\\/\\\/auparadisdesjouets.com\\\/wp-content\\\/uploads\\\/2024\\\/08\\\/71tZZ3uyXsL.jpg\",\"width\":683,\"height\":2560,\"caption\":\"Version 1.0.0\"},{\"@type\":\"BreadcrumbList\",\"@id\":\"https:\\\/\\\/auparadisdesjouets.com\\\/index.php\\\/produit\\\/pebeo-peinture-sur-soie-ref-753407\\\/#breadcrumb\",\"itemListElement\":[{\"@type\":\"ListItem\",\"position\":1,\"name\":\"Accueil\",\"item\":\"https:\\\/\\\/auparadisdesjouets.com\\\/\"},{\"@type\":\"ListItem\",\"position\":2,\"name\":\"Boutique\",\"item\":\"https:\\\/\\\/auparadisdesjouets.com\\\/index.php\\\/boutique\\\/\"},{\"@type\":\"ListItem\",\"position\":3,\"name\":\"PEINTURE SUR SOIE PEBEO REF 753407\"}]},{\"@type\":\"WebSite\",\"@id\":\"https:\\\/\\\/auparadisdesjouets.com\\\/#website\",\"url\":\"https:\\\/\\\/auparadisdesjouets.com\\\/\",\"name\":\"Au Paradis des Jouets\",\"description\":\"Trouvez le jouet qui vous correspond !\",\"publisher\":{\"@id\":\"https:\\\/\\\/auparadisdesjouets.com\\\/#organization\"},\"potentialAction\":[{\"@type\":\"SearchAction\",\"target\":{\"@type\":\"EntryPoint\",\"urlTemplate\":\"https:\\\/\\\/auparadisdesjouets.com\\\/?s={search_term_string}\"},\"query-input\":{\"@type\":\"PropertyValueSpecification\",\"valueRequired\":true,\"valueName\":\"search_term_string\"}}],\"inLanguage\":\"fr-FR\"},{\"@type\":\"Organization\",\"@id\":\"https:\\\/\\\/auparadisdesjouets.com\\\/#organization\",\"name\":\"Au Paradis des Jouets\",\"url\":\"https:\\\/\\\/auparadisdesjouets.com\\\/\",\"logo\":{\"@type\":\"ImageObject\",\"inLanguage\":\"fr-FR\",\"@id\":\"https:\\\/\\\/auparadisdesjouets.com\\\/#\\\/schema\\\/logo\\\/image\\\/\",\"url\":\"https:\\\/\\\/auparadisdesjouets.com\\\/wp-content\\\/uploads\\\/2024\\\/09\\\/logo-paradis-jouets.png\",\"contentUrl\":\"https:\\\/\\\/auparadisdesjouets.com\\\/wp-content\\\/uploads\\\/2024\\\/09\\\/logo-paradis-jouets.png\",\"width\":7678,\"height\":1950,\"caption\":\"Au Paradis des Jouets\"},\"image\":{\"@id\":\"https:\\\/\\\/auparadisdesjouets.com\\\/#\\\/schema\\\/logo\\\/image\\\/\"},\"sameAs\":[\"https:\\\/\\\/www.facebook.com\\\/auparadisdesjouets\"]}]}<\/script>\n<!-- \/ Yoast SEO plugin. -->","yoast_head_json":{"title":"PEINTURE SUR SOIE PEBEO REF 753407 - Au Paradis des Jouets","robots":{"index":"index","follow":"follow","max-snippet":"max-snippet:-1","max-image-preview":"max-image-preview:large","max-video-preview":"max-video-preview:-1"},"canonical":"https:\/\/auparadisdesjouets.com\/index.php\/produit\/pebeo-peinture-sur-soie-ref-753407\/","og_locale":"fr_FR","og_type":"article","og_title":"PEINTURE SUR SOIE PEBEO REF 753407 - Au Paradis des Jouets","og_description":"Le nouveau Discovery Set Setasilk de chez P\u00e9b\u00e9o est un coffret collection de 6 couleurs assorties (flacons de 20 ml ) . C&rsquo;est tout ce dont vous avez besoin pour peindre sur de la soie. Ce set d\u00e9couverte est parfait pour offrir ou pour se lancer dans la peinture sur verre, il comprend en effet les 6 couleurs les plus populaires. C&rsquo;est l&rsquo;ensemble parfait pour un d\u00e9butant qui voudrait se lancer dans la peinture sur verre ou qui veut simplement cr\u00e9er quelques pi\u00e8ces et n&rsquo;a pas besoin d&rsquo;une grande quantit\u00e9 de peinture. Setasilk est utilis\u00e9 comme une couleur traditionnelle et sur tous les types de soie : twill , pong\u00e9 , cr\u00eape de chine , georgette , damass\u00e9 &#8230; Tr\u00e8s facile \u00e0 utiliser , les couleurs Setasilk peuvent \u00eatre utilis\u00e9s pour toutes les techniques de peinture sur soie : l&rsquo;esquisse, le saupoudrage de sel , l&rsquo;aquarelle sur soie s\u00e8che ou humide , la cire de craquement, le dessin cire batik, mahaju &#8230; Les couleurs gardent la souplesse de la soie et offrent palette de tons riches, raffin\u00e9s et d&rsquo;une grande luminosit\u00e9. Les couleurs vives et intenses qui sont inclus dans la gamme rendent les techniques de peinture sur soie classiques accessible \u00e0 tous. Fabriqu\u00e9es \u00e0 partir de r\u00e9sines et de pigments finement dispers\u00e9s, les couleurs Setasilk \u00e0 base d&rsquo;eau sont fluides. Elles se fixent sur la soie par un simple repassage. De plus, les couleurs se m\u00e9langent facilement et offrent une palette de tons riches et lumineux.","og_url":"https:\/\/auparadisdesjouets.com\/index.php\/produit\/pebeo-peinture-sur-soie-ref-753407\/","og_site_name":"Au Paradis des Jouets","article_publisher":"https:\/\/www.facebook.com\/auparadisdesjouets","article_modified_time":"2025-07-03T14:24:03+00:00","og_image":[{"width":683,"height":2560,"url":"https:\/\/auparadisdesjouets.com\/wp-content\/uploads\/2024\/08\/71tZZ3uyXsL.jpg","type":"image\/jpeg"}],"twitter_card":"summary_large_image","twitter_misc":{"Dur\u00e9e de lecture estim\u00e9e":"1 minute"},"schema":{"@context":"https:\/\/schema.org","@graph":[{"@type":"WebPage","@id":"https:\/\/auparadisdesjouets.com\/index.php\/produit\/pebeo-peinture-sur-soie-ref-753407\/","url":"https:\/\/auparadisdesjouets.com\/index.php\/produit\/pebeo-peinture-sur-soie-ref-753407\/","name":"PEINTURE SUR SOIE PEBEO REF 753407 - Au Paradis des Jouets","isPartOf":{"@id":"https:\/\/auparadisdesjouets.com\/#website"},"primaryImageOfPage":{"@id":"https:\/\/auparadisdesjouets.com\/index.php\/produit\/pebeo-peinture-sur-soie-ref-753407\/#primaryimage"},"image":{"@id":"https:\/\/auparadisdesjouets.com\/index.php\/produit\/pebeo-peinture-sur-soie-ref-753407\/#primaryimage"},"thumbnailUrl":"https:\/\/auparadisdesjouets.com\/wp-content\/uploads\/2024\/08\/71tZZ3uyXsL.jpg","datePublished":"2024-08-30T14:40:33+00:00","dateModified":"2025-07-03T14:24:03+00:00","breadcrumb":{"@id":"https:\/\/auparadisdesjouets.com\/index.php\/produit\/pebeo-peinture-sur-soie-ref-753407\/#breadcrumb"},"inLanguage":"fr-FR","potentialAction":[{"@type":"ReadAction","target":["https:\/\/auparadisdesjouets.com\/index.php\/produit\/pebeo-peinture-sur-soie-ref-753407\/"]}]},{"@type":"ImageObject","inLanguage":"fr-FR","@id":"https:\/\/auparadisdesjouets.com\/index.php\/produit\/pebeo-peinture-sur-soie-ref-753407\/#primaryimage","url":"https:\/\/auparadisdesjouets.com\/wp-content\/uploads\/2024\/08\/71tZZ3uyXsL.jpg","contentUrl":"https:\/\/auparadisdesjouets.com\/wp-content\/uploads\/2024\/08\/71tZZ3uyXsL.jpg","width":683,"height":2560,"caption":"Version 1.0.0"},{"@type":"BreadcrumbList","@id":"https:\/\/auparadisdesjouets.com\/index.php\/produit\/pebeo-peinture-sur-soie-ref-753407\/#breadcrumb","itemListElement":[{"@type":"ListItem","position":1,"name":"Accueil","item":"https:\/\/auparadisdesjouets.com\/"},{"@type":"ListItem","position":2,"name":"Boutique","item":"https:\/\/auparadisdesjouets.com\/index.php\/boutique\/"},{"@type":"ListItem","position":3,"name":"PEINTURE SUR SOIE PEBEO REF 753407"}]},{"@type":"WebSite","@id":"https:\/\/auparadisdesjouets.com\/#website","url":"https:\/\/auparadisdesjouets.com\/","name":"Au Paradis des Jouets","description":"Trouvez le jouet qui vous correspond !","publisher":{"@id":"https:\/\/auparadisdesjouets.com\/#organization"},"potentialAction":[{"@type":"SearchAction","target":{"@type":"EntryPoint","urlTemplate":"https:\/\/auparadisdesjouets.com\/?s={search_term_string}"},"query-input":{"@type":"PropertyValueSpecification","valueRequired":true,"valueName":"search_term_string"}}],"inLanguage":"fr-FR"},{"@type":"Organization","@id":"https:\/\/auparadisdesjouets.com\/#organization","name":"Au Paradis des Jouets","url":"https:\/\/auparadisdesjouets.com\/","logo":{"@type":"ImageObject","inLanguage":"fr-FR","@id":"https:\/\/auparadisdesjouets.com\/#\/schema\/logo\/image\/","url":"https:\/\/auparadisdesjouets.com\/wp-content\/uploads\/2024\/09\/logo-paradis-jouets.png","contentUrl":"https:\/\/auparadisdesjouets.com\/wp-content\/uploads\/2024\/09\/logo-paradis-jouets.png","width":7678,"height":1950,"caption":"Au Paradis des Jouets"},"image":{"@id":"https:\/\/auparadisdesjouets.com\/#\/schema\/logo\/image\/"},"sameAs":["https:\/\/www.facebook.com\/auparadisdesjouets"]}]}},"jetpack_sharing_enabled":true,"_links":{"self":[{"href":"https:\/\/auparadisdesjouets.com\/index.php\/wp-json\/wp\/v2\/product\/2595","targetHints":{"allow":["GET"]}}],"collection":[{"href":"https:\/\/auparadisdesjouets.com\/index.php\/wp-json\/wp\/v2\/product"}],"about":[{"href":"https:\/\/auparadisdesjouets.com\/index.php\/wp-json\/wp\/v2\/types\/product"}],"replies":[{"embeddable":true,"href":"https:\/\/auparadisdesjouets.com\/index.php\/wp-json\/wp\/v2\/comments?post=2595"}],"version-history":[{"count":2,"href":"https:\/\/auparadisdesjouets.com\/index.php\/wp-json\/wp\/v2\/product\/2595\/revisions"}],"predecessor-version":[{"id":3838,"href":"https:\/\/auparadisdesjouets.com\/index.php\/wp-json\/wp\/v2\/product\/2595\/revisions\/3838"}],"wp:featuredmedia":[{"embeddable":true,"href":"https:\/\/auparadisdesjouets.com\/index.php\/wp-json\/wp\/v2\/media\/2596"}],"wp:attachment":[{"href":"https:\/\/auparadisdesjouets.com\/index.php\/wp-json\/wp\/v2\/media?parent=2595"}],"wp:term":[{"taxonomy":"product_brand","embeddable":true,"href":"https:\/\/auparadisdesjouets.com\/index.php\/wp-json\/wp\/v2\/product_brand?post=2595"},{"taxonomy":"product_cat","embeddable":true,"href":"https:\/\/auparadisdesjouets.com\/index.php\/wp-json\/wp\/v2\/product_cat?post=2595"},{"taxonomy":"product_tag","embeddable":true,"href":"https:\/\/auparadisdesjouets.com\/index.php\/wp-json\/wp\/v2\/product_tag?post=2595"},{"taxonomy":"giftcard-category","embeddable":true,"href":"https:\/\/auparadisdesjouets.com\/index.php\/wp-json\/wp\/v2\/giftcard-category?post=2595"}],"curies":[{"name":"wp","href":"https:\/\/api.w.org\/{rel}","templated":true}]}}