{"id":2588,"date":"2024-08-30T16:36:34","date_gmt":"2024-08-30T14:36:34","guid":{"rendered":"https:\/\/auparadisdesjouets.com\/?post_type=product&#038;p=2588"},"modified":"2025-07-03T16:24:39","modified_gmt":"2025-07-03T14:24:39","slug":"pebeo-marqueur-peinture-acrylique-argent-precieux-ref-201456-2","status":"publish","type":"product","link":"https:\/\/auparadisdesjouets.com\/index.php\/produit\/pebeo-marqueur-peinture-acrylique-argent-precieux-ref-201456-2\/","title":{"rendered":"MARQUEUR PEINTURE ACRYLIQUE PEBEO ARGENT PRECIEUX REF 201456"},"content":{"rendered":"<p>Marqueur peinture \u00e0 l&rsquo;eau, pointe fine ronde, couleur argent pr\u00e9cieux, de finition m\u00e9tallique paillet\u00e9e. Couleur tr\u00e8s r\u00e9sistante \u00e0 la lumi\u00e8re.<\/p>\n","protected":false},"excerpt":{"rendered":"<p>Marqueur peinture \u00e0 l&rsquo;eau, pointe fine ronde, couleur argent pr\u00e9cieux, de finition m\u00e9tallique paillet\u00e9e. Couleur tr\u00e8s r\u00e9sistante \u00e0 la lumi\u00e8re.<\/p>\n","protected":false},"featured_media":2590,"comment_status":"open","ping_status":"closed","template":"","meta":[],"product_brand":[],"product_cat":[65,24,25,35,69],"product_tag":[],"giftcard-category":[],"class_list":{"0":"post-2588","1":"product","2":"type-product","3":"status-publish","4":"has-post-thumbnail","6":"product_cat-1-joueur","7":"product_cat-5-a-8-ans","8":"product_cat-8-a-12-ans","9":"product_cat-activites-creatives-et-manuelles","10":"product_cat-petits-prix","12":"entry","13":"has-media","15":"first","16":"instock","17":"sale","18":"taxable","19":"shipping-taxable","20":"purchasable","21":"product-type-simple","22":"has-product-nav","23":"col","24":"span_1_of_3","25":"owp-content-center","26":"owp-thumbs-layout-horizontal","27":"owp-btn-normal","28":"owp-tabs-layout-horizontal","29":"has-no-thumbnails","31":"circle-sale"},"yoast_head":"<!-- This site is optimized with the Yoast SEO plugin v27.3 - https:\/\/yoast.com\/product\/yoast-seo-wordpress\/ -->\n<title>MARQUEUR PEINTURE ACRYLIQUE PEBEO ARGENT PRECIEUX REF 201456 - Au Paradis des Jouets<\/title>\n<meta name=\"robots\" content=\"index, follow, max-snippet:-1, max-image-preview:large, max-video-preview:-1\" \/>\n<link rel=\"canonical\" href=\"https:\/\/auparadisdesjouets.com\/index.php\/produit\/pebeo-marqueur-peinture-acrylique-argent-precieux-ref-201456-2\/\" \/>\n<meta property=\"og:locale\" content=\"fr_FR\" \/>\n<meta property=\"og:type\" content=\"article\" \/>\n<meta property=\"og:title\" content=\"MARQUEUR PEINTURE ACRYLIQUE PEBEO ARGENT PRECIEUX REF 201456 - Au Paradis des Jouets\" \/>\n<meta property=\"og:description\" content=\"Marqueur peinture \u00e0 l&rsquo;eau, pointe fine ronde, couleur argent pr\u00e9cieux, de finition m\u00e9tallique paillet\u00e9e. Couleur tr\u00e8s r\u00e9sistante \u00e0 la lumi\u00e8re.\" \/>\n<meta property=\"og:url\" content=\"https:\/\/auparadisdesjouets.com\/index.php\/produit\/pebeo-marqueur-peinture-acrylique-argent-precieux-ref-201456-2\/\" \/>\n<meta property=\"og:site_name\" content=\"Au Paradis des Jouets\" \/>\n<meta property=\"article:publisher\" content=\"https:\/\/www.facebook.com\/auparadisdesjouets\" \/>\n<meta property=\"article:modified_time\" content=\"2025-07-03T14:24:39+00:00\" \/>\n<meta property=\"og:image\" content=\"https:\/\/auparadisdesjouets.com\/wp-content\/uploads\/2024\/08\/3625a75e0ab1ba1f20dc3ff3716d208f.jpg\" \/>\n\t<meta property=\"og:image:width\" content=\"800\" \/>\n\t<meta property=\"og:image:height\" content=\"800\" \/>\n\t<meta property=\"og:image:type\" content=\"image\/jpeg\" \/>\n<meta name=\"twitter:card\" content=\"summary_large_image\" \/>\n<script type=\"application\/ld+json\" class=\"yoast-schema-graph\">{\"@context\":\"https:\\\/\\\/schema.org\",\"@graph\":[{\"@type\":\"WebPage\",\"@id\":\"https:\\\/\\\/auparadisdesjouets.com\\\/index.php\\\/produit\\\/pebeo-marqueur-peinture-acrylique-argent-precieux-ref-201456-2\\\/\",\"url\":\"https:\\\/\\\/auparadisdesjouets.com\\\/index.php\\\/produit\\\/pebeo-marqueur-peinture-acrylique-argent-precieux-ref-201456-2\\\/\",\"name\":\"MARQUEUR PEINTURE ACRYLIQUE PEBEO ARGENT PRECIEUX REF 201456 - Au Paradis des Jouets\",\"isPartOf\":{\"@id\":\"https:\\\/\\\/auparadisdesjouets.com\\\/#website\"},\"primaryImageOfPage\":{\"@id\":\"https:\\\/\\\/auparadisdesjouets.com\\\/index.php\\\/produit\\\/pebeo-marqueur-peinture-acrylique-argent-precieux-ref-201456-2\\\/#primaryimage\"},\"image\":{\"@id\":\"https:\\\/\\\/auparadisdesjouets.com\\\/index.php\\\/produit\\\/pebeo-marqueur-peinture-acrylique-argent-precieux-ref-201456-2\\\/#primaryimage\"},\"thumbnailUrl\":\"https:\\\/\\\/auparadisdesjouets.com\\\/wp-content\\\/uploads\\\/2024\\\/08\\\/3625a75e0ab1ba1f20dc3ff3716d208f.jpg\",\"datePublished\":\"2024-08-30T14:36:34+00:00\",\"dateModified\":\"2025-07-03T14:24:39+00:00\",\"breadcrumb\":{\"@id\":\"https:\\\/\\\/auparadisdesjouets.com\\\/index.php\\\/produit\\\/pebeo-marqueur-peinture-acrylique-argent-precieux-ref-201456-2\\\/#breadcrumb\"},\"inLanguage\":\"fr-FR\",\"potentialAction\":[{\"@type\":\"ReadAction\",\"target\":[\"https:\\\/\\\/auparadisdesjouets.com\\\/index.php\\\/produit\\\/pebeo-marqueur-peinture-acrylique-argent-precieux-ref-201456-2\\\/\"]}]},{\"@type\":\"ImageObject\",\"inLanguage\":\"fr-FR\",\"@id\":\"https:\\\/\\\/auparadisdesjouets.com\\\/index.php\\\/produit\\\/pebeo-marqueur-peinture-acrylique-argent-precieux-ref-201456-2\\\/#primaryimage\",\"url\":\"https:\\\/\\\/auparadisdesjouets.com\\\/wp-content\\\/uploads\\\/2024\\\/08\\\/3625a75e0ab1ba1f20dc3ff3716d208f.jpg\",\"contentUrl\":\"https:\\\/\\\/auparadisdesjouets.com\\\/wp-content\\\/uploads\\\/2024\\\/08\\\/3625a75e0ab1ba1f20dc3ff3716d208f.jpg\",\"width\":800,\"height\":800},{\"@type\":\"BreadcrumbList\",\"@id\":\"https:\\\/\\\/auparadisdesjouets.com\\\/index.php\\\/produit\\\/pebeo-marqueur-peinture-acrylique-argent-precieux-ref-201456-2\\\/#breadcrumb\",\"itemListElement\":[{\"@type\":\"ListItem\",\"position\":1,\"name\":\"Accueil\",\"item\":\"https:\\\/\\\/auparadisdesjouets.com\\\/\"},{\"@type\":\"ListItem\",\"position\":2,\"name\":\"Boutique\",\"item\":\"https:\\\/\\\/auparadisdesjouets.com\\\/index.php\\\/boutique\\\/\"},{\"@type\":\"ListItem\",\"position\":3,\"name\":\"MARQUEUR PEINTURE ACRYLIQUE PEBEO ARGENT PRECIEUX REF 201456\"}]},{\"@type\":\"WebSite\",\"@id\":\"https:\\\/\\\/auparadisdesjouets.com\\\/#website\",\"url\":\"https:\\\/\\\/auparadisdesjouets.com\\\/\",\"name\":\"Au Paradis des Jouets\",\"description\":\"Trouvez le jouet qui vous correspond !\",\"publisher\":{\"@id\":\"https:\\\/\\\/auparadisdesjouets.com\\\/#organization\"},\"potentialAction\":[{\"@type\":\"SearchAction\",\"target\":{\"@type\":\"EntryPoint\",\"urlTemplate\":\"https:\\\/\\\/auparadisdesjouets.com\\\/?s={search_term_string}\"},\"query-input\":{\"@type\":\"PropertyValueSpecification\",\"valueRequired\":true,\"valueName\":\"search_term_string\"}}],\"inLanguage\":\"fr-FR\"},{\"@type\":\"Organization\",\"@id\":\"https:\\\/\\\/auparadisdesjouets.com\\\/#organization\",\"name\":\"Au Paradis des Jouets\",\"url\":\"https:\\\/\\\/auparadisdesjouets.com\\\/\",\"logo\":{\"@type\":\"ImageObject\",\"inLanguage\":\"fr-FR\",\"@id\":\"https:\\\/\\\/auparadisdesjouets.com\\\/#\\\/schema\\\/logo\\\/image\\\/\",\"url\":\"https:\\\/\\\/auparadisdesjouets.com\\\/wp-content\\\/uploads\\\/2024\\\/09\\\/logo-paradis-jouets.png\",\"contentUrl\":\"https:\\\/\\\/auparadisdesjouets.com\\\/wp-content\\\/uploads\\\/2024\\\/09\\\/logo-paradis-jouets.png\",\"width\":7678,\"height\":1950,\"caption\":\"Au Paradis des Jouets\"},\"image\":{\"@id\":\"https:\\\/\\\/auparadisdesjouets.com\\\/#\\\/schema\\\/logo\\\/image\\\/\"},\"sameAs\":[\"https:\\\/\\\/www.facebook.com\\\/auparadisdesjouets\"]}]}<\/script>\n<!-- \/ Yoast SEO plugin. -->","yoast_head_json":{"title":"MARQUEUR PEINTURE ACRYLIQUE PEBEO ARGENT PRECIEUX REF 201456 - Au Paradis des Jouets","robots":{"index":"index","follow":"follow","max-snippet":"max-snippet:-1","max-image-preview":"max-image-preview:large","max-video-preview":"max-video-preview:-1"},"canonical":"https:\/\/auparadisdesjouets.com\/index.php\/produit\/pebeo-marqueur-peinture-acrylique-argent-precieux-ref-201456-2\/","og_locale":"fr_FR","og_type":"article","og_title":"MARQUEUR PEINTURE ACRYLIQUE PEBEO ARGENT PRECIEUX REF 201456 - Au Paradis des Jouets","og_description":"Marqueur peinture \u00e0 l&rsquo;eau, pointe fine ronde, couleur argent pr\u00e9cieux, de finition m\u00e9tallique paillet\u00e9e. Couleur tr\u00e8s r\u00e9sistante \u00e0 la lumi\u00e8re.","og_url":"https:\/\/auparadisdesjouets.com\/index.php\/produit\/pebeo-marqueur-peinture-acrylique-argent-precieux-ref-201456-2\/","og_site_name":"Au Paradis des Jouets","article_publisher":"https:\/\/www.facebook.com\/auparadisdesjouets","article_modified_time":"2025-07-03T14:24:39+00:00","og_image":[{"width":800,"height":800,"url":"https:\/\/auparadisdesjouets.com\/wp-content\/uploads\/2024\/08\/3625a75e0ab1ba1f20dc3ff3716d208f.jpg","type":"image\/jpeg"}],"twitter_card":"summary_large_image","schema":{"@context":"https:\/\/schema.org","@graph":[{"@type":"WebPage","@id":"https:\/\/auparadisdesjouets.com\/index.php\/produit\/pebeo-marqueur-peinture-acrylique-argent-precieux-ref-201456-2\/","url":"https:\/\/auparadisdesjouets.com\/index.php\/produit\/pebeo-marqueur-peinture-acrylique-argent-precieux-ref-201456-2\/","name":"MARQUEUR PEINTURE ACRYLIQUE PEBEO ARGENT PRECIEUX REF 201456 - Au Paradis des Jouets","isPartOf":{"@id":"https:\/\/auparadisdesjouets.com\/#website"},"primaryImageOfPage":{"@id":"https:\/\/auparadisdesjouets.com\/index.php\/produit\/pebeo-marqueur-peinture-acrylique-argent-precieux-ref-201456-2\/#primaryimage"},"image":{"@id":"https:\/\/auparadisdesjouets.com\/index.php\/produit\/pebeo-marqueur-peinture-acrylique-argent-precieux-ref-201456-2\/#primaryimage"},"thumbnailUrl":"https:\/\/auparadisdesjouets.com\/wp-content\/uploads\/2024\/08\/3625a75e0ab1ba1f20dc3ff3716d208f.jpg","datePublished":"2024-08-30T14:36:34+00:00","dateModified":"2025-07-03T14:24:39+00:00","breadcrumb":{"@id":"https:\/\/auparadisdesjouets.com\/index.php\/produit\/pebeo-marqueur-peinture-acrylique-argent-precieux-ref-201456-2\/#breadcrumb"},"inLanguage":"fr-FR","potentialAction":[{"@type":"ReadAction","target":["https:\/\/auparadisdesjouets.com\/index.php\/produit\/pebeo-marqueur-peinture-acrylique-argent-precieux-ref-201456-2\/"]}]},{"@type":"ImageObject","inLanguage":"fr-FR","@id":"https:\/\/auparadisdesjouets.com\/index.php\/produit\/pebeo-marqueur-peinture-acrylique-argent-precieux-ref-201456-2\/#primaryimage","url":"https:\/\/auparadisdesjouets.com\/wp-content\/uploads\/2024\/08\/3625a75e0ab1ba1f20dc3ff3716d208f.jpg","contentUrl":"https:\/\/auparadisdesjouets.com\/wp-content\/uploads\/2024\/08\/3625a75e0ab1ba1f20dc3ff3716d208f.jpg","width":800,"height":800},{"@type":"BreadcrumbList","@id":"https:\/\/auparadisdesjouets.com\/index.php\/produit\/pebeo-marqueur-peinture-acrylique-argent-precieux-ref-201456-2\/#breadcrumb","itemListElement":[{"@type":"ListItem","position":1,"name":"Accueil","item":"https:\/\/auparadisdesjouets.com\/"},{"@type":"ListItem","position":2,"name":"Boutique","item":"https:\/\/auparadisdesjouets.com\/index.php\/boutique\/"},{"@type":"ListItem","position":3,"name":"MARQUEUR PEINTURE ACRYLIQUE PEBEO ARGENT PRECIEUX REF 201456"}]},{"@type":"WebSite","@id":"https:\/\/auparadisdesjouets.com\/#website","url":"https:\/\/auparadisdesjouets.com\/","name":"Au Paradis des Jouets","description":"Trouvez le jouet qui vous correspond !","publisher":{"@id":"https:\/\/auparadisdesjouets.com\/#organization"},"potentialAction":[{"@type":"SearchAction","target":{"@type":"EntryPoint","urlTemplate":"https:\/\/auparadisdesjouets.com\/?s={search_term_string}"},"query-input":{"@type":"PropertyValueSpecification","valueRequired":true,"valueName":"search_term_string"}}],"inLanguage":"fr-FR"},{"@type":"Organization","@id":"https:\/\/auparadisdesjouets.com\/#organization","name":"Au Paradis des Jouets","url":"https:\/\/auparadisdesjouets.com\/","logo":{"@type":"ImageObject","inLanguage":"fr-FR","@id":"https:\/\/auparadisdesjouets.com\/#\/schema\/logo\/image\/","url":"https:\/\/auparadisdesjouets.com\/wp-content\/uploads\/2024\/09\/logo-paradis-jouets.png","contentUrl":"https:\/\/auparadisdesjouets.com\/wp-content\/uploads\/2024\/09\/logo-paradis-jouets.png","width":7678,"height":1950,"caption":"Au Paradis des Jouets"},"image":{"@id":"https:\/\/auparadisdesjouets.com\/#\/schema\/logo\/image\/"},"sameAs":["https:\/\/www.facebook.com\/auparadisdesjouets"]}]}},"jetpack_sharing_enabled":true,"_links":{"self":[{"href":"https:\/\/auparadisdesjouets.com\/index.php\/wp-json\/wp\/v2\/product\/2588","targetHints":{"allow":["GET"]}}],"collection":[{"href":"https:\/\/auparadisdesjouets.com\/index.php\/wp-json\/wp\/v2\/product"}],"about":[{"href":"https:\/\/auparadisdesjouets.com\/index.php\/wp-json\/wp\/v2\/types\/product"}],"replies":[{"embeddable":true,"href":"https:\/\/auparadisdesjouets.com\/index.php\/wp-json\/wp\/v2\/comments?post=2588"}],"version-history":[{"count":2,"href":"https:\/\/auparadisdesjouets.com\/index.php\/wp-json\/wp\/v2\/product\/2588\/revisions"}],"predecessor-version":[{"id":3840,"href":"https:\/\/auparadisdesjouets.com\/index.php\/wp-json\/wp\/v2\/product\/2588\/revisions\/3840"}],"wp:featuredmedia":[{"embeddable":true,"href":"https:\/\/auparadisdesjouets.com\/index.php\/wp-json\/wp\/v2\/media\/2590"}],"wp:attachment":[{"href":"https:\/\/auparadisdesjouets.com\/index.php\/wp-json\/wp\/v2\/media?parent=2588"}],"wp:term":[{"taxonomy":"product_brand","embeddable":true,"href":"https:\/\/auparadisdesjouets.com\/index.php\/wp-json\/wp\/v2\/product_brand?post=2588"},{"taxonomy":"product_cat","embeddable":true,"href":"https:\/\/auparadisdesjouets.com\/index.php\/wp-json\/wp\/v2\/product_cat?post=2588"},{"taxonomy":"product_tag","embeddable":true,"href":"https:\/\/auparadisdesjouets.com\/index.php\/wp-json\/wp\/v2\/product_tag?post=2588"},{"taxonomy":"giftcard-category","embeddable":true,"href":"https:\/\/auparadisdesjouets.com\/index.php\/wp-json\/wp\/v2\/giftcard-category?post=2588"}],"curies":[{"name":"wp","href":"https:\/\/api.w.org\/{rel}","templated":true}]}}