{"id":2556,"date":"2024-08-30T15:31:45","date_gmt":"2024-08-30T13:31:45","guid":{"rendered":"https:\/\/auparadisdesjouets.com\/?post_type=product&#038;p=2556"},"modified":"2025-07-03T16:31:49","modified_gmt":"2025-07-03T14:31:49","slug":"pebeo-coffret-atelier-primacolor-pirates-ref-636703","status":"publish","type":"product","link":"https:\/\/auparadisdesjouets.com\/index.php\/produit\/pebeo-coffret-atelier-primacolor-pirates-ref-636703\/","title":{"rendered":"COFFRET PEINTURE ATELIER PRIMACOLOR PEBEO PIRATES REF 636703"},"content":{"rendered":"<p>Coffret atelier \u00a0\u00bb Pirates\u00a0\u00bb de 10 couleurs de gouache liquide, pr\u00eate \u00e0 l&#8217;emploi, de finition mate, 2 planches de stickers, 4 supports \u00e0 peindre, 6 tampons mousse, 2 pinceaux, 1 pochoir et 1 livret d&rsquo;id\u00e9es cr\u00e9atives.<\/p>\n","protected":false},"excerpt":{"rendered":"<p>Coffret atelier \u00a0\u00bb Pirates\u00a0\u00bb de 10 couleurs de gouache liquide, pr\u00eate \u00e0 l&#8217;emploi, de finition mate, 2 planches de stickers, 4 supports \u00e0 peindre, 6 tampons mousse, 2 pinceaux, 1 pochoir et 1 livret d&rsquo;id\u00e9es cr\u00e9atives.<\/p>\n","protected":false},"featured_media":2557,"comment_status":"open","ping_status":"closed","template":"","meta":[],"product_brand":[],"product_cat":[24,25,35],"product_tag":[],"giftcard-category":[],"class_list":{"0":"post-2556","1":"product","2":"type-product","3":"status-publish","4":"has-post-thumbnail","6":"product_cat-5-a-8-ans","7":"product_cat-8-a-12-ans","8":"product_cat-activites-creatives-et-manuelles","10":"entry","11":"has-media","13":"first","14":"instock","15":"sale","16":"taxable","17":"shipping-taxable","18":"purchasable","19":"product-type-simple","20":"has-product-nav","21":"col","22":"span_1_of_3","23":"owp-content-center","24":"owp-thumbs-layout-horizontal","25":"owp-btn-normal","26":"owp-tabs-layout-horizontal","27":"has-no-thumbnails","29":"circle-sale"},"yoast_head":"<!-- This site is optimized with the Yoast SEO plugin v27.4 - https:\/\/yoast.com\/product\/yoast-seo-wordpress\/ -->\n<title>COFFRET PEINTURE ATELIER PRIMACOLOR PEBEO PIRATES REF 636703 - Au Paradis des Jouets<\/title>\n<meta name=\"robots\" content=\"index, follow, max-snippet:-1, max-image-preview:large, max-video-preview:-1\" \/>\n<link rel=\"canonical\" href=\"https:\/\/auparadisdesjouets.com\/index.php\/produit\/pebeo-coffret-atelier-primacolor-pirates-ref-636703\/\" \/>\n<meta property=\"og:locale\" content=\"fr_FR\" \/>\n<meta property=\"og:type\" content=\"article\" \/>\n<meta property=\"og:title\" content=\"COFFRET PEINTURE ATELIER PRIMACOLOR PEBEO PIRATES REF 636703 - Au Paradis des Jouets\" \/>\n<meta property=\"og:description\" content=\"Coffret atelier \u00a0\u00bb Pirates\u00a0\u00bb de 10 couleurs de gouache liquide, pr\u00eate \u00e0 l&#8217;emploi, de finition mate, 2 planches de stickers, 4 supports \u00e0 peindre, 6 tampons mousse, 2 pinceaux, 1 pochoir et 1 livret d&rsquo;id\u00e9es cr\u00e9atives.\" \/>\n<meta property=\"og:url\" content=\"https:\/\/auparadisdesjouets.com\/index.php\/produit\/pebeo-coffret-atelier-primacolor-pirates-ref-636703\/\" \/>\n<meta property=\"og:site_name\" content=\"Au Paradis des Jouets\" \/>\n<meta property=\"article:publisher\" content=\"https:\/\/www.facebook.com\/auparadisdesjouets\" \/>\n<meta property=\"article:modified_time\" content=\"2025-07-03T14:31:49+00:00\" \/>\n<meta property=\"og:image\" content=\"https:\/\/auparadisdesjouets.com\/wp-content\/uploads\/2024\/08\/coffret-atelier-primacolor-pirate.jpg\" \/>\n\t<meta property=\"og:image:width\" content=\"771\" \/>\n\t<meta property=\"og:image:height\" content=\"737\" \/>\n\t<meta property=\"og:image:type\" content=\"image\/jpeg\" \/>\n<meta name=\"twitter:card\" content=\"summary_large_image\" \/>\n<script type=\"application\/ld+json\" class=\"yoast-schema-graph\">{\"@context\":\"https:\\\/\\\/schema.org\",\"@graph\":[{\"@type\":\"WebPage\",\"@id\":\"https:\\\/\\\/auparadisdesjouets.com\\\/index.php\\\/produit\\\/pebeo-coffret-atelier-primacolor-pirates-ref-636703\\\/\",\"url\":\"https:\\\/\\\/auparadisdesjouets.com\\\/index.php\\\/produit\\\/pebeo-coffret-atelier-primacolor-pirates-ref-636703\\\/\",\"name\":\"COFFRET PEINTURE ATELIER PRIMACOLOR PEBEO PIRATES REF 636703 - Au Paradis des Jouets\",\"isPartOf\":{\"@id\":\"https:\\\/\\\/auparadisdesjouets.com\\\/#website\"},\"primaryImageOfPage\":{\"@id\":\"https:\\\/\\\/auparadisdesjouets.com\\\/index.php\\\/produit\\\/pebeo-coffret-atelier-primacolor-pirates-ref-636703\\\/#primaryimage\"},\"image\":{\"@id\":\"https:\\\/\\\/auparadisdesjouets.com\\\/index.php\\\/produit\\\/pebeo-coffret-atelier-primacolor-pirates-ref-636703\\\/#primaryimage\"},\"thumbnailUrl\":\"https:\\\/\\\/auparadisdesjouets.com\\\/wp-content\\\/uploads\\\/2024\\\/08\\\/coffret-atelier-primacolor-pirate.jpg\",\"datePublished\":\"2024-08-30T13:31:45+00:00\",\"dateModified\":\"2025-07-03T14:31:49+00:00\",\"breadcrumb\":{\"@id\":\"https:\\\/\\\/auparadisdesjouets.com\\\/index.php\\\/produit\\\/pebeo-coffret-atelier-primacolor-pirates-ref-636703\\\/#breadcrumb\"},\"inLanguage\":\"fr-FR\",\"potentialAction\":[{\"@type\":\"ReadAction\",\"target\":[\"https:\\\/\\\/auparadisdesjouets.com\\\/index.php\\\/produit\\\/pebeo-coffret-atelier-primacolor-pirates-ref-636703\\\/\"]}]},{\"@type\":\"ImageObject\",\"inLanguage\":\"fr-FR\",\"@id\":\"https:\\\/\\\/auparadisdesjouets.com\\\/index.php\\\/produit\\\/pebeo-coffret-atelier-primacolor-pirates-ref-636703\\\/#primaryimage\",\"url\":\"https:\\\/\\\/auparadisdesjouets.com\\\/wp-content\\\/uploads\\\/2024\\\/08\\\/coffret-atelier-primacolor-pirate.jpg\",\"contentUrl\":\"https:\\\/\\\/auparadisdesjouets.com\\\/wp-content\\\/uploads\\\/2024\\\/08\\\/coffret-atelier-primacolor-pirate.jpg\",\"width\":771,\"height\":737},{\"@type\":\"BreadcrumbList\",\"@id\":\"https:\\\/\\\/auparadisdesjouets.com\\\/index.php\\\/produit\\\/pebeo-coffret-atelier-primacolor-pirates-ref-636703\\\/#breadcrumb\",\"itemListElement\":[{\"@type\":\"ListItem\",\"position\":1,\"name\":\"Accueil\",\"item\":\"https:\\\/\\\/auparadisdesjouets.com\\\/\"},{\"@type\":\"ListItem\",\"position\":2,\"name\":\"Boutique\",\"item\":\"https:\\\/\\\/auparadisdesjouets.com\\\/index.php\\\/boutique\\\/\"},{\"@type\":\"ListItem\",\"position\":3,\"name\":\"COFFRET PEINTURE ATELIER PRIMACOLOR PEBEO PIRATES REF 636703\"}]},{\"@type\":\"WebSite\",\"@id\":\"https:\\\/\\\/auparadisdesjouets.com\\\/#website\",\"url\":\"https:\\\/\\\/auparadisdesjouets.com\\\/\",\"name\":\"Au Paradis des Jouets\",\"description\":\"Trouvez le jouet qui vous correspond !\",\"publisher\":{\"@id\":\"https:\\\/\\\/auparadisdesjouets.com\\\/#organization\"},\"potentialAction\":[{\"@type\":\"SearchAction\",\"target\":{\"@type\":\"EntryPoint\",\"urlTemplate\":\"https:\\\/\\\/auparadisdesjouets.com\\\/?s={search_term_string}\"},\"query-input\":{\"@type\":\"PropertyValueSpecification\",\"valueRequired\":true,\"valueName\":\"search_term_string\"}}],\"inLanguage\":\"fr-FR\"},{\"@type\":\"Organization\",\"@id\":\"https:\\\/\\\/auparadisdesjouets.com\\\/#organization\",\"name\":\"Au Paradis des Jouets\",\"url\":\"https:\\\/\\\/auparadisdesjouets.com\\\/\",\"logo\":{\"@type\":\"ImageObject\",\"inLanguage\":\"fr-FR\",\"@id\":\"https:\\\/\\\/auparadisdesjouets.com\\\/#\\\/schema\\\/logo\\\/image\\\/\",\"url\":\"https:\\\/\\\/auparadisdesjouets.com\\\/wp-content\\\/uploads\\\/2024\\\/09\\\/logo-paradis-jouets.png\",\"contentUrl\":\"https:\\\/\\\/auparadisdesjouets.com\\\/wp-content\\\/uploads\\\/2024\\\/09\\\/logo-paradis-jouets.png\",\"width\":7678,\"height\":1950,\"caption\":\"Au Paradis des Jouets\"},\"image\":{\"@id\":\"https:\\\/\\\/auparadisdesjouets.com\\\/#\\\/schema\\\/logo\\\/image\\\/\"},\"sameAs\":[\"https:\\\/\\\/www.facebook.com\\\/auparadisdesjouets\"]}]}<\/script>\n<!-- \/ Yoast SEO plugin. -->","yoast_head_json":{"title":"COFFRET PEINTURE ATELIER PRIMACOLOR PEBEO PIRATES REF 636703 - Au Paradis des Jouets","robots":{"index":"index","follow":"follow","max-snippet":"max-snippet:-1","max-image-preview":"max-image-preview:large","max-video-preview":"max-video-preview:-1"},"canonical":"https:\/\/auparadisdesjouets.com\/index.php\/produit\/pebeo-coffret-atelier-primacolor-pirates-ref-636703\/","og_locale":"fr_FR","og_type":"article","og_title":"COFFRET PEINTURE ATELIER PRIMACOLOR PEBEO PIRATES REF 636703 - Au Paradis des Jouets","og_description":"Coffret atelier \u00a0\u00bb Pirates\u00a0\u00bb de 10 couleurs de gouache liquide, pr\u00eate \u00e0 l&#8217;emploi, de finition mate, 2 planches de stickers, 4 supports \u00e0 peindre, 6 tampons mousse, 2 pinceaux, 1 pochoir et 1 livret d&rsquo;id\u00e9es cr\u00e9atives.","og_url":"https:\/\/auparadisdesjouets.com\/index.php\/produit\/pebeo-coffret-atelier-primacolor-pirates-ref-636703\/","og_site_name":"Au Paradis des Jouets","article_publisher":"https:\/\/www.facebook.com\/auparadisdesjouets","article_modified_time":"2025-07-03T14:31:49+00:00","og_image":[{"width":771,"height":737,"url":"https:\/\/auparadisdesjouets.com\/wp-content\/uploads\/2024\/08\/coffret-atelier-primacolor-pirate.jpg","type":"image\/jpeg"}],"twitter_card":"summary_large_image","schema":{"@context":"https:\/\/schema.org","@graph":[{"@type":"WebPage","@id":"https:\/\/auparadisdesjouets.com\/index.php\/produit\/pebeo-coffret-atelier-primacolor-pirates-ref-636703\/","url":"https:\/\/auparadisdesjouets.com\/index.php\/produit\/pebeo-coffret-atelier-primacolor-pirates-ref-636703\/","name":"COFFRET PEINTURE ATELIER PRIMACOLOR PEBEO PIRATES REF 636703 - Au Paradis des Jouets","isPartOf":{"@id":"https:\/\/auparadisdesjouets.com\/#website"},"primaryImageOfPage":{"@id":"https:\/\/auparadisdesjouets.com\/index.php\/produit\/pebeo-coffret-atelier-primacolor-pirates-ref-636703\/#primaryimage"},"image":{"@id":"https:\/\/auparadisdesjouets.com\/index.php\/produit\/pebeo-coffret-atelier-primacolor-pirates-ref-636703\/#primaryimage"},"thumbnailUrl":"https:\/\/auparadisdesjouets.com\/wp-content\/uploads\/2024\/08\/coffret-atelier-primacolor-pirate.jpg","datePublished":"2024-08-30T13:31:45+00:00","dateModified":"2025-07-03T14:31:49+00:00","breadcrumb":{"@id":"https:\/\/auparadisdesjouets.com\/index.php\/produit\/pebeo-coffret-atelier-primacolor-pirates-ref-636703\/#breadcrumb"},"inLanguage":"fr-FR","potentialAction":[{"@type":"ReadAction","target":["https:\/\/auparadisdesjouets.com\/index.php\/produit\/pebeo-coffret-atelier-primacolor-pirates-ref-636703\/"]}]},{"@type":"ImageObject","inLanguage":"fr-FR","@id":"https:\/\/auparadisdesjouets.com\/index.php\/produit\/pebeo-coffret-atelier-primacolor-pirates-ref-636703\/#primaryimage","url":"https:\/\/auparadisdesjouets.com\/wp-content\/uploads\/2024\/08\/coffret-atelier-primacolor-pirate.jpg","contentUrl":"https:\/\/auparadisdesjouets.com\/wp-content\/uploads\/2024\/08\/coffret-atelier-primacolor-pirate.jpg","width":771,"height":737},{"@type":"BreadcrumbList","@id":"https:\/\/auparadisdesjouets.com\/index.php\/produit\/pebeo-coffret-atelier-primacolor-pirates-ref-636703\/#breadcrumb","itemListElement":[{"@type":"ListItem","position":1,"name":"Accueil","item":"https:\/\/auparadisdesjouets.com\/"},{"@type":"ListItem","position":2,"name":"Boutique","item":"https:\/\/auparadisdesjouets.com\/index.php\/boutique\/"},{"@type":"ListItem","position":3,"name":"COFFRET PEINTURE ATELIER PRIMACOLOR PEBEO PIRATES REF 636703"}]},{"@type":"WebSite","@id":"https:\/\/auparadisdesjouets.com\/#website","url":"https:\/\/auparadisdesjouets.com\/","name":"Au Paradis des Jouets","description":"Trouvez le jouet qui vous correspond !","publisher":{"@id":"https:\/\/auparadisdesjouets.com\/#organization"},"potentialAction":[{"@type":"SearchAction","target":{"@type":"EntryPoint","urlTemplate":"https:\/\/auparadisdesjouets.com\/?s={search_term_string}"},"query-input":{"@type":"PropertyValueSpecification","valueRequired":true,"valueName":"search_term_string"}}],"inLanguage":"fr-FR"},{"@type":"Organization","@id":"https:\/\/auparadisdesjouets.com\/#organization","name":"Au Paradis des Jouets","url":"https:\/\/auparadisdesjouets.com\/","logo":{"@type":"ImageObject","inLanguage":"fr-FR","@id":"https:\/\/auparadisdesjouets.com\/#\/schema\/logo\/image\/","url":"https:\/\/auparadisdesjouets.com\/wp-content\/uploads\/2024\/09\/logo-paradis-jouets.png","contentUrl":"https:\/\/auparadisdesjouets.com\/wp-content\/uploads\/2024\/09\/logo-paradis-jouets.png","width":7678,"height":1950,"caption":"Au Paradis des Jouets"},"image":{"@id":"https:\/\/auparadisdesjouets.com\/#\/schema\/logo\/image\/"},"sameAs":["https:\/\/www.facebook.com\/auparadisdesjouets"]}]}},"jetpack_sharing_enabled":true,"_links":{"self":[{"href":"https:\/\/auparadisdesjouets.com\/index.php\/wp-json\/wp\/v2\/product\/2556","targetHints":{"allow":["GET"]}}],"collection":[{"href":"https:\/\/auparadisdesjouets.com\/index.php\/wp-json\/wp\/v2\/product"}],"about":[{"href":"https:\/\/auparadisdesjouets.com\/index.php\/wp-json\/wp\/v2\/types\/product"}],"replies":[{"embeddable":true,"href":"https:\/\/auparadisdesjouets.com\/index.php\/wp-json\/wp\/v2\/comments?post=2556"}],"version-history":[{"count":2,"href":"https:\/\/auparadisdesjouets.com\/index.php\/wp-json\/wp\/v2\/product\/2556\/revisions"}],"predecessor-version":[{"id":3849,"href":"https:\/\/auparadisdesjouets.com\/index.php\/wp-json\/wp\/v2\/product\/2556\/revisions\/3849"}],"wp:featuredmedia":[{"embeddable":true,"href":"https:\/\/auparadisdesjouets.com\/index.php\/wp-json\/wp\/v2\/media\/2557"}],"wp:attachment":[{"href":"https:\/\/auparadisdesjouets.com\/index.php\/wp-json\/wp\/v2\/media?parent=2556"}],"wp:term":[{"taxonomy":"product_brand","embeddable":true,"href":"https:\/\/auparadisdesjouets.com\/index.php\/wp-json\/wp\/v2\/product_brand?post=2556"},{"taxonomy":"product_cat","embeddable":true,"href":"https:\/\/auparadisdesjouets.com\/index.php\/wp-json\/wp\/v2\/product_cat?post=2556"},{"taxonomy":"product_tag","embeddable":true,"href":"https:\/\/auparadisdesjouets.com\/index.php\/wp-json\/wp\/v2\/product_tag?post=2556"},{"taxonomy":"giftcard-category","embeddable":true,"href":"https:\/\/auparadisdesjouets.com\/index.php\/wp-json\/wp\/v2\/giftcard-category?post=2556"}],"curies":[{"name":"wp","href":"https:\/\/api.w.org\/{rel}","templated":true}]}}