{"id":2516,"date":"2024-08-30T11:22:44","date_gmt":"2024-08-30T09:22:44","guid":{"rendered":"https:\/\/auparadisdesjouets.com\/?post_type=product&#038;p=2516"},"modified":"2025-07-03T16:38:50","modified_gmt":"2025-07-03T14:38:50","slug":"pebeo-peinture-pour-textile-clair-rose-fluo-ref-329033","status":"publish","type":"product","link":"https:\/\/auparadisdesjouets.com\/index.php\/produit\/pebeo-peinture-pour-textile-clair-rose-fluo-ref-329033\/","title":{"rendered":"PEINTURE POUR TEXTILE CLAIR PEBEO ROSE FLUO REF 329033"},"content":{"rendered":"<p>Cette peinture s\u2019utilise sur les tissus clairs. Pr\u00eate \u00e0 l\u2019emploi, aux couleurs l\u00e9g\u00e8res, elle s\u2019adapte tr\u00e8s bien aux techniques dilu\u00e9es pour des effets aquarell\u00e9s. Cette peinture est photosensible, le soleil pourra donc vous aider \u00e0 obtenir des nuances de couleurs. Vous pourrez l\u2019appliquer au pinceau, avec des pochoirs et m\u00eame en s\u00e9rigraphie.<\/p>\n<p>Pot de 45 ml.<\/p>\n","protected":false},"excerpt":{"rendered":"<p>Cette peinture s\u2019utilise sur les tissus clairs. Pr\u00eate \u00e0 l\u2019emploi, aux couleurs l\u00e9g\u00e8res, elle s\u2019adapte tr\u00e8s bien aux techniques dilu\u00e9es pour des effets aquarell\u00e9s. Cette peinture est photosensible, le soleil pourra donc vous aider \u00e0 obtenir des nuances de couleurs. Vous pourrez l\u2019appliquer au pinceau, avec des pochoirs et m\u00eame en s\u00e9rigraphie. Pot de 45 ml.<\/p>\n","protected":false},"featured_media":2517,"comment_status":"open","ping_status":"closed","template":"","meta":[],"product_brand":[],"product_cat":[65,35,69],"product_tag":[],"giftcard-category":[],"class_list":{"0":"post-2516","1":"product","2":"type-product","3":"status-publish","4":"has-post-thumbnail","6":"product_cat-1-joueur","7":"product_cat-activites-creatives-et-manuelles","8":"product_cat-petits-prix","10":"entry","11":"has-media","13":"first","14":"instock","15":"sale","16":"taxable","17":"shipping-taxable","18":"purchasable","19":"product-type-simple","20":"has-product-nav","21":"col","22":"span_1_of_3","23":"owp-content-center","24":"owp-thumbs-layout-horizontal","25":"owp-btn-normal","26":"owp-tabs-layout-horizontal","27":"has-no-thumbnails","29":"circle-sale"},"yoast_head":"<!-- This site is optimized with the Yoast SEO plugin v27.4 - https:\/\/yoast.com\/product\/yoast-seo-wordpress\/ -->\n<title>PEINTURE POUR TEXTILE CLAIR PEBEO ROSE FLUO REF 329033 - Au Paradis des Jouets<\/title>\n<meta name=\"robots\" content=\"index, follow, max-snippet:-1, max-image-preview:large, max-video-preview:-1\" \/>\n<link rel=\"canonical\" href=\"https:\/\/auparadisdesjouets.com\/index.php\/produit\/pebeo-peinture-pour-textile-clair-rose-fluo-ref-329033\/\" \/>\n<meta property=\"og:locale\" content=\"fr_FR\" \/>\n<meta property=\"og:type\" content=\"article\" \/>\n<meta property=\"og:title\" content=\"PEINTURE POUR TEXTILE CLAIR PEBEO ROSE FLUO REF 329033 - Au Paradis des Jouets\" \/>\n<meta property=\"og:description\" content=\"Cette peinture s\u2019utilise sur les tissus clairs. Pr\u00eate \u00e0 l\u2019emploi, aux couleurs l\u00e9g\u00e8res, elle s\u2019adapte tr\u00e8s bien aux techniques dilu\u00e9es pour des effets aquarell\u00e9s. Cette peinture est photosensible, le soleil pourra donc vous aider \u00e0 obtenir des nuances de couleurs. Vous pourrez l\u2019appliquer au pinceau, avec des pochoirs et m\u00eame en s\u00e9rigraphie. Pot de 45 ml.\" \/>\n<meta property=\"og:url\" content=\"https:\/\/auparadisdesjouets.com\/index.php\/produit\/pebeo-peinture-pour-textile-clair-rose-fluo-ref-329033\/\" \/>\n<meta property=\"og:site_name\" content=\"Au Paradis des Jouets\" \/>\n<meta property=\"article:publisher\" content=\"https:\/\/www.facebook.com\/auparadisdesjouets\" \/>\n<meta property=\"article:modified_time\" content=\"2025-07-03T14:38:50+00:00\" \/>\n<meta property=\"og:image\" content=\"https:\/\/auparadisdesjouets.com\/wp-content\/uploads\/2024\/08\/image_processing20220628-3-txujgi.webp\" \/>\n\t<meta property=\"og:image:width\" content=\"1000\" \/>\n\t<meta property=\"og:image:height\" content=\"1000\" \/>\n\t<meta property=\"og:image:type\" content=\"image\/webp\" \/>\n<meta name=\"twitter:card\" content=\"summary_large_image\" \/>\n<script type=\"application\/ld+json\" class=\"yoast-schema-graph\">{\"@context\":\"https:\\\/\\\/schema.org\",\"@graph\":[{\"@type\":\"WebPage\",\"@id\":\"https:\\\/\\\/auparadisdesjouets.com\\\/index.php\\\/produit\\\/pebeo-peinture-pour-textile-clair-rose-fluo-ref-329033\\\/\",\"url\":\"https:\\\/\\\/auparadisdesjouets.com\\\/index.php\\\/produit\\\/pebeo-peinture-pour-textile-clair-rose-fluo-ref-329033\\\/\",\"name\":\"PEINTURE POUR TEXTILE CLAIR PEBEO ROSE FLUO REF 329033 - Au Paradis des Jouets\",\"isPartOf\":{\"@id\":\"https:\\\/\\\/auparadisdesjouets.com\\\/#website\"},\"primaryImageOfPage\":{\"@id\":\"https:\\\/\\\/auparadisdesjouets.com\\\/index.php\\\/produit\\\/pebeo-peinture-pour-textile-clair-rose-fluo-ref-329033\\\/#primaryimage\"},\"image\":{\"@id\":\"https:\\\/\\\/auparadisdesjouets.com\\\/index.php\\\/produit\\\/pebeo-peinture-pour-textile-clair-rose-fluo-ref-329033\\\/#primaryimage\"},\"thumbnailUrl\":\"https:\\\/\\\/auparadisdesjouets.com\\\/wp-content\\\/uploads\\\/2024\\\/08\\\/image_processing20220628-3-txujgi.webp\",\"datePublished\":\"2024-08-30T09:22:44+00:00\",\"dateModified\":\"2025-07-03T14:38:50+00:00\",\"breadcrumb\":{\"@id\":\"https:\\\/\\\/auparadisdesjouets.com\\\/index.php\\\/produit\\\/pebeo-peinture-pour-textile-clair-rose-fluo-ref-329033\\\/#breadcrumb\"},\"inLanguage\":\"fr-FR\",\"potentialAction\":[{\"@type\":\"ReadAction\",\"target\":[\"https:\\\/\\\/auparadisdesjouets.com\\\/index.php\\\/produit\\\/pebeo-peinture-pour-textile-clair-rose-fluo-ref-329033\\\/\"]}]},{\"@type\":\"ImageObject\",\"inLanguage\":\"fr-FR\",\"@id\":\"https:\\\/\\\/auparadisdesjouets.com\\\/index.php\\\/produit\\\/pebeo-peinture-pour-textile-clair-rose-fluo-ref-329033\\\/#primaryimage\",\"url\":\"https:\\\/\\\/auparadisdesjouets.com\\\/wp-content\\\/uploads\\\/2024\\\/08\\\/image_processing20220628-3-txujgi.webp\",\"contentUrl\":\"https:\\\/\\\/auparadisdesjouets.com\\\/wp-content\\\/uploads\\\/2024\\\/08\\\/image_processing20220628-3-txujgi.webp\",\"width\":1000,\"height\":1000},{\"@type\":\"BreadcrumbList\",\"@id\":\"https:\\\/\\\/auparadisdesjouets.com\\\/index.php\\\/produit\\\/pebeo-peinture-pour-textile-clair-rose-fluo-ref-329033\\\/#breadcrumb\",\"itemListElement\":[{\"@type\":\"ListItem\",\"position\":1,\"name\":\"Accueil\",\"item\":\"https:\\\/\\\/auparadisdesjouets.com\\\/\"},{\"@type\":\"ListItem\",\"position\":2,\"name\":\"Boutique\",\"item\":\"https:\\\/\\\/auparadisdesjouets.com\\\/index.php\\\/boutique\\\/\"},{\"@type\":\"ListItem\",\"position\":3,\"name\":\"PEINTURE POUR TEXTILE CLAIR PEBEO ROSE FLUO REF 329033\"}]},{\"@type\":\"WebSite\",\"@id\":\"https:\\\/\\\/auparadisdesjouets.com\\\/#website\",\"url\":\"https:\\\/\\\/auparadisdesjouets.com\\\/\",\"name\":\"Au Paradis des Jouets\",\"description\":\"Trouvez le jouet qui vous correspond !\",\"publisher\":{\"@id\":\"https:\\\/\\\/auparadisdesjouets.com\\\/#organization\"},\"potentialAction\":[{\"@type\":\"SearchAction\",\"target\":{\"@type\":\"EntryPoint\",\"urlTemplate\":\"https:\\\/\\\/auparadisdesjouets.com\\\/?s={search_term_string}\"},\"query-input\":{\"@type\":\"PropertyValueSpecification\",\"valueRequired\":true,\"valueName\":\"search_term_string\"}}],\"inLanguage\":\"fr-FR\"},{\"@type\":\"Organization\",\"@id\":\"https:\\\/\\\/auparadisdesjouets.com\\\/#organization\",\"name\":\"Au Paradis des Jouets\",\"url\":\"https:\\\/\\\/auparadisdesjouets.com\\\/\",\"logo\":{\"@type\":\"ImageObject\",\"inLanguage\":\"fr-FR\",\"@id\":\"https:\\\/\\\/auparadisdesjouets.com\\\/#\\\/schema\\\/logo\\\/image\\\/\",\"url\":\"https:\\\/\\\/auparadisdesjouets.com\\\/wp-content\\\/uploads\\\/2024\\\/09\\\/logo-paradis-jouets.png\",\"contentUrl\":\"https:\\\/\\\/auparadisdesjouets.com\\\/wp-content\\\/uploads\\\/2024\\\/09\\\/logo-paradis-jouets.png\",\"width\":7678,\"height\":1950,\"caption\":\"Au Paradis des Jouets\"},\"image\":{\"@id\":\"https:\\\/\\\/auparadisdesjouets.com\\\/#\\\/schema\\\/logo\\\/image\\\/\"},\"sameAs\":[\"https:\\\/\\\/www.facebook.com\\\/auparadisdesjouets\"]}]}<\/script>\n<!-- \/ Yoast SEO plugin. -->","yoast_head_json":{"title":"PEINTURE POUR TEXTILE CLAIR PEBEO ROSE FLUO REF 329033 - Au Paradis des Jouets","robots":{"index":"index","follow":"follow","max-snippet":"max-snippet:-1","max-image-preview":"max-image-preview:large","max-video-preview":"max-video-preview:-1"},"canonical":"https:\/\/auparadisdesjouets.com\/index.php\/produit\/pebeo-peinture-pour-textile-clair-rose-fluo-ref-329033\/","og_locale":"fr_FR","og_type":"article","og_title":"PEINTURE POUR TEXTILE CLAIR PEBEO ROSE FLUO REF 329033 - Au Paradis des Jouets","og_description":"Cette peinture s\u2019utilise sur les tissus clairs. Pr\u00eate \u00e0 l\u2019emploi, aux couleurs l\u00e9g\u00e8res, elle s\u2019adapte tr\u00e8s bien aux techniques dilu\u00e9es pour des effets aquarell\u00e9s. Cette peinture est photosensible, le soleil pourra donc vous aider \u00e0 obtenir des nuances de couleurs. Vous pourrez l\u2019appliquer au pinceau, avec des pochoirs et m\u00eame en s\u00e9rigraphie. Pot de 45 ml.","og_url":"https:\/\/auparadisdesjouets.com\/index.php\/produit\/pebeo-peinture-pour-textile-clair-rose-fluo-ref-329033\/","og_site_name":"Au Paradis des Jouets","article_publisher":"https:\/\/www.facebook.com\/auparadisdesjouets","article_modified_time":"2025-07-03T14:38:50+00:00","og_image":[{"width":1000,"height":1000,"url":"https:\/\/auparadisdesjouets.com\/wp-content\/uploads\/2024\/08\/image_processing20220628-3-txujgi.webp","type":"image\/webp"}],"twitter_card":"summary_large_image","schema":{"@context":"https:\/\/schema.org","@graph":[{"@type":"WebPage","@id":"https:\/\/auparadisdesjouets.com\/index.php\/produit\/pebeo-peinture-pour-textile-clair-rose-fluo-ref-329033\/","url":"https:\/\/auparadisdesjouets.com\/index.php\/produit\/pebeo-peinture-pour-textile-clair-rose-fluo-ref-329033\/","name":"PEINTURE POUR TEXTILE CLAIR PEBEO ROSE FLUO REF 329033 - Au Paradis des Jouets","isPartOf":{"@id":"https:\/\/auparadisdesjouets.com\/#website"},"primaryImageOfPage":{"@id":"https:\/\/auparadisdesjouets.com\/index.php\/produit\/pebeo-peinture-pour-textile-clair-rose-fluo-ref-329033\/#primaryimage"},"image":{"@id":"https:\/\/auparadisdesjouets.com\/index.php\/produit\/pebeo-peinture-pour-textile-clair-rose-fluo-ref-329033\/#primaryimage"},"thumbnailUrl":"https:\/\/auparadisdesjouets.com\/wp-content\/uploads\/2024\/08\/image_processing20220628-3-txujgi.webp","datePublished":"2024-08-30T09:22:44+00:00","dateModified":"2025-07-03T14:38:50+00:00","breadcrumb":{"@id":"https:\/\/auparadisdesjouets.com\/index.php\/produit\/pebeo-peinture-pour-textile-clair-rose-fluo-ref-329033\/#breadcrumb"},"inLanguage":"fr-FR","potentialAction":[{"@type":"ReadAction","target":["https:\/\/auparadisdesjouets.com\/index.php\/produit\/pebeo-peinture-pour-textile-clair-rose-fluo-ref-329033\/"]}]},{"@type":"ImageObject","inLanguage":"fr-FR","@id":"https:\/\/auparadisdesjouets.com\/index.php\/produit\/pebeo-peinture-pour-textile-clair-rose-fluo-ref-329033\/#primaryimage","url":"https:\/\/auparadisdesjouets.com\/wp-content\/uploads\/2024\/08\/image_processing20220628-3-txujgi.webp","contentUrl":"https:\/\/auparadisdesjouets.com\/wp-content\/uploads\/2024\/08\/image_processing20220628-3-txujgi.webp","width":1000,"height":1000},{"@type":"BreadcrumbList","@id":"https:\/\/auparadisdesjouets.com\/index.php\/produit\/pebeo-peinture-pour-textile-clair-rose-fluo-ref-329033\/#breadcrumb","itemListElement":[{"@type":"ListItem","position":1,"name":"Accueil","item":"https:\/\/auparadisdesjouets.com\/"},{"@type":"ListItem","position":2,"name":"Boutique","item":"https:\/\/auparadisdesjouets.com\/index.php\/boutique\/"},{"@type":"ListItem","position":3,"name":"PEINTURE POUR TEXTILE CLAIR PEBEO ROSE FLUO REF 329033"}]},{"@type":"WebSite","@id":"https:\/\/auparadisdesjouets.com\/#website","url":"https:\/\/auparadisdesjouets.com\/","name":"Au Paradis des Jouets","description":"Trouvez le jouet qui vous correspond !","publisher":{"@id":"https:\/\/auparadisdesjouets.com\/#organization"},"potentialAction":[{"@type":"SearchAction","target":{"@type":"EntryPoint","urlTemplate":"https:\/\/auparadisdesjouets.com\/?s={search_term_string}"},"query-input":{"@type":"PropertyValueSpecification","valueRequired":true,"valueName":"search_term_string"}}],"inLanguage":"fr-FR"},{"@type":"Organization","@id":"https:\/\/auparadisdesjouets.com\/#organization","name":"Au Paradis des Jouets","url":"https:\/\/auparadisdesjouets.com\/","logo":{"@type":"ImageObject","inLanguage":"fr-FR","@id":"https:\/\/auparadisdesjouets.com\/#\/schema\/logo\/image\/","url":"https:\/\/auparadisdesjouets.com\/wp-content\/uploads\/2024\/09\/logo-paradis-jouets.png","contentUrl":"https:\/\/auparadisdesjouets.com\/wp-content\/uploads\/2024\/09\/logo-paradis-jouets.png","width":7678,"height":1950,"caption":"Au Paradis des Jouets"},"image":{"@id":"https:\/\/auparadisdesjouets.com\/#\/schema\/logo\/image\/"},"sameAs":["https:\/\/www.facebook.com\/auparadisdesjouets"]}]}},"jetpack_sharing_enabled":true,"_links":{"self":[{"href":"https:\/\/auparadisdesjouets.com\/index.php\/wp-json\/wp\/v2\/product\/2516","targetHints":{"allow":["GET"]}}],"collection":[{"href":"https:\/\/auparadisdesjouets.com\/index.php\/wp-json\/wp\/v2\/product"}],"about":[{"href":"https:\/\/auparadisdesjouets.com\/index.php\/wp-json\/wp\/v2\/types\/product"}],"replies":[{"embeddable":true,"href":"https:\/\/auparadisdesjouets.com\/index.php\/wp-json\/wp\/v2\/comments?post=2516"}],"version-history":[{"count":2,"href":"https:\/\/auparadisdesjouets.com\/index.php\/wp-json\/wp\/v2\/product\/2516\/revisions"}],"predecessor-version":[{"id":3862,"href":"https:\/\/auparadisdesjouets.com\/index.php\/wp-json\/wp\/v2\/product\/2516\/revisions\/3862"}],"wp:featuredmedia":[{"embeddable":true,"href":"https:\/\/auparadisdesjouets.com\/index.php\/wp-json\/wp\/v2\/media\/2517"}],"wp:attachment":[{"href":"https:\/\/auparadisdesjouets.com\/index.php\/wp-json\/wp\/v2\/media?parent=2516"}],"wp:term":[{"taxonomy":"product_brand","embeddable":true,"href":"https:\/\/auparadisdesjouets.com\/index.php\/wp-json\/wp\/v2\/product_brand?post=2516"},{"taxonomy":"product_cat","embeddable":true,"href":"https:\/\/auparadisdesjouets.com\/index.php\/wp-json\/wp\/v2\/product_cat?post=2516"},{"taxonomy":"product_tag","embeddable":true,"href":"https:\/\/auparadisdesjouets.com\/index.php\/wp-json\/wp\/v2\/product_tag?post=2516"},{"taxonomy":"giftcard-category","embeddable":true,"href":"https:\/\/auparadisdesjouets.com\/index.php\/wp-json\/wp\/v2\/giftcard-category?post=2516"}],"curies":[{"name":"wp","href":"https:\/\/api.w.org\/{rel}","templated":true}]}}