{"id":2469,"date":"2024-08-29T16:51:09","date_gmt":"2024-08-29T14:51:09","guid":{"rendered":"https:\/\/auparadisdesjouets.com\/?post_type=product&#038;p=2469"},"modified":"2025-07-03T17:09:33","modified_gmt":"2025-07-03T15:09:33","slug":"jouet-a-pousser-chat-et-chaton-ref-15450","status":"publish","type":"product","link":"https:\/\/auparadisdesjouets.com\/index.php\/produit\/jouet-a-pousser-chat-et-chaton-ref-15450\/","title":{"rendered":"TRAIN DE CHAT ET CHATON REF 15450"},"content":{"rendered":"<p>Pour les petits bambins \u00e9colos d\u00e9s 18 mois, \u00e9veil physique et coordination, avec ce joli <strong>Jouet \u00e0 Pousser Chat et Chaton Malins Cubika\u00ae. <\/strong>Un jouet pour s&rsquo;amuser \u00e0 atteler la remorque, empiler le bidon de lait sur la remorque, \u00e0 moins que le notre chaton pr\u00e9f\u00e9r\u00e9 l&rsquo;ai d\u00e9j\u00e0 tout bu&#8230; Mettre en mouvement cet ensemble demande finesse et attention, un joli jouet pour mobiliser les aptitudes de b\u00e9b\u00e9, et le voir imaginer des belles histoires de chats&#8230;.<\/p>\n<p>Ce jouet en bois se compose d&rsquo;un tracteur chat, d&rsquo;une remorque et d&rsquo;un bidon de lait \u00e0 enficher sur la remorque, et d&rsquo;un chaton qui ne manquera pas d&rsquo;assister b\u00e9b\u00e9 lors de ses aventures. Les roues sont mobiles, ainsi l&rsquo;enfant pourra imiter le mouvement du tracteur qui travaille au champ. Un jouet de la ferme parfait pour d\u00e9velopper l&rsquo;imagination et la motricit\u00e9 fine. <span class=\"fa fa-quote-right\">\u00a0<\/span><\/p>\n","protected":false},"excerpt":{"rendered":"<p>Pour les petits bambins \u00e9colos d\u00e9s 18 mois, \u00e9veil physique et coordination, avec ce joli Jouet \u00e0 Pousser Chat et Chaton Malins Cubika\u00ae. Un jouet pour s&rsquo;amuser \u00e0 atteler la remorque, empiler le bidon de lait sur la remorque, \u00e0 moins que le notre chaton pr\u00e9f\u00e9r\u00e9 l&rsquo;ai d\u00e9j\u00e0 tout bu&#8230; Mettre en mouvement cet ensemble demande finesse et attention, un joli jouet pour mobiliser les aptitudes de b\u00e9b\u00e9, et le voir imaginer des belles histoires de chats&#8230;. Ce jouet en bois se compose d&rsquo;un tracteur chat, d&rsquo;une remorque et d&rsquo;un bidon de lait \u00e0 enficher sur la remorque, et d&rsquo;un chaton qui ne manquera pas d&rsquo;assister b\u00e9b\u00e9 lors de ses aventures. Les roues sont mobiles, ainsi l&rsquo;enfant pourra imiter le mouvement du tracteur qui travaille au champ. Un jouet de la ferme parfait pour d\u00e9velopper l&rsquo;imagination et la motricit\u00e9 fine. \u00a0<\/p>\n","protected":false},"featured_media":2470,"comment_status":"open","ping_status":"closed","template":"","meta":[],"product_brand":[],"product_cat":[22,23,24,36,38],"product_tag":[],"giftcard-category":[],"class_list":{"0":"post-2469","1":"product","2":"type-product","3":"status-publish","4":"has-post-thumbnail","6":"product_cat-0-a-2-ans","7":"product_cat-2-a-5-ans","8":"product_cat-5-a-8-ans","9":"product_cat-jouets-en-bois","10":"product_cat-vehicules-et-garages","12":"entry","13":"has-media","15":"first","16":"instock","17":"taxable","18":"shipping-taxable","19":"purchasable","20":"product-type-simple","21":"has-product-nav","22":"col","23":"span_1_of_3","24":"owp-content-center","25":"owp-thumbs-layout-horizontal","26":"owp-btn-normal","27":"owp-tabs-layout-horizontal","28":"has-no-thumbnails","30":"circle-sale"},"yoast_head":"<!-- This site is optimized with the Yoast SEO plugin v27.4 - https:\/\/yoast.com\/product\/yoast-seo-wordpress\/ -->\n<title>TRAIN DE CHAT ET CHATON REF 15450 - Au Paradis des Jouets<\/title>\n<meta name=\"robots\" content=\"index, follow, max-snippet:-1, max-image-preview:large, max-video-preview:-1\" \/>\n<link rel=\"canonical\" href=\"https:\/\/auparadisdesjouets.com\/index.php\/produit\/jouet-a-pousser-chat-et-chaton-ref-15450\/\" \/>\n<meta property=\"og:locale\" content=\"fr_FR\" \/>\n<meta property=\"og:type\" content=\"article\" \/>\n<meta property=\"og:title\" content=\"TRAIN DE CHAT ET CHATON REF 15450 - Au Paradis des Jouets\" \/>\n<meta property=\"og:description\" content=\"Pour les petits bambins \u00e9colos d\u00e9s 18 mois, \u00e9veil physique et coordination, avec ce joli Jouet \u00e0 Pousser Chat et Chaton Malins Cubika\u00ae. Un jouet pour s&rsquo;amuser \u00e0 atteler la remorque, empiler le bidon de lait sur la remorque, \u00e0 moins que le notre chaton pr\u00e9f\u00e9r\u00e9 l&rsquo;ai d\u00e9j\u00e0 tout bu&#8230; Mettre en mouvement cet ensemble demande finesse et attention, un joli jouet pour mobiliser les aptitudes de b\u00e9b\u00e9, et le voir imaginer des belles histoires de chats&#8230;. Ce jouet en bois se compose d&rsquo;un tracteur chat, d&rsquo;une remorque et d&rsquo;un bidon de lait \u00e0 enficher sur la remorque, et d&rsquo;un chaton qui ne manquera pas d&rsquo;assister b\u00e9b\u00e9 lors de ses aventures. Les roues sont mobiles, ainsi l&rsquo;enfant pourra imiter le mouvement du tracteur qui travaille au champ. Un jouet de la ferme parfait pour d\u00e9velopper l&rsquo;imagination et la motricit\u00e9 fine. \u00a0\" \/>\n<meta property=\"og:url\" content=\"https:\/\/auparadisdesjouets.com\/index.php\/produit\/jouet-a-pousser-chat-et-chaton-ref-15450\/\" \/>\n<meta property=\"og:site_name\" content=\"Au Paradis des Jouets\" \/>\n<meta property=\"article:publisher\" content=\"https:\/\/www.facebook.com\/auparadisdesjouets\" \/>\n<meta property=\"article:modified_time\" content=\"2025-07-03T15:09:33+00:00\" \/>\n<meta property=\"og:image\" content=\"https:\/\/auparadisdesjouets.com\/wp-content\/uploads\/2024\/08\/jouet-a-pousser-chat-et-chaton-malins-cubika-jouets-en-bois.webp\" \/>\n\t<meta property=\"og:image:width\" content=\"800\" \/>\n\t<meta property=\"og:image:height\" content=\"800\" \/>\n\t<meta property=\"og:image:type\" content=\"image\/webp\" \/>\n<meta name=\"twitter:card\" content=\"summary_large_image\" \/>\n<meta name=\"twitter:label1\" content=\"Dur\u00e9e de lecture estim\u00e9e\" \/>\n\t<meta name=\"twitter:data1\" content=\"1 minute\" \/>\n<script type=\"application\/ld+json\" class=\"yoast-schema-graph\">{\"@context\":\"https:\\\/\\\/schema.org\",\"@graph\":[{\"@type\":\"WebPage\",\"@id\":\"https:\\\/\\\/auparadisdesjouets.com\\\/index.php\\\/produit\\\/jouet-a-pousser-chat-et-chaton-ref-15450\\\/\",\"url\":\"https:\\\/\\\/auparadisdesjouets.com\\\/index.php\\\/produit\\\/jouet-a-pousser-chat-et-chaton-ref-15450\\\/\",\"name\":\"TRAIN DE CHAT ET CHATON REF 15450 - Au Paradis des Jouets\",\"isPartOf\":{\"@id\":\"https:\\\/\\\/auparadisdesjouets.com\\\/#website\"},\"primaryImageOfPage\":{\"@id\":\"https:\\\/\\\/auparadisdesjouets.com\\\/index.php\\\/produit\\\/jouet-a-pousser-chat-et-chaton-ref-15450\\\/#primaryimage\"},\"image\":{\"@id\":\"https:\\\/\\\/auparadisdesjouets.com\\\/index.php\\\/produit\\\/jouet-a-pousser-chat-et-chaton-ref-15450\\\/#primaryimage\"},\"thumbnailUrl\":\"https:\\\/\\\/auparadisdesjouets.com\\\/wp-content\\\/uploads\\\/2024\\\/08\\\/jouet-a-pousser-chat-et-chaton-malins-cubika-jouets-en-bois.webp\",\"datePublished\":\"2024-08-29T14:51:09+00:00\",\"dateModified\":\"2025-07-03T15:09:33+00:00\",\"breadcrumb\":{\"@id\":\"https:\\\/\\\/auparadisdesjouets.com\\\/index.php\\\/produit\\\/jouet-a-pousser-chat-et-chaton-ref-15450\\\/#breadcrumb\"},\"inLanguage\":\"fr-FR\",\"potentialAction\":[{\"@type\":\"ReadAction\",\"target\":[\"https:\\\/\\\/auparadisdesjouets.com\\\/index.php\\\/produit\\\/jouet-a-pousser-chat-et-chaton-ref-15450\\\/\"]}]},{\"@type\":\"ImageObject\",\"inLanguage\":\"fr-FR\",\"@id\":\"https:\\\/\\\/auparadisdesjouets.com\\\/index.php\\\/produit\\\/jouet-a-pousser-chat-et-chaton-ref-15450\\\/#primaryimage\",\"url\":\"https:\\\/\\\/auparadisdesjouets.com\\\/wp-content\\\/uploads\\\/2024\\\/08\\\/jouet-a-pousser-chat-et-chaton-malins-cubika-jouets-en-bois.webp\",\"contentUrl\":\"https:\\\/\\\/auparadisdesjouets.com\\\/wp-content\\\/uploads\\\/2024\\\/08\\\/jouet-a-pousser-chat-et-chaton-malins-cubika-jouets-en-bois.webp\",\"width\":800,\"height\":800},{\"@type\":\"BreadcrumbList\",\"@id\":\"https:\\\/\\\/auparadisdesjouets.com\\\/index.php\\\/produit\\\/jouet-a-pousser-chat-et-chaton-ref-15450\\\/#breadcrumb\",\"itemListElement\":[{\"@type\":\"ListItem\",\"position\":1,\"name\":\"Accueil\",\"item\":\"https:\\\/\\\/auparadisdesjouets.com\\\/\"},{\"@type\":\"ListItem\",\"position\":2,\"name\":\"Boutique\",\"item\":\"https:\\\/\\\/auparadisdesjouets.com\\\/index.php\\\/boutique\\\/\"},{\"@type\":\"ListItem\",\"position\":3,\"name\":\"TRAIN DE CHAT ET CHATON REF 15450\"}]},{\"@type\":\"WebSite\",\"@id\":\"https:\\\/\\\/auparadisdesjouets.com\\\/#website\",\"url\":\"https:\\\/\\\/auparadisdesjouets.com\\\/\",\"name\":\"Au Paradis des Jouets\",\"description\":\"Trouvez le jouet qui vous correspond !\",\"publisher\":{\"@id\":\"https:\\\/\\\/auparadisdesjouets.com\\\/#organization\"},\"potentialAction\":[{\"@type\":\"SearchAction\",\"target\":{\"@type\":\"EntryPoint\",\"urlTemplate\":\"https:\\\/\\\/auparadisdesjouets.com\\\/?s={search_term_string}\"},\"query-input\":{\"@type\":\"PropertyValueSpecification\",\"valueRequired\":true,\"valueName\":\"search_term_string\"}}],\"inLanguage\":\"fr-FR\"},{\"@type\":\"Organization\",\"@id\":\"https:\\\/\\\/auparadisdesjouets.com\\\/#organization\",\"name\":\"Au Paradis des Jouets\",\"url\":\"https:\\\/\\\/auparadisdesjouets.com\\\/\",\"logo\":{\"@type\":\"ImageObject\",\"inLanguage\":\"fr-FR\",\"@id\":\"https:\\\/\\\/auparadisdesjouets.com\\\/#\\\/schema\\\/logo\\\/image\\\/\",\"url\":\"https:\\\/\\\/auparadisdesjouets.com\\\/wp-content\\\/uploads\\\/2024\\\/09\\\/logo-paradis-jouets.png\",\"contentUrl\":\"https:\\\/\\\/auparadisdesjouets.com\\\/wp-content\\\/uploads\\\/2024\\\/09\\\/logo-paradis-jouets.png\",\"width\":7678,\"height\":1950,\"caption\":\"Au Paradis des Jouets\"},\"image\":{\"@id\":\"https:\\\/\\\/auparadisdesjouets.com\\\/#\\\/schema\\\/logo\\\/image\\\/\"},\"sameAs\":[\"https:\\\/\\\/www.facebook.com\\\/auparadisdesjouets\"]}]}<\/script>\n<!-- \/ Yoast SEO plugin. -->","yoast_head_json":{"title":"TRAIN DE CHAT ET CHATON REF 15450 - Au Paradis des Jouets","robots":{"index":"index","follow":"follow","max-snippet":"max-snippet:-1","max-image-preview":"max-image-preview:large","max-video-preview":"max-video-preview:-1"},"canonical":"https:\/\/auparadisdesjouets.com\/index.php\/produit\/jouet-a-pousser-chat-et-chaton-ref-15450\/","og_locale":"fr_FR","og_type":"article","og_title":"TRAIN DE CHAT ET CHATON REF 15450 - Au Paradis des Jouets","og_description":"Pour les petits bambins \u00e9colos d\u00e9s 18 mois, \u00e9veil physique et coordination, avec ce joli Jouet \u00e0 Pousser Chat et Chaton Malins Cubika\u00ae. Un jouet pour s&rsquo;amuser \u00e0 atteler la remorque, empiler le bidon de lait sur la remorque, \u00e0 moins que le notre chaton pr\u00e9f\u00e9r\u00e9 l&rsquo;ai d\u00e9j\u00e0 tout bu&#8230; Mettre en mouvement cet ensemble demande finesse et attention, un joli jouet pour mobiliser les aptitudes de b\u00e9b\u00e9, et le voir imaginer des belles histoires de chats&#8230;. Ce jouet en bois se compose d&rsquo;un tracteur chat, d&rsquo;une remorque et d&rsquo;un bidon de lait \u00e0 enficher sur la remorque, et d&rsquo;un chaton qui ne manquera pas d&rsquo;assister b\u00e9b\u00e9 lors de ses aventures. Les roues sont mobiles, ainsi l&rsquo;enfant pourra imiter le mouvement du tracteur qui travaille au champ. Un jouet de la ferme parfait pour d\u00e9velopper l&rsquo;imagination et la motricit\u00e9 fine. \u00a0","og_url":"https:\/\/auparadisdesjouets.com\/index.php\/produit\/jouet-a-pousser-chat-et-chaton-ref-15450\/","og_site_name":"Au Paradis des Jouets","article_publisher":"https:\/\/www.facebook.com\/auparadisdesjouets","article_modified_time":"2025-07-03T15:09:33+00:00","og_image":[{"width":800,"height":800,"url":"https:\/\/auparadisdesjouets.com\/wp-content\/uploads\/2024\/08\/jouet-a-pousser-chat-et-chaton-malins-cubika-jouets-en-bois.webp","type":"image\/webp"}],"twitter_card":"summary_large_image","twitter_misc":{"Dur\u00e9e de lecture estim\u00e9e":"1 minute"},"schema":{"@context":"https:\/\/schema.org","@graph":[{"@type":"WebPage","@id":"https:\/\/auparadisdesjouets.com\/index.php\/produit\/jouet-a-pousser-chat-et-chaton-ref-15450\/","url":"https:\/\/auparadisdesjouets.com\/index.php\/produit\/jouet-a-pousser-chat-et-chaton-ref-15450\/","name":"TRAIN DE CHAT ET CHATON REF 15450 - Au Paradis des Jouets","isPartOf":{"@id":"https:\/\/auparadisdesjouets.com\/#website"},"primaryImageOfPage":{"@id":"https:\/\/auparadisdesjouets.com\/index.php\/produit\/jouet-a-pousser-chat-et-chaton-ref-15450\/#primaryimage"},"image":{"@id":"https:\/\/auparadisdesjouets.com\/index.php\/produit\/jouet-a-pousser-chat-et-chaton-ref-15450\/#primaryimage"},"thumbnailUrl":"https:\/\/auparadisdesjouets.com\/wp-content\/uploads\/2024\/08\/jouet-a-pousser-chat-et-chaton-malins-cubika-jouets-en-bois.webp","datePublished":"2024-08-29T14:51:09+00:00","dateModified":"2025-07-03T15:09:33+00:00","breadcrumb":{"@id":"https:\/\/auparadisdesjouets.com\/index.php\/produit\/jouet-a-pousser-chat-et-chaton-ref-15450\/#breadcrumb"},"inLanguage":"fr-FR","potentialAction":[{"@type":"ReadAction","target":["https:\/\/auparadisdesjouets.com\/index.php\/produit\/jouet-a-pousser-chat-et-chaton-ref-15450\/"]}]},{"@type":"ImageObject","inLanguage":"fr-FR","@id":"https:\/\/auparadisdesjouets.com\/index.php\/produit\/jouet-a-pousser-chat-et-chaton-ref-15450\/#primaryimage","url":"https:\/\/auparadisdesjouets.com\/wp-content\/uploads\/2024\/08\/jouet-a-pousser-chat-et-chaton-malins-cubika-jouets-en-bois.webp","contentUrl":"https:\/\/auparadisdesjouets.com\/wp-content\/uploads\/2024\/08\/jouet-a-pousser-chat-et-chaton-malins-cubika-jouets-en-bois.webp","width":800,"height":800},{"@type":"BreadcrumbList","@id":"https:\/\/auparadisdesjouets.com\/index.php\/produit\/jouet-a-pousser-chat-et-chaton-ref-15450\/#breadcrumb","itemListElement":[{"@type":"ListItem","position":1,"name":"Accueil","item":"https:\/\/auparadisdesjouets.com\/"},{"@type":"ListItem","position":2,"name":"Boutique","item":"https:\/\/auparadisdesjouets.com\/index.php\/boutique\/"},{"@type":"ListItem","position":3,"name":"TRAIN DE CHAT ET CHATON REF 15450"}]},{"@type":"WebSite","@id":"https:\/\/auparadisdesjouets.com\/#website","url":"https:\/\/auparadisdesjouets.com\/","name":"Au Paradis des Jouets","description":"Trouvez le jouet qui vous correspond !","publisher":{"@id":"https:\/\/auparadisdesjouets.com\/#organization"},"potentialAction":[{"@type":"SearchAction","target":{"@type":"EntryPoint","urlTemplate":"https:\/\/auparadisdesjouets.com\/?s={search_term_string}"},"query-input":{"@type":"PropertyValueSpecification","valueRequired":true,"valueName":"search_term_string"}}],"inLanguage":"fr-FR"},{"@type":"Organization","@id":"https:\/\/auparadisdesjouets.com\/#organization","name":"Au Paradis des Jouets","url":"https:\/\/auparadisdesjouets.com\/","logo":{"@type":"ImageObject","inLanguage":"fr-FR","@id":"https:\/\/auparadisdesjouets.com\/#\/schema\/logo\/image\/","url":"https:\/\/auparadisdesjouets.com\/wp-content\/uploads\/2024\/09\/logo-paradis-jouets.png","contentUrl":"https:\/\/auparadisdesjouets.com\/wp-content\/uploads\/2024\/09\/logo-paradis-jouets.png","width":7678,"height":1950,"caption":"Au Paradis des Jouets"},"image":{"@id":"https:\/\/auparadisdesjouets.com\/#\/schema\/logo\/image\/"},"sameAs":["https:\/\/www.facebook.com\/auparadisdesjouets"]}]}},"jetpack_sharing_enabled":true,"_links":{"self":[{"href":"https:\/\/auparadisdesjouets.com\/index.php\/wp-json\/wp\/v2\/product\/2469","targetHints":{"allow":["GET"]}}],"collection":[{"href":"https:\/\/auparadisdesjouets.com\/index.php\/wp-json\/wp\/v2\/product"}],"about":[{"href":"https:\/\/auparadisdesjouets.com\/index.php\/wp-json\/wp\/v2\/types\/product"}],"replies":[{"embeddable":true,"href":"https:\/\/auparadisdesjouets.com\/index.php\/wp-json\/wp\/v2\/comments?post=2469"}],"version-history":[{"count":2,"href":"https:\/\/auparadisdesjouets.com\/index.php\/wp-json\/wp\/v2\/product\/2469\/revisions"}],"predecessor-version":[{"id":3870,"href":"https:\/\/auparadisdesjouets.com\/index.php\/wp-json\/wp\/v2\/product\/2469\/revisions\/3870"}],"wp:featuredmedia":[{"embeddable":true,"href":"https:\/\/auparadisdesjouets.com\/index.php\/wp-json\/wp\/v2\/media\/2470"}],"wp:attachment":[{"href":"https:\/\/auparadisdesjouets.com\/index.php\/wp-json\/wp\/v2\/media?parent=2469"}],"wp:term":[{"taxonomy":"product_brand","embeddable":true,"href":"https:\/\/auparadisdesjouets.com\/index.php\/wp-json\/wp\/v2\/product_brand?post=2469"},{"taxonomy":"product_cat","embeddable":true,"href":"https:\/\/auparadisdesjouets.com\/index.php\/wp-json\/wp\/v2\/product_cat?post=2469"},{"taxonomy":"product_tag","embeddable":true,"href":"https:\/\/auparadisdesjouets.com\/index.php\/wp-json\/wp\/v2\/product_tag?post=2469"},{"taxonomy":"giftcard-category","embeddable":true,"href":"https:\/\/auparadisdesjouets.com\/index.php\/wp-json\/wp\/v2\/giftcard-category?post=2469"}],"curies":[{"name":"wp","href":"https:\/\/api.w.org\/{rel}","templated":true}]}}