{"id":2418,"date":"2024-08-29T14:59:51","date_gmt":"2024-08-29T12:59:51","guid":{"rendered":"https:\/\/auparadisdesjouets.com\/?post_type=product&#038;p=2418"},"modified":"2025-02-05T14:22:14","modified_gmt":"2025-02-05T13:22:14","slug":"patarev-pocket-grenouille-ref-8635","status":"publish","type":"product","link":"https:\/\/auparadisdesjouets.com\/index.php\/produit\/patarev-pocket-grenouille-ref-8635\/","title":{"rendered":"PATAREV POCKET GRENOUILLE REF 8635"},"content":{"rendered":"<p>Ce coffret fournit 4 couleurs de Patarev et un pas \u00e0 pas facile et illustr\u00e9 pour vous apprendre \u00e0 faire une petite grenouille en p\u00e2te \u00e0 modeler. Il n&rsquo;y a pas besoin de faire de m\u00e9lange, toutes les couleurs n\u00e9cessaires sont fournies dans le pot \u00e0 compartiments !<\/p>\n<p>La Patarev est une p\u00e2te \u00e0 modeler r\u00e9volutionnaire : elle s\u00e8che \u00e0 l&rsquo;air libre, sans craquer, pour vous permettre de conserver vos cr\u00e9ations. De plus, elle ne tache pas et ne colle ni aux doigts, ni aux tables ! Elle est \u00e9galement rebondissante, parfumable et les couleurs se m\u00e9langent parfaitement pour cr\u00e9er de tr\u00e8s nombreuses couleurs vives.<\/p>\n<p>Sa texture l\u00e9g\u00e8re et \u00e9lastique offre un plaisir tactile qui facilite et encourage la cr\u00e9ation quel que soit l\u2019\u00e2ge. Une activit\u00e9 manuelle r\u00e9volutionnaire qui saura ravir les petits, comme les grands !<\/p>\n","protected":false},"excerpt":{"rendered":"<p>Ce coffret fournit 4 couleurs de Patarev et un pas \u00e0 pas facile et illustr\u00e9 pour vous apprendre \u00e0 faire une petite grenouille en p\u00e2te \u00e0 modeler. Il n&rsquo;y a pas besoin de faire de m\u00e9lange, toutes les couleurs n\u00e9cessaires sont fournies dans le pot \u00e0 compartiments ! La Patarev est une p\u00e2te \u00e0 modeler r\u00e9volutionnaire : elle s\u00e8che \u00e0 l&rsquo;air libre, sans craquer, pour vous permettre de conserver vos cr\u00e9ations. De plus, elle ne tache pas et ne colle ni aux doigts, ni aux tables ! Elle est \u00e9galement rebondissante, parfumable et les couleurs se m\u00e9langent parfaitement pour cr\u00e9er de tr\u00e8s nombreuses couleurs vives. Sa texture l\u00e9g\u00e8re et \u00e9lastique offre un plaisir tactile qui facilite et encourage la cr\u00e9ation quel que soit l\u2019\u00e2ge. Une activit\u00e9 manuelle r\u00e9volutionnaire qui saura ravir les petits, comme les grands !<\/p>\n","protected":false},"featured_media":2419,"comment_status":"open","ping_status":"closed","template":"","meta":[],"product_brand":[],"product_cat":[65,24,25,35,69],"product_tag":[],"giftcard-category":[],"class_list":{"0":"post-2418","1":"product","2":"type-product","3":"status-publish","4":"has-post-thumbnail","6":"product_cat-1-joueur","7":"product_cat-5-a-8-ans","8":"product_cat-8-a-12-ans","9":"product_cat-activites-creatives-et-manuelles","10":"product_cat-petits-prix","12":"entry","13":"has-media","15":"first","16":"instock","17":"taxable","18":"shipping-taxable","19":"purchasable","20":"product-type-simple","21":"has-product-nav","22":"col","23":"span_1_of_3","24":"owp-content-center","25":"owp-thumbs-layout-horizontal","26":"owp-btn-normal","27":"owp-tabs-layout-horizontal","28":"has-no-thumbnails","30":"circle-sale"},"yoast_head":"<!-- This site is optimized with the Yoast SEO plugin v27.4 - https:\/\/yoast.com\/product\/yoast-seo-wordpress\/ -->\n<title>PATAREV POCKET GRENOUILLE REF 8635 - Au Paradis des Jouets<\/title>\n<meta name=\"robots\" content=\"index, follow, max-snippet:-1, max-image-preview:large, max-video-preview:-1\" \/>\n<link rel=\"canonical\" href=\"https:\/\/auparadisdesjouets.com\/index.php\/produit\/patarev-pocket-grenouille-ref-8635\/\" \/>\n<meta property=\"og:locale\" content=\"fr_FR\" \/>\n<meta property=\"og:type\" content=\"article\" \/>\n<meta property=\"og:title\" content=\"PATAREV POCKET GRENOUILLE REF 8635 - Au Paradis des Jouets\" \/>\n<meta property=\"og:description\" content=\"Ce coffret fournit 4 couleurs de Patarev et un pas \u00e0 pas facile et illustr\u00e9 pour vous apprendre \u00e0 faire une petite grenouille en p\u00e2te \u00e0 modeler. Il n&rsquo;y a pas besoin de faire de m\u00e9lange, toutes les couleurs n\u00e9cessaires sont fournies dans le pot \u00e0 compartiments ! La Patarev est une p\u00e2te \u00e0 modeler r\u00e9volutionnaire : elle s\u00e8che \u00e0 l&rsquo;air libre, sans craquer, pour vous permettre de conserver vos cr\u00e9ations. De plus, elle ne tache pas et ne colle ni aux doigts, ni aux tables ! Elle est \u00e9galement rebondissante, parfumable et les couleurs se m\u00e9langent parfaitement pour cr\u00e9er de tr\u00e8s nombreuses couleurs vives. Sa texture l\u00e9g\u00e8re et \u00e9lastique offre un plaisir tactile qui facilite et encourage la cr\u00e9ation quel que soit l\u2019\u00e2ge. Une activit\u00e9 manuelle r\u00e9volutionnaire qui saura ravir les petits, comme les grands !\" \/>\n<meta property=\"og:url\" content=\"https:\/\/auparadisdesjouets.com\/index.php\/produit\/patarev-pocket-grenouille-ref-8635\/\" \/>\n<meta property=\"og:site_name\" content=\"Au Paradis des Jouets\" \/>\n<meta property=\"article:publisher\" content=\"https:\/\/www.facebook.com\/auparadisdesjouets\" \/>\n<meta property=\"article:modified_time\" content=\"2025-02-05T13:22:14+00:00\" \/>\n<meta property=\"og:image\" content=\"https:\/\/auparadisdesjouets.com\/wp-content\/uploads\/2024\/08\/patarev-pocket-grenouille.jpg\" \/>\n\t<meta property=\"og:image:width\" content=\"800\" \/>\n\t<meta property=\"og:image:height\" content=\"800\" \/>\n\t<meta property=\"og:image:type\" content=\"image\/jpeg\" \/>\n<meta name=\"twitter:card\" content=\"summary_large_image\" \/>\n<meta name=\"twitter:label1\" content=\"Dur\u00e9e de lecture estim\u00e9e\" \/>\n\t<meta name=\"twitter:data1\" content=\"1 minute\" \/>\n<script type=\"application\/ld+json\" class=\"yoast-schema-graph\">{\"@context\":\"https:\\\/\\\/schema.org\",\"@graph\":[{\"@type\":\"WebPage\",\"@id\":\"https:\\\/\\\/auparadisdesjouets.com\\\/index.php\\\/produit\\\/patarev-pocket-grenouille-ref-8635\\\/\",\"url\":\"https:\\\/\\\/auparadisdesjouets.com\\\/index.php\\\/produit\\\/patarev-pocket-grenouille-ref-8635\\\/\",\"name\":\"PATAREV POCKET GRENOUILLE REF 8635 - Au Paradis des Jouets\",\"isPartOf\":{\"@id\":\"https:\\\/\\\/auparadisdesjouets.com\\\/#website\"},\"primaryImageOfPage\":{\"@id\":\"https:\\\/\\\/auparadisdesjouets.com\\\/index.php\\\/produit\\\/patarev-pocket-grenouille-ref-8635\\\/#primaryimage\"},\"image\":{\"@id\":\"https:\\\/\\\/auparadisdesjouets.com\\\/index.php\\\/produit\\\/patarev-pocket-grenouille-ref-8635\\\/#primaryimage\"},\"thumbnailUrl\":\"https:\\\/\\\/auparadisdesjouets.com\\\/wp-content\\\/uploads\\\/2024\\\/08\\\/patarev-pocket-grenouille.jpg\",\"datePublished\":\"2024-08-29T12:59:51+00:00\",\"dateModified\":\"2025-02-05T13:22:14+00:00\",\"breadcrumb\":{\"@id\":\"https:\\\/\\\/auparadisdesjouets.com\\\/index.php\\\/produit\\\/patarev-pocket-grenouille-ref-8635\\\/#breadcrumb\"},\"inLanguage\":\"fr-FR\",\"potentialAction\":[{\"@type\":\"ReadAction\",\"target\":[\"https:\\\/\\\/auparadisdesjouets.com\\\/index.php\\\/produit\\\/patarev-pocket-grenouille-ref-8635\\\/\"]}]},{\"@type\":\"ImageObject\",\"inLanguage\":\"fr-FR\",\"@id\":\"https:\\\/\\\/auparadisdesjouets.com\\\/index.php\\\/produit\\\/patarev-pocket-grenouille-ref-8635\\\/#primaryimage\",\"url\":\"https:\\\/\\\/auparadisdesjouets.com\\\/wp-content\\\/uploads\\\/2024\\\/08\\\/patarev-pocket-grenouille.jpg\",\"contentUrl\":\"https:\\\/\\\/auparadisdesjouets.com\\\/wp-content\\\/uploads\\\/2024\\\/08\\\/patarev-pocket-grenouille.jpg\",\"width\":800,\"height\":800},{\"@type\":\"BreadcrumbList\",\"@id\":\"https:\\\/\\\/auparadisdesjouets.com\\\/index.php\\\/produit\\\/patarev-pocket-grenouille-ref-8635\\\/#breadcrumb\",\"itemListElement\":[{\"@type\":\"ListItem\",\"position\":1,\"name\":\"Accueil\",\"item\":\"https:\\\/\\\/auparadisdesjouets.com\\\/\"},{\"@type\":\"ListItem\",\"position\":2,\"name\":\"Boutique\",\"item\":\"https:\\\/\\\/auparadisdesjouets.com\\\/index.php\\\/boutique\\\/\"},{\"@type\":\"ListItem\",\"position\":3,\"name\":\"PATAREV POCKET GRENOUILLE REF 8635\"}]},{\"@type\":\"WebSite\",\"@id\":\"https:\\\/\\\/auparadisdesjouets.com\\\/#website\",\"url\":\"https:\\\/\\\/auparadisdesjouets.com\\\/\",\"name\":\"Au Paradis des Jouets\",\"description\":\"Trouvez le jouet qui vous correspond !\",\"publisher\":{\"@id\":\"https:\\\/\\\/auparadisdesjouets.com\\\/#organization\"},\"potentialAction\":[{\"@type\":\"SearchAction\",\"target\":{\"@type\":\"EntryPoint\",\"urlTemplate\":\"https:\\\/\\\/auparadisdesjouets.com\\\/?s={search_term_string}\"},\"query-input\":{\"@type\":\"PropertyValueSpecification\",\"valueRequired\":true,\"valueName\":\"search_term_string\"}}],\"inLanguage\":\"fr-FR\"},{\"@type\":\"Organization\",\"@id\":\"https:\\\/\\\/auparadisdesjouets.com\\\/#organization\",\"name\":\"Au Paradis des Jouets\",\"url\":\"https:\\\/\\\/auparadisdesjouets.com\\\/\",\"logo\":{\"@type\":\"ImageObject\",\"inLanguage\":\"fr-FR\",\"@id\":\"https:\\\/\\\/auparadisdesjouets.com\\\/#\\\/schema\\\/logo\\\/image\\\/\",\"url\":\"https:\\\/\\\/auparadisdesjouets.com\\\/wp-content\\\/uploads\\\/2024\\\/09\\\/logo-paradis-jouets.png\",\"contentUrl\":\"https:\\\/\\\/auparadisdesjouets.com\\\/wp-content\\\/uploads\\\/2024\\\/09\\\/logo-paradis-jouets.png\",\"width\":7678,\"height\":1950,\"caption\":\"Au Paradis des Jouets\"},\"image\":{\"@id\":\"https:\\\/\\\/auparadisdesjouets.com\\\/#\\\/schema\\\/logo\\\/image\\\/\"},\"sameAs\":[\"https:\\\/\\\/www.facebook.com\\\/auparadisdesjouets\"]}]}<\/script>\n<!-- \/ Yoast SEO plugin. -->","yoast_head_json":{"title":"PATAREV POCKET GRENOUILLE REF 8635 - Au Paradis des Jouets","robots":{"index":"index","follow":"follow","max-snippet":"max-snippet:-1","max-image-preview":"max-image-preview:large","max-video-preview":"max-video-preview:-1"},"canonical":"https:\/\/auparadisdesjouets.com\/index.php\/produit\/patarev-pocket-grenouille-ref-8635\/","og_locale":"fr_FR","og_type":"article","og_title":"PATAREV POCKET GRENOUILLE REF 8635 - Au Paradis des Jouets","og_description":"Ce coffret fournit 4 couleurs de Patarev et un pas \u00e0 pas facile et illustr\u00e9 pour vous apprendre \u00e0 faire une petite grenouille en p\u00e2te \u00e0 modeler. Il n&rsquo;y a pas besoin de faire de m\u00e9lange, toutes les couleurs n\u00e9cessaires sont fournies dans le pot \u00e0 compartiments ! La Patarev est une p\u00e2te \u00e0 modeler r\u00e9volutionnaire : elle s\u00e8che \u00e0 l&rsquo;air libre, sans craquer, pour vous permettre de conserver vos cr\u00e9ations. De plus, elle ne tache pas et ne colle ni aux doigts, ni aux tables ! Elle est \u00e9galement rebondissante, parfumable et les couleurs se m\u00e9langent parfaitement pour cr\u00e9er de tr\u00e8s nombreuses couleurs vives. Sa texture l\u00e9g\u00e8re et \u00e9lastique offre un plaisir tactile qui facilite et encourage la cr\u00e9ation quel que soit l\u2019\u00e2ge. Une activit\u00e9 manuelle r\u00e9volutionnaire qui saura ravir les petits, comme les grands !","og_url":"https:\/\/auparadisdesjouets.com\/index.php\/produit\/patarev-pocket-grenouille-ref-8635\/","og_site_name":"Au Paradis des Jouets","article_publisher":"https:\/\/www.facebook.com\/auparadisdesjouets","article_modified_time":"2025-02-05T13:22:14+00:00","og_image":[{"width":800,"height":800,"url":"https:\/\/auparadisdesjouets.com\/wp-content\/uploads\/2024\/08\/patarev-pocket-grenouille.jpg","type":"image\/jpeg"}],"twitter_card":"summary_large_image","twitter_misc":{"Dur\u00e9e de lecture estim\u00e9e":"1 minute"},"schema":{"@context":"https:\/\/schema.org","@graph":[{"@type":"WebPage","@id":"https:\/\/auparadisdesjouets.com\/index.php\/produit\/patarev-pocket-grenouille-ref-8635\/","url":"https:\/\/auparadisdesjouets.com\/index.php\/produit\/patarev-pocket-grenouille-ref-8635\/","name":"PATAREV POCKET GRENOUILLE REF 8635 - Au Paradis des Jouets","isPartOf":{"@id":"https:\/\/auparadisdesjouets.com\/#website"},"primaryImageOfPage":{"@id":"https:\/\/auparadisdesjouets.com\/index.php\/produit\/patarev-pocket-grenouille-ref-8635\/#primaryimage"},"image":{"@id":"https:\/\/auparadisdesjouets.com\/index.php\/produit\/patarev-pocket-grenouille-ref-8635\/#primaryimage"},"thumbnailUrl":"https:\/\/auparadisdesjouets.com\/wp-content\/uploads\/2024\/08\/patarev-pocket-grenouille.jpg","datePublished":"2024-08-29T12:59:51+00:00","dateModified":"2025-02-05T13:22:14+00:00","breadcrumb":{"@id":"https:\/\/auparadisdesjouets.com\/index.php\/produit\/patarev-pocket-grenouille-ref-8635\/#breadcrumb"},"inLanguage":"fr-FR","potentialAction":[{"@type":"ReadAction","target":["https:\/\/auparadisdesjouets.com\/index.php\/produit\/patarev-pocket-grenouille-ref-8635\/"]}]},{"@type":"ImageObject","inLanguage":"fr-FR","@id":"https:\/\/auparadisdesjouets.com\/index.php\/produit\/patarev-pocket-grenouille-ref-8635\/#primaryimage","url":"https:\/\/auparadisdesjouets.com\/wp-content\/uploads\/2024\/08\/patarev-pocket-grenouille.jpg","contentUrl":"https:\/\/auparadisdesjouets.com\/wp-content\/uploads\/2024\/08\/patarev-pocket-grenouille.jpg","width":800,"height":800},{"@type":"BreadcrumbList","@id":"https:\/\/auparadisdesjouets.com\/index.php\/produit\/patarev-pocket-grenouille-ref-8635\/#breadcrumb","itemListElement":[{"@type":"ListItem","position":1,"name":"Accueil","item":"https:\/\/auparadisdesjouets.com\/"},{"@type":"ListItem","position":2,"name":"Boutique","item":"https:\/\/auparadisdesjouets.com\/index.php\/boutique\/"},{"@type":"ListItem","position":3,"name":"PATAREV POCKET GRENOUILLE REF 8635"}]},{"@type":"WebSite","@id":"https:\/\/auparadisdesjouets.com\/#website","url":"https:\/\/auparadisdesjouets.com\/","name":"Au Paradis des Jouets","description":"Trouvez le jouet qui vous correspond !","publisher":{"@id":"https:\/\/auparadisdesjouets.com\/#organization"},"potentialAction":[{"@type":"SearchAction","target":{"@type":"EntryPoint","urlTemplate":"https:\/\/auparadisdesjouets.com\/?s={search_term_string}"},"query-input":{"@type":"PropertyValueSpecification","valueRequired":true,"valueName":"search_term_string"}}],"inLanguage":"fr-FR"},{"@type":"Organization","@id":"https:\/\/auparadisdesjouets.com\/#organization","name":"Au Paradis des Jouets","url":"https:\/\/auparadisdesjouets.com\/","logo":{"@type":"ImageObject","inLanguage":"fr-FR","@id":"https:\/\/auparadisdesjouets.com\/#\/schema\/logo\/image\/","url":"https:\/\/auparadisdesjouets.com\/wp-content\/uploads\/2024\/09\/logo-paradis-jouets.png","contentUrl":"https:\/\/auparadisdesjouets.com\/wp-content\/uploads\/2024\/09\/logo-paradis-jouets.png","width":7678,"height":1950,"caption":"Au Paradis des Jouets"},"image":{"@id":"https:\/\/auparadisdesjouets.com\/#\/schema\/logo\/image\/"},"sameAs":["https:\/\/www.facebook.com\/auparadisdesjouets"]}]}},"jetpack_sharing_enabled":true,"_links":{"self":[{"href":"https:\/\/auparadisdesjouets.com\/index.php\/wp-json\/wp\/v2\/product\/2418","targetHints":{"allow":["GET"]}}],"collection":[{"href":"https:\/\/auparadisdesjouets.com\/index.php\/wp-json\/wp\/v2\/product"}],"about":[{"href":"https:\/\/auparadisdesjouets.com\/index.php\/wp-json\/wp\/v2\/types\/product"}],"replies":[{"embeddable":true,"href":"https:\/\/auparadisdesjouets.com\/index.php\/wp-json\/wp\/v2\/comments?post=2418"}],"version-history":[{"count":1,"href":"https:\/\/auparadisdesjouets.com\/index.php\/wp-json\/wp\/v2\/product\/2418\/revisions"}],"predecessor-version":[{"id":2420,"href":"https:\/\/auparadisdesjouets.com\/index.php\/wp-json\/wp\/v2\/product\/2418\/revisions\/2420"}],"wp:featuredmedia":[{"embeddable":true,"href":"https:\/\/auparadisdesjouets.com\/index.php\/wp-json\/wp\/v2\/media\/2419"}],"wp:attachment":[{"href":"https:\/\/auparadisdesjouets.com\/index.php\/wp-json\/wp\/v2\/media?parent=2418"}],"wp:term":[{"taxonomy":"product_brand","embeddable":true,"href":"https:\/\/auparadisdesjouets.com\/index.php\/wp-json\/wp\/v2\/product_brand?post=2418"},{"taxonomy":"product_cat","embeddable":true,"href":"https:\/\/auparadisdesjouets.com\/index.php\/wp-json\/wp\/v2\/product_cat?post=2418"},{"taxonomy":"product_tag","embeddable":true,"href":"https:\/\/auparadisdesjouets.com\/index.php\/wp-json\/wp\/v2\/product_tag?post=2418"},{"taxonomy":"giftcard-category","embeddable":true,"href":"https:\/\/auparadisdesjouets.com\/index.php\/wp-json\/wp\/v2\/giftcard-category?post=2418"}],"curies":[{"name":"wp","href":"https:\/\/api.w.org\/{rel}","templated":true}]}}