{"id":2332,"date":"2024-08-29T10:12:09","date_gmt":"2024-08-29T08:12:09","guid":{"rendered":"https:\/\/auparadisdesjouets.com\/?post_type=product&#038;p=2332"},"modified":"2025-12-02T09:27:24","modified_gmt":"2025-12-02T08:27:24","slug":"le-village-teifoc-ref-tei4310","status":"publish","type":"product","link":"https:\/\/auparadisdesjouets.com\/index.php\/produit\/le-village-teifoc-ref-tei4310\/","title":{"rendered":"JEU DE CONSTRUCTION LE VILLAGE TEIFOC REF TEI4310"},"content":{"rendered":"<p><strong>Avec cet ensemble de briques, vous construirez un village, mais aussi d&rsquo;autres constructions insolites.<\/strong><\/p>\n<p>Laissez votre cr\u00e9ativit\u00e9 prendre le dessus. \u00c0 l&rsquo;aide du plan, au moins deux variantes de mod\u00e8le diff\u00e9rentes peuvent \u00eatre construites.<\/p>\n<p>L&rsquo;ensemble comprend des instructions de construction d\u00e9taill\u00e9es, un bol de mortier, une truelle, des briques et du mortier. Jouer avec les produits teifoc favorise la motricit\u00e9 fine ainsi que la pens\u00e9e logique et spatiale.<\/p>\n<p>Ce produit convient aux enfants \u00e0 partir de 6 ans.<\/p>\n","protected":false},"excerpt":{"rendered":"<p>Avec cet ensemble de briques, vous construirez un village, mais aussi d&rsquo;autres constructions insolites. Laissez votre cr\u00e9ativit\u00e9 prendre le dessus. \u00c0 l&rsquo;aide du plan, au moins deux variantes de mod\u00e8le diff\u00e9rentes peuvent \u00eatre construites. L&rsquo;ensemble comprend des instructions de construction d\u00e9taill\u00e9es, un bol de mortier, une truelle, des briques et du mortier. Jouer avec les produits teifoc favorise la motricit\u00e9 fine ainsi que la pens\u00e9e logique et spatiale. Ce produit convient aux enfants \u00e0 partir de 6 ans.<\/p>\n","protected":false},"featured_media":2333,"comment_status":"open","ping_status":"closed","template":"","meta":[],"product_brand":[],"product_cat":[24,25,35],"product_tag":[],"giftcard-category":[],"class_list":{"0":"post-2332","1":"product","2":"type-product","3":"status-publish","4":"has-post-thumbnail","6":"product_cat-5-a-8-ans","7":"product_cat-8-a-12-ans","8":"product_cat-activites-creatives-et-manuelles","10":"entry","11":"has-media","13":"first","14":"instock","15":"taxable","16":"shipping-taxable","17":"purchasable","18":"product-type-simple","19":"has-product-nav","20":"col","21":"span_1_of_3","22":"owp-content-center","23":"owp-thumbs-layout-horizontal","24":"owp-btn-normal","25":"owp-tabs-layout-horizontal","26":"has-no-thumbnails","28":"circle-sale"},"yoast_head":"<!-- This site is optimized with the Yoast SEO plugin v27.4 - https:\/\/yoast.com\/product\/yoast-seo-wordpress\/ -->\n<title>JEU DE CONSTRUCTION LE VILLAGE TEIFOC REF TEI4310 - Au Paradis des Jouets<\/title>\n<meta name=\"robots\" content=\"index, follow, max-snippet:-1, max-image-preview:large, max-video-preview:-1\" \/>\n<link rel=\"canonical\" href=\"https:\/\/auparadisdesjouets.com\/index.php\/produit\/le-village-teifoc-ref-tei4310\/\" \/>\n<meta property=\"og:locale\" content=\"fr_FR\" \/>\n<meta property=\"og:type\" content=\"article\" \/>\n<meta property=\"og:title\" content=\"JEU DE CONSTRUCTION LE VILLAGE TEIFOC REF TEI4310 - Au Paradis des Jouets\" \/>\n<meta property=\"og:description\" content=\"Avec cet ensemble de briques, vous construirez un village, mais aussi d&rsquo;autres constructions insolites. Laissez votre cr\u00e9ativit\u00e9 prendre le dessus. \u00c0 l&rsquo;aide du plan, au moins deux variantes de mod\u00e8le diff\u00e9rentes peuvent \u00eatre construites. L&rsquo;ensemble comprend des instructions de construction d\u00e9taill\u00e9es, un bol de mortier, une truelle, des briques et du mortier. Jouer avec les produits teifoc favorise la motricit\u00e9 fine ainsi que la pens\u00e9e logique et spatiale. Ce produit convient aux enfants \u00e0 partir de 6 ans.\" \/>\n<meta property=\"og:url\" content=\"https:\/\/auparadisdesjouets.com\/index.php\/produit\/le-village-teifoc-ref-tei4310\/\" \/>\n<meta property=\"og:site_name\" content=\"Au Paradis des Jouets\" \/>\n<meta property=\"article:publisher\" content=\"https:\/\/www.facebook.com\/auparadisdesjouets\" \/>\n<meta property=\"article:modified_time\" content=\"2025-12-02T08:27:24+00:00\" \/>\n<meta property=\"og:image\" content=\"https:\/\/auparadisdesjouets.com\/wp-content\/uploads\/2024\/08\/tei-4310-teifoc-le-village.webp\" \/>\n\t<meta property=\"og:image:width\" content=\"800\" \/>\n\t<meta property=\"og:image:height\" content=\"800\" \/>\n\t<meta property=\"og:image:type\" content=\"image\/webp\" \/>\n<meta name=\"twitter:card\" content=\"summary_large_image\" \/>\n<script type=\"application\/ld+json\" class=\"yoast-schema-graph\">{\"@context\":\"https:\\\/\\\/schema.org\",\"@graph\":[{\"@type\":\"WebPage\",\"@id\":\"https:\\\/\\\/auparadisdesjouets.com\\\/index.php\\\/produit\\\/le-village-teifoc-ref-tei4310\\\/\",\"url\":\"https:\\\/\\\/auparadisdesjouets.com\\\/index.php\\\/produit\\\/le-village-teifoc-ref-tei4310\\\/\",\"name\":\"JEU DE CONSTRUCTION LE VILLAGE TEIFOC REF TEI4310 - Au Paradis des Jouets\",\"isPartOf\":{\"@id\":\"https:\\\/\\\/auparadisdesjouets.com\\\/#website\"},\"primaryImageOfPage\":{\"@id\":\"https:\\\/\\\/auparadisdesjouets.com\\\/index.php\\\/produit\\\/le-village-teifoc-ref-tei4310\\\/#primaryimage\"},\"image\":{\"@id\":\"https:\\\/\\\/auparadisdesjouets.com\\\/index.php\\\/produit\\\/le-village-teifoc-ref-tei4310\\\/#primaryimage\"},\"thumbnailUrl\":\"https:\\\/\\\/auparadisdesjouets.com\\\/wp-content\\\/uploads\\\/2024\\\/08\\\/tei-4310-teifoc-le-village.webp\",\"datePublished\":\"2024-08-29T08:12:09+00:00\",\"dateModified\":\"2025-12-02T08:27:24+00:00\",\"breadcrumb\":{\"@id\":\"https:\\\/\\\/auparadisdesjouets.com\\\/index.php\\\/produit\\\/le-village-teifoc-ref-tei4310\\\/#breadcrumb\"},\"inLanguage\":\"fr-FR\",\"potentialAction\":[{\"@type\":\"ReadAction\",\"target\":[\"https:\\\/\\\/auparadisdesjouets.com\\\/index.php\\\/produit\\\/le-village-teifoc-ref-tei4310\\\/\"]}]},{\"@type\":\"ImageObject\",\"inLanguage\":\"fr-FR\",\"@id\":\"https:\\\/\\\/auparadisdesjouets.com\\\/index.php\\\/produit\\\/le-village-teifoc-ref-tei4310\\\/#primaryimage\",\"url\":\"https:\\\/\\\/auparadisdesjouets.com\\\/wp-content\\\/uploads\\\/2024\\\/08\\\/tei-4310-teifoc-le-village.webp\",\"contentUrl\":\"https:\\\/\\\/auparadisdesjouets.com\\\/wp-content\\\/uploads\\\/2024\\\/08\\\/tei-4310-teifoc-le-village.webp\",\"width\":800,\"height\":800},{\"@type\":\"BreadcrumbList\",\"@id\":\"https:\\\/\\\/auparadisdesjouets.com\\\/index.php\\\/produit\\\/le-village-teifoc-ref-tei4310\\\/#breadcrumb\",\"itemListElement\":[{\"@type\":\"ListItem\",\"position\":1,\"name\":\"Accueil\",\"item\":\"https:\\\/\\\/auparadisdesjouets.com\\\/\"},{\"@type\":\"ListItem\",\"position\":2,\"name\":\"Boutique\",\"item\":\"https:\\\/\\\/auparadisdesjouets.com\\\/index.php\\\/boutique\\\/\"},{\"@type\":\"ListItem\",\"position\":3,\"name\":\"JEU DE CONSTRUCTION LE VILLAGE TEIFOC REF TEI4310\"}]},{\"@type\":\"WebSite\",\"@id\":\"https:\\\/\\\/auparadisdesjouets.com\\\/#website\",\"url\":\"https:\\\/\\\/auparadisdesjouets.com\\\/\",\"name\":\"Au Paradis des Jouets\",\"description\":\"Trouvez le jouet qui vous correspond !\",\"publisher\":{\"@id\":\"https:\\\/\\\/auparadisdesjouets.com\\\/#organization\"},\"potentialAction\":[{\"@type\":\"SearchAction\",\"target\":{\"@type\":\"EntryPoint\",\"urlTemplate\":\"https:\\\/\\\/auparadisdesjouets.com\\\/?s={search_term_string}\"},\"query-input\":{\"@type\":\"PropertyValueSpecification\",\"valueRequired\":true,\"valueName\":\"search_term_string\"}}],\"inLanguage\":\"fr-FR\"},{\"@type\":\"Organization\",\"@id\":\"https:\\\/\\\/auparadisdesjouets.com\\\/#organization\",\"name\":\"Au Paradis des Jouets\",\"url\":\"https:\\\/\\\/auparadisdesjouets.com\\\/\",\"logo\":{\"@type\":\"ImageObject\",\"inLanguage\":\"fr-FR\",\"@id\":\"https:\\\/\\\/auparadisdesjouets.com\\\/#\\\/schema\\\/logo\\\/image\\\/\",\"url\":\"https:\\\/\\\/auparadisdesjouets.com\\\/wp-content\\\/uploads\\\/2024\\\/09\\\/logo-paradis-jouets.png\",\"contentUrl\":\"https:\\\/\\\/auparadisdesjouets.com\\\/wp-content\\\/uploads\\\/2024\\\/09\\\/logo-paradis-jouets.png\",\"width\":7678,\"height\":1950,\"caption\":\"Au Paradis des Jouets\"},\"image\":{\"@id\":\"https:\\\/\\\/auparadisdesjouets.com\\\/#\\\/schema\\\/logo\\\/image\\\/\"},\"sameAs\":[\"https:\\\/\\\/www.facebook.com\\\/auparadisdesjouets\"]}]}<\/script>\n<!-- \/ Yoast SEO plugin. -->","yoast_head_json":{"title":"JEU DE CONSTRUCTION LE VILLAGE TEIFOC REF TEI4310 - Au Paradis des Jouets","robots":{"index":"index","follow":"follow","max-snippet":"max-snippet:-1","max-image-preview":"max-image-preview:large","max-video-preview":"max-video-preview:-1"},"canonical":"https:\/\/auparadisdesjouets.com\/index.php\/produit\/le-village-teifoc-ref-tei4310\/","og_locale":"fr_FR","og_type":"article","og_title":"JEU DE CONSTRUCTION LE VILLAGE TEIFOC REF TEI4310 - Au Paradis des Jouets","og_description":"Avec cet ensemble de briques, vous construirez un village, mais aussi d&rsquo;autres constructions insolites. Laissez votre cr\u00e9ativit\u00e9 prendre le dessus. \u00c0 l&rsquo;aide du plan, au moins deux variantes de mod\u00e8le diff\u00e9rentes peuvent \u00eatre construites. L&rsquo;ensemble comprend des instructions de construction d\u00e9taill\u00e9es, un bol de mortier, une truelle, des briques et du mortier. Jouer avec les produits teifoc favorise la motricit\u00e9 fine ainsi que la pens\u00e9e logique et spatiale. Ce produit convient aux enfants \u00e0 partir de 6 ans.","og_url":"https:\/\/auparadisdesjouets.com\/index.php\/produit\/le-village-teifoc-ref-tei4310\/","og_site_name":"Au Paradis des Jouets","article_publisher":"https:\/\/www.facebook.com\/auparadisdesjouets","article_modified_time":"2025-12-02T08:27:24+00:00","og_image":[{"width":800,"height":800,"url":"https:\/\/auparadisdesjouets.com\/wp-content\/uploads\/2024\/08\/tei-4310-teifoc-le-village.webp","type":"image\/webp"}],"twitter_card":"summary_large_image","schema":{"@context":"https:\/\/schema.org","@graph":[{"@type":"WebPage","@id":"https:\/\/auparadisdesjouets.com\/index.php\/produit\/le-village-teifoc-ref-tei4310\/","url":"https:\/\/auparadisdesjouets.com\/index.php\/produit\/le-village-teifoc-ref-tei4310\/","name":"JEU DE CONSTRUCTION LE VILLAGE TEIFOC REF TEI4310 - Au Paradis des Jouets","isPartOf":{"@id":"https:\/\/auparadisdesjouets.com\/#website"},"primaryImageOfPage":{"@id":"https:\/\/auparadisdesjouets.com\/index.php\/produit\/le-village-teifoc-ref-tei4310\/#primaryimage"},"image":{"@id":"https:\/\/auparadisdesjouets.com\/index.php\/produit\/le-village-teifoc-ref-tei4310\/#primaryimage"},"thumbnailUrl":"https:\/\/auparadisdesjouets.com\/wp-content\/uploads\/2024\/08\/tei-4310-teifoc-le-village.webp","datePublished":"2024-08-29T08:12:09+00:00","dateModified":"2025-12-02T08:27:24+00:00","breadcrumb":{"@id":"https:\/\/auparadisdesjouets.com\/index.php\/produit\/le-village-teifoc-ref-tei4310\/#breadcrumb"},"inLanguage":"fr-FR","potentialAction":[{"@type":"ReadAction","target":["https:\/\/auparadisdesjouets.com\/index.php\/produit\/le-village-teifoc-ref-tei4310\/"]}]},{"@type":"ImageObject","inLanguage":"fr-FR","@id":"https:\/\/auparadisdesjouets.com\/index.php\/produit\/le-village-teifoc-ref-tei4310\/#primaryimage","url":"https:\/\/auparadisdesjouets.com\/wp-content\/uploads\/2024\/08\/tei-4310-teifoc-le-village.webp","contentUrl":"https:\/\/auparadisdesjouets.com\/wp-content\/uploads\/2024\/08\/tei-4310-teifoc-le-village.webp","width":800,"height":800},{"@type":"BreadcrumbList","@id":"https:\/\/auparadisdesjouets.com\/index.php\/produit\/le-village-teifoc-ref-tei4310\/#breadcrumb","itemListElement":[{"@type":"ListItem","position":1,"name":"Accueil","item":"https:\/\/auparadisdesjouets.com\/"},{"@type":"ListItem","position":2,"name":"Boutique","item":"https:\/\/auparadisdesjouets.com\/index.php\/boutique\/"},{"@type":"ListItem","position":3,"name":"JEU DE CONSTRUCTION LE VILLAGE TEIFOC REF TEI4310"}]},{"@type":"WebSite","@id":"https:\/\/auparadisdesjouets.com\/#website","url":"https:\/\/auparadisdesjouets.com\/","name":"Au Paradis des Jouets","description":"Trouvez le jouet qui vous correspond !","publisher":{"@id":"https:\/\/auparadisdesjouets.com\/#organization"},"potentialAction":[{"@type":"SearchAction","target":{"@type":"EntryPoint","urlTemplate":"https:\/\/auparadisdesjouets.com\/?s={search_term_string}"},"query-input":{"@type":"PropertyValueSpecification","valueRequired":true,"valueName":"search_term_string"}}],"inLanguage":"fr-FR"},{"@type":"Organization","@id":"https:\/\/auparadisdesjouets.com\/#organization","name":"Au Paradis des Jouets","url":"https:\/\/auparadisdesjouets.com\/","logo":{"@type":"ImageObject","inLanguage":"fr-FR","@id":"https:\/\/auparadisdesjouets.com\/#\/schema\/logo\/image\/","url":"https:\/\/auparadisdesjouets.com\/wp-content\/uploads\/2024\/09\/logo-paradis-jouets.png","contentUrl":"https:\/\/auparadisdesjouets.com\/wp-content\/uploads\/2024\/09\/logo-paradis-jouets.png","width":7678,"height":1950,"caption":"Au Paradis des Jouets"},"image":{"@id":"https:\/\/auparadisdesjouets.com\/#\/schema\/logo\/image\/"},"sameAs":["https:\/\/www.facebook.com\/auparadisdesjouets"]}]}},"jetpack_sharing_enabled":true,"_links":{"self":[{"href":"https:\/\/auparadisdesjouets.com\/index.php\/wp-json\/wp\/v2\/product\/2332","targetHints":{"allow":["GET"]}}],"collection":[{"href":"https:\/\/auparadisdesjouets.com\/index.php\/wp-json\/wp\/v2\/product"}],"about":[{"href":"https:\/\/auparadisdesjouets.com\/index.php\/wp-json\/wp\/v2\/types\/product"}],"replies":[{"embeddable":true,"href":"https:\/\/auparadisdesjouets.com\/index.php\/wp-json\/wp\/v2\/comments?post=2332"}],"version-history":[{"count":3,"href":"https:\/\/auparadisdesjouets.com\/index.php\/wp-json\/wp\/v2\/product\/2332\/revisions"}],"predecessor-version":[{"id":3885,"href":"https:\/\/auparadisdesjouets.com\/index.php\/wp-json\/wp\/v2\/product\/2332\/revisions\/3885"}],"wp:featuredmedia":[{"embeddable":true,"href":"https:\/\/auparadisdesjouets.com\/index.php\/wp-json\/wp\/v2\/media\/2333"}],"wp:attachment":[{"href":"https:\/\/auparadisdesjouets.com\/index.php\/wp-json\/wp\/v2\/media?parent=2332"}],"wp:term":[{"taxonomy":"product_brand","embeddable":true,"href":"https:\/\/auparadisdesjouets.com\/index.php\/wp-json\/wp\/v2\/product_brand?post=2332"},{"taxonomy":"product_cat","embeddable":true,"href":"https:\/\/auparadisdesjouets.com\/index.php\/wp-json\/wp\/v2\/product_cat?post=2332"},{"taxonomy":"product_tag","embeddable":true,"href":"https:\/\/auparadisdesjouets.com\/index.php\/wp-json\/wp\/v2\/product_tag?post=2332"},{"taxonomy":"giftcard-category","embeddable":true,"href":"https:\/\/auparadisdesjouets.com\/index.php\/wp-json\/wp\/v2\/giftcard-category?post=2332"}],"curies":[{"name":"wp","href":"https:\/\/api.w.org\/{rel}","templated":true}]}}