{"id":2328,"date":"2024-08-29T10:10:01","date_gmt":"2024-08-29T08:10:01","guid":{"rendered":"https:\/\/auparadisdesjouets.com\/?post_type=product&#038;p=2328"},"modified":"2025-11-25T09:55:09","modified_gmt":"2025-11-25T08:55:09","slug":"boite-de-base-ref-tei1000","status":"publish","type":"product","link":"https:\/\/auparadisdesjouets.com\/index.php\/produit\/boite-de-base-ref-tei1000\/","title":{"rendered":"JEU DE CONSTRUCTION BOITE DE BASE REF TEIFOC TEI1000"},"content":{"rendered":"<p><strong> D\u00e9couvrez d&rsquo;innombrables fa\u00e7ons de cr\u00e9er et d&rsquo;innover avec le coffret de base Teifoc! <\/strong><\/p>\n<p>Teifoc est un syst\u00e8me de construction et de jeu unique qui utilise de vraies briques r\u00e9utilisables pour cr\u00e9er des structures et des cr\u00e9ations amusantes et \u00e9labor\u00e9es.<\/p>\n<p>Les briques sont faites d&rsquo;argile cuite et totalement sans danger pour le jeu. Chaque kit Teifoc comprend un ou plusieurs dessins de construction, mais vous pouvez laisser libre cours \u00e0 votre imagination.<\/p>\n<p>Un mortier s\u00fbr et soluble \u00e0 base de sable et d&rsquo;extrait de ma\u00efs cr\u00e9e des ch\u00e2teaux et des paysages.<\/p>\n<p>Pour construire un nouveau mod\u00e8le, trempez simplement dans l&rsquo;eau, s\u00e9chez les briques et recommencez. C&rsquo;est aussi simple que \u00e7a!<\/p>\n","protected":false},"excerpt":{"rendered":"<p>D\u00e9couvrez d&rsquo;innombrables fa\u00e7ons de cr\u00e9er et d&rsquo;innover avec le coffret de base Teifoc! Teifoc est un syst\u00e8me de construction et de jeu unique qui utilise de vraies briques r\u00e9utilisables pour cr\u00e9er des structures et des cr\u00e9ations amusantes et \u00e9labor\u00e9es. Les briques sont faites d&rsquo;argile cuite et totalement sans danger pour le jeu. Chaque kit Teifoc comprend un ou plusieurs dessins de construction, mais vous pouvez laisser libre cours \u00e0 votre imagination. Un mortier s\u00fbr et soluble \u00e0 base de sable et d&rsquo;extrait de ma\u00efs cr\u00e9e des ch\u00e2teaux et des paysages. Pour construire un nouveau mod\u00e8le, trempez simplement dans l&rsquo;eau, s\u00e9chez les briques et recommencez. C&rsquo;est aussi simple que \u00e7a!<\/p>\n","protected":false},"featured_media":2329,"comment_status":"open","ping_status":"closed","template":"","meta":[],"product_brand":[],"product_cat":[24,25,35],"product_tag":[],"giftcard-category":[],"class_list":{"0":"post-2328","1":"product","2":"type-product","3":"status-publish","4":"has-post-thumbnail","6":"product_cat-5-a-8-ans","7":"product_cat-8-a-12-ans","8":"product_cat-activites-creatives-et-manuelles","10":"entry","11":"has-media","13":"first","14":"instock","15":"sale","16":"taxable","17":"shipping-taxable","18":"purchasable","19":"product-type-simple","20":"has-product-nav","21":"col","22":"span_1_of_3","23":"owp-content-center","24":"owp-thumbs-layout-horizontal","25":"owp-btn-normal","26":"owp-tabs-layout-horizontal","27":"has-no-thumbnails","29":"circle-sale"},"yoast_head":"<!-- This site is optimized with the Yoast SEO plugin v27.4 - https:\/\/yoast.com\/product\/yoast-seo-wordpress\/ -->\n<title>JEU DE CONSTRUCTION BOITE DE BASE REF TEIFOC TEI1000 - Au Paradis des Jouets<\/title>\n<meta name=\"robots\" content=\"index, follow, max-snippet:-1, max-image-preview:large, max-video-preview:-1\" \/>\n<link rel=\"canonical\" href=\"https:\/\/auparadisdesjouets.com\/index.php\/produit\/boite-de-base-ref-tei1000\/\" \/>\n<meta property=\"og:locale\" content=\"fr_FR\" \/>\n<meta property=\"og:type\" content=\"article\" \/>\n<meta property=\"og:title\" content=\"JEU DE CONSTRUCTION BOITE DE BASE REF TEIFOC TEI1000 - Au Paradis des Jouets\" \/>\n<meta property=\"og:description\" content=\"D\u00e9couvrez d&rsquo;innombrables fa\u00e7ons de cr\u00e9er et d&rsquo;innover avec le coffret de base Teifoc! Teifoc est un syst\u00e8me de construction et de jeu unique qui utilise de vraies briques r\u00e9utilisables pour cr\u00e9er des structures et des cr\u00e9ations amusantes et \u00e9labor\u00e9es. Les briques sont faites d&rsquo;argile cuite et totalement sans danger pour le jeu. Chaque kit Teifoc comprend un ou plusieurs dessins de construction, mais vous pouvez laisser libre cours \u00e0 votre imagination. Un mortier s\u00fbr et soluble \u00e0 base de sable et d&rsquo;extrait de ma\u00efs cr\u00e9e des ch\u00e2teaux et des paysages. Pour construire un nouveau mod\u00e8le, trempez simplement dans l&rsquo;eau, s\u00e9chez les briques et recommencez. C&rsquo;est aussi simple que \u00e7a!\" \/>\n<meta property=\"og:url\" content=\"https:\/\/auparadisdesjouets.com\/index.php\/produit\/boite-de-base-ref-tei1000\/\" \/>\n<meta property=\"og:site_name\" content=\"Au Paradis des Jouets\" \/>\n<meta property=\"article:publisher\" content=\"https:\/\/www.facebook.com\/auparadisdesjouets\" \/>\n<meta property=\"article:modified_time\" content=\"2025-11-25T08:55:09+00:00\" \/>\n<meta property=\"og:image\" content=\"https:\/\/auparadisdesjouets.com\/wp-content\/uploads\/2024\/08\/tei-1000-teifoc-boite-de-base.webp\" \/>\n\t<meta property=\"og:image:width\" content=\"800\" \/>\n\t<meta property=\"og:image:height\" content=\"800\" \/>\n\t<meta property=\"og:image:type\" content=\"image\/webp\" \/>\n<meta name=\"twitter:card\" content=\"summary_large_image\" \/>\n<meta name=\"twitter:label1\" content=\"Dur\u00e9e de lecture estim\u00e9e\" \/>\n\t<meta name=\"twitter:data1\" content=\"1 minute\" \/>\n<script type=\"application\/ld+json\" class=\"yoast-schema-graph\">{\"@context\":\"https:\\\/\\\/schema.org\",\"@graph\":[{\"@type\":\"WebPage\",\"@id\":\"https:\\\/\\\/auparadisdesjouets.com\\\/index.php\\\/produit\\\/boite-de-base-ref-tei1000\\\/\",\"url\":\"https:\\\/\\\/auparadisdesjouets.com\\\/index.php\\\/produit\\\/boite-de-base-ref-tei1000\\\/\",\"name\":\"JEU DE CONSTRUCTION BOITE DE BASE REF TEIFOC TEI1000 - Au Paradis des Jouets\",\"isPartOf\":{\"@id\":\"https:\\\/\\\/auparadisdesjouets.com\\\/#website\"},\"primaryImageOfPage\":{\"@id\":\"https:\\\/\\\/auparadisdesjouets.com\\\/index.php\\\/produit\\\/boite-de-base-ref-tei1000\\\/#primaryimage\"},\"image\":{\"@id\":\"https:\\\/\\\/auparadisdesjouets.com\\\/index.php\\\/produit\\\/boite-de-base-ref-tei1000\\\/#primaryimage\"},\"thumbnailUrl\":\"https:\\\/\\\/auparadisdesjouets.com\\\/wp-content\\\/uploads\\\/2024\\\/08\\\/tei-1000-teifoc-boite-de-base.webp\",\"datePublished\":\"2024-08-29T08:10:01+00:00\",\"dateModified\":\"2025-11-25T08:55:09+00:00\",\"breadcrumb\":{\"@id\":\"https:\\\/\\\/auparadisdesjouets.com\\\/index.php\\\/produit\\\/boite-de-base-ref-tei1000\\\/#breadcrumb\"},\"inLanguage\":\"fr-FR\",\"potentialAction\":[{\"@type\":\"ReadAction\",\"target\":[\"https:\\\/\\\/auparadisdesjouets.com\\\/index.php\\\/produit\\\/boite-de-base-ref-tei1000\\\/\"]}]},{\"@type\":\"ImageObject\",\"inLanguage\":\"fr-FR\",\"@id\":\"https:\\\/\\\/auparadisdesjouets.com\\\/index.php\\\/produit\\\/boite-de-base-ref-tei1000\\\/#primaryimage\",\"url\":\"https:\\\/\\\/auparadisdesjouets.com\\\/wp-content\\\/uploads\\\/2024\\\/08\\\/tei-1000-teifoc-boite-de-base.webp\",\"contentUrl\":\"https:\\\/\\\/auparadisdesjouets.com\\\/wp-content\\\/uploads\\\/2024\\\/08\\\/tei-1000-teifoc-boite-de-base.webp\",\"width\":800,\"height\":800},{\"@type\":\"BreadcrumbList\",\"@id\":\"https:\\\/\\\/auparadisdesjouets.com\\\/index.php\\\/produit\\\/boite-de-base-ref-tei1000\\\/#breadcrumb\",\"itemListElement\":[{\"@type\":\"ListItem\",\"position\":1,\"name\":\"Accueil\",\"item\":\"https:\\\/\\\/auparadisdesjouets.com\\\/\"},{\"@type\":\"ListItem\",\"position\":2,\"name\":\"Boutique\",\"item\":\"https:\\\/\\\/auparadisdesjouets.com\\\/index.php\\\/boutique\\\/\"},{\"@type\":\"ListItem\",\"position\":3,\"name\":\"JEU DE CONSTRUCTION BOITE DE BASE REF TEIFOC TEI1000\"}]},{\"@type\":\"WebSite\",\"@id\":\"https:\\\/\\\/auparadisdesjouets.com\\\/#website\",\"url\":\"https:\\\/\\\/auparadisdesjouets.com\\\/\",\"name\":\"Au Paradis des Jouets\",\"description\":\"Trouvez le jouet qui vous correspond !\",\"publisher\":{\"@id\":\"https:\\\/\\\/auparadisdesjouets.com\\\/#organization\"},\"potentialAction\":[{\"@type\":\"SearchAction\",\"target\":{\"@type\":\"EntryPoint\",\"urlTemplate\":\"https:\\\/\\\/auparadisdesjouets.com\\\/?s={search_term_string}\"},\"query-input\":{\"@type\":\"PropertyValueSpecification\",\"valueRequired\":true,\"valueName\":\"search_term_string\"}}],\"inLanguage\":\"fr-FR\"},{\"@type\":\"Organization\",\"@id\":\"https:\\\/\\\/auparadisdesjouets.com\\\/#organization\",\"name\":\"Au Paradis des Jouets\",\"url\":\"https:\\\/\\\/auparadisdesjouets.com\\\/\",\"logo\":{\"@type\":\"ImageObject\",\"inLanguage\":\"fr-FR\",\"@id\":\"https:\\\/\\\/auparadisdesjouets.com\\\/#\\\/schema\\\/logo\\\/image\\\/\",\"url\":\"https:\\\/\\\/auparadisdesjouets.com\\\/wp-content\\\/uploads\\\/2024\\\/09\\\/logo-paradis-jouets.png\",\"contentUrl\":\"https:\\\/\\\/auparadisdesjouets.com\\\/wp-content\\\/uploads\\\/2024\\\/09\\\/logo-paradis-jouets.png\",\"width\":7678,\"height\":1950,\"caption\":\"Au Paradis des Jouets\"},\"image\":{\"@id\":\"https:\\\/\\\/auparadisdesjouets.com\\\/#\\\/schema\\\/logo\\\/image\\\/\"},\"sameAs\":[\"https:\\\/\\\/www.facebook.com\\\/auparadisdesjouets\"]}]}<\/script>\n<!-- \/ Yoast SEO plugin. -->","yoast_head_json":{"title":"JEU DE CONSTRUCTION BOITE DE BASE REF TEIFOC TEI1000 - Au Paradis des Jouets","robots":{"index":"index","follow":"follow","max-snippet":"max-snippet:-1","max-image-preview":"max-image-preview:large","max-video-preview":"max-video-preview:-1"},"canonical":"https:\/\/auparadisdesjouets.com\/index.php\/produit\/boite-de-base-ref-tei1000\/","og_locale":"fr_FR","og_type":"article","og_title":"JEU DE CONSTRUCTION BOITE DE BASE REF TEIFOC TEI1000 - Au Paradis des Jouets","og_description":"D\u00e9couvrez d&rsquo;innombrables fa\u00e7ons de cr\u00e9er et d&rsquo;innover avec le coffret de base Teifoc! Teifoc est un syst\u00e8me de construction et de jeu unique qui utilise de vraies briques r\u00e9utilisables pour cr\u00e9er des structures et des cr\u00e9ations amusantes et \u00e9labor\u00e9es. Les briques sont faites d&rsquo;argile cuite et totalement sans danger pour le jeu. Chaque kit Teifoc comprend un ou plusieurs dessins de construction, mais vous pouvez laisser libre cours \u00e0 votre imagination. Un mortier s\u00fbr et soluble \u00e0 base de sable et d&rsquo;extrait de ma\u00efs cr\u00e9e des ch\u00e2teaux et des paysages. Pour construire un nouveau mod\u00e8le, trempez simplement dans l&rsquo;eau, s\u00e9chez les briques et recommencez. C&rsquo;est aussi simple que \u00e7a!","og_url":"https:\/\/auparadisdesjouets.com\/index.php\/produit\/boite-de-base-ref-tei1000\/","og_site_name":"Au Paradis des Jouets","article_publisher":"https:\/\/www.facebook.com\/auparadisdesjouets","article_modified_time":"2025-11-25T08:55:09+00:00","og_image":[{"width":800,"height":800,"url":"https:\/\/auparadisdesjouets.com\/wp-content\/uploads\/2024\/08\/tei-1000-teifoc-boite-de-base.webp","type":"image\/webp"}],"twitter_card":"summary_large_image","twitter_misc":{"Dur\u00e9e de lecture estim\u00e9e":"1 minute"},"schema":{"@context":"https:\/\/schema.org","@graph":[{"@type":"WebPage","@id":"https:\/\/auparadisdesjouets.com\/index.php\/produit\/boite-de-base-ref-tei1000\/","url":"https:\/\/auparadisdesjouets.com\/index.php\/produit\/boite-de-base-ref-tei1000\/","name":"JEU DE CONSTRUCTION BOITE DE BASE REF TEIFOC TEI1000 - Au Paradis des Jouets","isPartOf":{"@id":"https:\/\/auparadisdesjouets.com\/#website"},"primaryImageOfPage":{"@id":"https:\/\/auparadisdesjouets.com\/index.php\/produit\/boite-de-base-ref-tei1000\/#primaryimage"},"image":{"@id":"https:\/\/auparadisdesjouets.com\/index.php\/produit\/boite-de-base-ref-tei1000\/#primaryimage"},"thumbnailUrl":"https:\/\/auparadisdesjouets.com\/wp-content\/uploads\/2024\/08\/tei-1000-teifoc-boite-de-base.webp","datePublished":"2024-08-29T08:10:01+00:00","dateModified":"2025-11-25T08:55:09+00:00","breadcrumb":{"@id":"https:\/\/auparadisdesjouets.com\/index.php\/produit\/boite-de-base-ref-tei1000\/#breadcrumb"},"inLanguage":"fr-FR","potentialAction":[{"@type":"ReadAction","target":["https:\/\/auparadisdesjouets.com\/index.php\/produit\/boite-de-base-ref-tei1000\/"]}]},{"@type":"ImageObject","inLanguage":"fr-FR","@id":"https:\/\/auparadisdesjouets.com\/index.php\/produit\/boite-de-base-ref-tei1000\/#primaryimage","url":"https:\/\/auparadisdesjouets.com\/wp-content\/uploads\/2024\/08\/tei-1000-teifoc-boite-de-base.webp","contentUrl":"https:\/\/auparadisdesjouets.com\/wp-content\/uploads\/2024\/08\/tei-1000-teifoc-boite-de-base.webp","width":800,"height":800},{"@type":"BreadcrumbList","@id":"https:\/\/auparadisdesjouets.com\/index.php\/produit\/boite-de-base-ref-tei1000\/#breadcrumb","itemListElement":[{"@type":"ListItem","position":1,"name":"Accueil","item":"https:\/\/auparadisdesjouets.com\/"},{"@type":"ListItem","position":2,"name":"Boutique","item":"https:\/\/auparadisdesjouets.com\/index.php\/boutique\/"},{"@type":"ListItem","position":3,"name":"JEU DE CONSTRUCTION BOITE DE BASE REF TEIFOC TEI1000"}]},{"@type":"WebSite","@id":"https:\/\/auparadisdesjouets.com\/#website","url":"https:\/\/auparadisdesjouets.com\/","name":"Au Paradis des Jouets","description":"Trouvez le jouet qui vous correspond !","publisher":{"@id":"https:\/\/auparadisdesjouets.com\/#organization"},"potentialAction":[{"@type":"SearchAction","target":{"@type":"EntryPoint","urlTemplate":"https:\/\/auparadisdesjouets.com\/?s={search_term_string}"},"query-input":{"@type":"PropertyValueSpecification","valueRequired":true,"valueName":"search_term_string"}}],"inLanguage":"fr-FR"},{"@type":"Organization","@id":"https:\/\/auparadisdesjouets.com\/#organization","name":"Au Paradis des Jouets","url":"https:\/\/auparadisdesjouets.com\/","logo":{"@type":"ImageObject","inLanguage":"fr-FR","@id":"https:\/\/auparadisdesjouets.com\/#\/schema\/logo\/image\/","url":"https:\/\/auparadisdesjouets.com\/wp-content\/uploads\/2024\/09\/logo-paradis-jouets.png","contentUrl":"https:\/\/auparadisdesjouets.com\/wp-content\/uploads\/2024\/09\/logo-paradis-jouets.png","width":7678,"height":1950,"caption":"Au Paradis des Jouets"},"image":{"@id":"https:\/\/auparadisdesjouets.com\/#\/schema\/logo\/image\/"},"sameAs":["https:\/\/www.facebook.com\/auparadisdesjouets"]}]}},"jetpack_sharing_enabled":true,"_links":{"self":[{"href":"https:\/\/auparadisdesjouets.com\/index.php\/wp-json\/wp\/v2\/product\/2328","targetHints":{"allow":["GET"]}}],"collection":[{"href":"https:\/\/auparadisdesjouets.com\/index.php\/wp-json\/wp\/v2\/product"}],"about":[{"href":"https:\/\/auparadisdesjouets.com\/index.php\/wp-json\/wp\/v2\/types\/product"}],"replies":[{"embeddable":true,"href":"https:\/\/auparadisdesjouets.com\/index.php\/wp-json\/wp\/v2\/comments?post=2328"}],"version-history":[{"count":4,"href":"https:\/\/auparadisdesjouets.com\/index.php\/wp-json\/wp\/v2\/product\/2328\/revisions"}],"predecessor-version":[{"id":3886,"href":"https:\/\/auparadisdesjouets.com\/index.php\/wp-json\/wp\/v2\/product\/2328\/revisions\/3886"}],"wp:featuredmedia":[{"embeddable":true,"href":"https:\/\/auparadisdesjouets.com\/index.php\/wp-json\/wp\/v2\/media\/2329"}],"wp:attachment":[{"href":"https:\/\/auparadisdesjouets.com\/index.php\/wp-json\/wp\/v2\/media?parent=2328"}],"wp:term":[{"taxonomy":"product_brand","embeddable":true,"href":"https:\/\/auparadisdesjouets.com\/index.php\/wp-json\/wp\/v2\/product_brand?post=2328"},{"taxonomy":"product_cat","embeddable":true,"href":"https:\/\/auparadisdesjouets.com\/index.php\/wp-json\/wp\/v2\/product_cat?post=2328"},{"taxonomy":"product_tag","embeddable":true,"href":"https:\/\/auparadisdesjouets.com\/index.php\/wp-json\/wp\/v2\/product_tag?post=2328"},{"taxonomy":"giftcard-category","embeddable":true,"href":"https:\/\/auparadisdesjouets.com\/index.php\/wp-json\/wp\/v2\/giftcard-category?post=2328"}],"curies":[{"name":"wp","href":"https:\/\/api.w.org\/{rel}","templated":true}]}}