{"id":2243,"date":"2024-08-28T15:56:32","date_gmt":"2024-08-28T13:56:32","guid":{"rendered":"https:\/\/auparadisdesjouets.com\/?post_type=product&#038;p=2243"},"modified":"2025-12-12T09:25:06","modified_gmt":"2025-12-12T08:25:06","slug":"tut-tut-bolides-paquerette-coquette","status":"publish","type":"product","link":"https:\/\/auparadisdesjouets.com\/index.php\/produit\/tut-tut-bolides-paquerette-coquette\/","title":{"rendered":"TUT TUT BOLIDES PAQUERETTE COQUETTE"},"content":{"rendered":"<p>Avec les <strong>Tut Tut Bolides V\u00e9hicules \u00e9dition sp\u00e9ciale<\/strong>, votre enfant agrandit sa collection de <strong>bolides<\/strong> et <strong>invente<\/strong> de nouvelles <strong>histoires.<\/strong><\/p>\n<p><strong>B\u00e9r\u00e9nice le camion des d\u00e9lices<\/strong> est un\u00a0<strong>petit v\u00e9hicule interactif, parlant, musical et lumineux<\/strong> qui participe \u00e0 l&rsquo;<strong>\u00e9veil<\/strong> de votre enfant.<\/p>\n<p>Cette\u00a0<strong>voiture \u00e9lectronique<\/strong>,\u00a0au look super cool, va stimuler l&rsquo;<strong>imagination<\/strong> de votre enfant. Il existe plus de 8 <strong>mod\u00e8les diff\u00e9rents \u00e0 collectionner<\/strong> pour agrandir son univers de <strong>jeu<\/strong>.<\/p>\n<p>Les <strong>Tut Tut Bolides <\/strong>sont des <strong>jouets \u00e9ducatifs<\/strong> qui accompagnent votre b\u00e9b\u00e9 dans ses <strong>premi\u00e8res d\u00e9couvertes<\/strong> : nom, fonctions et particularit\u00e9s de chacun des <strong>bolides<\/strong>, <strong>construction<\/strong> de la motricit\u00e9 &#8230;<\/p>\n<p>Chaque <strong>v\u00e9hicule interactif<\/strong> dispose d&rsquo;un bouton<strong> lumineux<\/strong> en forme de visage rigolo qui d\u00e9clenche une <strong>chanson<\/strong>, des phrases et des <strong>effets sonores<\/strong>.\u00a0Ce\u00a0<strong>jouet musical<\/strong>\u00a0poss\u00e8de 3 <strong>chansons<\/strong> rigolotes et 10 <strong>m\u00e9lodies.<\/strong>.<\/p>\n<p>Chaque\u00a0<strong>Tut Tut Bolides \u00e9dition sp\u00e9ciale<\/strong> est compatible avec le <strong>syst\u00e8me de d\u00e9tection \u00ab\u00a0Zone Magique\u00a0\u00bb<\/strong> des univers <strong>Tut Tut Bolides<\/strong> et <strong>Tut Tut Animo<\/strong> pour d\u00e9clencher des<strong> phrases, sons<\/strong> suppl\u00e9mentaires et <strong>cr\u00e9er<\/strong> un plus grand univers de <strong>jeu<\/strong>.<\/p>\n<p>N\u00e9cessite 2 piles LR03 fournies.<\/p>\n","protected":false},"excerpt":{"rendered":"<p>Avec les Tut Tut Bolides V\u00e9hicules \u00e9dition sp\u00e9ciale, votre enfant agrandit sa collection de bolides et invente de nouvelles histoires. B\u00e9r\u00e9nice le camion des d\u00e9lices est un\u00a0petit v\u00e9hicule interactif, parlant, musical et lumineux qui participe \u00e0 l&rsquo;\u00e9veil de votre enfant. Cette\u00a0voiture \u00e9lectronique,\u00a0au look super cool, va stimuler l&rsquo;imagination de votre enfant. Il existe plus de 8 mod\u00e8les diff\u00e9rents \u00e0 collectionner pour agrandir son univers de jeu. Les Tut Tut Bolides sont des jouets \u00e9ducatifs qui accompagnent votre b\u00e9b\u00e9 dans ses premi\u00e8res d\u00e9couvertes : nom, fonctions et particularit\u00e9s de chacun des bolides, construction de la motricit\u00e9 &#8230; Chaque v\u00e9hicule interactif dispose d&rsquo;un bouton lumineux en forme de visage rigolo qui d\u00e9clenche une chanson, des phrases et des effets sonores.\u00a0Ce\u00a0jouet musical\u00a0poss\u00e8de 3 chansons rigolotes et 10 m\u00e9lodies.. Chaque\u00a0Tut Tut Bolides \u00e9dition sp\u00e9ciale est compatible avec le syst\u00e8me de d\u00e9tection \u00ab\u00a0Zone Magique\u00a0\u00bb des univers Tut Tut Bolides et Tut Tut Animo pour d\u00e9clencher des phrases, sons suppl\u00e9mentaires et cr\u00e9er un plus grand univers de jeu. N\u00e9cessite 2 piles LR03 fournies.<\/p>\n","protected":false},"featured_media":2244,"comment_status":"open","ping_status":"closed","template":"","meta":[],"product_brand":[],"product_cat":[22,23],"product_tag":[],"giftcard-category":[],"class_list":{"0":"post-2243","1":"product","2":"type-product","3":"status-publish","4":"has-post-thumbnail","6":"product_cat-0-a-2-ans","7":"product_cat-2-a-5-ans","9":"entry","10":"has-media","12":"first","13":"instock","14":"sale","15":"taxable","16":"shipping-taxable","17":"purchasable","18":"product-type-simple","19":"has-product-nav","20":"col","21":"span_1_of_3","22":"owp-content-center","23":"owp-thumbs-layout-horizontal","24":"owp-btn-normal","25":"owp-tabs-layout-horizontal","26":"has-no-thumbnails","28":"circle-sale"},"yoast_head":"<!-- This site is optimized with the Yoast SEO plugin v27.3 - https:\/\/yoast.com\/product\/yoast-seo-wordpress\/ -->\n<title>TUT TUT BOLIDES PAQUERETTE COQUETTE - Au Paradis des Jouets<\/title>\n<meta name=\"robots\" content=\"index, follow, max-snippet:-1, max-image-preview:large, max-video-preview:-1\" \/>\n<link rel=\"canonical\" href=\"https:\/\/auparadisdesjouets.com\/index.php\/produit\/tut-tut-bolides-paquerette-coquette\/\" \/>\n<meta property=\"og:locale\" content=\"fr_FR\" \/>\n<meta property=\"og:type\" content=\"article\" \/>\n<meta property=\"og:title\" content=\"TUT TUT BOLIDES PAQUERETTE COQUETTE - Au Paradis des Jouets\" \/>\n<meta property=\"og:description\" content=\"Avec les Tut Tut Bolides V\u00e9hicules \u00e9dition sp\u00e9ciale, votre enfant agrandit sa collection de bolides et invente de nouvelles histoires. B\u00e9r\u00e9nice le camion des d\u00e9lices est un\u00a0petit v\u00e9hicule interactif, parlant, musical et lumineux qui participe \u00e0 l&rsquo;\u00e9veil de votre enfant. Cette\u00a0voiture \u00e9lectronique,\u00a0au look super cool, va stimuler l&rsquo;imagination de votre enfant. Il existe plus de 8 mod\u00e8les diff\u00e9rents \u00e0 collectionner pour agrandir son univers de jeu. Les Tut Tut Bolides sont des jouets \u00e9ducatifs qui accompagnent votre b\u00e9b\u00e9 dans ses premi\u00e8res d\u00e9couvertes : nom, fonctions et particularit\u00e9s de chacun des bolides, construction de la motricit\u00e9 &#8230; Chaque v\u00e9hicule interactif dispose d&rsquo;un bouton lumineux en forme de visage rigolo qui d\u00e9clenche une chanson, des phrases et des effets sonores.\u00a0Ce\u00a0jouet musical\u00a0poss\u00e8de 3 chansons rigolotes et 10 m\u00e9lodies.. Chaque\u00a0Tut Tut Bolides \u00e9dition sp\u00e9ciale est compatible avec le syst\u00e8me de d\u00e9tection \u00ab\u00a0Zone Magique\u00a0\u00bb des univers Tut Tut Bolides et Tut Tut Animo pour d\u00e9clencher des phrases, sons suppl\u00e9mentaires et cr\u00e9er un plus grand univers de jeu. N\u00e9cessite 2 piles LR03 fournies.\" \/>\n<meta property=\"og:url\" content=\"https:\/\/auparadisdesjouets.com\/index.php\/produit\/tut-tut-bolides-paquerette-coquette\/\" \/>\n<meta property=\"og:site_name\" content=\"Au Paradis des Jouets\" \/>\n<meta property=\"article:publisher\" content=\"https:\/\/www.facebook.com\/auparadisdesjouets\" \/>\n<meta property=\"article:modified_time\" content=\"2025-12-12T08:25:06+00:00\" \/>\n<meta property=\"og:image\" content=\"https:\/\/auparadisdesjouets.com\/wp-content\/uploads\/2024\/08\/gu607183_6.jpg\" \/>\n\t<meta property=\"og:image:width\" content=\"600\" \/>\n\t<meta property=\"og:image:height\" content=\"600\" \/>\n\t<meta property=\"og:image:type\" content=\"image\/jpeg\" \/>\n<meta name=\"twitter:card\" content=\"summary_large_image\" \/>\n<meta name=\"twitter:label1\" content=\"Dur\u00e9e de lecture estim\u00e9e\" \/>\n\t<meta name=\"twitter:data1\" content=\"1 minute\" \/>\n<script type=\"application\/ld+json\" class=\"yoast-schema-graph\">{\"@context\":\"https:\\\/\\\/schema.org\",\"@graph\":[{\"@type\":\"WebPage\",\"@id\":\"https:\\\/\\\/auparadisdesjouets.com\\\/index.php\\\/produit\\\/tut-tut-bolides-paquerette-coquette\\\/\",\"url\":\"https:\\\/\\\/auparadisdesjouets.com\\\/index.php\\\/produit\\\/tut-tut-bolides-paquerette-coquette\\\/\",\"name\":\"TUT TUT BOLIDES PAQUERETTE COQUETTE - Au Paradis des Jouets\",\"isPartOf\":{\"@id\":\"https:\\\/\\\/auparadisdesjouets.com\\\/#website\"},\"primaryImageOfPage\":{\"@id\":\"https:\\\/\\\/auparadisdesjouets.com\\\/index.php\\\/produit\\\/tut-tut-bolides-paquerette-coquette\\\/#primaryimage\"},\"image\":{\"@id\":\"https:\\\/\\\/auparadisdesjouets.com\\\/index.php\\\/produit\\\/tut-tut-bolides-paquerette-coquette\\\/#primaryimage\"},\"thumbnailUrl\":\"https:\\\/\\\/auparadisdesjouets.com\\\/wp-content\\\/uploads\\\/2024\\\/08\\\/gu607183_6.jpg\",\"datePublished\":\"2024-08-28T13:56:32+00:00\",\"dateModified\":\"2025-12-12T08:25:06+00:00\",\"breadcrumb\":{\"@id\":\"https:\\\/\\\/auparadisdesjouets.com\\\/index.php\\\/produit\\\/tut-tut-bolides-paquerette-coquette\\\/#breadcrumb\"},\"inLanguage\":\"fr-FR\",\"potentialAction\":[{\"@type\":\"ReadAction\",\"target\":[\"https:\\\/\\\/auparadisdesjouets.com\\\/index.php\\\/produit\\\/tut-tut-bolides-paquerette-coquette\\\/\"]}]},{\"@type\":\"ImageObject\",\"inLanguage\":\"fr-FR\",\"@id\":\"https:\\\/\\\/auparadisdesjouets.com\\\/index.php\\\/produit\\\/tut-tut-bolides-paquerette-coquette\\\/#primaryimage\",\"url\":\"https:\\\/\\\/auparadisdesjouets.com\\\/wp-content\\\/uploads\\\/2024\\\/08\\\/gu607183_6.jpg\",\"contentUrl\":\"https:\\\/\\\/auparadisdesjouets.com\\\/wp-content\\\/uploads\\\/2024\\\/08\\\/gu607183_6.jpg\",\"width\":600,\"height\":600},{\"@type\":\"BreadcrumbList\",\"@id\":\"https:\\\/\\\/auparadisdesjouets.com\\\/index.php\\\/produit\\\/tut-tut-bolides-paquerette-coquette\\\/#breadcrumb\",\"itemListElement\":[{\"@type\":\"ListItem\",\"position\":1,\"name\":\"Accueil\",\"item\":\"https:\\\/\\\/auparadisdesjouets.com\\\/\"},{\"@type\":\"ListItem\",\"position\":2,\"name\":\"Boutique\",\"item\":\"https:\\\/\\\/auparadisdesjouets.com\\\/index.php\\\/boutique\\\/\"},{\"@type\":\"ListItem\",\"position\":3,\"name\":\"TUT TUT BOLIDES PAQUERETTE COQUETTE\"}]},{\"@type\":\"WebSite\",\"@id\":\"https:\\\/\\\/auparadisdesjouets.com\\\/#website\",\"url\":\"https:\\\/\\\/auparadisdesjouets.com\\\/\",\"name\":\"Au Paradis des Jouets\",\"description\":\"Trouvez le jouet qui vous correspond !\",\"publisher\":{\"@id\":\"https:\\\/\\\/auparadisdesjouets.com\\\/#organization\"},\"potentialAction\":[{\"@type\":\"SearchAction\",\"target\":{\"@type\":\"EntryPoint\",\"urlTemplate\":\"https:\\\/\\\/auparadisdesjouets.com\\\/?s={search_term_string}\"},\"query-input\":{\"@type\":\"PropertyValueSpecification\",\"valueRequired\":true,\"valueName\":\"search_term_string\"}}],\"inLanguage\":\"fr-FR\"},{\"@type\":\"Organization\",\"@id\":\"https:\\\/\\\/auparadisdesjouets.com\\\/#organization\",\"name\":\"Au Paradis des Jouets\",\"url\":\"https:\\\/\\\/auparadisdesjouets.com\\\/\",\"logo\":{\"@type\":\"ImageObject\",\"inLanguage\":\"fr-FR\",\"@id\":\"https:\\\/\\\/auparadisdesjouets.com\\\/#\\\/schema\\\/logo\\\/image\\\/\",\"url\":\"https:\\\/\\\/auparadisdesjouets.com\\\/wp-content\\\/uploads\\\/2024\\\/09\\\/logo-paradis-jouets.png\",\"contentUrl\":\"https:\\\/\\\/auparadisdesjouets.com\\\/wp-content\\\/uploads\\\/2024\\\/09\\\/logo-paradis-jouets.png\",\"width\":7678,\"height\":1950,\"caption\":\"Au Paradis des Jouets\"},\"image\":{\"@id\":\"https:\\\/\\\/auparadisdesjouets.com\\\/#\\\/schema\\\/logo\\\/image\\\/\"},\"sameAs\":[\"https:\\\/\\\/www.facebook.com\\\/auparadisdesjouets\"]}]}<\/script>\n<!-- \/ Yoast SEO plugin. -->","yoast_head_json":{"title":"TUT TUT BOLIDES PAQUERETTE COQUETTE - Au Paradis des Jouets","robots":{"index":"index","follow":"follow","max-snippet":"max-snippet:-1","max-image-preview":"max-image-preview:large","max-video-preview":"max-video-preview:-1"},"canonical":"https:\/\/auparadisdesjouets.com\/index.php\/produit\/tut-tut-bolides-paquerette-coquette\/","og_locale":"fr_FR","og_type":"article","og_title":"TUT TUT BOLIDES PAQUERETTE COQUETTE - Au Paradis des Jouets","og_description":"Avec les Tut Tut Bolides V\u00e9hicules \u00e9dition sp\u00e9ciale, votre enfant agrandit sa collection de bolides et invente de nouvelles histoires. B\u00e9r\u00e9nice le camion des d\u00e9lices est un\u00a0petit v\u00e9hicule interactif, parlant, musical et lumineux qui participe \u00e0 l&rsquo;\u00e9veil de votre enfant. Cette\u00a0voiture \u00e9lectronique,\u00a0au look super cool, va stimuler l&rsquo;imagination de votre enfant. Il existe plus de 8 mod\u00e8les diff\u00e9rents \u00e0 collectionner pour agrandir son univers de jeu. Les Tut Tut Bolides sont des jouets \u00e9ducatifs qui accompagnent votre b\u00e9b\u00e9 dans ses premi\u00e8res d\u00e9couvertes : nom, fonctions et particularit\u00e9s de chacun des bolides, construction de la motricit\u00e9 &#8230; Chaque v\u00e9hicule interactif dispose d&rsquo;un bouton lumineux en forme de visage rigolo qui d\u00e9clenche une chanson, des phrases et des effets sonores.\u00a0Ce\u00a0jouet musical\u00a0poss\u00e8de 3 chansons rigolotes et 10 m\u00e9lodies.. Chaque\u00a0Tut Tut Bolides \u00e9dition sp\u00e9ciale est compatible avec le syst\u00e8me de d\u00e9tection \u00ab\u00a0Zone Magique\u00a0\u00bb des univers Tut Tut Bolides et Tut Tut Animo pour d\u00e9clencher des phrases, sons suppl\u00e9mentaires et cr\u00e9er un plus grand univers de jeu. N\u00e9cessite 2 piles LR03 fournies.","og_url":"https:\/\/auparadisdesjouets.com\/index.php\/produit\/tut-tut-bolides-paquerette-coquette\/","og_site_name":"Au Paradis des Jouets","article_publisher":"https:\/\/www.facebook.com\/auparadisdesjouets","article_modified_time":"2025-12-12T08:25:06+00:00","og_image":[{"width":600,"height":600,"url":"https:\/\/auparadisdesjouets.com\/wp-content\/uploads\/2024\/08\/gu607183_6.jpg","type":"image\/jpeg"}],"twitter_card":"summary_large_image","twitter_misc":{"Dur\u00e9e de lecture estim\u00e9e":"1 minute"},"schema":{"@context":"https:\/\/schema.org","@graph":[{"@type":"WebPage","@id":"https:\/\/auparadisdesjouets.com\/index.php\/produit\/tut-tut-bolides-paquerette-coquette\/","url":"https:\/\/auparadisdesjouets.com\/index.php\/produit\/tut-tut-bolides-paquerette-coquette\/","name":"TUT TUT BOLIDES PAQUERETTE COQUETTE - Au Paradis des Jouets","isPartOf":{"@id":"https:\/\/auparadisdesjouets.com\/#website"},"primaryImageOfPage":{"@id":"https:\/\/auparadisdesjouets.com\/index.php\/produit\/tut-tut-bolides-paquerette-coquette\/#primaryimage"},"image":{"@id":"https:\/\/auparadisdesjouets.com\/index.php\/produit\/tut-tut-bolides-paquerette-coquette\/#primaryimage"},"thumbnailUrl":"https:\/\/auparadisdesjouets.com\/wp-content\/uploads\/2024\/08\/gu607183_6.jpg","datePublished":"2024-08-28T13:56:32+00:00","dateModified":"2025-12-12T08:25:06+00:00","breadcrumb":{"@id":"https:\/\/auparadisdesjouets.com\/index.php\/produit\/tut-tut-bolides-paquerette-coquette\/#breadcrumb"},"inLanguage":"fr-FR","potentialAction":[{"@type":"ReadAction","target":["https:\/\/auparadisdesjouets.com\/index.php\/produit\/tut-tut-bolides-paquerette-coquette\/"]}]},{"@type":"ImageObject","inLanguage":"fr-FR","@id":"https:\/\/auparadisdesjouets.com\/index.php\/produit\/tut-tut-bolides-paquerette-coquette\/#primaryimage","url":"https:\/\/auparadisdesjouets.com\/wp-content\/uploads\/2024\/08\/gu607183_6.jpg","contentUrl":"https:\/\/auparadisdesjouets.com\/wp-content\/uploads\/2024\/08\/gu607183_6.jpg","width":600,"height":600},{"@type":"BreadcrumbList","@id":"https:\/\/auparadisdesjouets.com\/index.php\/produit\/tut-tut-bolides-paquerette-coquette\/#breadcrumb","itemListElement":[{"@type":"ListItem","position":1,"name":"Accueil","item":"https:\/\/auparadisdesjouets.com\/"},{"@type":"ListItem","position":2,"name":"Boutique","item":"https:\/\/auparadisdesjouets.com\/index.php\/boutique\/"},{"@type":"ListItem","position":3,"name":"TUT TUT BOLIDES PAQUERETTE COQUETTE"}]},{"@type":"WebSite","@id":"https:\/\/auparadisdesjouets.com\/#website","url":"https:\/\/auparadisdesjouets.com\/","name":"Au Paradis des Jouets","description":"Trouvez le jouet qui vous correspond !","publisher":{"@id":"https:\/\/auparadisdesjouets.com\/#organization"},"potentialAction":[{"@type":"SearchAction","target":{"@type":"EntryPoint","urlTemplate":"https:\/\/auparadisdesjouets.com\/?s={search_term_string}"},"query-input":{"@type":"PropertyValueSpecification","valueRequired":true,"valueName":"search_term_string"}}],"inLanguage":"fr-FR"},{"@type":"Organization","@id":"https:\/\/auparadisdesjouets.com\/#organization","name":"Au Paradis des Jouets","url":"https:\/\/auparadisdesjouets.com\/","logo":{"@type":"ImageObject","inLanguage":"fr-FR","@id":"https:\/\/auparadisdesjouets.com\/#\/schema\/logo\/image\/","url":"https:\/\/auparadisdesjouets.com\/wp-content\/uploads\/2024\/09\/logo-paradis-jouets.png","contentUrl":"https:\/\/auparadisdesjouets.com\/wp-content\/uploads\/2024\/09\/logo-paradis-jouets.png","width":7678,"height":1950,"caption":"Au Paradis des Jouets"},"image":{"@id":"https:\/\/auparadisdesjouets.com\/#\/schema\/logo\/image\/"},"sameAs":["https:\/\/www.facebook.com\/auparadisdesjouets"]}]}},"jetpack_sharing_enabled":true,"_links":{"self":[{"href":"https:\/\/auparadisdesjouets.com\/index.php\/wp-json\/wp\/v2\/product\/2243","targetHints":{"allow":["GET"]}}],"collection":[{"href":"https:\/\/auparadisdesjouets.com\/index.php\/wp-json\/wp\/v2\/product"}],"about":[{"href":"https:\/\/auparadisdesjouets.com\/index.php\/wp-json\/wp\/v2\/types\/product"}],"replies":[{"embeddable":true,"href":"https:\/\/auparadisdesjouets.com\/index.php\/wp-json\/wp\/v2\/comments?post=2243"}],"version-history":[{"count":1,"href":"https:\/\/auparadisdesjouets.com\/index.php\/wp-json\/wp\/v2\/product\/2243\/revisions"}],"predecessor-version":[{"id":2245,"href":"https:\/\/auparadisdesjouets.com\/index.php\/wp-json\/wp\/v2\/product\/2243\/revisions\/2245"}],"wp:featuredmedia":[{"embeddable":true,"href":"https:\/\/auparadisdesjouets.com\/index.php\/wp-json\/wp\/v2\/media\/2244"}],"wp:attachment":[{"href":"https:\/\/auparadisdesjouets.com\/index.php\/wp-json\/wp\/v2\/media?parent=2243"}],"wp:term":[{"taxonomy":"product_brand","embeddable":true,"href":"https:\/\/auparadisdesjouets.com\/index.php\/wp-json\/wp\/v2\/product_brand?post=2243"},{"taxonomy":"product_cat","embeddable":true,"href":"https:\/\/auparadisdesjouets.com\/index.php\/wp-json\/wp\/v2\/product_cat?post=2243"},{"taxonomy":"product_tag","embeddable":true,"href":"https:\/\/auparadisdesjouets.com\/index.php\/wp-json\/wp\/v2\/product_tag?post=2243"},{"taxonomy":"giftcard-category","embeddable":true,"href":"https:\/\/auparadisdesjouets.com\/index.php\/wp-json\/wp\/v2\/giftcard-category?post=2243"}],"curies":[{"name":"wp","href":"https:\/\/api.w.org\/{rel}","templated":true}]}}