{"id":2189,"date":"2024-08-28T14:58:42","date_gmt":"2024-08-28T12:58:42","guid":{"rendered":"https:\/\/auparadisdesjouets.com\/?post_type=product&#038;p=2189"},"modified":"2025-11-15T09:08:58","modified_gmt":"2025-11-15T08:08:58","slug":"mina-mon-chat-rouligolo","status":"publish","type":"product","link":"https:\/\/auparadisdesjouets.com\/index.php\/produit\/mina-mon-chat-rouligolo\/","title":{"rendered":"JEU D&rsquo;\u00c9VEIL MINA MON CHAT ROULI&rsquo;GOLO VTECH BABY"},"content":{"rendered":"<div>\n<p>Amuse-toi \u00e0 bouger avec Mina, l\u2019adorable chat qui fait du skateboard au rythme de la musique. <strong>Mina mon chat rouli\u2019golo, <\/strong>un jouet interactif, est excellent pour accompagner l\u2019enfant tout au long de sa croissance. Ce jouet de la marque <strong>Vtech<\/strong> peut chanter, parler, danser et faire d\u00e9couvrir aux tout petits les chiffres.<\/p>\n<p>Mina est \u00e9quip\u00e9e d\u2019un syst\u00e8me de r\u00e9tro-friction qui lui permet de s\u2019\u00e9lancer et avancer tout seul sur son skate en un simple mouvement de tir et de rel\u00e2chement. <strong>Mina mon chat rouli\u2019golo <\/strong>\u00e9met plusieurs sons amusants de musique, de chansons, de phrases rigolos qui s\u2019activent en appuyant sur l\u2019un des boutons. Il est \u00e9galement dot\u00e9 d\u2019un bouton sp\u00e9cifique pour conna\u00eetre les chiffres. Les baskets du chat s\u2019illuminent lorsqu&rsquo;il commence \u00e0 rouler sur son skateboard en remuant son corps suivant la cadence de la musique. Le jouet fonctionne \u00e0 l\u2019aide de 2 piles LR03, avec arr\u00eat automatique en cas de non-usage afin de pr\u00e9server son autonomie.<\/p>\n<p>En incitant l\u2019enfant \u00e0 suivre ses mouvements, Mina d\u00e9veloppe la motricit\u00e9 fine tout en stimulant ses capacit\u00e9s sensorielles et visuelles. Toutefois, les diff\u00e9rentes fonctions interactives de <strong>Mina mon chat rouli\u2019golo<\/strong> permettent \u00e0 votre enfant de d\u00e9couvrir la musique et les chiffres, dans le but de d\u00e9velopper son intelligence y compris sa m\u00e9moire.<\/p>\n<p>&nbsp;<\/p>\n<\/div>\n","protected":false},"excerpt":{"rendered":"<p>Amuse-toi \u00e0 bouger avec Mina, l\u2019adorable chat qui fait du skateboard au rythme de la musique. Mina mon chat rouli\u2019golo, un jouet interactif, est excellent pour accompagner l\u2019enfant tout au long de sa croissance. Ce jouet de la marque Vtech peut chanter, parler, danser et faire d\u00e9couvrir aux tout petits les chiffres. Mina est \u00e9quip\u00e9e d\u2019un syst\u00e8me de r\u00e9tro-friction qui lui permet de s\u2019\u00e9lancer et avancer tout seul sur son skate en un simple mouvement de tir et de rel\u00e2chement. Mina mon chat rouli\u2019golo \u00e9met plusieurs sons amusants de musique, de chansons, de phrases rigolos qui s\u2019activent en appuyant sur l\u2019un des boutons. Il est \u00e9galement dot\u00e9 d\u2019un bouton sp\u00e9cifique pour conna\u00eetre les chiffres. Les baskets du chat s\u2019illuminent lorsqu&rsquo;il commence \u00e0 rouler sur son skateboard en remuant son corps suivant la cadence de la musique. Le jouet fonctionne \u00e0 l\u2019aide de 2 piles LR03, avec arr\u00eat automatique en cas de non-usage afin de pr\u00e9server son autonomie. En incitant l\u2019enfant \u00e0 suivre ses mouvements, Mina d\u00e9veloppe la motricit\u00e9 fine tout en stimulant ses capacit\u00e9s sensorielles et visuelles. Toutefois, les diff\u00e9rentes fonctions interactives de Mina mon chat rouli\u2019golo permettent \u00e0 votre enfant de d\u00e9couvrir la musique et les chiffres, dans le but de d\u00e9velopper son intelligence y compris sa m\u00e9moire. &nbsp;<\/p>\n","protected":false},"featured_media":2190,"comment_status":"open","ping_status":"closed","template":"","meta":[],"product_brand":[],"product_cat":[22,65,23],"product_tag":[],"giftcard-category":[],"class_list":{"0":"post-2189","1":"product","2":"type-product","3":"status-publish","4":"has-post-thumbnail","6":"product_cat-0-a-2-ans","7":"product_cat-1-joueur","8":"product_cat-2-a-5-ans","10":"entry","11":"has-media","13":"first","14":"instock","15":"sale","16":"taxable","17":"shipping-taxable","18":"purchasable","19":"product-type-simple","20":"has-product-nav","21":"col","22":"span_1_of_3","23":"owp-content-center","24":"owp-thumbs-layout-horizontal","25":"owp-btn-normal","26":"owp-tabs-layout-horizontal","27":"has-no-thumbnails","29":"circle-sale"},"yoast_head":"<!-- This site is optimized with the Yoast SEO plugin v27.3 - https:\/\/yoast.com\/product\/yoast-seo-wordpress\/ -->\n<title>JEU D&#039;\u00c9VEIL MINA MON CHAT ROULI&#039;GOLO VTECH BABY - Au Paradis des Jouets<\/title>\n<meta name=\"robots\" content=\"index, follow, max-snippet:-1, max-image-preview:large, max-video-preview:-1\" \/>\n<link rel=\"canonical\" href=\"https:\/\/auparadisdesjouets.com\/index.php\/produit\/mina-mon-chat-rouligolo\/\" \/>\n<meta property=\"og:locale\" content=\"fr_FR\" \/>\n<meta property=\"og:type\" content=\"article\" \/>\n<meta property=\"og:title\" content=\"JEU D&#039;\u00c9VEIL MINA MON CHAT ROULI&#039;GOLO VTECH BABY - Au Paradis des Jouets\" \/>\n<meta property=\"og:description\" content=\"Amuse-toi \u00e0 bouger avec Mina, l\u2019adorable chat qui fait du skateboard au rythme de la musique. Mina mon chat rouli\u2019golo, un jouet interactif, est excellent pour accompagner l\u2019enfant tout au long de sa croissance. Ce jouet de la marque Vtech peut chanter, parler, danser et faire d\u00e9couvrir aux tout petits les chiffres. Mina est \u00e9quip\u00e9e d\u2019un syst\u00e8me de r\u00e9tro-friction qui lui permet de s\u2019\u00e9lancer et avancer tout seul sur son skate en un simple mouvement de tir et de rel\u00e2chement. Mina mon chat rouli\u2019golo \u00e9met plusieurs sons amusants de musique, de chansons, de phrases rigolos qui s\u2019activent en appuyant sur l\u2019un des boutons. Il est \u00e9galement dot\u00e9 d\u2019un bouton sp\u00e9cifique pour conna\u00eetre les chiffres. Les baskets du chat s\u2019illuminent lorsqu&rsquo;il commence \u00e0 rouler sur son skateboard en remuant son corps suivant la cadence de la musique. Le jouet fonctionne \u00e0 l\u2019aide de 2 piles LR03, avec arr\u00eat automatique en cas de non-usage afin de pr\u00e9server son autonomie. En incitant l\u2019enfant \u00e0 suivre ses mouvements, Mina d\u00e9veloppe la motricit\u00e9 fine tout en stimulant ses capacit\u00e9s sensorielles et visuelles. Toutefois, les diff\u00e9rentes fonctions interactives de Mina mon chat rouli\u2019golo permettent \u00e0 votre enfant de d\u00e9couvrir la musique et les chiffres, dans le but de d\u00e9velopper son intelligence y compris sa m\u00e9moire. &nbsp;\" \/>\n<meta property=\"og:url\" content=\"https:\/\/auparadisdesjouets.com\/index.php\/produit\/mina-mon-chat-rouligolo\/\" \/>\n<meta property=\"og:site_name\" content=\"Au Paradis des Jouets\" \/>\n<meta property=\"article:publisher\" content=\"https:\/\/www.facebook.com\/auparadisdesjouets\" \/>\n<meta property=\"article:modified_time\" content=\"2025-11-15T08:08:58+00:00\" \/>\n<meta property=\"og:image\" content=\"https:\/\/auparadisdesjouets.com\/wp-content\/uploads\/2024\/08\/40618ebca724a93094556f13c08f25b5b7695b0c_886999_1.webp\" \/>\n\t<meta property=\"og:image:width\" content=\"575\" \/>\n\t<meta property=\"og:image:height\" content=\"575\" \/>\n\t<meta property=\"og:image:type\" content=\"image\/webp\" \/>\n<meta name=\"twitter:card\" content=\"summary_large_image\" \/>\n<meta name=\"twitter:label1\" content=\"Dur\u00e9e de lecture estim\u00e9e\" \/>\n\t<meta name=\"twitter:data1\" content=\"1 minute\" \/>\n<script type=\"application\/ld+json\" class=\"yoast-schema-graph\">{\"@context\":\"https:\\\/\\\/schema.org\",\"@graph\":[{\"@type\":\"WebPage\",\"@id\":\"https:\\\/\\\/auparadisdesjouets.com\\\/index.php\\\/produit\\\/mina-mon-chat-rouligolo\\\/\",\"url\":\"https:\\\/\\\/auparadisdesjouets.com\\\/index.php\\\/produit\\\/mina-mon-chat-rouligolo\\\/\",\"name\":\"JEU D'\u00c9VEIL MINA MON CHAT ROULI'GOLO VTECH BABY - Au Paradis des Jouets\",\"isPartOf\":{\"@id\":\"https:\\\/\\\/auparadisdesjouets.com\\\/#website\"},\"primaryImageOfPage\":{\"@id\":\"https:\\\/\\\/auparadisdesjouets.com\\\/index.php\\\/produit\\\/mina-mon-chat-rouligolo\\\/#primaryimage\"},\"image\":{\"@id\":\"https:\\\/\\\/auparadisdesjouets.com\\\/index.php\\\/produit\\\/mina-mon-chat-rouligolo\\\/#primaryimage\"},\"thumbnailUrl\":\"https:\\\/\\\/auparadisdesjouets.com\\\/wp-content\\\/uploads\\\/2024\\\/08\\\/40618ebca724a93094556f13c08f25b5b7695b0c_886999_1.webp\",\"datePublished\":\"2024-08-28T12:58:42+00:00\",\"dateModified\":\"2025-11-15T08:08:58+00:00\",\"breadcrumb\":{\"@id\":\"https:\\\/\\\/auparadisdesjouets.com\\\/index.php\\\/produit\\\/mina-mon-chat-rouligolo\\\/#breadcrumb\"},\"inLanguage\":\"fr-FR\",\"potentialAction\":[{\"@type\":\"ReadAction\",\"target\":[\"https:\\\/\\\/auparadisdesjouets.com\\\/index.php\\\/produit\\\/mina-mon-chat-rouligolo\\\/\"]}]},{\"@type\":\"ImageObject\",\"inLanguage\":\"fr-FR\",\"@id\":\"https:\\\/\\\/auparadisdesjouets.com\\\/index.php\\\/produit\\\/mina-mon-chat-rouligolo\\\/#primaryimage\",\"url\":\"https:\\\/\\\/auparadisdesjouets.com\\\/wp-content\\\/uploads\\\/2024\\\/08\\\/40618ebca724a93094556f13c08f25b5b7695b0c_886999_1.webp\",\"contentUrl\":\"https:\\\/\\\/auparadisdesjouets.com\\\/wp-content\\\/uploads\\\/2024\\\/08\\\/40618ebca724a93094556f13c08f25b5b7695b0c_886999_1.webp\",\"width\":575,\"height\":575},{\"@type\":\"BreadcrumbList\",\"@id\":\"https:\\\/\\\/auparadisdesjouets.com\\\/index.php\\\/produit\\\/mina-mon-chat-rouligolo\\\/#breadcrumb\",\"itemListElement\":[{\"@type\":\"ListItem\",\"position\":1,\"name\":\"Accueil\",\"item\":\"https:\\\/\\\/auparadisdesjouets.com\\\/\"},{\"@type\":\"ListItem\",\"position\":2,\"name\":\"Boutique\",\"item\":\"https:\\\/\\\/auparadisdesjouets.com\\\/index.php\\\/boutique\\\/\"},{\"@type\":\"ListItem\",\"position\":3,\"name\":\"JEU D&rsquo;\u00c9VEIL MINA MON CHAT ROULI&rsquo;GOLO VTECH BABY\"}]},{\"@type\":\"WebSite\",\"@id\":\"https:\\\/\\\/auparadisdesjouets.com\\\/#website\",\"url\":\"https:\\\/\\\/auparadisdesjouets.com\\\/\",\"name\":\"Au Paradis des Jouets\",\"description\":\"Trouvez le jouet qui vous correspond !\",\"publisher\":{\"@id\":\"https:\\\/\\\/auparadisdesjouets.com\\\/#organization\"},\"potentialAction\":[{\"@type\":\"SearchAction\",\"target\":{\"@type\":\"EntryPoint\",\"urlTemplate\":\"https:\\\/\\\/auparadisdesjouets.com\\\/?s={search_term_string}\"},\"query-input\":{\"@type\":\"PropertyValueSpecification\",\"valueRequired\":true,\"valueName\":\"search_term_string\"}}],\"inLanguage\":\"fr-FR\"},{\"@type\":\"Organization\",\"@id\":\"https:\\\/\\\/auparadisdesjouets.com\\\/#organization\",\"name\":\"Au Paradis des Jouets\",\"url\":\"https:\\\/\\\/auparadisdesjouets.com\\\/\",\"logo\":{\"@type\":\"ImageObject\",\"inLanguage\":\"fr-FR\",\"@id\":\"https:\\\/\\\/auparadisdesjouets.com\\\/#\\\/schema\\\/logo\\\/image\\\/\",\"url\":\"https:\\\/\\\/auparadisdesjouets.com\\\/wp-content\\\/uploads\\\/2024\\\/09\\\/logo-paradis-jouets.png\",\"contentUrl\":\"https:\\\/\\\/auparadisdesjouets.com\\\/wp-content\\\/uploads\\\/2024\\\/09\\\/logo-paradis-jouets.png\",\"width\":7678,\"height\":1950,\"caption\":\"Au Paradis des Jouets\"},\"image\":{\"@id\":\"https:\\\/\\\/auparadisdesjouets.com\\\/#\\\/schema\\\/logo\\\/image\\\/\"},\"sameAs\":[\"https:\\\/\\\/www.facebook.com\\\/auparadisdesjouets\"]}]}<\/script>\n<!-- \/ Yoast SEO plugin. -->","yoast_head_json":{"title":"JEU D'\u00c9VEIL MINA MON CHAT ROULI'GOLO VTECH BABY - Au Paradis des Jouets","robots":{"index":"index","follow":"follow","max-snippet":"max-snippet:-1","max-image-preview":"max-image-preview:large","max-video-preview":"max-video-preview:-1"},"canonical":"https:\/\/auparadisdesjouets.com\/index.php\/produit\/mina-mon-chat-rouligolo\/","og_locale":"fr_FR","og_type":"article","og_title":"JEU D'\u00c9VEIL MINA MON CHAT ROULI'GOLO VTECH BABY - Au Paradis des Jouets","og_description":"Amuse-toi \u00e0 bouger avec Mina, l\u2019adorable chat qui fait du skateboard au rythme de la musique. Mina mon chat rouli\u2019golo, un jouet interactif, est excellent pour accompagner l\u2019enfant tout au long de sa croissance. Ce jouet de la marque Vtech peut chanter, parler, danser et faire d\u00e9couvrir aux tout petits les chiffres. Mina est \u00e9quip\u00e9e d\u2019un syst\u00e8me de r\u00e9tro-friction qui lui permet de s\u2019\u00e9lancer et avancer tout seul sur son skate en un simple mouvement de tir et de rel\u00e2chement. Mina mon chat rouli\u2019golo \u00e9met plusieurs sons amusants de musique, de chansons, de phrases rigolos qui s\u2019activent en appuyant sur l\u2019un des boutons. Il est \u00e9galement dot\u00e9 d\u2019un bouton sp\u00e9cifique pour conna\u00eetre les chiffres. Les baskets du chat s\u2019illuminent lorsqu&rsquo;il commence \u00e0 rouler sur son skateboard en remuant son corps suivant la cadence de la musique. Le jouet fonctionne \u00e0 l\u2019aide de 2 piles LR03, avec arr\u00eat automatique en cas de non-usage afin de pr\u00e9server son autonomie. En incitant l\u2019enfant \u00e0 suivre ses mouvements, Mina d\u00e9veloppe la motricit\u00e9 fine tout en stimulant ses capacit\u00e9s sensorielles et visuelles. Toutefois, les diff\u00e9rentes fonctions interactives de Mina mon chat rouli\u2019golo permettent \u00e0 votre enfant de d\u00e9couvrir la musique et les chiffres, dans le but de d\u00e9velopper son intelligence y compris sa m\u00e9moire. &nbsp;","og_url":"https:\/\/auparadisdesjouets.com\/index.php\/produit\/mina-mon-chat-rouligolo\/","og_site_name":"Au Paradis des Jouets","article_publisher":"https:\/\/www.facebook.com\/auparadisdesjouets","article_modified_time":"2025-11-15T08:08:58+00:00","og_image":[{"width":575,"height":575,"url":"https:\/\/auparadisdesjouets.com\/wp-content\/uploads\/2024\/08\/40618ebca724a93094556f13c08f25b5b7695b0c_886999_1.webp","type":"image\/webp"}],"twitter_card":"summary_large_image","twitter_misc":{"Dur\u00e9e de lecture estim\u00e9e":"1 minute"},"schema":{"@context":"https:\/\/schema.org","@graph":[{"@type":"WebPage","@id":"https:\/\/auparadisdesjouets.com\/index.php\/produit\/mina-mon-chat-rouligolo\/","url":"https:\/\/auparadisdesjouets.com\/index.php\/produit\/mina-mon-chat-rouligolo\/","name":"JEU D'\u00c9VEIL MINA MON CHAT ROULI'GOLO VTECH BABY - Au Paradis des Jouets","isPartOf":{"@id":"https:\/\/auparadisdesjouets.com\/#website"},"primaryImageOfPage":{"@id":"https:\/\/auparadisdesjouets.com\/index.php\/produit\/mina-mon-chat-rouligolo\/#primaryimage"},"image":{"@id":"https:\/\/auparadisdesjouets.com\/index.php\/produit\/mina-mon-chat-rouligolo\/#primaryimage"},"thumbnailUrl":"https:\/\/auparadisdesjouets.com\/wp-content\/uploads\/2024\/08\/40618ebca724a93094556f13c08f25b5b7695b0c_886999_1.webp","datePublished":"2024-08-28T12:58:42+00:00","dateModified":"2025-11-15T08:08:58+00:00","breadcrumb":{"@id":"https:\/\/auparadisdesjouets.com\/index.php\/produit\/mina-mon-chat-rouligolo\/#breadcrumb"},"inLanguage":"fr-FR","potentialAction":[{"@type":"ReadAction","target":["https:\/\/auparadisdesjouets.com\/index.php\/produit\/mina-mon-chat-rouligolo\/"]}]},{"@type":"ImageObject","inLanguage":"fr-FR","@id":"https:\/\/auparadisdesjouets.com\/index.php\/produit\/mina-mon-chat-rouligolo\/#primaryimage","url":"https:\/\/auparadisdesjouets.com\/wp-content\/uploads\/2024\/08\/40618ebca724a93094556f13c08f25b5b7695b0c_886999_1.webp","contentUrl":"https:\/\/auparadisdesjouets.com\/wp-content\/uploads\/2024\/08\/40618ebca724a93094556f13c08f25b5b7695b0c_886999_1.webp","width":575,"height":575},{"@type":"BreadcrumbList","@id":"https:\/\/auparadisdesjouets.com\/index.php\/produit\/mina-mon-chat-rouligolo\/#breadcrumb","itemListElement":[{"@type":"ListItem","position":1,"name":"Accueil","item":"https:\/\/auparadisdesjouets.com\/"},{"@type":"ListItem","position":2,"name":"Boutique","item":"https:\/\/auparadisdesjouets.com\/index.php\/boutique\/"},{"@type":"ListItem","position":3,"name":"JEU D&rsquo;\u00c9VEIL MINA MON CHAT ROULI&rsquo;GOLO VTECH BABY"}]},{"@type":"WebSite","@id":"https:\/\/auparadisdesjouets.com\/#website","url":"https:\/\/auparadisdesjouets.com\/","name":"Au Paradis des Jouets","description":"Trouvez le jouet qui vous correspond !","publisher":{"@id":"https:\/\/auparadisdesjouets.com\/#organization"},"potentialAction":[{"@type":"SearchAction","target":{"@type":"EntryPoint","urlTemplate":"https:\/\/auparadisdesjouets.com\/?s={search_term_string}"},"query-input":{"@type":"PropertyValueSpecification","valueRequired":true,"valueName":"search_term_string"}}],"inLanguage":"fr-FR"},{"@type":"Organization","@id":"https:\/\/auparadisdesjouets.com\/#organization","name":"Au Paradis des Jouets","url":"https:\/\/auparadisdesjouets.com\/","logo":{"@type":"ImageObject","inLanguage":"fr-FR","@id":"https:\/\/auparadisdesjouets.com\/#\/schema\/logo\/image\/","url":"https:\/\/auparadisdesjouets.com\/wp-content\/uploads\/2024\/09\/logo-paradis-jouets.png","contentUrl":"https:\/\/auparadisdesjouets.com\/wp-content\/uploads\/2024\/09\/logo-paradis-jouets.png","width":7678,"height":1950,"caption":"Au Paradis des Jouets"},"image":{"@id":"https:\/\/auparadisdesjouets.com\/#\/schema\/logo\/image\/"},"sameAs":["https:\/\/www.facebook.com\/auparadisdesjouets"]}]}},"jetpack_sharing_enabled":true,"_links":{"self":[{"href":"https:\/\/auparadisdesjouets.com\/index.php\/wp-json\/wp\/v2\/product\/2189","targetHints":{"allow":["GET"]}}],"collection":[{"href":"https:\/\/auparadisdesjouets.com\/index.php\/wp-json\/wp\/v2\/product"}],"about":[{"href":"https:\/\/auparadisdesjouets.com\/index.php\/wp-json\/wp\/v2\/types\/product"}],"replies":[{"embeddable":true,"href":"https:\/\/auparadisdesjouets.com\/index.php\/wp-json\/wp\/v2\/comments?post=2189"}],"version-history":[{"count":3,"href":"https:\/\/auparadisdesjouets.com\/index.php\/wp-json\/wp\/v2\/product\/2189\/revisions"}],"predecessor-version":[{"id":3893,"href":"https:\/\/auparadisdesjouets.com\/index.php\/wp-json\/wp\/v2\/product\/2189\/revisions\/3893"}],"wp:featuredmedia":[{"embeddable":true,"href":"https:\/\/auparadisdesjouets.com\/index.php\/wp-json\/wp\/v2\/media\/2190"}],"wp:attachment":[{"href":"https:\/\/auparadisdesjouets.com\/index.php\/wp-json\/wp\/v2\/media?parent=2189"}],"wp:term":[{"taxonomy":"product_brand","embeddable":true,"href":"https:\/\/auparadisdesjouets.com\/index.php\/wp-json\/wp\/v2\/product_brand?post=2189"},{"taxonomy":"product_cat","embeddable":true,"href":"https:\/\/auparadisdesjouets.com\/index.php\/wp-json\/wp\/v2\/product_cat?post=2189"},{"taxonomy":"product_tag","embeddable":true,"href":"https:\/\/auparadisdesjouets.com\/index.php\/wp-json\/wp\/v2\/product_tag?post=2189"},{"taxonomy":"giftcard-category","embeddable":true,"href":"https:\/\/auparadisdesjouets.com\/index.php\/wp-json\/wp\/v2\/giftcard-category?post=2189"}],"curies":[{"name":"wp","href":"https:\/\/api.w.org\/{rel}","templated":true}]}}