{"id":2139,"date":"2024-08-28T10:43:08","date_gmt":"2024-08-28T08:43:08","guid":{"rendered":"https:\/\/auparadisdesjouets.com\/?post_type=product&#038;p=2139"},"modified":"2025-11-21T15:37:14","modified_gmt":"2025-11-21T14:37:14","slug":"boite-a-outils-nordic-ref-11505","status":"publish","type":"product","link":"https:\/\/auparadisdesjouets.com\/index.php\/produit\/boite-a-outils-nordic-ref-11505\/","title":{"rendered":"MALETTE \u00c0 OUTILS \u00ab\u00a0SCANDINAVE\u00a0\u00bb EN BOIS REF 11505"},"content":{"rendered":"<p>Et c\u00b4est parti pour le bricolage ! Avec cette mallette en bois au design scandinave, les petits bricoleurs deviennent de v\u00e9ritables professionnels. Des accessoires d\u00e9taill\u00e9s, tels qu\u00b4une r\u00e8gle avec niveau \u00e0 bulle int\u00e9gr\u00e9 et un tournevis \u00e9lectrique, qui peut changer ses embouts \u00e0 l\u00b4aide d\u00b4aimants, ne laissent rien \u00e0 d\u00e9sirer ! Accessoires inclus.<br \/>\n43 accessoires inclus, comprenant 5 outils, 1 perceur, 3 bits, 11 vis, 11 \u00e9crous et 12 rails perfor\u00e9s. Les fermetures \u00e0 clip permettent de ranger tout en toute s\u00e9curit\u00e9 et les poign\u00e9es de transport en bois pr\u00e9parent la bo\u00eete \u00e0 outils pour les gar\u00e7ons et les filles \u00e0 la prochaine mission de bricolage.<\/p>\n","protected":false},"excerpt":{"rendered":"<p>Et c\u00b4est parti pour le bricolage ! Avec cette mallette en bois au design scandinave, les petits bricoleurs deviennent de v\u00e9ritables professionnels. Des accessoires d\u00e9taill\u00e9s, tels qu\u00b4une r\u00e8gle avec niveau \u00e0 bulle int\u00e9gr\u00e9 et un tournevis \u00e9lectrique, qui peut changer ses embouts \u00e0 l\u00b4aide d\u00b4aimants, ne laissent rien \u00e0 d\u00e9sirer ! Accessoires inclus. 43 accessoires inclus, comprenant 5 outils, 1 perceur, 3 bits, 11 vis, 11 \u00e9crous et 12 rails perfor\u00e9s. Les fermetures \u00e0 clip permettent de ranger tout en toute s\u00e9curit\u00e9 et les poign\u00e9es de transport en bois pr\u00e9parent la bo\u00eete \u00e0 outils pour les gar\u00e7ons et les filles \u00e0 la prochaine mission de bricolage.<\/p>\n","protected":false},"featured_media":2140,"comment_status":"open","ping_status":"closed","template":"","meta":[],"product_brand":[],"product_cat":[65,23,24,25,32,36],"product_tag":[],"giftcard-category":[],"class_list":{"0":"post-2139","1":"product","2":"type-product","3":"status-publish","4":"has-post-thumbnail","6":"product_cat-1-joueur","7":"product_cat-2-a-5-ans","8":"product_cat-5-a-8-ans","9":"product_cat-8-a-12-ans","10":"product_cat-imitation","11":"product_cat-jouets-en-bois","13":"entry","14":"has-media","16":"first","17":"instock","18":"sale","19":"taxable","20":"shipping-taxable","21":"purchasable","22":"product-type-simple","23":"has-product-nav","24":"col","25":"span_1_of_3","26":"owp-content-center","27":"owp-thumbs-layout-horizontal","28":"owp-btn-normal","29":"owp-tabs-layout-horizontal","30":"has-no-thumbnails","32":"circle-sale"},"yoast_head":"<!-- This site is optimized with the Yoast SEO plugin v27.4 - https:\/\/yoast.com\/product\/yoast-seo-wordpress\/ -->\n<title>MALETTE \u00c0 OUTILS &quot;SCANDINAVE&quot; EN BOIS REF 11505 - Au Paradis des Jouets<\/title>\n<meta name=\"robots\" content=\"index, follow, max-snippet:-1, max-image-preview:large, max-video-preview:-1\" \/>\n<link rel=\"canonical\" href=\"https:\/\/auparadisdesjouets.com\/index.php\/produit\/boite-a-outils-nordic-ref-11505\/\" \/>\n<meta property=\"og:locale\" content=\"fr_FR\" \/>\n<meta property=\"og:type\" content=\"article\" \/>\n<meta property=\"og:title\" content=\"MALETTE \u00c0 OUTILS &quot;SCANDINAVE&quot; EN BOIS REF 11505 - Au Paradis des Jouets\" \/>\n<meta property=\"og:description\" content=\"Et c\u00b4est parti pour le bricolage ! Avec cette mallette en bois au design scandinave, les petits bricoleurs deviennent de v\u00e9ritables professionnels. Des accessoires d\u00e9taill\u00e9s, tels qu\u00b4une r\u00e8gle avec niveau \u00e0 bulle int\u00e9gr\u00e9 et un tournevis \u00e9lectrique, qui peut changer ses embouts \u00e0 l\u00b4aide d\u00b4aimants, ne laissent rien \u00e0 d\u00e9sirer ! Accessoires inclus. 43 accessoires inclus, comprenant 5 outils, 1 perceur, 3 bits, 11 vis, 11 \u00e9crous et 12 rails perfor\u00e9s. Les fermetures \u00e0 clip permettent de ranger tout en toute s\u00e9curit\u00e9 et les poign\u00e9es de transport en bois pr\u00e9parent la bo\u00eete \u00e0 outils pour les gar\u00e7ons et les filles \u00e0 la prochaine mission de bricolage.\" \/>\n<meta property=\"og:url\" content=\"https:\/\/auparadisdesjouets.com\/index.php\/produit\/boite-a-outils-nordic-ref-11505\/\" \/>\n<meta property=\"og:site_name\" content=\"Au Paradis des Jouets\" \/>\n<meta property=\"article:publisher\" content=\"https:\/\/www.facebook.com\/auparadisdesjouets\" \/>\n<meta property=\"article:modified_time\" content=\"2025-11-21T14:37:14+00:00\" \/>\n<meta property=\"og:image\" content=\"https:\/\/auparadisdesjouets.com\/wp-content\/uploads\/2024\/08\/11505_legler_small_foot_design_werkzeugbox_skandinawisch_a.jpg\" \/>\n\t<meta property=\"og:image:width\" content=\"860\" \/>\n\t<meta property=\"og:image:height\" content=\"960\" \/>\n\t<meta property=\"og:image:type\" content=\"image\/jpeg\" \/>\n<meta name=\"twitter:card\" content=\"summary_large_image\" \/>\n<meta name=\"twitter:label1\" content=\"Dur\u00e9e de lecture estim\u00e9e\" \/>\n\t<meta name=\"twitter:data1\" content=\"1 minute\" \/>\n<script type=\"application\/ld+json\" class=\"yoast-schema-graph\">{\"@context\":\"https:\\\/\\\/schema.org\",\"@graph\":[{\"@type\":\"WebPage\",\"@id\":\"https:\\\/\\\/auparadisdesjouets.com\\\/index.php\\\/produit\\\/boite-a-outils-nordic-ref-11505\\\/\",\"url\":\"https:\\\/\\\/auparadisdesjouets.com\\\/index.php\\\/produit\\\/boite-a-outils-nordic-ref-11505\\\/\",\"name\":\"MALETTE \u00c0 OUTILS \\\"SCANDINAVE\\\" EN BOIS REF 11505 - Au Paradis des Jouets\",\"isPartOf\":{\"@id\":\"https:\\\/\\\/auparadisdesjouets.com\\\/#website\"},\"primaryImageOfPage\":{\"@id\":\"https:\\\/\\\/auparadisdesjouets.com\\\/index.php\\\/produit\\\/boite-a-outils-nordic-ref-11505\\\/#primaryimage\"},\"image\":{\"@id\":\"https:\\\/\\\/auparadisdesjouets.com\\\/index.php\\\/produit\\\/boite-a-outils-nordic-ref-11505\\\/#primaryimage\"},\"thumbnailUrl\":\"https:\\\/\\\/auparadisdesjouets.com\\\/wp-content\\\/uploads\\\/2024\\\/08\\\/11505_legler_small_foot_design_werkzeugbox_skandinawisch_a.jpg\",\"datePublished\":\"2024-08-28T08:43:08+00:00\",\"dateModified\":\"2025-11-21T14:37:14+00:00\",\"breadcrumb\":{\"@id\":\"https:\\\/\\\/auparadisdesjouets.com\\\/index.php\\\/produit\\\/boite-a-outils-nordic-ref-11505\\\/#breadcrumb\"},\"inLanguage\":\"fr-FR\",\"potentialAction\":[{\"@type\":\"ReadAction\",\"target\":[\"https:\\\/\\\/auparadisdesjouets.com\\\/index.php\\\/produit\\\/boite-a-outils-nordic-ref-11505\\\/\"]}]},{\"@type\":\"ImageObject\",\"inLanguage\":\"fr-FR\",\"@id\":\"https:\\\/\\\/auparadisdesjouets.com\\\/index.php\\\/produit\\\/boite-a-outils-nordic-ref-11505\\\/#primaryimage\",\"url\":\"https:\\\/\\\/auparadisdesjouets.com\\\/wp-content\\\/uploads\\\/2024\\\/08\\\/11505_legler_small_foot_design_werkzeugbox_skandinawisch_a.jpg\",\"contentUrl\":\"https:\\\/\\\/auparadisdesjouets.com\\\/wp-content\\\/uploads\\\/2024\\\/08\\\/11505_legler_small_foot_design_werkzeugbox_skandinawisch_a.jpg\",\"width\":860,\"height\":960},{\"@type\":\"BreadcrumbList\",\"@id\":\"https:\\\/\\\/auparadisdesjouets.com\\\/index.php\\\/produit\\\/boite-a-outils-nordic-ref-11505\\\/#breadcrumb\",\"itemListElement\":[{\"@type\":\"ListItem\",\"position\":1,\"name\":\"Accueil\",\"item\":\"https:\\\/\\\/auparadisdesjouets.com\\\/\"},{\"@type\":\"ListItem\",\"position\":2,\"name\":\"Boutique\",\"item\":\"https:\\\/\\\/auparadisdesjouets.com\\\/index.php\\\/boutique\\\/\"},{\"@type\":\"ListItem\",\"position\":3,\"name\":\"MALETTE \u00c0 OUTILS \u00ab\u00a0SCANDINAVE\u00a0\u00bb EN BOIS REF 11505\"}]},{\"@type\":\"WebSite\",\"@id\":\"https:\\\/\\\/auparadisdesjouets.com\\\/#website\",\"url\":\"https:\\\/\\\/auparadisdesjouets.com\\\/\",\"name\":\"Au Paradis des Jouets\",\"description\":\"Trouvez le jouet qui vous correspond !\",\"publisher\":{\"@id\":\"https:\\\/\\\/auparadisdesjouets.com\\\/#organization\"},\"potentialAction\":[{\"@type\":\"SearchAction\",\"target\":{\"@type\":\"EntryPoint\",\"urlTemplate\":\"https:\\\/\\\/auparadisdesjouets.com\\\/?s={search_term_string}\"},\"query-input\":{\"@type\":\"PropertyValueSpecification\",\"valueRequired\":true,\"valueName\":\"search_term_string\"}}],\"inLanguage\":\"fr-FR\"},{\"@type\":\"Organization\",\"@id\":\"https:\\\/\\\/auparadisdesjouets.com\\\/#organization\",\"name\":\"Au Paradis des Jouets\",\"url\":\"https:\\\/\\\/auparadisdesjouets.com\\\/\",\"logo\":{\"@type\":\"ImageObject\",\"inLanguage\":\"fr-FR\",\"@id\":\"https:\\\/\\\/auparadisdesjouets.com\\\/#\\\/schema\\\/logo\\\/image\\\/\",\"url\":\"https:\\\/\\\/auparadisdesjouets.com\\\/wp-content\\\/uploads\\\/2024\\\/09\\\/logo-paradis-jouets.png\",\"contentUrl\":\"https:\\\/\\\/auparadisdesjouets.com\\\/wp-content\\\/uploads\\\/2024\\\/09\\\/logo-paradis-jouets.png\",\"width\":7678,\"height\":1950,\"caption\":\"Au Paradis des Jouets\"},\"image\":{\"@id\":\"https:\\\/\\\/auparadisdesjouets.com\\\/#\\\/schema\\\/logo\\\/image\\\/\"},\"sameAs\":[\"https:\\\/\\\/www.facebook.com\\\/auparadisdesjouets\"]}]}<\/script>\n<!-- \/ Yoast SEO plugin. -->","yoast_head_json":{"title":"MALETTE \u00c0 OUTILS \"SCANDINAVE\" EN BOIS REF 11505 - Au Paradis des Jouets","robots":{"index":"index","follow":"follow","max-snippet":"max-snippet:-1","max-image-preview":"max-image-preview:large","max-video-preview":"max-video-preview:-1"},"canonical":"https:\/\/auparadisdesjouets.com\/index.php\/produit\/boite-a-outils-nordic-ref-11505\/","og_locale":"fr_FR","og_type":"article","og_title":"MALETTE \u00c0 OUTILS \"SCANDINAVE\" EN BOIS REF 11505 - Au Paradis des Jouets","og_description":"Et c\u00b4est parti pour le bricolage ! Avec cette mallette en bois au design scandinave, les petits bricoleurs deviennent de v\u00e9ritables professionnels. Des accessoires d\u00e9taill\u00e9s, tels qu\u00b4une r\u00e8gle avec niveau \u00e0 bulle int\u00e9gr\u00e9 et un tournevis \u00e9lectrique, qui peut changer ses embouts \u00e0 l\u00b4aide d\u00b4aimants, ne laissent rien \u00e0 d\u00e9sirer ! Accessoires inclus. 43 accessoires inclus, comprenant 5 outils, 1 perceur, 3 bits, 11 vis, 11 \u00e9crous et 12 rails perfor\u00e9s. Les fermetures \u00e0 clip permettent de ranger tout en toute s\u00e9curit\u00e9 et les poign\u00e9es de transport en bois pr\u00e9parent la bo\u00eete \u00e0 outils pour les gar\u00e7ons et les filles \u00e0 la prochaine mission de bricolage.","og_url":"https:\/\/auparadisdesjouets.com\/index.php\/produit\/boite-a-outils-nordic-ref-11505\/","og_site_name":"Au Paradis des Jouets","article_publisher":"https:\/\/www.facebook.com\/auparadisdesjouets","article_modified_time":"2025-11-21T14:37:14+00:00","og_image":[{"width":860,"height":960,"url":"https:\/\/auparadisdesjouets.com\/wp-content\/uploads\/2024\/08\/11505_legler_small_foot_design_werkzeugbox_skandinawisch_a.jpg","type":"image\/jpeg"}],"twitter_card":"summary_large_image","twitter_misc":{"Dur\u00e9e de lecture estim\u00e9e":"1 minute"},"schema":{"@context":"https:\/\/schema.org","@graph":[{"@type":"WebPage","@id":"https:\/\/auparadisdesjouets.com\/index.php\/produit\/boite-a-outils-nordic-ref-11505\/","url":"https:\/\/auparadisdesjouets.com\/index.php\/produit\/boite-a-outils-nordic-ref-11505\/","name":"MALETTE \u00c0 OUTILS \"SCANDINAVE\" EN BOIS REF 11505 - Au Paradis des Jouets","isPartOf":{"@id":"https:\/\/auparadisdesjouets.com\/#website"},"primaryImageOfPage":{"@id":"https:\/\/auparadisdesjouets.com\/index.php\/produit\/boite-a-outils-nordic-ref-11505\/#primaryimage"},"image":{"@id":"https:\/\/auparadisdesjouets.com\/index.php\/produit\/boite-a-outils-nordic-ref-11505\/#primaryimage"},"thumbnailUrl":"https:\/\/auparadisdesjouets.com\/wp-content\/uploads\/2024\/08\/11505_legler_small_foot_design_werkzeugbox_skandinawisch_a.jpg","datePublished":"2024-08-28T08:43:08+00:00","dateModified":"2025-11-21T14:37:14+00:00","breadcrumb":{"@id":"https:\/\/auparadisdesjouets.com\/index.php\/produit\/boite-a-outils-nordic-ref-11505\/#breadcrumb"},"inLanguage":"fr-FR","potentialAction":[{"@type":"ReadAction","target":["https:\/\/auparadisdesjouets.com\/index.php\/produit\/boite-a-outils-nordic-ref-11505\/"]}]},{"@type":"ImageObject","inLanguage":"fr-FR","@id":"https:\/\/auparadisdesjouets.com\/index.php\/produit\/boite-a-outils-nordic-ref-11505\/#primaryimage","url":"https:\/\/auparadisdesjouets.com\/wp-content\/uploads\/2024\/08\/11505_legler_small_foot_design_werkzeugbox_skandinawisch_a.jpg","contentUrl":"https:\/\/auparadisdesjouets.com\/wp-content\/uploads\/2024\/08\/11505_legler_small_foot_design_werkzeugbox_skandinawisch_a.jpg","width":860,"height":960},{"@type":"BreadcrumbList","@id":"https:\/\/auparadisdesjouets.com\/index.php\/produit\/boite-a-outils-nordic-ref-11505\/#breadcrumb","itemListElement":[{"@type":"ListItem","position":1,"name":"Accueil","item":"https:\/\/auparadisdesjouets.com\/"},{"@type":"ListItem","position":2,"name":"Boutique","item":"https:\/\/auparadisdesjouets.com\/index.php\/boutique\/"},{"@type":"ListItem","position":3,"name":"MALETTE \u00c0 OUTILS \u00ab\u00a0SCANDINAVE\u00a0\u00bb EN BOIS REF 11505"}]},{"@type":"WebSite","@id":"https:\/\/auparadisdesjouets.com\/#website","url":"https:\/\/auparadisdesjouets.com\/","name":"Au Paradis des Jouets","description":"Trouvez le jouet qui vous correspond !","publisher":{"@id":"https:\/\/auparadisdesjouets.com\/#organization"},"potentialAction":[{"@type":"SearchAction","target":{"@type":"EntryPoint","urlTemplate":"https:\/\/auparadisdesjouets.com\/?s={search_term_string}"},"query-input":{"@type":"PropertyValueSpecification","valueRequired":true,"valueName":"search_term_string"}}],"inLanguage":"fr-FR"},{"@type":"Organization","@id":"https:\/\/auparadisdesjouets.com\/#organization","name":"Au Paradis des Jouets","url":"https:\/\/auparadisdesjouets.com\/","logo":{"@type":"ImageObject","inLanguage":"fr-FR","@id":"https:\/\/auparadisdesjouets.com\/#\/schema\/logo\/image\/","url":"https:\/\/auparadisdesjouets.com\/wp-content\/uploads\/2024\/09\/logo-paradis-jouets.png","contentUrl":"https:\/\/auparadisdesjouets.com\/wp-content\/uploads\/2024\/09\/logo-paradis-jouets.png","width":7678,"height":1950,"caption":"Au Paradis des Jouets"},"image":{"@id":"https:\/\/auparadisdesjouets.com\/#\/schema\/logo\/image\/"},"sameAs":["https:\/\/www.facebook.com\/auparadisdesjouets"]}]}},"jetpack_sharing_enabled":true,"_links":{"self":[{"href":"https:\/\/auparadisdesjouets.com\/index.php\/wp-json\/wp\/v2\/product\/2139","targetHints":{"allow":["GET"]}}],"collection":[{"href":"https:\/\/auparadisdesjouets.com\/index.php\/wp-json\/wp\/v2\/product"}],"about":[{"href":"https:\/\/auparadisdesjouets.com\/index.php\/wp-json\/wp\/v2\/types\/product"}],"replies":[{"embeddable":true,"href":"https:\/\/auparadisdesjouets.com\/index.php\/wp-json\/wp\/v2\/comments?post=2139"}],"version-history":[{"count":4,"href":"https:\/\/auparadisdesjouets.com\/index.php\/wp-json\/wp\/v2\/product\/2139\/revisions"}],"predecessor-version":[{"id":3900,"href":"https:\/\/auparadisdesjouets.com\/index.php\/wp-json\/wp\/v2\/product\/2139\/revisions\/3900"}],"wp:featuredmedia":[{"embeddable":true,"href":"https:\/\/auparadisdesjouets.com\/index.php\/wp-json\/wp\/v2\/media\/2140"}],"wp:attachment":[{"href":"https:\/\/auparadisdesjouets.com\/index.php\/wp-json\/wp\/v2\/media?parent=2139"}],"wp:term":[{"taxonomy":"product_brand","embeddable":true,"href":"https:\/\/auparadisdesjouets.com\/index.php\/wp-json\/wp\/v2\/product_brand?post=2139"},{"taxonomy":"product_cat","embeddable":true,"href":"https:\/\/auparadisdesjouets.com\/index.php\/wp-json\/wp\/v2\/product_cat?post=2139"},{"taxonomy":"product_tag","embeddable":true,"href":"https:\/\/auparadisdesjouets.com\/index.php\/wp-json\/wp\/v2\/product_tag?post=2139"},{"taxonomy":"giftcard-category","embeddable":true,"href":"https:\/\/auparadisdesjouets.com\/index.php\/wp-json\/wp\/v2\/giftcard-category?post=2139"}],"curies":[{"name":"wp","href":"https:\/\/api.w.org\/{rel}","templated":true}]}}