{"id":2136,"date":"2024-08-28T10:41:42","date_gmt":"2024-08-28T08:41:42","guid":{"rendered":"https:\/\/auparadisdesjouets.com\/?post_type=product&#038;p=2136"},"modified":"2025-07-04T09:46:34","modified_gmt":"2025-07-04T07:46:34","slug":"boite-a-outils-miniwob-ref-11808","status":"publish","type":"product","link":"https:\/\/auparadisdesjouets.com\/index.php\/produit\/boite-a-outils-miniwob-ref-11808\/","title":{"rendered":"MALETTE \u00c0 OUTILS \u00ab\u00a0MINIWOB\u00a0\u00bb EN BOIS REF 11808"},"content":{"rendered":"<p>Avis aux petits bricoleurs! Avec cette bo\u00eete \u00e0 outils en bois aux couleurs classiques d&rsquo;un atelier, les enfants deviennent des professionnels du bricolage dans un jeu de r\u00f4le. Des accessoires et des outils r\u00e9alistes tels qu&rsquo;un angle de charpentier avec niveau \u00e0 bulle ou un tournevis sans fil pratique dont les embouts peuvent \u00eatre chang\u00e9s \u00e0 l&rsquo;aide d&rsquo;aimants favorisent le plaisir et la motivation pour les nouveaux projets de construction ! Des \u00e9lastiques souples dans le bo\u00eetier maintiennent les outils en place m\u00eame en d\u00e9placement. La partie visible en bois s&rsquo;allie bien \u00e0 l&rsquo;optique d&rsquo;atelier et les illustrations discr\u00e8tes de la gamme Miniwob stimulent l&rsquo;imagination de l&rsquo;enfant. 6 outils en bois et de nombreux accessoires inclus.<br \/>\nInclut 6 outils en bois et de nombreux accessoires. Les accessoires et outils comprennent 1 marteau, 1 cl\u00e9, 1 tournevis, 1 pince, 1 niveau \u00e0 bulle, 11 vis, 11 \u00e9crous, 1 tournevis sans fil, 3 embouts, 4 grandes bandes perfor\u00e9es, 4 bandes perfor\u00e9es moyennes, 4 petites bandes perfor\u00e9es. Les fermetures \u00e0 clip permettent de ranger tout en toute s\u00e9curit\u00e9 et, gr\u00e2ce \u00e0 la poign\u00e9e de transport en bois, la bo\u00eete \u00e0 outils est pr\u00eate pour le prochain bricolage. S&rsquo;adapte parfaitement au th\u00e8me de l&rsquo;atelier gr\u00e2ce \u00e0 la palette de couleurs intensive et pourtant r\u00e9duite.<\/p>\n","protected":false},"excerpt":{"rendered":"<p>Avis aux petits bricoleurs! Avec cette bo\u00eete \u00e0 outils en bois aux couleurs classiques d&rsquo;un atelier, les enfants deviennent des professionnels du bricolage dans un jeu de r\u00f4le. Des accessoires et des outils r\u00e9alistes tels qu&rsquo;un angle de charpentier avec niveau \u00e0 bulle ou un tournevis sans fil pratique dont les embouts peuvent \u00eatre chang\u00e9s \u00e0 l&rsquo;aide d&rsquo;aimants favorisent le plaisir et la motivation pour les nouveaux projets de construction ! Des \u00e9lastiques souples dans le bo\u00eetier maintiennent les outils en place m\u00eame en d\u00e9placement. La partie visible en bois s&rsquo;allie bien \u00e0 l&rsquo;optique d&rsquo;atelier et les illustrations discr\u00e8tes de la gamme Miniwob stimulent l&rsquo;imagination de l&rsquo;enfant. 6 outils en bois et de nombreux accessoires inclus. Inclut 6 outils en bois et de nombreux accessoires. Les accessoires et outils comprennent 1 marteau, 1 cl\u00e9, 1 tournevis, 1 pince, 1 niveau \u00e0 bulle, 11 vis, 11 \u00e9crous, 1 tournevis sans fil, 3 embouts, 4 grandes bandes perfor\u00e9es, 4 bandes perfor\u00e9es moyennes, 4 petites bandes perfor\u00e9es. Les fermetures \u00e0 clip permettent de ranger tout en toute s\u00e9curit\u00e9 et, gr\u00e2ce \u00e0 la poign\u00e9e de transport en bois, la bo\u00eete \u00e0 outils est pr\u00eate pour le prochain bricolage. S&rsquo;adapte parfaitement au th\u00e8me de l&rsquo;atelier gr\u00e2ce \u00e0 la palette de couleurs intensive et pourtant r\u00e9duite.<\/p>\n","protected":false},"featured_media":2137,"comment_status":"open","ping_status":"closed","template":"","meta":[],"product_brand":[],"product_cat":[65,23,24,25,32,36],"product_tag":[],"giftcard-category":[],"class_list":{"0":"post-2136","1":"product","2":"type-product","3":"status-publish","4":"has-post-thumbnail","6":"product_cat-1-joueur","7":"product_cat-2-a-5-ans","8":"product_cat-5-a-8-ans","9":"product_cat-8-a-12-ans","10":"product_cat-imitation","11":"product_cat-jouets-en-bois","13":"entry","14":"has-media","16":"first","17":"instock","18":"taxable","19":"shipping-taxable","20":"purchasable","21":"product-type-simple","22":"has-product-nav","23":"col","24":"span_1_of_3","25":"owp-content-center","26":"owp-thumbs-layout-horizontal","27":"owp-btn-normal","28":"owp-tabs-layout-horizontal","29":"has-no-thumbnails","31":"circle-sale"},"yoast_head":"<!-- This site is optimized with the Yoast SEO plugin v27.4 - https:\/\/yoast.com\/product\/yoast-seo-wordpress\/ -->\n<title>MALETTE \u00c0 OUTILS &quot;MINIWOB&quot; EN BOIS REF 11808 - Au Paradis des Jouets<\/title>\n<meta name=\"robots\" content=\"index, follow, max-snippet:-1, max-image-preview:large, max-video-preview:-1\" \/>\n<link rel=\"canonical\" href=\"https:\/\/auparadisdesjouets.com\/index.php\/produit\/boite-a-outils-miniwob-ref-11808\/\" \/>\n<meta property=\"og:locale\" content=\"fr_FR\" \/>\n<meta property=\"og:type\" content=\"article\" \/>\n<meta property=\"og:title\" content=\"MALETTE \u00c0 OUTILS &quot;MINIWOB&quot; EN BOIS REF 11808 - Au Paradis des Jouets\" \/>\n<meta property=\"og:description\" content=\"Avis aux petits bricoleurs! Avec cette bo\u00eete \u00e0 outils en bois aux couleurs classiques d&rsquo;un atelier, les enfants deviennent des professionnels du bricolage dans un jeu de r\u00f4le. Des accessoires et des outils r\u00e9alistes tels qu&rsquo;un angle de charpentier avec niveau \u00e0 bulle ou un tournevis sans fil pratique dont les embouts peuvent \u00eatre chang\u00e9s \u00e0 l&rsquo;aide d&rsquo;aimants favorisent le plaisir et la motivation pour les nouveaux projets de construction ! Des \u00e9lastiques souples dans le bo\u00eetier maintiennent les outils en place m\u00eame en d\u00e9placement. La partie visible en bois s&rsquo;allie bien \u00e0 l&rsquo;optique d&rsquo;atelier et les illustrations discr\u00e8tes de la gamme Miniwob stimulent l&rsquo;imagination de l&rsquo;enfant. 6 outils en bois et de nombreux accessoires inclus. Inclut 6 outils en bois et de nombreux accessoires. Les accessoires et outils comprennent 1 marteau, 1 cl\u00e9, 1 tournevis, 1 pince, 1 niveau \u00e0 bulle, 11 vis, 11 \u00e9crous, 1 tournevis sans fil, 3 embouts, 4 grandes bandes perfor\u00e9es, 4 bandes perfor\u00e9es moyennes, 4 petites bandes perfor\u00e9es. Les fermetures \u00e0 clip permettent de ranger tout en toute s\u00e9curit\u00e9 et, gr\u00e2ce \u00e0 la poign\u00e9e de transport en bois, la bo\u00eete \u00e0 outils est pr\u00eate pour le prochain bricolage. S&rsquo;adapte parfaitement au th\u00e8me de l&rsquo;atelier gr\u00e2ce \u00e0 la palette de couleurs intensive et pourtant r\u00e9duite.\" \/>\n<meta property=\"og:url\" content=\"https:\/\/auparadisdesjouets.com\/index.php\/produit\/boite-a-outils-miniwob-ref-11808\/\" \/>\n<meta property=\"og:site_name\" content=\"Au Paradis des Jouets\" \/>\n<meta property=\"article:publisher\" content=\"https:\/\/www.facebook.com\/auparadisdesjouets\" \/>\n<meta property=\"article:modified_time\" content=\"2025-07-04T07:46:34+00:00\" \/>\n<meta property=\"og:image\" content=\"https:\/\/auparadisdesjouets.com\/wp-content\/uploads\/2024\/08\/11808_legler_small_foot_Werkzeugkoffer_Miniwob_a.jpg\" \/>\n\t<meta property=\"og:image:width\" content=\"895\" \/>\n\t<meta property=\"og:image:height\" content=\"960\" \/>\n\t<meta property=\"og:image:type\" content=\"image\/jpeg\" \/>\n<meta name=\"twitter:card\" content=\"summary_large_image\" \/>\n<meta name=\"twitter:label1\" content=\"Dur\u00e9e de lecture estim\u00e9e\" \/>\n\t<meta name=\"twitter:data1\" content=\"1 minute\" \/>\n<script type=\"application\/ld+json\" class=\"yoast-schema-graph\">{\"@context\":\"https:\\\/\\\/schema.org\",\"@graph\":[{\"@type\":\"WebPage\",\"@id\":\"https:\\\/\\\/auparadisdesjouets.com\\\/index.php\\\/produit\\\/boite-a-outils-miniwob-ref-11808\\\/\",\"url\":\"https:\\\/\\\/auparadisdesjouets.com\\\/index.php\\\/produit\\\/boite-a-outils-miniwob-ref-11808\\\/\",\"name\":\"MALETTE \u00c0 OUTILS \\\"MINIWOB\\\" EN BOIS REF 11808 - Au Paradis des Jouets\",\"isPartOf\":{\"@id\":\"https:\\\/\\\/auparadisdesjouets.com\\\/#website\"},\"primaryImageOfPage\":{\"@id\":\"https:\\\/\\\/auparadisdesjouets.com\\\/index.php\\\/produit\\\/boite-a-outils-miniwob-ref-11808\\\/#primaryimage\"},\"image\":{\"@id\":\"https:\\\/\\\/auparadisdesjouets.com\\\/index.php\\\/produit\\\/boite-a-outils-miniwob-ref-11808\\\/#primaryimage\"},\"thumbnailUrl\":\"https:\\\/\\\/auparadisdesjouets.com\\\/wp-content\\\/uploads\\\/2024\\\/08\\\/11808_legler_small_foot_Werkzeugkoffer_Miniwob_a.jpg\",\"datePublished\":\"2024-08-28T08:41:42+00:00\",\"dateModified\":\"2025-07-04T07:46:34+00:00\",\"breadcrumb\":{\"@id\":\"https:\\\/\\\/auparadisdesjouets.com\\\/index.php\\\/produit\\\/boite-a-outils-miniwob-ref-11808\\\/#breadcrumb\"},\"inLanguage\":\"fr-FR\",\"potentialAction\":[{\"@type\":\"ReadAction\",\"target\":[\"https:\\\/\\\/auparadisdesjouets.com\\\/index.php\\\/produit\\\/boite-a-outils-miniwob-ref-11808\\\/\"]}]},{\"@type\":\"ImageObject\",\"inLanguage\":\"fr-FR\",\"@id\":\"https:\\\/\\\/auparadisdesjouets.com\\\/index.php\\\/produit\\\/boite-a-outils-miniwob-ref-11808\\\/#primaryimage\",\"url\":\"https:\\\/\\\/auparadisdesjouets.com\\\/wp-content\\\/uploads\\\/2024\\\/08\\\/11808_legler_small_foot_Werkzeugkoffer_Miniwob_a.jpg\",\"contentUrl\":\"https:\\\/\\\/auparadisdesjouets.com\\\/wp-content\\\/uploads\\\/2024\\\/08\\\/11808_legler_small_foot_Werkzeugkoffer_Miniwob_a.jpg\",\"width\":895,\"height\":960},{\"@type\":\"BreadcrumbList\",\"@id\":\"https:\\\/\\\/auparadisdesjouets.com\\\/index.php\\\/produit\\\/boite-a-outils-miniwob-ref-11808\\\/#breadcrumb\",\"itemListElement\":[{\"@type\":\"ListItem\",\"position\":1,\"name\":\"Accueil\",\"item\":\"https:\\\/\\\/auparadisdesjouets.com\\\/\"},{\"@type\":\"ListItem\",\"position\":2,\"name\":\"Boutique\",\"item\":\"https:\\\/\\\/auparadisdesjouets.com\\\/index.php\\\/boutique\\\/\"},{\"@type\":\"ListItem\",\"position\":3,\"name\":\"MALETTE \u00c0 OUTILS \u00ab\u00a0MINIWOB\u00a0\u00bb EN BOIS REF 11808\"}]},{\"@type\":\"WebSite\",\"@id\":\"https:\\\/\\\/auparadisdesjouets.com\\\/#website\",\"url\":\"https:\\\/\\\/auparadisdesjouets.com\\\/\",\"name\":\"Au Paradis des Jouets\",\"description\":\"Trouvez le jouet qui vous correspond !\",\"publisher\":{\"@id\":\"https:\\\/\\\/auparadisdesjouets.com\\\/#organization\"},\"potentialAction\":[{\"@type\":\"SearchAction\",\"target\":{\"@type\":\"EntryPoint\",\"urlTemplate\":\"https:\\\/\\\/auparadisdesjouets.com\\\/?s={search_term_string}\"},\"query-input\":{\"@type\":\"PropertyValueSpecification\",\"valueRequired\":true,\"valueName\":\"search_term_string\"}}],\"inLanguage\":\"fr-FR\"},{\"@type\":\"Organization\",\"@id\":\"https:\\\/\\\/auparadisdesjouets.com\\\/#organization\",\"name\":\"Au Paradis des Jouets\",\"url\":\"https:\\\/\\\/auparadisdesjouets.com\\\/\",\"logo\":{\"@type\":\"ImageObject\",\"inLanguage\":\"fr-FR\",\"@id\":\"https:\\\/\\\/auparadisdesjouets.com\\\/#\\\/schema\\\/logo\\\/image\\\/\",\"url\":\"https:\\\/\\\/auparadisdesjouets.com\\\/wp-content\\\/uploads\\\/2024\\\/09\\\/logo-paradis-jouets.png\",\"contentUrl\":\"https:\\\/\\\/auparadisdesjouets.com\\\/wp-content\\\/uploads\\\/2024\\\/09\\\/logo-paradis-jouets.png\",\"width\":7678,\"height\":1950,\"caption\":\"Au Paradis des Jouets\"},\"image\":{\"@id\":\"https:\\\/\\\/auparadisdesjouets.com\\\/#\\\/schema\\\/logo\\\/image\\\/\"},\"sameAs\":[\"https:\\\/\\\/www.facebook.com\\\/auparadisdesjouets\"]}]}<\/script>\n<!-- \/ Yoast SEO plugin. -->","yoast_head_json":{"title":"MALETTE \u00c0 OUTILS \"MINIWOB\" EN BOIS REF 11808 - Au Paradis des Jouets","robots":{"index":"index","follow":"follow","max-snippet":"max-snippet:-1","max-image-preview":"max-image-preview:large","max-video-preview":"max-video-preview:-1"},"canonical":"https:\/\/auparadisdesjouets.com\/index.php\/produit\/boite-a-outils-miniwob-ref-11808\/","og_locale":"fr_FR","og_type":"article","og_title":"MALETTE \u00c0 OUTILS \"MINIWOB\" EN BOIS REF 11808 - Au Paradis des Jouets","og_description":"Avis aux petits bricoleurs! Avec cette bo\u00eete \u00e0 outils en bois aux couleurs classiques d&rsquo;un atelier, les enfants deviennent des professionnels du bricolage dans un jeu de r\u00f4le. Des accessoires et des outils r\u00e9alistes tels qu&rsquo;un angle de charpentier avec niveau \u00e0 bulle ou un tournevis sans fil pratique dont les embouts peuvent \u00eatre chang\u00e9s \u00e0 l&rsquo;aide d&rsquo;aimants favorisent le plaisir et la motivation pour les nouveaux projets de construction ! Des \u00e9lastiques souples dans le bo\u00eetier maintiennent les outils en place m\u00eame en d\u00e9placement. La partie visible en bois s&rsquo;allie bien \u00e0 l&rsquo;optique d&rsquo;atelier et les illustrations discr\u00e8tes de la gamme Miniwob stimulent l&rsquo;imagination de l&rsquo;enfant. 6 outils en bois et de nombreux accessoires inclus. Inclut 6 outils en bois et de nombreux accessoires. Les accessoires et outils comprennent 1 marteau, 1 cl\u00e9, 1 tournevis, 1 pince, 1 niveau \u00e0 bulle, 11 vis, 11 \u00e9crous, 1 tournevis sans fil, 3 embouts, 4 grandes bandes perfor\u00e9es, 4 bandes perfor\u00e9es moyennes, 4 petites bandes perfor\u00e9es. Les fermetures \u00e0 clip permettent de ranger tout en toute s\u00e9curit\u00e9 et, gr\u00e2ce \u00e0 la poign\u00e9e de transport en bois, la bo\u00eete \u00e0 outils est pr\u00eate pour le prochain bricolage. S&rsquo;adapte parfaitement au th\u00e8me de l&rsquo;atelier gr\u00e2ce \u00e0 la palette de couleurs intensive et pourtant r\u00e9duite.","og_url":"https:\/\/auparadisdesjouets.com\/index.php\/produit\/boite-a-outils-miniwob-ref-11808\/","og_site_name":"Au Paradis des Jouets","article_publisher":"https:\/\/www.facebook.com\/auparadisdesjouets","article_modified_time":"2025-07-04T07:46:34+00:00","og_image":[{"width":895,"height":960,"url":"https:\/\/auparadisdesjouets.com\/wp-content\/uploads\/2024\/08\/11808_legler_small_foot_Werkzeugkoffer_Miniwob_a.jpg","type":"image\/jpeg"}],"twitter_card":"summary_large_image","twitter_misc":{"Dur\u00e9e de lecture estim\u00e9e":"1 minute"},"schema":{"@context":"https:\/\/schema.org","@graph":[{"@type":"WebPage","@id":"https:\/\/auparadisdesjouets.com\/index.php\/produit\/boite-a-outils-miniwob-ref-11808\/","url":"https:\/\/auparadisdesjouets.com\/index.php\/produit\/boite-a-outils-miniwob-ref-11808\/","name":"MALETTE \u00c0 OUTILS \"MINIWOB\" EN BOIS REF 11808 - Au Paradis des Jouets","isPartOf":{"@id":"https:\/\/auparadisdesjouets.com\/#website"},"primaryImageOfPage":{"@id":"https:\/\/auparadisdesjouets.com\/index.php\/produit\/boite-a-outils-miniwob-ref-11808\/#primaryimage"},"image":{"@id":"https:\/\/auparadisdesjouets.com\/index.php\/produit\/boite-a-outils-miniwob-ref-11808\/#primaryimage"},"thumbnailUrl":"https:\/\/auparadisdesjouets.com\/wp-content\/uploads\/2024\/08\/11808_legler_small_foot_Werkzeugkoffer_Miniwob_a.jpg","datePublished":"2024-08-28T08:41:42+00:00","dateModified":"2025-07-04T07:46:34+00:00","breadcrumb":{"@id":"https:\/\/auparadisdesjouets.com\/index.php\/produit\/boite-a-outils-miniwob-ref-11808\/#breadcrumb"},"inLanguage":"fr-FR","potentialAction":[{"@type":"ReadAction","target":["https:\/\/auparadisdesjouets.com\/index.php\/produit\/boite-a-outils-miniwob-ref-11808\/"]}]},{"@type":"ImageObject","inLanguage":"fr-FR","@id":"https:\/\/auparadisdesjouets.com\/index.php\/produit\/boite-a-outils-miniwob-ref-11808\/#primaryimage","url":"https:\/\/auparadisdesjouets.com\/wp-content\/uploads\/2024\/08\/11808_legler_small_foot_Werkzeugkoffer_Miniwob_a.jpg","contentUrl":"https:\/\/auparadisdesjouets.com\/wp-content\/uploads\/2024\/08\/11808_legler_small_foot_Werkzeugkoffer_Miniwob_a.jpg","width":895,"height":960},{"@type":"BreadcrumbList","@id":"https:\/\/auparadisdesjouets.com\/index.php\/produit\/boite-a-outils-miniwob-ref-11808\/#breadcrumb","itemListElement":[{"@type":"ListItem","position":1,"name":"Accueil","item":"https:\/\/auparadisdesjouets.com\/"},{"@type":"ListItem","position":2,"name":"Boutique","item":"https:\/\/auparadisdesjouets.com\/index.php\/boutique\/"},{"@type":"ListItem","position":3,"name":"MALETTE \u00c0 OUTILS \u00ab\u00a0MINIWOB\u00a0\u00bb EN BOIS REF 11808"}]},{"@type":"WebSite","@id":"https:\/\/auparadisdesjouets.com\/#website","url":"https:\/\/auparadisdesjouets.com\/","name":"Au Paradis des Jouets","description":"Trouvez le jouet qui vous correspond !","publisher":{"@id":"https:\/\/auparadisdesjouets.com\/#organization"},"potentialAction":[{"@type":"SearchAction","target":{"@type":"EntryPoint","urlTemplate":"https:\/\/auparadisdesjouets.com\/?s={search_term_string}"},"query-input":{"@type":"PropertyValueSpecification","valueRequired":true,"valueName":"search_term_string"}}],"inLanguage":"fr-FR"},{"@type":"Organization","@id":"https:\/\/auparadisdesjouets.com\/#organization","name":"Au Paradis des Jouets","url":"https:\/\/auparadisdesjouets.com\/","logo":{"@type":"ImageObject","inLanguage":"fr-FR","@id":"https:\/\/auparadisdesjouets.com\/#\/schema\/logo\/image\/","url":"https:\/\/auparadisdesjouets.com\/wp-content\/uploads\/2024\/09\/logo-paradis-jouets.png","contentUrl":"https:\/\/auparadisdesjouets.com\/wp-content\/uploads\/2024\/09\/logo-paradis-jouets.png","width":7678,"height":1950,"caption":"Au Paradis des Jouets"},"image":{"@id":"https:\/\/auparadisdesjouets.com\/#\/schema\/logo\/image\/"},"sameAs":["https:\/\/www.facebook.com\/auparadisdesjouets"]}]}},"jetpack_sharing_enabled":true,"_links":{"self":[{"href":"https:\/\/auparadisdesjouets.com\/index.php\/wp-json\/wp\/v2\/product\/2136","targetHints":{"allow":["GET"]}}],"collection":[{"href":"https:\/\/auparadisdesjouets.com\/index.php\/wp-json\/wp\/v2\/product"}],"about":[{"href":"https:\/\/auparadisdesjouets.com\/index.php\/wp-json\/wp\/v2\/types\/product"}],"replies":[{"embeddable":true,"href":"https:\/\/auparadisdesjouets.com\/index.php\/wp-json\/wp\/v2\/comments?post=2136"}],"version-history":[{"count":2,"href":"https:\/\/auparadisdesjouets.com\/index.php\/wp-json\/wp\/v2\/product\/2136\/revisions"}],"predecessor-version":[{"id":3901,"href":"https:\/\/auparadisdesjouets.com\/index.php\/wp-json\/wp\/v2\/product\/2136\/revisions\/3901"}],"wp:featuredmedia":[{"embeddable":true,"href":"https:\/\/auparadisdesjouets.com\/index.php\/wp-json\/wp\/v2\/media\/2137"}],"wp:attachment":[{"href":"https:\/\/auparadisdesjouets.com\/index.php\/wp-json\/wp\/v2\/media?parent=2136"}],"wp:term":[{"taxonomy":"product_brand","embeddable":true,"href":"https:\/\/auparadisdesjouets.com\/index.php\/wp-json\/wp\/v2\/product_brand?post=2136"},{"taxonomy":"product_cat","embeddable":true,"href":"https:\/\/auparadisdesjouets.com\/index.php\/wp-json\/wp\/v2\/product_cat?post=2136"},{"taxonomy":"product_tag","embeddable":true,"href":"https:\/\/auparadisdesjouets.com\/index.php\/wp-json\/wp\/v2\/product_tag?post=2136"},{"taxonomy":"giftcard-category","embeddable":true,"href":"https:\/\/auparadisdesjouets.com\/index.php\/wp-json\/wp\/v2\/giftcard-category?post=2136"}],"curies":[{"name":"wp","href":"https:\/\/api.w.org\/{rel}","templated":true}]}}