{"id":1884,"date":"2024-08-24T17:17:46","date_gmt":"2024-08-24T15:17:46","guid":{"rendered":"https:\/\/auparadisdesjouets.com\/?post_type=product&#038;p=1884"},"modified":"2025-11-18T15:07:10","modified_gmt":"2025-11-18T14:07:10","slug":"jeu-de-la-peche-en-bois-ref-12285","status":"publish","type":"product","link":"https:\/\/auparadisdesjouets.com\/index.php\/produit\/jeu-de-la-peche-en-bois-ref-12285\/","title":{"rendered":"JEU DE SOCI\u00c9T\u00c9 LA P\u00caCHE \u00c0 LA LIGNE EN BOIS REF 12285"},"content":{"rendered":"<p>P\u00eache aux poissons avec des amis animaux ! Ce jeu classique en bois pour enfants demande de l&rsquo;adresse et de la patience, car il s&rsquo;agit de p\u00eacher les bons habitants de la mer \u00e0 l&rsquo;aide des quatre cannes \u00e0 p\u00eache en bois. Pendant que la vache p\u00eache, le coq surveille ce qui va \u00eatre p\u00each\u00e9 ensuite. En faisant tourner le bateau sur la boussole, on d\u00e9termine quel animal marin doit \u00eatre attrap\u00e9. Pratique : la bo\u00eete de fond du carton cloche de haute qualit\u00e9 fait office de terrain de jeu tridimensionnel avec des parois compl\u00e9mentaires. Jouable en deux variantes.<br \/>\nUn grand divertissement pour les petits fans de p\u00eache, qui peut se jouer seul ou avec des amis et qui permet en m\u00eame temps de d\u00e9couvrir les habitants de la M\u00e9diterran\u00e9e, de la mer du Nord et des eaux int\u00e9rieures europ\u00e9ennes. Si le joueur r\u00e9ussit \u00e0 p\u00eacher le bon animal, celui-ci rejoint la r\u00e9serve de poissons du joueur qui p\u00eache. Si le mauvais animal est p\u00each\u00e9, il doit \u00eatre remis \u00e0 l&rsquo;eau. Livr\u00e9 avec un carton de jeu de qualit\u00e9 pour le rangement.<\/p>\n<p>3 ans et plus<\/p>\n","protected":false},"excerpt":{"rendered":"<p>P\u00eache aux poissons avec des amis animaux ! Ce jeu classique en bois pour enfants demande de l&rsquo;adresse et de la patience, car il s&rsquo;agit de p\u00eacher les bons habitants de la mer \u00e0 l&rsquo;aide des quatre cannes \u00e0 p\u00eache en bois<\/p>\n","protected":false},"featured_media":1885,"comment_status":"open","ping_status":"closed","template":"","meta":[],"product_brand":[],"product_cat":[23,24,25,39,36],"product_tag":[],"giftcard-category":[],"class_list":{"0":"post-1884","1":"product","2":"type-product","3":"status-publish","4":"has-post-thumbnail","6":"product_cat-2-a-5-ans","7":"product_cat-5-a-8-ans","8":"product_cat-8-a-12-ans","9":"product_cat-jeux-de-societe","10":"product_cat-jouets-en-bois","12":"entry","13":"has-media","15":"first","16":"outofstock","17":"sale","18":"taxable","19":"shipping-taxable","20":"purchasable","21":"product-type-simple","22":"has-product-nav","23":"col","24":"span_1_of_3","25":"owp-content-center","26":"owp-thumbs-layout-horizontal","27":"owp-btn-normal","28":"owp-tabs-layout-horizontal","29":"has-no-thumbnails","31":"circle-sale"},"yoast_head":"<!-- This site is optimized with the Yoast SEO plugin v27.4 - https:\/\/yoast.com\/product\/yoast-seo-wordpress\/ -->\n<title>JEU DE SOCI\u00c9T\u00c9 LA P\u00caCHE \u00c0 LA LIGNE EN BOIS REF 12285 - Au Paradis des Jouets<\/title>\n<meta name=\"robots\" content=\"index, follow, max-snippet:-1, max-image-preview:large, max-video-preview:-1\" \/>\n<link rel=\"canonical\" href=\"https:\/\/auparadisdesjouets.com\/index.php\/produit\/jeu-de-la-peche-en-bois-ref-12285\/\" \/>\n<meta property=\"og:locale\" content=\"fr_FR\" \/>\n<meta property=\"og:type\" content=\"article\" \/>\n<meta property=\"og:title\" content=\"JEU DE SOCI\u00c9T\u00c9 LA P\u00caCHE \u00c0 LA LIGNE EN BOIS REF 12285 - Au Paradis des Jouets\" \/>\n<meta property=\"og:description\" content=\"P\u00eache aux poissons avec des amis animaux ! Ce jeu classique en bois pour enfants demande de l&#039;adresse et de la patience, car il s&#039;agit de p\u00eacher les bons habitants de la mer \u00e0 l&#039;aide des quatre cannes \u00e0 p\u00eache en bois\" \/>\n<meta property=\"og:url\" content=\"https:\/\/auparadisdesjouets.com\/index.php\/produit\/jeu-de-la-peche-en-bois-ref-12285\/\" \/>\n<meta property=\"og:site_name\" content=\"Au Paradis des Jouets\" \/>\n<meta property=\"article:publisher\" content=\"https:\/\/www.facebook.com\/auparadisdesjouets\" \/>\n<meta property=\"article:modified_time\" content=\"2025-11-18T14:07:10+00:00\" \/>\n<meta property=\"og:image\" content=\"https:\/\/auparadisdesjouets.com\/wp-content\/uploads\/2024\/08\/12285_legler_small_foot_Angelspiel_4friends_a.jpg\" \/>\n\t<meta property=\"og:image:width\" content=\"960\" \/>\n\t<meta property=\"og:image:height\" content=\"534\" \/>\n\t<meta property=\"og:image:type\" content=\"image\/jpeg\" \/>\n<meta name=\"twitter:card\" content=\"summary_large_image\" \/>\n<meta name=\"twitter:label1\" content=\"Dur\u00e9e de lecture estim\u00e9e\" \/>\n\t<meta name=\"twitter:data1\" content=\"1 minute\" \/>\n<script type=\"application\/ld+json\" class=\"yoast-schema-graph\">{\"@context\":\"https:\\\/\\\/schema.org\",\"@graph\":[{\"@type\":\"WebPage\",\"@id\":\"https:\\\/\\\/auparadisdesjouets.com\\\/index.php\\\/produit\\\/jeu-de-la-peche-en-bois-ref-12285\\\/\",\"url\":\"https:\\\/\\\/auparadisdesjouets.com\\\/index.php\\\/produit\\\/jeu-de-la-peche-en-bois-ref-12285\\\/\",\"name\":\"JEU DE SOCI\u00c9T\u00c9 LA P\u00caCHE \u00c0 LA LIGNE EN BOIS REF 12285 - Au Paradis des Jouets\",\"isPartOf\":{\"@id\":\"https:\\\/\\\/auparadisdesjouets.com\\\/#website\"},\"primaryImageOfPage\":{\"@id\":\"https:\\\/\\\/auparadisdesjouets.com\\\/index.php\\\/produit\\\/jeu-de-la-peche-en-bois-ref-12285\\\/#primaryimage\"},\"image\":{\"@id\":\"https:\\\/\\\/auparadisdesjouets.com\\\/index.php\\\/produit\\\/jeu-de-la-peche-en-bois-ref-12285\\\/#primaryimage\"},\"thumbnailUrl\":\"https:\\\/\\\/auparadisdesjouets.com\\\/wp-content\\\/uploads\\\/2024\\\/08\\\/12285_legler_small_foot_Angelspiel_4friends_a.jpg\",\"datePublished\":\"2024-08-24T15:17:46+00:00\",\"dateModified\":\"2025-11-18T14:07:10+00:00\",\"breadcrumb\":{\"@id\":\"https:\\\/\\\/auparadisdesjouets.com\\\/index.php\\\/produit\\\/jeu-de-la-peche-en-bois-ref-12285\\\/#breadcrumb\"},\"inLanguage\":\"fr-FR\",\"potentialAction\":[{\"@type\":\"ReadAction\",\"target\":[\"https:\\\/\\\/auparadisdesjouets.com\\\/index.php\\\/produit\\\/jeu-de-la-peche-en-bois-ref-12285\\\/\"]}]},{\"@type\":\"ImageObject\",\"inLanguage\":\"fr-FR\",\"@id\":\"https:\\\/\\\/auparadisdesjouets.com\\\/index.php\\\/produit\\\/jeu-de-la-peche-en-bois-ref-12285\\\/#primaryimage\",\"url\":\"https:\\\/\\\/auparadisdesjouets.com\\\/wp-content\\\/uploads\\\/2024\\\/08\\\/12285_legler_small_foot_Angelspiel_4friends_a.jpg\",\"contentUrl\":\"https:\\\/\\\/auparadisdesjouets.com\\\/wp-content\\\/uploads\\\/2024\\\/08\\\/12285_legler_small_foot_Angelspiel_4friends_a.jpg\",\"width\":960,\"height\":534},{\"@type\":\"BreadcrumbList\",\"@id\":\"https:\\\/\\\/auparadisdesjouets.com\\\/index.php\\\/produit\\\/jeu-de-la-peche-en-bois-ref-12285\\\/#breadcrumb\",\"itemListElement\":[{\"@type\":\"ListItem\",\"position\":1,\"name\":\"Accueil\",\"item\":\"https:\\\/\\\/auparadisdesjouets.com\\\/\"},{\"@type\":\"ListItem\",\"position\":2,\"name\":\"Boutique\",\"item\":\"https:\\\/\\\/auparadisdesjouets.com\\\/index.php\\\/boutique\\\/\"},{\"@type\":\"ListItem\",\"position\":3,\"name\":\"JEU DE SOCI\u00c9T\u00c9 LA P\u00caCHE \u00c0 LA LIGNE EN BOIS REF 12285\"}]},{\"@type\":\"WebSite\",\"@id\":\"https:\\\/\\\/auparadisdesjouets.com\\\/#website\",\"url\":\"https:\\\/\\\/auparadisdesjouets.com\\\/\",\"name\":\"Au Paradis des Jouets\",\"description\":\"Trouvez le jouet qui vous correspond !\",\"publisher\":{\"@id\":\"https:\\\/\\\/auparadisdesjouets.com\\\/#organization\"},\"potentialAction\":[{\"@type\":\"SearchAction\",\"target\":{\"@type\":\"EntryPoint\",\"urlTemplate\":\"https:\\\/\\\/auparadisdesjouets.com\\\/?s={search_term_string}\"},\"query-input\":{\"@type\":\"PropertyValueSpecification\",\"valueRequired\":true,\"valueName\":\"search_term_string\"}}],\"inLanguage\":\"fr-FR\"},{\"@type\":\"Organization\",\"@id\":\"https:\\\/\\\/auparadisdesjouets.com\\\/#organization\",\"name\":\"Au Paradis des Jouets\",\"url\":\"https:\\\/\\\/auparadisdesjouets.com\\\/\",\"logo\":{\"@type\":\"ImageObject\",\"inLanguage\":\"fr-FR\",\"@id\":\"https:\\\/\\\/auparadisdesjouets.com\\\/#\\\/schema\\\/logo\\\/image\\\/\",\"url\":\"https:\\\/\\\/auparadisdesjouets.com\\\/wp-content\\\/uploads\\\/2024\\\/09\\\/logo-paradis-jouets.png\",\"contentUrl\":\"https:\\\/\\\/auparadisdesjouets.com\\\/wp-content\\\/uploads\\\/2024\\\/09\\\/logo-paradis-jouets.png\",\"width\":7678,\"height\":1950,\"caption\":\"Au Paradis des Jouets\"},\"image\":{\"@id\":\"https:\\\/\\\/auparadisdesjouets.com\\\/#\\\/schema\\\/logo\\\/image\\\/\"},\"sameAs\":[\"https:\\\/\\\/www.facebook.com\\\/auparadisdesjouets\"]}]}<\/script>\n<!-- \/ Yoast SEO plugin. -->","yoast_head_json":{"title":"JEU DE SOCI\u00c9T\u00c9 LA P\u00caCHE \u00c0 LA LIGNE EN BOIS REF 12285 - Au Paradis des Jouets","robots":{"index":"index","follow":"follow","max-snippet":"max-snippet:-1","max-image-preview":"max-image-preview:large","max-video-preview":"max-video-preview:-1"},"canonical":"https:\/\/auparadisdesjouets.com\/index.php\/produit\/jeu-de-la-peche-en-bois-ref-12285\/","og_locale":"fr_FR","og_type":"article","og_title":"JEU DE SOCI\u00c9T\u00c9 LA P\u00caCHE \u00c0 LA LIGNE EN BOIS REF 12285 - Au Paradis des Jouets","og_description":"P\u00eache aux poissons avec des amis animaux ! Ce jeu classique en bois pour enfants demande de l'adresse et de la patience, car il s'agit de p\u00eacher les bons habitants de la mer \u00e0 l'aide des quatre cannes \u00e0 p\u00eache en bois","og_url":"https:\/\/auparadisdesjouets.com\/index.php\/produit\/jeu-de-la-peche-en-bois-ref-12285\/","og_site_name":"Au Paradis des Jouets","article_publisher":"https:\/\/www.facebook.com\/auparadisdesjouets","article_modified_time":"2025-11-18T14:07:10+00:00","og_image":[{"width":960,"height":534,"url":"https:\/\/auparadisdesjouets.com\/wp-content\/uploads\/2024\/08\/12285_legler_small_foot_Angelspiel_4friends_a.jpg","type":"image\/jpeg"}],"twitter_card":"summary_large_image","twitter_misc":{"Dur\u00e9e de lecture estim\u00e9e":"1 minute"},"schema":{"@context":"https:\/\/schema.org","@graph":[{"@type":"WebPage","@id":"https:\/\/auparadisdesjouets.com\/index.php\/produit\/jeu-de-la-peche-en-bois-ref-12285\/","url":"https:\/\/auparadisdesjouets.com\/index.php\/produit\/jeu-de-la-peche-en-bois-ref-12285\/","name":"JEU DE SOCI\u00c9T\u00c9 LA P\u00caCHE \u00c0 LA LIGNE EN BOIS REF 12285 - Au Paradis des Jouets","isPartOf":{"@id":"https:\/\/auparadisdesjouets.com\/#website"},"primaryImageOfPage":{"@id":"https:\/\/auparadisdesjouets.com\/index.php\/produit\/jeu-de-la-peche-en-bois-ref-12285\/#primaryimage"},"image":{"@id":"https:\/\/auparadisdesjouets.com\/index.php\/produit\/jeu-de-la-peche-en-bois-ref-12285\/#primaryimage"},"thumbnailUrl":"https:\/\/auparadisdesjouets.com\/wp-content\/uploads\/2024\/08\/12285_legler_small_foot_Angelspiel_4friends_a.jpg","datePublished":"2024-08-24T15:17:46+00:00","dateModified":"2025-11-18T14:07:10+00:00","breadcrumb":{"@id":"https:\/\/auparadisdesjouets.com\/index.php\/produit\/jeu-de-la-peche-en-bois-ref-12285\/#breadcrumb"},"inLanguage":"fr-FR","potentialAction":[{"@type":"ReadAction","target":["https:\/\/auparadisdesjouets.com\/index.php\/produit\/jeu-de-la-peche-en-bois-ref-12285\/"]}]},{"@type":"ImageObject","inLanguage":"fr-FR","@id":"https:\/\/auparadisdesjouets.com\/index.php\/produit\/jeu-de-la-peche-en-bois-ref-12285\/#primaryimage","url":"https:\/\/auparadisdesjouets.com\/wp-content\/uploads\/2024\/08\/12285_legler_small_foot_Angelspiel_4friends_a.jpg","contentUrl":"https:\/\/auparadisdesjouets.com\/wp-content\/uploads\/2024\/08\/12285_legler_small_foot_Angelspiel_4friends_a.jpg","width":960,"height":534},{"@type":"BreadcrumbList","@id":"https:\/\/auparadisdesjouets.com\/index.php\/produit\/jeu-de-la-peche-en-bois-ref-12285\/#breadcrumb","itemListElement":[{"@type":"ListItem","position":1,"name":"Accueil","item":"https:\/\/auparadisdesjouets.com\/"},{"@type":"ListItem","position":2,"name":"Boutique","item":"https:\/\/auparadisdesjouets.com\/index.php\/boutique\/"},{"@type":"ListItem","position":3,"name":"JEU DE SOCI\u00c9T\u00c9 LA P\u00caCHE \u00c0 LA LIGNE EN BOIS REF 12285"}]},{"@type":"WebSite","@id":"https:\/\/auparadisdesjouets.com\/#website","url":"https:\/\/auparadisdesjouets.com\/","name":"Au Paradis des Jouets","description":"Trouvez le jouet qui vous correspond !","publisher":{"@id":"https:\/\/auparadisdesjouets.com\/#organization"},"potentialAction":[{"@type":"SearchAction","target":{"@type":"EntryPoint","urlTemplate":"https:\/\/auparadisdesjouets.com\/?s={search_term_string}"},"query-input":{"@type":"PropertyValueSpecification","valueRequired":true,"valueName":"search_term_string"}}],"inLanguage":"fr-FR"},{"@type":"Organization","@id":"https:\/\/auparadisdesjouets.com\/#organization","name":"Au Paradis des Jouets","url":"https:\/\/auparadisdesjouets.com\/","logo":{"@type":"ImageObject","inLanguage":"fr-FR","@id":"https:\/\/auparadisdesjouets.com\/#\/schema\/logo\/image\/","url":"https:\/\/auparadisdesjouets.com\/wp-content\/uploads\/2024\/09\/logo-paradis-jouets.png","contentUrl":"https:\/\/auparadisdesjouets.com\/wp-content\/uploads\/2024\/09\/logo-paradis-jouets.png","width":7678,"height":1950,"caption":"Au Paradis des Jouets"},"image":{"@id":"https:\/\/auparadisdesjouets.com\/#\/schema\/logo\/image\/"},"sameAs":["https:\/\/www.facebook.com\/auparadisdesjouets"]}]}},"jetpack_sharing_enabled":true,"_links":{"self":[{"href":"https:\/\/auparadisdesjouets.com\/index.php\/wp-json\/wp\/v2\/product\/1884","targetHints":{"allow":["GET"]}}],"collection":[{"href":"https:\/\/auparadisdesjouets.com\/index.php\/wp-json\/wp\/v2\/product"}],"about":[{"href":"https:\/\/auparadisdesjouets.com\/index.php\/wp-json\/wp\/v2\/types\/product"}],"replies":[{"embeddable":true,"href":"https:\/\/auparadisdesjouets.com\/index.php\/wp-json\/wp\/v2\/comments?post=1884"}],"version-history":[{"count":2,"href":"https:\/\/auparadisdesjouets.com\/index.php\/wp-json\/wp\/v2\/product\/1884\/revisions"}],"predecessor-version":[{"id":3953,"href":"https:\/\/auparadisdesjouets.com\/index.php\/wp-json\/wp\/v2\/product\/1884\/revisions\/3953"}],"wp:featuredmedia":[{"embeddable":true,"href":"https:\/\/auparadisdesjouets.com\/index.php\/wp-json\/wp\/v2\/media\/1885"}],"wp:attachment":[{"href":"https:\/\/auparadisdesjouets.com\/index.php\/wp-json\/wp\/v2\/media?parent=1884"}],"wp:term":[{"taxonomy":"product_brand","embeddable":true,"href":"https:\/\/auparadisdesjouets.com\/index.php\/wp-json\/wp\/v2\/product_brand?post=1884"},{"taxonomy":"product_cat","embeddable":true,"href":"https:\/\/auparadisdesjouets.com\/index.php\/wp-json\/wp\/v2\/product_cat?post=1884"},{"taxonomy":"product_tag","embeddable":true,"href":"https:\/\/auparadisdesjouets.com\/index.php\/wp-json\/wp\/v2\/product_tag?post=1884"},{"taxonomy":"giftcard-category","embeddable":true,"href":"https:\/\/auparadisdesjouets.com\/index.php\/wp-json\/wp\/v2\/giftcard-category?post=1884"}],"curies":[{"name":"wp","href":"https:\/\/api.w.org\/{rel}","templated":true}]}}