{"id":1861,"date":"2024-08-24T14:53:51","date_gmt":"2024-08-24T12:53:51","guid":{"rendered":"https:\/\/auparadisdesjouets.com\/?post_type=product&#038;p=1861"},"modified":"2025-07-04T15:04:12","modified_gmt":"2025-07-04T13:04:12","slug":"circuit-de-motricite-lapin-en-bois-ref-11762","status":"publish","type":"product","link":"https:\/\/auparadisdesjouets.com\/index.php\/produit\/circuit-de-motricite-lapin-en-bois-ref-11762\/","title":{"rendered":"JEU DE MOTRICIT\u00c9 CIRCUIT EN BOIS TH\u00c8ME LAPIN REF 11762"},"content":{"rendered":"<p>Saut de lapin! Ce circuit de motricit\u00e9 pratique aux couleurs pastel tr\u00e8s tendance soutient le d\u00e9veloppement de la motricit\u00e9 fine des petits enfants, car les huit boules color\u00e9es veulent \u00eatre pouss\u00e9es habilement sur les deux boucles m\u00e9talliques.<br \/>\nCon\u00e7u pour les enfants et d\u00e9cor\u00e9 d&rsquo;un mignon petit lapin, il promet un plaisir durable! Gr\u00e2ce \u00e0 sa taille compacte, le circuit e motricit\u00e9 rose est id\u00e9al \u00e0 emporter.<\/p>\n<p>12 mois et plus<\/p>\n","protected":false},"excerpt":{"rendered":"<p>Saut de lapin! Ce circuit de motricit\u00e9 pratique aux couleurs pastel tr\u00e8s tendance soutient le d\u00e9veloppement de la motricit\u00e9 fine des petits enfants, car les huit boules color\u00e9es veulent \u00eatre pouss\u00e9es habilement sur les deux boucles m\u00e9talliques.<\/p>\n","protected":false},"featured_media":1862,"comment_status":"open","ping_status":"closed","template":"","meta":[],"product_brand":[],"product_cat":[22,23,35,41,36],"product_tag":[],"giftcard-category":[],"class_list":{"0":"post-1861","1":"product","2":"type-product","3":"status-publish","4":"has-post-thumbnail","6":"product_cat-0-a-2-ans","7":"product_cat-2-a-5-ans","8":"product_cat-activites-creatives-et-manuelles","9":"product_cat-chambre-enfant","10":"product_cat-jouets-en-bois","12":"entry","13":"has-media","15":"first","16":"instock","17":"sale","18":"taxable","19":"shipping-taxable","20":"purchasable","21":"product-type-simple","22":"has-product-nav","23":"col","24":"span_1_of_3","25":"owp-content-center","26":"owp-thumbs-layout-horizontal","27":"owp-btn-normal","28":"owp-tabs-layout-horizontal","29":"has-no-thumbnails","31":"circle-sale"},"yoast_head":"<!-- This site is optimized with the Yoast SEO plugin v27.4 - https:\/\/yoast.com\/product\/yoast-seo-wordpress\/ -->\n<title>JEU DE MOTRICIT\u00c9 CIRCUIT EN BOIS TH\u00c8ME LAPIN REF 11762 - Au Paradis des Jouets<\/title>\n<meta name=\"robots\" content=\"index, follow, max-snippet:-1, max-image-preview:large, max-video-preview:-1\" \/>\n<link rel=\"canonical\" href=\"https:\/\/auparadisdesjouets.com\/index.php\/produit\/circuit-de-motricite-lapin-en-bois-ref-11762\/\" \/>\n<meta property=\"og:locale\" content=\"fr_FR\" \/>\n<meta property=\"og:type\" content=\"article\" \/>\n<meta property=\"og:title\" content=\"JEU DE MOTRICIT\u00c9 CIRCUIT EN BOIS TH\u00c8ME LAPIN REF 11762 - Au Paradis des Jouets\" \/>\n<meta property=\"og:description\" content=\"Saut de lapin! Ce circuit de motricit\u00e9 pratique aux couleurs pastel tr\u00e8s tendance soutient le d\u00e9veloppement de la motricit\u00e9 fine des petits enfants, car les huit boules color\u00e9es veulent \u00eatre pouss\u00e9es habilement sur les deux boucles m\u00e9talliques.\" \/>\n<meta property=\"og:url\" content=\"https:\/\/auparadisdesjouets.com\/index.php\/produit\/circuit-de-motricite-lapin-en-bois-ref-11762\/\" \/>\n<meta property=\"og:site_name\" content=\"Au Paradis des Jouets\" \/>\n<meta property=\"article:publisher\" content=\"https:\/\/www.facebook.com\/auparadisdesjouets\" \/>\n<meta property=\"article:modified_time\" content=\"2025-07-04T13:04:12+00:00\" \/>\n<meta property=\"og:image\" content=\"https:\/\/auparadisdesjouets.com\/wp-content\/uploads\/2024\/08\/11762_legler_small_foot_mototrikschleife_hase_pastell_a.jpg\" \/>\n\t<meta property=\"og:image:width\" content=\"576\" \/>\n\t<meta property=\"og:image:height\" content=\"960\" \/>\n\t<meta property=\"og:image:type\" content=\"image\/jpeg\" \/>\n<meta name=\"twitter:card\" content=\"summary_large_image\" \/>\n<script type=\"application\/ld+json\" class=\"yoast-schema-graph\">{\"@context\":\"https:\\\/\\\/schema.org\",\"@graph\":[{\"@type\":\"WebPage\",\"@id\":\"https:\\\/\\\/auparadisdesjouets.com\\\/index.php\\\/produit\\\/circuit-de-motricite-lapin-en-bois-ref-11762\\\/\",\"url\":\"https:\\\/\\\/auparadisdesjouets.com\\\/index.php\\\/produit\\\/circuit-de-motricite-lapin-en-bois-ref-11762\\\/\",\"name\":\"JEU DE MOTRICIT\u00c9 CIRCUIT EN BOIS TH\u00c8ME LAPIN REF 11762 - Au Paradis des Jouets\",\"isPartOf\":{\"@id\":\"https:\\\/\\\/auparadisdesjouets.com\\\/#website\"},\"primaryImageOfPage\":{\"@id\":\"https:\\\/\\\/auparadisdesjouets.com\\\/index.php\\\/produit\\\/circuit-de-motricite-lapin-en-bois-ref-11762\\\/#primaryimage\"},\"image\":{\"@id\":\"https:\\\/\\\/auparadisdesjouets.com\\\/index.php\\\/produit\\\/circuit-de-motricite-lapin-en-bois-ref-11762\\\/#primaryimage\"},\"thumbnailUrl\":\"https:\\\/\\\/auparadisdesjouets.com\\\/wp-content\\\/uploads\\\/2024\\\/08\\\/11762_legler_small_foot_mototrikschleife_hase_pastell_a.jpg\",\"datePublished\":\"2024-08-24T12:53:51+00:00\",\"dateModified\":\"2025-07-04T13:04:12+00:00\",\"breadcrumb\":{\"@id\":\"https:\\\/\\\/auparadisdesjouets.com\\\/index.php\\\/produit\\\/circuit-de-motricite-lapin-en-bois-ref-11762\\\/#breadcrumb\"},\"inLanguage\":\"fr-FR\",\"potentialAction\":[{\"@type\":\"ReadAction\",\"target\":[\"https:\\\/\\\/auparadisdesjouets.com\\\/index.php\\\/produit\\\/circuit-de-motricite-lapin-en-bois-ref-11762\\\/\"]}]},{\"@type\":\"ImageObject\",\"inLanguage\":\"fr-FR\",\"@id\":\"https:\\\/\\\/auparadisdesjouets.com\\\/index.php\\\/produit\\\/circuit-de-motricite-lapin-en-bois-ref-11762\\\/#primaryimage\",\"url\":\"https:\\\/\\\/auparadisdesjouets.com\\\/wp-content\\\/uploads\\\/2024\\\/08\\\/11762_legler_small_foot_mototrikschleife_hase_pastell_a.jpg\",\"contentUrl\":\"https:\\\/\\\/auparadisdesjouets.com\\\/wp-content\\\/uploads\\\/2024\\\/08\\\/11762_legler_small_foot_mototrikschleife_hase_pastell_a.jpg\",\"width\":576,\"height\":960},{\"@type\":\"BreadcrumbList\",\"@id\":\"https:\\\/\\\/auparadisdesjouets.com\\\/index.php\\\/produit\\\/circuit-de-motricite-lapin-en-bois-ref-11762\\\/#breadcrumb\",\"itemListElement\":[{\"@type\":\"ListItem\",\"position\":1,\"name\":\"Accueil\",\"item\":\"https:\\\/\\\/auparadisdesjouets.com\\\/\"},{\"@type\":\"ListItem\",\"position\":2,\"name\":\"Boutique\",\"item\":\"https:\\\/\\\/auparadisdesjouets.com\\\/index.php\\\/boutique\\\/\"},{\"@type\":\"ListItem\",\"position\":3,\"name\":\"JEU DE MOTRICIT\u00c9 CIRCUIT EN BOIS TH\u00c8ME LAPIN REF 11762\"}]},{\"@type\":\"WebSite\",\"@id\":\"https:\\\/\\\/auparadisdesjouets.com\\\/#website\",\"url\":\"https:\\\/\\\/auparadisdesjouets.com\\\/\",\"name\":\"Au Paradis des Jouets\",\"description\":\"Trouvez le jouet qui vous correspond !\",\"publisher\":{\"@id\":\"https:\\\/\\\/auparadisdesjouets.com\\\/#organization\"},\"potentialAction\":[{\"@type\":\"SearchAction\",\"target\":{\"@type\":\"EntryPoint\",\"urlTemplate\":\"https:\\\/\\\/auparadisdesjouets.com\\\/?s={search_term_string}\"},\"query-input\":{\"@type\":\"PropertyValueSpecification\",\"valueRequired\":true,\"valueName\":\"search_term_string\"}}],\"inLanguage\":\"fr-FR\"},{\"@type\":\"Organization\",\"@id\":\"https:\\\/\\\/auparadisdesjouets.com\\\/#organization\",\"name\":\"Au Paradis des Jouets\",\"url\":\"https:\\\/\\\/auparadisdesjouets.com\\\/\",\"logo\":{\"@type\":\"ImageObject\",\"inLanguage\":\"fr-FR\",\"@id\":\"https:\\\/\\\/auparadisdesjouets.com\\\/#\\\/schema\\\/logo\\\/image\\\/\",\"url\":\"https:\\\/\\\/auparadisdesjouets.com\\\/wp-content\\\/uploads\\\/2024\\\/09\\\/logo-paradis-jouets.png\",\"contentUrl\":\"https:\\\/\\\/auparadisdesjouets.com\\\/wp-content\\\/uploads\\\/2024\\\/09\\\/logo-paradis-jouets.png\",\"width\":7678,\"height\":1950,\"caption\":\"Au Paradis des Jouets\"},\"image\":{\"@id\":\"https:\\\/\\\/auparadisdesjouets.com\\\/#\\\/schema\\\/logo\\\/image\\\/\"},\"sameAs\":[\"https:\\\/\\\/www.facebook.com\\\/auparadisdesjouets\"]}]}<\/script>\n<!-- \/ Yoast SEO plugin. -->","yoast_head_json":{"title":"JEU DE MOTRICIT\u00c9 CIRCUIT EN BOIS TH\u00c8ME LAPIN REF 11762 - Au Paradis des Jouets","robots":{"index":"index","follow":"follow","max-snippet":"max-snippet:-1","max-image-preview":"max-image-preview:large","max-video-preview":"max-video-preview:-1"},"canonical":"https:\/\/auparadisdesjouets.com\/index.php\/produit\/circuit-de-motricite-lapin-en-bois-ref-11762\/","og_locale":"fr_FR","og_type":"article","og_title":"JEU DE MOTRICIT\u00c9 CIRCUIT EN BOIS TH\u00c8ME LAPIN REF 11762 - Au Paradis des Jouets","og_description":"Saut de lapin! Ce circuit de motricit\u00e9 pratique aux couleurs pastel tr\u00e8s tendance soutient le d\u00e9veloppement de la motricit\u00e9 fine des petits enfants, car les huit boules color\u00e9es veulent \u00eatre pouss\u00e9es habilement sur les deux boucles m\u00e9talliques.","og_url":"https:\/\/auparadisdesjouets.com\/index.php\/produit\/circuit-de-motricite-lapin-en-bois-ref-11762\/","og_site_name":"Au Paradis des Jouets","article_publisher":"https:\/\/www.facebook.com\/auparadisdesjouets","article_modified_time":"2025-07-04T13:04:12+00:00","og_image":[{"width":576,"height":960,"url":"https:\/\/auparadisdesjouets.com\/wp-content\/uploads\/2024\/08\/11762_legler_small_foot_mototrikschleife_hase_pastell_a.jpg","type":"image\/jpeg"}],"twitter_card":"summary_large_image","schema":{"@context":"https:\/\/schema.org","@graph":[{"@type":"WebPage","@id":"https:\/\/auparadisdesjouets.com\/index.php\/produit\/circuit-de-motricite-lapin-en-bois-ref-11762\/","url":"https:\/\/auparadisdesjouets.com\/index.php\/produit\/circuit-de-motricite-lapin-en-bois-ref-11762\/","name":"JEU DE MOTRICIT\u00c9 CIRCUIT EN BOIS TH\u00c8ME LAPIN REF 11762 - Au Paradis des Jouets","isPartOf":{"@id":"https:\/\/auparadisdesjouets.com\/#website"},"primaryImageOfPage":{"@id":"https:\/\/auparadisdesjouets.com\/index.php\/produit\/circuit-de-motricite-lapin-en-bois-ref-11762\/#primaryimage"},"image":{"@id":"https:\/\/auparadisdesjouets.com\/index.php\/produit\/circuit-de-motricite-lapin-en-bois-ref-11762\/#primaryimage"},"thumbnailUrl":"https:\/\/auparadisdesjouets.com\/wp-content\/uploads\/2024\/08\/11762_legler_small_foot_mototrikschleife_hase_pastell_a.jpg","datePublished":"2024-08-24T12:53:51+00:00","dateModified":"2025-07-04T13:04:12+00:00","breadcrumb":{"@id":"https:\/\/auparadisdesjouets.com\/index.php\/produit\/circuit-de-motricite-lapin-en-bois-ref-11762\/#breadcrumb"},"inLanguage":"fr-FR","potentialAction":[{"@type":"ReadAction","target":["https:\/\/auparadisdesjouets.com\/index.php\/produit\/circuit-de-motricite-lapin-en-bois-ref-11762\/"]}]},{"@type":"ImageObject","inLanguage":"fr-FR","@id":"https:\/\/auparadisdesjouets.com\/index.php\/produit\/circuit-de-motricite-lapin-en-bois-ref-11762\/#primaryimage","url":"https:\/\/auparadisdesjouets.com\/wp-content\/uploads\/2024\/08\/11762_legler_small_foot_mototrikschleife_hase_pastell_a.jpg","contentUrl":"https:\/\/auparadisdesjouets.com\/wp-content\/uploads\/2024\/08\/11762_legler_small_foot_mototrikschleife_hase_pastell_a.jpg","width":576,"height":960},{"@type":"BreadcrumbList","@id":"https:\/\/auparadisdesjouets.com\/index.php\/produit\/circuit-de-motricite-lapin-en-bois-ref-11762\/#breadcrumb","itemListElement":[{"@type":"ListItem","position":1,"name":"Accueil","item":"https:\/\/auparadisdesjouets.com\/"},{"@type":"ListItem","position":2,"name":"Boutique","item":"https:\/\/auparadisdesjouets.com\/index.php\/boutique\/"},{"@type":"ListItem","position":3,"name":"JEU DE MOTRICIT\u00c9 CIRCUIT EN BOIS TH\u00c8ME LAPIN REF 11762"}]},{"@type":"WebSite","@id":"https:\/\/auparadisdesjouets.com\/#website","url":"https:\/\/auparadisdesjouets.com\/","name":"Au Paradis des Jouets","description":"Trouvez le jouet qui vous correspond !","publisher":{"@id":"https:\/\/auparadisdesjouets.com\/#organization"},"potentialAction":[{"@type":"SearchAction","target":{"@type":"EntryPoint","urlTemplate":"https:\/\/auparadisdesjouets.com\/?s={search_term_string}"},"query-input":{"@type":"PropertyValueSpecification","valueRequired":true,"valueName":"search_term_string"}}],"inLanguage":"fr-FR"},{"@type":"Organization","@id":"https:\/\/auparadisdesjouets.com\/#organization","name":"Au Paradis des Jouets","url":"https:\/\/auparadisdesjouets.com\/","logo":{"@type":"ImageObject","inLanguage":"fr-FR","@id":"https:\/\/auparadisdesjouets.com\/#\/schema\/logo\/image\/","url":"https:\/\/auparadisdesjouets.com\/wp-content\/uploads\/2024\/09\/logo-paradis-jouets.png","contentUrl":"https:\/\/auparadisdesjouets.com\/wp-content\/uploads\/2024\/09\/logo-paradis-jouets.png","width":7678,"height":1950,"caption":"Au Paradis des Jouets"},"image":{"@id":"https:\/\/auparadisdesjouets.com\/#\/schema\/logo\/image\/"},"sameAs":["https:\/\/www.facebook.com\/auparadisdesjouets"]}]}},"jetpack_sharing_enabled":true,"_links":{"self":[{"href":"https:\/\/auparadisdesjouets.com\/index.php\/wp-json\/wp\/v2\/product\/1861","targetHints":{"allow":["GET"]}}],"collection":[{"href":"https:\/\/auparadisdesjouets.com\/index.php\/wp-json\/wp\/v2\/product"}],"about":[{"href":"https:\/\/auparadisdesjouets.com\/index.php\/wp-json\/wp\/v2\/types\/product"}],"replies":[{"embeddable":true,"href":"https:\/\/auparadisdesjouets.com\/index.php\/wp-json\/wp\/v2\/comments?post=1861"}],"version-history":[{"count":4,"href":"https:\/\/auparadisdesjouets.com\/index.php\/wp-json\/wp\/v2\/product\/1861\/revisions"}],"predecessor-version":[{"id":3961,"href":"https:\/\/auparadisdesjouets.com\/index.php\/wp-json\/wp\/v2\/product\/1861\/revisions\/3961"}],"wp:featuredmedia":[{"embeddable":true,"href":"https:\/\/auparadisdesjouets.com\/index.php\/wp-json\/wp\/v2\/media\/1862"}],"wp:attachment":[{"href":"https:\/\/auparadisdesjouets.com\/index.php\/wp-json\/wp\/v2\/media?parent=1861"}],"wp:term":[{"taxonomy":"product_brand","embeddable":true,"href":"https:\/\/auparadisdesjouets.com\/index.php\/wp-json\/wp\/v2\/product_brand?post=1861"},{"taxonomy":"product_cat","embeddable":true,"href":"https:\/\/auparadisdesjouets.com\/index.php\/wp-json\/wp\/v2\/product_cat?post=1861"},{"taxonomy":"product_tag","embeddable":true,"href":"https:\/\/auparadisdesjouets.com\/index.php\/wp-json\/wp\/v2\/product_tag?post=1861"},{"taxonomy":"giftcard-category","embeddable":true,"href":"https:\/\/auparadisdesjouets.com\/index.php\/wp-json\/wp\/v2\/giftcard-category?post=1861"}],"curies":[{"name":"wp","href":"https:\/\/api.w.org\/{rel}","templated":true}]}}