{"id":1343,"date":"2024-08-19T16:50:19","date_gmt":"2024-08-19T14:50:19","guid":{"rendered":"https:\/\/auparadisdesjouets.com\/?post_type=product&#038;p=1343"},"modified":"2025-05-31T03:52:26","modified_gmt":"2025-05-31T01:52:26","slug":"1343","status":"publish","type":"product","link":"https:\/\/auparadisdesjouets.com\/index.php\/produit\/1343\/","title":{"rendered":"CULBUTO EN BOIS REF 09501"},"content":{"rendered":"<div id=\"dossier_content1\" class=\"scroll-pane\">\n<div class=\"scroll-content\">\n<div class=\"dossier_content\">\n<p>Empilable culbuto Sophie la Girafe en bois &#8211; Janod.<\/p>\n<p>L\u2019ind\u00e9modable Sophie la Girafe, sous forme de culbuto en bois avec 5 pi\u00e8ces \u00e0 empiler. Les pi\u00e8ces, de part leurs tailles, sont adapt\u00e9es aux petites mains des bambins et le large sourire de notre girafe leur donnera envie de s&rsquo;exercer \u00e0 l&#8217;empilement !<\/p>\n<p>Une activit\u00e9 id\u00e9ale pour d\u00e9velopper la motricit\u00e9 fine, l&rsquo;habilit\u00e9 et la dext\u00e9rit\u00e9 de b\u00e9b\u00e9.<\/p>\n<p>Dimensions de la tour : 8 x 8 x 16 cm (Lxlxh)<\/p>\n<p>1 an et plus<\/p>\n<\/div>\n<\/div>\n<\/div>\n","protected":false},"excerpt":{"rendered":"<p>Empilable culbuto Sophie la Girafe en bois &#8211; Janod. L\u2019ind\u00e9modable Sophie la Girafe, sous forme de culbuto en bois avec 5 pi\u00e8ces \u00e0 empiler. Les pi\u00e8ces, de part leurs tailles, sont adapt\u00e9es aux petites mains des bambins et le large sourire de notre girafe leur donnera envie de s&rsquo;exercer \u00e0 l&#8217;empilement ! Une activit\u00e9 id\u00e9ale pour d\u00e9velopper la motricit\u00e9 fine, l&rsquo;habilit\u00e9 et la dext\u00e9rit\u00e9 de b\u00e9b\u00e9. Dimensions de la tour : 8 x 8 x 16 cm (Lxlxh) 1 an et plus<\/p>\n","protected":false},"featured_media":1344,"comment_status":"open","ping_status":"closed","template":"","meta":[],"product_brand":[],"product_cat":[22,23,35,33,36],"product_tag":[],"giftcard-category":[],"class_list":{"0":"post-1343","1":"product","2":"type-product","3":"status-publish","4":"has-post-thumbnail","6":"product_cat-0-a-2-ans","7":"product_cat-2-a-5-ans","8":"product_cat-activites-creatives-et-manuelles","9":"product_cat-construction-et-maquette","10":"product_cat-jouets-en-bois","12":"entry","13":"has-media","15":"first","16":"instock","17":"taxable","18":"shipping-taxable","19":"purchasable","20":"product-type-simple","21":"has-product-nav","22":"col","23":"span_1_of_3","24":"owp-content-center","25":"owp-thumbs-layout-horizontal","26":"owp-btn-normal","27":"owp-tabs-layout-horizontal","28":"has-no-thumbnails","30":"circle-sale"},"yoast_head":"<!-- This site is optimized with the Yoast SEO plugin v27.4 - https:\/\/yoast.com\/product\/yoast-seo-wordpress\/ -->\n<title>CULBUTO EN BOIS REF 09501 - Au Paradis des Jouets<\/title>\n<meta name=\"robots\" content=\"index, follow, max-snippet:-1, max-image-preview:large, max-video-preview:-1\" \/>\n<link rel=\"canonical\" href=\"https:\/\/auparadisdesjouets.com\/index.php\/produit\/1343\/\" \/>\n<meta property=\"og:locale\" content=\"fr_FR\" \/>\n<meta property=\"og:type\" content=\"article\" \/>\n<meta property=\"og:title\" content=\"CULBUTO EN BOIS REF 09501 - Au Paradis des Jouets\" \/>\n<meta property=\"og:description\" content=\"Empilable culbuto Sophie la Girafe en bois &#8211; Janod. L\u2019ind\u00e9modable Sophie la Girafe, sous forme de culbuto en bois avec 5 pi\u00e8ces \u00e0 empiler. Les pi\u00e8ces, de part leurs tailles, sont adapt\u00e9es aux petites mains des bambins et le large sourire de notre girafe leur donnera envie de s&rsquo;exercer \u00e0 l&#8217;empilement ! Une activit\u00e9 id\u00e9ale pour d\u00e9velopper la motricit\u00e9 fine, l&rsquo;habilit\u00e9 et la dext\u00e9rit\u00e9 de b\u00e9b\u00e9. Dimensions de la tour : 8 x 8 x 16 cm (Lxlxh) 1 an et plus\" \/>\n<meta property=\"og:url\" content=\"https:\/\/auparadisdesjouets.com\/index.php\/produit\/1343\/\" \/>\n<meta property=\"og:site_name\" content=\"Au Paradis des Jouets\" \/>\n<meta property=\"article:publisher\" content=\"https:\/\/www.facebook.com\/auparadisdesjouets\" \/>\n<meta property=\"article:modified_time\" content=\"2025-05-31T01:52:26+00:00\" \/>\n<meta property=\"og:image\" content=\"https:\/\/auparadisdesjouets.com\/wp-content\/uploads\/2024\/08\/culbuto-sophie-la-girafe-en-bois-janod-j09501-pyramide-anneaux-bebe-22813.jpg\" \/>\n\t<meta property=\"og:image:width\" content=\"435\" \/>\n\t<meta property=\"og:image:height\" content=\"328\" \/>\n\t<meta property=\"og:image:type\" content=\"image\/jpeg\" \/>\n<meta name=\"twitter:card\" content=\"summary_large_image\" \/>\n<script type=\"application\/ld+json\" class=\"yoast-schema-graph\">{\"@context\":\"https:\\\/\\\/schema.org\",\"@graph\":[{\"@type\":\"WebPage\",\"@id\":\"https:\\\/\\\/auparadisdesjouets.com\\\/index.php\\\/produit\\\/1343\\\/\",\"url\":\"https:\\\/\\\/auparadisdesjouets.com\\\/index.php\\\/produit\\\/1343\\\/\",\"name\":\"CULBUTO EN BOIS REF 09501 - Au Paradis des Jouets\",\"isPartOf\":{\"@id\":\"https:\\\/\\\/auparadisdesjouets.com\\\/#website\"},\"primaryImageOfPage\":{\"@id\":\"https:\\\/\\\/auparadisdesjouets.com\\\/index.php\\\/produit\\\/1343\\\/#primaryimage\"},\"image\":{\"@id\":\"https:\\\/\\\/auparadisdesjouets.com\\\/index.php\\\/produit\\\/1343\\\/#primaryimage\"},\"thumbnailUrl\":\"https:\\\/\\\/auparadisdesjouets.com\\\/wp-content\\\/uploads\\\/2024\\\/08\\\/culbuto-sophie-la-girafe-en-bois-janod-j09501-pyramide-anneaux-bebe-22813.jpg\",\"datePublished\":\"2024-08-19T14:50:19+00:00\",\"dateModified\":\"2025-05-31T01:52:26+00:00\",\"breadcrumb\":{\"@id\":\"https:\\\/\\\/auparadisdesjouets.com\\\/index.php\\\/produit\\\/1343\\\/#breadcrumb\"},\"inLanguage\":\"fr-FR\",\"potentialAction\":[{\"@type\":\"ReadAction\",\"target\":[\"https:\\\/\\\/auparadisdesjouets.com\\\/index.php\\\/produit\\\/1343\\\/\"]}]},{\"@type\":\"ImageObject\",\"inLanguage\":\"fr-FR\",\"@id\":\"https:\\\/\\\/auparadisdesjouets.com\\\/index.php\\\/produit\\\/1343\\\/#primaryimage\",\"url\":\"https:\\\/\\\/auparadisdesjouets.com\\\/wp-content\\\/uploads\\\/2024\\\/08\\\/culbuto-sophie-la-girafe-en-bois-janod-j09501-pyramide-anneaux-bebe-22813.jpg\",\"contentUrl\":\"https:\\\/\\\/auparadisdesjouets.com\\\/wp-content\\\/uploads\\\/2024\\\/08\\\/culbuto-sophie-la-girafe-en-bois-janod-j09501-pyramide-anneaux-bebe-22813.jpg\",\"width\":435,\"height\":328},{\"@type\":\"BreadcrumbList\",\"@id\":\"https:\\\/\\\/auparadisdesjouets.com\\\/index.php\\\/produit\\\/1343\\\/#breadcrumb\",\"itemListElement\":[{\"@type\":\"ListItem\",\"position\":1,\"name\":\"Accueil\",\"item\":\"https:\\\/\\\/auparadisdesjouets.com\\\/\"},{\"@type\":\"ListItem\",\"position\":2,\"name\":\"Boutique\",\"item\":\"https:\\\/\\\/auparadisdesjouets.com\\\/index.php\\\/boutique\\\/\"},{\"@type\":\"ListItem\",\"position\":3,\"name\":\"CULBUTO EN BOIS REF 09501\"}]},{\"@type\":\"WebSite\",\"@id\":\"https:\\\/\\\/auparadisdesjouets.com\\\/#website\",\"url\":\"https:\\\/\\\/auparadisdesjouets.com\\\/\",\"name\":\"Au Paradis des Jouets\",\"description\":\"Trouvez le jouet qui vous correspond !\",\"publisher\":{\"@id\":\"https:\\\/\\\/auparadisdesjouets.com\\\/#organization\"},\"potentialAction\":[{\"@type\":\"SearchAction\",\"target\":{\"@type\":\"EntryPoint\",\"urlTemplate\":\"https:\\\/\\\/auparadisdesjouets.com\\\/?s={search_term_string}\"},\"query-input\":{\"@type\":\"PropertyValueSpecification\",\"valueRequired\":true,\"valueName\":\"search_term_string\"}}],\"inLanguage\":\"fr-FR\"},{\"@type\":\"Organization\",\"@id\":\"https:\\\/\\\/auparadisdesjouets.com\\\/#organization\",\"name\":\"Au Paradis des Jouets\",\"url\":\"https:\\\/\\\/auparadisdesjouets.com\\\/\",\"logo\":{\"@type\":\"ImageObject\",\"inLanguage\":\"fr-FR\",\"@id\":\"https:\\\/\\\/auparadisdesjouets.com\\\/#\\\/schema\\\/logo\\\/image\\\/\",\"url\":\"https:\\\/\\\/auparadisdesjouets.com\\\/wp-content\\\/uploads\\\/2024\\\/09\\\/logo-paradis-jouets.png\",\"contentUrl\":\"https:\\\/\\\/auparadisdesjouets.com\\\/wp-content\\\/uploads\\\/2024\\\/09\\\/logo-paradis-jouets.png\",\"width\":7678,\"height\":1950,\"caption\":\"Au Paradis des Jouets\"},\"image\":{\"@id\":\"https:\\\/\\\/auparadisdesjouets.com\\\/#\\\/schema\\\/logo\\\/image\\\/\"},\"sameAs\":[\"https:\\\/\\\/www.facebook.com\\\/auparadisdesjouets\"]}]}<\/script>\n<!-- \/ Yoast SEO plugin. -->","yoast_head_json":{"title":"CULBUTO EN BOIS REF 09501 - Au Paradis des Jouets","robots":{"index":"index","follow":"follow","max-snippet":"max-snippet:-1","max-image-preview":"max-image-preview:large","max-video-preview":"max-video-preview:-1"},"canonical":"https:\/\/auparadisdesjouets.com\/index.php\/produit\/1343\/","og_locale":"fr_FR","og_type":"article","og_title":"CULBUTO EN BOIS REF 09501 - Au Paradis des Jouets","og_description":"Empilable culbuto Sophie la Girafe en bois &#8211; Janod. L\u2019ind\u00e9modable Sophie la Girafe, sous forme de culbuto en bois avec 5 pi\u00e8ces \u00e0 empiler. Les pi\u00e8ces, de part leurs tailles, sont adapt\u00e9es aux petites mains des bambins et le large sourire de notre girafe leur donnera envie de s&rsquo;exercer \u00e0 l&#8217;empilement ! Une activit\u00e9 id\u00e9ale pour d\u00e9velopper la motricit\u00e9 fine, l&rsquo;habilit\u00e9 et la dext\u00e9rit\u00e9 de b\u00e9b\u00e9. Dimensions de la tour : 8 x 8 x 16 cm (Lxlxh) 1 an et plus","og_url":"https:\/\/auparadisdesjouets.com\/index.php\/produit\/1343\/","og_site_name":"Au Paradis des Jouets","article_publisher":"https:\/\/www.facebook.com\/auparadisdesjouets","article_modified_time":"2025-05-31T01:52:26+00:00","og_image":[{"width":435,"height":328,"url":"https:\/\/auparadisdesjouets.com\/wp-content\/uploads\/2024\/08\/culbuto-sophie-la-girafe-en-bois-janod-j09501-pyramide-anneaux-bebe-22813.jpg","type":"image\/jpeg"}],"twitter_card":"summary_large_image","schema":{"@context":"https:\/\/schema.org","@graph":[{"@type":"WebPage","@id":"https:\/\/auparadisdesjouets.com\/index.php\/produit\/1343\/","url":"https:\/\/auparadisdesjouets.com\/index.php\/produit\/1343\/","name":"CULBUTO EN BOIS REF 09501 - Au Paradis des Jouets","isPartOf":{"@id":"https:\/\/auparadisdesjouets.com\/#website"},"primaryImageOfPage":{"@id":"https:\/\/auparadisdesjouets.com\/index.php\/produit\/1343\/#primaryimage"},"image":{"@id":"https:\/\/auparadisdesjouets.com\/index.php\/produit\/1343\/#primaryimage"},"thumbnailUrl":"https:\/\/auparadisdesjouets.com\/wp-content\/uploads\/2024\/08\/culbuto-sophie-la-girafe-en-bois-janod-j09501-pyramide-anneaux-bebe-22813.jpg","datePublished":"2024-08-19T14:50:19+00:00","dateModified":"2025-05-31T01:52:26+00:00","breadcrumb":{"@id":"https:\/\/auparadisdesjouets.com\/index.php\/produit\/1343\/#breadcrumb"},"inLanguage":"fr-FR","potentialAction":[{"@type":"ReadAction","target":["https:\/\/auparadisdesjouets.com\/index.php\/produit\/1343\/"]}]},{"@type":"ImageObject","inLanguage":"fr-FR","@id":"https:\/\/auparadisdesjouets.com\/index.php\/produit\/1343\/#primaryimage","url":"https:\/\/auparadisdesjouets.com\/wp-content\/uploads\/2024\/08\/culbuto-sophie-la-girafe-en-bois-janod-j09501-pyramide-anneaux-bebe-22813.jpg","contentUrl":"https:\/\/auparadisdesjouets.com\/wp-content\/uploads\/2024\/08\/culbuto-sophie-la-girafe-en-bois-janod-j09501-pyramide-anneaux-bebe-22813.jpg","width":435,"height":328},{"@type":"BreadcrumbList","@id":"https:\/\/auparadisdesjouets.com\/index.php\/produit\/1343\/#breadcrumb","itemListElement":[{"@type":"ListItem","position":1,"name":"Accueil","item":"https:\/\/auparadisdesjouets.com\/"},{"@type":"ListItem","position":2,"name":"Boutique","item":"https:\/\/auparadisdesjouets.com\/index.php\/boutique\/"},{"@type":"ListItem","position":3,"name":"CULBUTO EN BOIS REF 09501"}]},{"@type":"WebSite","@id":"https:\/\/auparadisdesjouets.com\/#website","url":"https:\/\/auparadisdesjouets.com\/","name":"Au Paradis des Jouets","description":"Trouvez le jouet qui vous correspond !","publisher":{"@id":"https:\/\/auparadisdesjouets.com\/#organization"},"potentialAction":[{"@type":"SearchAction","target":{"@type":"EntryPoint","urlTemplate":"https:\/\/auparadisdesjouets.com\/?s={search_term_string}"},"query-input":{"@type":"PropertyValueSpecification","valueRequired":true,"valueName":"search_term_string"}}],"inLanguage":"fr-FR"},{"@type":"Organization","@id":"https:\/\/auparadisdesjouets.com\/#organization","name":"Au Paradis des Jouets","url":"https:\/\/auparadisdesjouets.com\/","logo":{"@type":"ImageObject","inLanguage":"fr-FR","@id":"https:\/\/auparadisdesjouets.com\/#\/schema\/logo\/image\/","url":"https:\/\/auparadisdesjouets.com\/wp-content\/uploads\/2024\/09\/logo-paradis-jouets.png","contentUrl":"https:\/\/auparadisdesjouets.com\/wp-content\/uploads\/2024\/09\/logo-paradis-jouets.png","width":7678,"height":1950,"caption":"Au Paradis des Jouets"},"image":{"@id":"https:\/\/auparadisdesjouets.com\/#\/schema\/logo\/image\/"},"sameAs":["https:\/\/www.facebook.com\/auparadisdesjouets"]}]}},"jetpack_sharing_enabled":true,"_links":{"self":[{"href":"https:\/\/auparadisdesjouets.com\/index.php\/wp-json\/wp\/v2\/product\/1343","targetHints":{"allow":["GET"]}}],"collection":[{"href":"https:\/\/auparadisdesjouets.com\/index.php\/wp-json\/wp\/v2\/product"}],"about":[{"href":"https:\/\/auparadisdesjouets.com\/index.php\/wp-json\/wp\/v2\/types\/product"}],"replies":[{"embeddable":true,"href":"https:\/\/auparadisdesjouets.com\/index.php\/wp-json\/wp\/v2\/comments?post=1343"}],"version-history":[{"count":3,"href":"https:\/\/auparadisdesjouets.com\/index.php\/wp-json\/wp\/v2\/product\/1343\/revisions"}],"predecessor-version":[{"id":3453,"href":"https:\/\/auparadisdesjouets.com\/index.php\/wp-json\/wp\/v2\/product\/1343\/revisions\/3453"}],"wp:featuredmedia":[{"embeddable":true,"href":"https:\/\/auparadisdesjouets.com\/index.php\/wp-json\/wp\/v2\/media\/1344"}],"wp:attachment":[{"href":"https:\/\/auparadisdesjouets.com\/index.php\/wp-json\/wp\/v2\/media?parent=1343"}],"wp:term":[{"taxonomy":"product_brand","embeddable":true,"href":"https:\/\/auparadisdesjouets.com\/index.php\/wp-json\/wp\/v2\/product_brand?post=1343"},{"taxonomy":"product_cat","embeddable":true,"href":"https:\/\/auparadisdesjouets.com\/index.php\/wp-json\/wp\/v2\/product_cat?post=1343"},{"taxonomy":"product_tag","embeddable":true,"href":"https:\/\/auparadisdesjouets.com\/index.php\/wp-json\/wp\/v2\/product_tag?post=1343"},{"taxonomy":"giftcard-category","embeddable":true,"href":"https:\/\/auparadisdesjouets.com\/index.php\/wp-json\/wp\/v2\/giftcard-category?post=1343"}],"curies":[{"name":"wp","href":"https:\/\/api.w.org\/{rel}","templated":true}]}}