{"id":1071,"date":"2024-08-17T01:19:33","date_gmt":"2024-08-16T23:19:33","guid":{"rendered":"https:\/\/auparadisdesjouets.com\/?post_type=product&#038;p=1071"},"modified":"2025-04-04T01:39:51","modified_gmt":"2025-04-03T23:39:51","slug":"playmobil-caleche-royale-ref-70449","status":"publish","type":"product","link":"https:\/\/auparadisdesjouets.com\/index.php\/produit\/playmobil-caleche-royale-ref-70449\/","title":{"rendered":"PLAYMOBIL CALECHE ROYALE REF 70449"},"content":{"rendered":"<div class=\"pdpProductSpecifications__itemStory\">Le couple royal se prom\u00e8ne en cal\u00e8che. Ils ont emport\u00e9 un panier pour le pique-nique dans le jardin du palais. Dimensions : 31 x 11 x 12 cm (LxPxH).<\/div>\n<div class=\"pdpProductSpecifications__itemStory\">Aujourd&rsquo;hui, le prince Freddy a invit\u00e9 sa Betty pour un pique-nique romantique. Il arrive avec sa cal\u00e8che et Betty l&rsquo;accueille d&rsquo;un joyeux signe de la main. Freddy a naturellement pens\u00e9 aux fleurs et offre \u00e0 l&rsquo;\u00e9lue de son c\u0153ur un joli bouquet. Le cocher sort le marchepied de sorte \u00e0 ce que Betty puisse monter rapidement et c&rsquo;est parti pour une balade amusante. Ce sera une journ\u00e9e merveilleuse. Le PlaySet comprend trois personnages PLAYMOBIL, la princesse Betty, le prince Freddy et un cocher ainsi qu&rsquo;une romantique cal\u00e8che avec deux chevaux, un panier pour le pique-nique, un bouquet de fleurs et d&rsquo;autres accessoires de princesse. Le prince Freddy et le cocher peuvent monter \u00e0 cheval<\/div>\n","protected":false},"excerpt":{"rendered":"<div class=\"pdpProductSpecifications__itemStory\">Le couple royal se prom\u00e8ne en cal\u00e8che. Ils ont emport\u00e9 un panier pour le pique-nique dans le jardin du palais. Dimensions : 31 x 11 x 12 cm (LxPxH).<\/div>\n<div class=\"pdpProductSpecifications__itemStory\">Aujourd&rsquo;hui, le prince Freddy a invit\u00e9 sa Betty pour un pique-nique romantique. Il arrive avec sa cal\u00e8che et Betty l&rsquo;accueille d&rsquo;un joyeux signe de la main. Freddy a naturellement pens\u00e9 aux fleurs et offre \u00e0 l&rsquo;\u00e9lue de son c\u0153ur un joli bouquet. Le cocher sort le marchepied de sorte \u00e0 ce que Betty puisse monter rapidement et c&rsquo;est parti pour une balade amusante.<\/div>\n","protected":false},"featured_media":1072,"comment_status":"open","ping_status":"closed","template":"","meta":[],"product_brand":[],"product_cat":[23,24,25,26],"product_tag":[],"giftcard-category":[],"class_list":{"0":"post-1071","1":"product","2":"type-product","3":"status-publish","4":"has-post-thumbnail","6":"product_cat-2-a-5-ans","7":"product_cat-5-a-8-ans","8":"product_cat-8-a-12-ans","9":"product_cat-playmobil-lego","11":"entry","12":"has-media","14":"first","15":"outofstock","16":"taxable","17":"shipping-taxable","18":"purchasable","19":"product-type-simple","20":"has-product-nav","21":"col","22":"span_1_of_3","23":"owp-content-center","24":"owp-thumbs-layout-horizontal","25":"owp-btn-normal","26":"owp-tabs-layout-horizontal","27":"has-no-thumbnails","29":"circle-sale"},"yoast_head":"<!-- This site is optimized with the Yoast SEO plugin v27.4 - https:\/\/yoast.com\/product\/yoast-seo-wordpress\/ -->\n<title>PLAYMOBIL CALECHE ROYALE REF 70449 - Au Paradis des Jouets<\/title>\n<meta name=\"robots\" content=\"index, follow, max-snippet:-1, max-image-preview:large, max-video-preview:-1\" \/>\n<link rel=\"canonical\" href=\"https:\/\/auparadisdesjouets.com\/index.php\/produit\/playmobil-caleche-royale-ref-70449\/\" \/>\n<meta property=\"og:locale\" content=\"fr_FR\" \/>\n<meta property=\"og:type\" content=\"article\" \/>\n<meta property=\"og:title\" content=\"PLAYMOBIL CALECHE ROYALE REF 70449 - Au Paradis des Jouets\" \/>\n<meta property=\"og:description\" content=\"Le couple royal se prom\u00e8ne en cal\u00e8che. Ils ont emport\u00e9 un panier pour le pique-nique dans le jardin du palais. Dimensions : 31 x 11 x 12 cm (LxPxH). Aujourd&#039;hui, le prince Freddy a invit\u00e9 sa Betty pour un pique-nique romantique. Il arrive avec sa cal\u00e8che et Betty l&#039;accueille d&#039;un joyeux signe de la main. Freddy a naturellement pens\u00e9 aux fleurs et offre \u00e0 l&#039;\u00e9lue de son c\u0153ur un joli bouquet. Le cocher sort le marchepied de sorte \u00e0 ce que Betty puisse monter rapidement et c&#039;est parti pour une balade amusante.\" \/>\n<meta property=\"og:url\" content=\"https:\/\/auparadisdesjouets.com\/index.php\/produit\/playmobil-caleche-royale-ref-70449\/\" \/>\n<meta property=\"og:site_name\" content=\"Au Paradis des Jouets\" \/>\n<meta property=\"article:publisher\" content=\"https:\/\/www.facebook.com\/auparadisdesjouets\" \/>\n<meta property=\"article:modified_time\" content=\"2025-04-03T23:39:51+00:00\" \/>\n<meta property=\"og:image\" content=\"https:\/\/auparadisdesjouets.com\/wp-content\/uploads\/2024\/08\/70449.webp\" \/>\n\t<meta property=\"og:image:width\" content=\"1500\" \/>\n\t<meta property=\"og:image:height\" content=\"1500\" \/>\n\t<meta property=\"og:image:type\" content=\"image\/webp\" \/>\n<meta name=\"twitter:card\" content=\"summary_large_image\" \/>\n<meta name=\"twitter:label1\" content=\"Dur\u00e9e de lecture estim\u00e9e\" \/>\n\t<meta name=\"twitter:data1\" content=\"1 minute\" \/>\n<script type=\"application\/ld+json\" class=\"yoast-schema-graph\">{\"@context\":\"https:\\\/\\\/schema.org\",\"@graph\":[{\"@type\":\"WebPage\",\"@id\":\"https:\\\/\\\/auparadisdesjouets.com\\\/index.php\\\/produit\\\/playmobil-caleche-royale-ref-70449\\\/\",\"url\":\"https:\\\/\\\/auparadisdesjouets.com\\\/index.php\\\/produit\\\/playmobil-caleche-royale-ref-70449\\\/\",\"name\":\"PLAYMOBIL CALECHE ROYALE REF 70449 - Au Paradis des Jouets\",\"isPartOf\":{\"@id\":\"https:\\\/\\\/auparadisdesjouets.com\\\/#website\"},\"primaryImageOfPage\":{\"@id\":\"https:\\\/\\\/auparadisdesjouets.com\\\/index.php\\\/produit\\\/playmobil-caleche-royale-ref-70449\\\/#primaryimage\"},\"image\":{\"@id\":\"https:\\\/\\\/auparadisdesjouets.com\\\/index.php\\\/produit\\\/playmobil-caleche-royale-ref-70449\\\/#primaryimage\"},\"thumbnailUrl\":\"https:\\\/\\\/auparadisdesjouets.com\\\/wp-content\\\/uploads\\\/2024\\\/08\\\/70449.webp\",\"datePublished\":\"2024-08-16T23:19:33+00:00\",\"dateModified\":\"2025-04-03T23:39:51+00:00\",\"breadcrumb\":{\"@id\":\"https:\\\/\\\/auparadisdesjouets.com\\\/index.php\\\/produit\\\/playmobil-caleche-royale-ref-70449\\\/#breadcrumb\"},\"inLanguage\":\"fr-FR\",\"potentialAction\":[{\"@type\":\"ReadAction\",\"target\":[\"https:\\\/\\\/auparadisdesjouets.com\\\/index.php\\\/produit\\\/playmobil-caleche-royale-ref-70449\\\/\"]}]},{\"@type\":\"ImageObject\",\"inLanguage\":\"fr-FR\",\"@id\":\"https:\\\/\\\/auparadisdesjouets.com\\\/index.php\\\/produit\\\/playmobil-caleche-royale-ref-70449\\\/#primaryimage\",\"url\":\"https:\\\/\\\/auparadisdesjouets.com\\\/wp-content\\\/uploads\\\/2024\\\/08\\\/70449.webp\",\"contentUrl\":\"https:\\\/\\\/auparadisdesjouets.com\\\/wp-content\\\/uploads\\\/2024\\\/08\\\/70449.webp\",\"width\":1500,\"height\":1500},{\"@type\":\"BreadcrumbList\",\"@id\":\"https:\\\/\\\/auparadisdesjouets.com\\\/index.php\\\/produit\\\/playmobil-caleche-royale-ref-70449\\\/#breadcrumb\",\"itemListElement\":[{\"@type\":\"ListItem\",\"position\":1,\"name\":\"Accueil\",\"item\":\"https:\\\/\\\/auparadisdesjouets.com\\\/\"},{\"@type\":\"ListItem\",\"position\":2,\"name\":\"Boutique\",\"item\":\"https:\\\/\\\/auparadisdesjouets.com\\\/index.php\\\/boutique\\\/\"},{\"@type\":\"ListItem\",\"position\":3,\"name\":\"PLAYMOBIL CALECHE ROYALE REF 70449\"}]},{\"@type\":\"WebSite\",\"@id\":\"https:\\\/\\\/auparadisdesjouets.com\\\/#website\",\"url\":\"https:\\\/\\\/auparadisdesjouets.com\\\/\",\"name\":\"Au Paradis des Jouets\",\"description\":\"Trouvez le jouet qui vous correspond !\",\"publisher\":{\"@id\":\"https:\\\/\\\/auparadisdesjouets.com\\\/#organization\"},\"potentialAction\":[{\"@type\":\"SearchAction\",\"target\":{\"@type\":\"EntryPoint\",\"urlTemplate\":\"https:\\\/\\\/auparadisdesjouets.com\\\/?s={search_term_string}\"},\"query-input\":{\"@type\":\"PropertyValueSpecification\",\"valueRequired\":true,\"valueName\":\"search_term_string\"}}],\"inLanguage\":\"fr-FR\"},{\"@type\":\"Organization\",\"@id\":\"https:\\\/\\\/auparadisdesjouets.com\\\/#organization\",\"name\":\"Au Paradis des Jouets\",\"url\":\"https:\\\/\\\/auparadisdesjouets.com\\\/\",\"logo\":{\"@type\":\"ImageObject\",\"inLanguage\":\"fr-FR\",\"@id\":\"https:\\\/\\\/auparadisdesjouets.com\\\/#\\\/schema\\\/logo\\\/image\\\/\",\"url\":\"https:\\\/\\\/auparadisdesjouets.com\\\/wp-content\\\/uploads\\\/2024\\\/09\\\/logo-paradis-jouets.png\",\"contentUrl\":\"https:\\\/\\\/auparadisdesjouets.com\\\/wp-content\\\/uploads\\\/2024\\\/09\\\/logo-paradis-jouets.png\",\"width\":7678,\"height\":1950,\"caption\":\"Au Paradis des Jouets\"},\"image\":{\"@id\":\"https:\\\/\\\/auparadisdesjouets.com\\\/#\\\/schema\\\/logo\\\/image\\\/\"},\"sameAs\":[\"https:\\\/\\\/www.facebook.com\\\/auparadisdesjouets\"]}]}<\/script>\n<!-- \/ Yoast SEO plugin. -->","yoast_head_json":{"title":"PLAYMOBIL CALECHE ROYALE REF 70449 - Au Paradis des Jouets","robots":{"index":"index","follow":"follow","max-snippet":"max-snippet:-1","max-image-preview":"max-image-preview:large","max-video-preview":"max-video-preview:-1"},"canonical":"https:\/\/auparadisdesjouets.com\/index.php\/produit\/playmobil-caleche-royale-ref-70449\/","og_locale":"fr_FR","og_type":"article","og_title":"PLAYMOBIL CALECHE ROYALE REF 70449 - Au Paradis des Jouets","og_description":"Le couple royal se prom\u00e8ne en cal\u00e8che. Ils ont emport\u00e9 un panier pour le pique-nique dans le jardin du palais. Dimensions : 31 x 11 x 12 cm (LxPxH). Aujourd'hui, le prince Freddy a invit\u00e9 sa Betty pour un pique-nique romantique. Il arrive avec sa cal\u00e8che et Betty l'accueille d'un joyeux signe de la main. Freddy a naturellement pens\u00e9 aux fleurs et offre \u00e0 l'\u00e9lue de son c\u0153ur un joli bouquet. Le cocher sort le marchepied de sorte \u00e0 ce que Betty puisse monter rapidement et c'est parti pour une balade amusante.","og_url":"https:\/\/auparadisdesjouets.com\/index.php\/produit\/playmobil-caleche-royale-ref-70449\/","og_site_name":"Au Paradis des Jouets","article_publisher":"https:\/\/www.facebook.com\/auparadisdesjouets","article_modified_time":"2025-04-03T23:39:51+00:00","og_image":[{"width":1500,"height":1500,"url":"https:\/\/auparadisdesjouets.com\/wp-content\/uploads\/2024\/08\/70449.webp","type":"image\/webp"}],"twitter_card":"summary_large_image","twitter_misc":{"Dur\u00e9e de lecture estim\u00e9e":"1 minute"},"schema":{"@context":"https:\/\/schema.org","@graph":[{"@type":"WebPage","@id":"https:\/\/auparadisdesjouets.com\/index.php\/produit\/playmobil-caleche-royale-ref-70449\/","url":"https:\/\/auparadisdesjouets.com\/index.php\/produit\/playmobil-caleche-royale-ref-70449\/","name":"PLAYMOBIL CALECHE ROYALE REF 70449 - Au Paradis des Jouets","isPartOf":{"@id":"https:\/\/auparadisdesjouets.com\/#website"},"primaryImageOfPage":{"@id":"https:\/\/auparadisdesjouets.com\/index.php\/produit\/playmobil-caleche-royale-ref-70449\/#primaryimage"},"image":{"@id":"https:\/\/auparadisdesjouets.com\/index.php\/produit\/playmobil-caleche-royale-ref-70449\/#primaryimage"},"thumbnailUrl":"https:\/\/auparadisdesjouets.com\/wp-content\/uploads\/2024\/08\/70449.webp","datePublished":"2024-08-16T23:19:33+00:00","dateModified":"2025-04-03T23:39:51+00:00","breadcrumb":{"@id":"https:\/\/auparadisdesjouets.com\/index.php\/produit\/playmobil-caleche-royale-ref-70449\/#breadcrumb"},"inLanguage":"fr-FR","potentialAction":[{"@type":"ReadAction","target":["https:\/\/auparadisdesjouets.com\/index.php\/produit\/playmobil-caleche-royale-ref-70449\/"]}]},{"@type":"ImageObject","inLanguage":"fr-FR","@id":"https:\/\/auparadisdesjouets.com\/index.php\/produit\/playmobil-caleche-royale-ref-70449\/#primaryimage","url":"https:\/\/auparadisdesjouets.com\/wp-content\/uploads\/2024\/08\/70449.webp","contentUrl":"https:\/\/auparadisdesjouets.com\/wp-content\/uploads\/2024\/08\/70449.webp","width":1500,"height":1500},{"@type":"BreadcrumbList","@id":"https:\/\/auparadisdesjouets.com\/index.php\/produit\/playmobil-caleche-royale-ref-70449\/#breadcrumb","itemListElement":[{"@type":"ListItem","position":1,"name":"Accueil","item":"https:\/\/auparadisdesjouets.com\/"},{"@type":"ListItem","position":2,"name":"Boutique","item":"https:\/\/auparadisdesjouets.com\/index.php\/boutique\/"},{"@type":"ListItem","position":3,"name":"PLAYMOBIL CALECHE ROYALE REF 70449"}]},{"@type":"WebSite","@id":"https:\/\/auparadisdesjouets.com\/#website","url":"https:\/\/auparadisdesjouets.com\/","name":"Au Paradis des Jouets","description":"Trouvez le jouet qui vous correspond !","publisher":{"@id":"https:\/\/auparadisdesjouets.com\/#organization"},"potentialAction":[{"@type":"SearchAction","target":{"@type":"EntryPoint","urlTemplate":"https:\/\/auparadisdesjouets.com\/?s={search_term_string}"},"query-input":{"@type":"PropertyValueSpecification","valueRequired":true,"valueName":"search_term_string"}}],"inLanguage":"fr-FR"},{"@type":"Organization","@id":"https:\/\/auparadisdesjouets.com\/#organization","name":"Au Paradis des Jouets","url":"https:\/\/auparadisdesjouets.com\/","logo":{"@type":"ImageObject","inLanguage":"fr-FR","@id":"https:\/\/auparadisdesjouets.com\/#\/schema\/logo\/image\/","url":"https:\/\/auparadisdesjouets.com\/wp-content\/uploads\/2024\/09\/logo-paradis-jouets.png","contentUrl":"https:\/\/auparadisdesjouets.com\/wp-content\/uploads\/2024\/09\/logo-paradis-jouets.png","width":7678,"height":1950,"caption":"Au Paradis des Jouets"},"image":{"@id":"https:\/\/auparadisdesjouets.com\/#\/schema\/logo\/image\/"},"sameAs":["https:\/\/www.facebook.com\/auparadisdesjouets"]}]}},"jetpack_sharing_enabled":true,"_links":{"self":[{"href":"https:\/\/auparadisdesjouets.com\/index.php\/wp-json\/wp\/v2\/product\/1071","targetHints":{"allow":["GET"]}}],"collection":[{"href":"https:\/\/auparadisdesjouets.com\/index.php\/wp-json\/wp\/v2\/product"}],"about":[{"href":"https:\/\/auparadisdesjouets.com\/index.php\/wp-json\/wp\/v2\/types\/product"}],"replies":[{"embeddable":true,"href":"https:\/\/auparadisdesjouets.com\/index.php\/wp-json\/wp\/v2\/comments?post=1071"}],"version-history":[{"count":1,"href":"https:\/\/auparadisdesjouets.com\/index.php\/wp-json\/wp\/v2\/product\/1071\/revisions"}],"predecessor-version":[{"id":1073,"href":"https:\/\/auparadisdesjouets.com\/index.php\/wp-json\/wp\/v2\/product\/1071\/revisions\/1073"}],"wp:featuredmedia":[{"embeddable":true,"href":"https:\/\/auparadisdesjouets.com\/index.php\/wp-json\/wp\/v2\/media\/1072"}],"wp:attachment":[{"href":"https:\/\/auparadisdesjouets.com\/index.php\/wp-json\/wp\/v2\/media?parent=1071"}],"wp:term":[{"taxonomy":"product_brand","embeddable":true,"href":"https:\/\/auparadisdesjouets.com\/index.php\/wp-json\/wp\/v2\/product_brand?post=1071"},{"taxonomy":"product_cat","embeddable":true,"href":"https:\/\/auparadisdesjouets.com\/index.php\/wp-json\/wp\/v2\/product_cat?post=1071"},{"taxonomy":"product_tag","embeddable":true,"href":"https:\/\/auparadisdesjouets.com\/index.php\/wp-json\/wp\/v2\/product_tag?post=1071"},{"taxonomy":"giftcard-category","embeddable":true,"href":"https:\/\/auparadisdesjouets.com\/index.php\/wp-json\/wp\/v2\/giftcard-category?post=1071"}],"curies":[{"name":"wp","href":"https:\/\/api.w.org\/{rel}","templated":true}]}}